{"id":176,"date":"2023-11-20T18:28:05","date_gmt":"2023-11-20T17:28:05","guid":{"rendered":"https:\/\/semmelweis.hu\/mentorprogram\/?page_id=176"},"modified":"2024-01-24T12:37:58","modified_gmt":"2024-01-24T11:37:58","slug":"der-anfang","status":"publish","type":"page","link":"https:\/\/semmelweis.hu\/mentorprogram\/de\/einfuehrung\/der-anfang\/","title":{"rendered":"Der Anfang"},"content":{"rendered":"<p><span style=\"font-weight: 400\">Das <\/span><span style=\"font-weight: 400\">Semmelweis Studentisches Mentorenprogramm<\/span><span style=\"font-weight: 400\"> ist Teil des Mentorenprogramms, das 2019 f\u00fcr ungarische Studenten ver\u00f6ffentlicht wurde. Das Institut f\u00fcr Verhaltenswissenschaften hat fr\u00fch erkannt, dass ein \u00e4hnliches Programm auch f\u00fcr internationale Studenten sehr vorteilhaft w\u00e4re, da sie mehr Herausforderungen und Schwierigkeiten bew\u00e4ltigen m\u00fcssen als ihre ungarischen Kommilitonen. Mit all dem im Hinterkopf haben wir das <\/span><span style=\"font-weight: 400\">Semmelweis Studentisches Mentorenprogramm<\/span><span style=\"font-weight: 400\"> im Studienjahr 2023\/24 f\u00fcr deutschsprachige Medizinstudenten freudig ver\u00f6ffentlicht. Das Interesse \u00fcbertraf die Erwartungen: 64 Mentoren und Mentorinnen (47 internationale und 18 deutsche) sowie 177 Mentees haben sich beworben (125 internationale und 52 deutsche).<\/span><\/p>\n","protected":false},"excerpt":{"rendered":"<p>Das Semmelweis Studentisches Mentorenprogramm ist Teil des Mentorenprogramms, das 2019 f\u00fcr ungarische Studenten ver\u00f6ffentlicht wurde. Das Institut f\u00fcr Verhaltenswissenschaften hat fr\u00fch erkannt, dass ein \u00e4hnliches Programm auch f\u00fcr internationale Studenten sehr vorteilhaft w\u00e4re, da sie mehr Herausforderungen und Schwierigkeiten bew\u00e4ltigen m\u00fcssen als ihre ungarischen Kommilitonen. Mit all dem im Hinterkopf haben wir das Semmelweis Studentisches &hellip;<\/p>\n","protected":false},"author":101724,"featured_media":0,"parent":224,"menu_order":5,"comment_status":"closed","ping_status":"closed","template":"","meta":{"_acf_changed":false,"footnotes":""},"categories":[],"tags":[],"class_list":["post-176","page","type-page","status-publish","hentry"],"acf":[],"_links":{"self":[{"href":"https:\/\/semmelweis.hu\/mentorprogram\/wp-json\/wp\/v2\/pages\/176","targetHints":{"allow":["GET"]}}],"collection":[{"href":"https:\/\/semmelweis.hu\/mentorprogram\/wp-json\/wp\/v2\/pages"}],"about":[{"href":"https:\/\/semmelweis.hu\/mentorprogram\/wp-json\/wp\/v2\/types\/page"}],"author":[{"embeddable":true,"href":"https:\/\/semmelweis.hu\/mentorprogram\/wp-json\/wp\/v2\/users\/101724"}],"replies":[{"embeddable":true,"href":"https:\/\/semmelweis.hu\/mentorprogram\/wp-json\/wp\/v2\/comments?post=176"}],"version-history":[{"count":4,"href":"https:\/\/semmelweis.hu\/mentorprogram\/wp-json\/wp\/v2\/pages\/176\/revisions"}],"predecessor-version":[{"id":296,"href":"https:\/\/semmelweis.hu\/mentorprogram\/wp-json\/wp\/v2\/pages\/176\/revisions\/296"}],"up":[{"embeddable":true,"href":"https:\/\/semmelweis.hu\/mentorprogram\/wp-json\/wp\/v2\/pages\/224"}],"wp:attachment":[{"href":"https:\/\/semmelweis.hu\/mentorprogram\/wp-json\/wp\/v2\/media?parent=176"}],"wp:term":[{"taxonomy":"category","embeddable":true,"href":"https:\/\/semmelweis.hu\/mentorprogram\/wp-json\/wp\/v2\/categories?post=176"},{"taxonomy":"post_tag","embeddable":true,"href":"https:\/\/semmelweis.hu\/mentorprogram\/wp-json\/wp\/v2\/tags?post=176"}],"curies":[{"name":"wp","href":"https:\/\/api.w.org\/{rel}","templated":true}]}}