{"id":174,"date":"2023-11-20T18:26:36","date_gmt":"2023-11-20T17:26:36","guid":{"rendered":"https:\/\/semmelweis.hu\/mentorprogram\/?page_id=174"},"modified":"2024-01-24T12:36:56","modified_gmt":"2024-01-24T11:36:56","slug":"ziele","status":"publish","type":"page","link":"https:\/\/semmelweis.hu\/mentorprogram\/de\/einfuehrung\/einfuhrung\/ziele\/","title":{"rendered":"Ziele"},"content":{"rendered":"<p><b>Ziele im Allgemeinen:<\/b><\/p>\n<ul>\n<li style=\"font-weight: 400\"><span style=\"font-weight: 400\">Erhaltung und Verbesserung der geistigen und k\u00f6rperlichen Gesundheit der Studenten und Studentinnen<\/span><\/li>\n<li style=\"font-weight: 400\"><span style=\"font-weight: 400\">Unterst\u00fctzung bei der Nutzung des Potenzials der Studenten und Studentinnen<\/span><\/li>\n<li style=\"font-weight: 400\"><span style=\"font-weight: 400\">Filtern der F\u00e4lle, in denen professionelle Hilfe ben\u00f6tigt wird<\/span><\/li>\n<\/ul>\n<p><b>F\u00fcr Erstsemester:<\/b><\/p>\n<ul>\n<li style=\"font-weight: 400\"><span style=\"font-weight: 400\">umfassende Unterst\u00fctzung im ersten Studienjahr<\/span><\/li>\n<li style=\"font-weight: 400\"><span style=\"font-weight: 400\">Hilfe bei den anf\u00e4nglichen Herausforderungen des Studiums im Ausland<\/span><\/li>\n<li style=\"font-weight: 400\"><span style=\"font-weight: 400\">Hilfe bei der Integration und Sozialisierung<\/span><\/li>\n<li style=\"font-weight: 400\"><span style=\"font-weight: 400\">Sicherstellung eines vertrauensw\u00fcrdigen Mitstudenten, oder Mitstudentinnen, an den man sich in Schwierigkeiten wenden kann<\/span><\/li>\n<\/ul>\n<p>&nbsp;<\/p>\n<p><b>F\u00fcr Studenten ab dem dritten Studienjahr:<\/b><\/p>\n<ul>\n<li style=\"font-weight: 400\"><span style=\"font-weight: 400\">Anwendung der bisherigen Erfahrungen aus den vorherigen Jahren und Ausprobieren, was es bedeutet, in einer Helferposition zu sein<\/span><\/li>\n<li style=\"font-weight: 400\"><span style=\"font-weight: 400\">Verbesserung der Kommunikations- und Beratungsf\u00e4higkeiten (was als Arzt besonders wichtig sein wird)<\/span><\/li>\n<li style=\"font-weight: 400\"><span style=\"font-weight: 400\">Lernen von Stressmanagement und Erweiterung des Wissens \u00fcber die Bildungsinfrastruktur<\/span><\/li>\n<\/ul>\n","protected":false},"excerpt":{"rendered":"<p>Ziele im Allgemeinen: Erhaltung und Verbesserung der geistigen und k\u00f6rperlichen Gesundheit der Studenten und Studentinnen Unterst\u00fctzung bei der Nutzung des Potenzials der Studenten und Studentinnen Filtern der F\u00e4lle, in denen professionelle Hilfe ben\u00f6tigt wird F\u00fcr Erstsemester: umfassende Unterst\u00fctzung im ersten Studienjahr Hilfe bei den anf\u00e4nglichen Herausforderungen des Studiums im Ausland Hilfe bei der Integration und &hellip;<\/p>\n","protected":false},"author":101724,"featured_media":0,"parent":130,"menu_order":1,"comment_status":"closed","ping_status":"closed","template":"","meta":{"_acf_changed":false,"footnotes":""},"categories":[],"tags":[],"class_list":["post-174","page","type-page","status-publish","hentry"],"acf":[],"_links":{"self":[{"href":"https:\/\/semmelweis.hu\/mentorprogram\/wp-json\/wp\/v2\/pages\/174","targetHints":{"allow":["GET"]}}],"collection":[{"href":"https:\/\/semmelweis.hu\/mentorprogram\/wp-json\/wp\/v2\/pages"}],"about":[{"href":"https:\/\/semmelweis.hu\/mentorprogram\/wp-json\/wp\/v2\/types\/page"}],"author":[{"embeddable":true,"href":"https:\/\/semmelweis.hu\/mentorprogram\/wp-json\/wp\/v2\/users\/101724"}],"replies":[{"embeddable":true,"href":"https:\/\/semmelweis.hu\/mentorprogram\/wp-json\/wp\/v2\/comments?post=174"}],"version-history":[{"count":2,"href":"https:\/\/semmelweis.hu\/mentorprogram\/wp-json\/wp\/v2\/pages\/174\/revisions"}],"predecessor-version":[{"id":295,"href":"https:\/\/semmelweis.hu\/mentorprogram\/wp-json\/wp\/v2\/pages\/174\/revisions\/295"}],"up":[{"embeddable":true,"href":"https:\/\/semmelweis.hu\/mentorprogram\/wp-json\/wp\/v2\/pages\/130"}],"wp:attachment":[{"href":"https:\/\/semmelweis.hu\/mentorprogram\/wp-json\/wp\/v2\/media?parent=174"}],"wp:term":[{"taxonomy":"category","embeddable":true,"href":"https:\/\/semmelweis.hu\/mentorprogram\/wp-json\/wp\/v2\/categories?post=174"},{"taxonomy":"post_tag","embeddable":true,"href":"https:\/\/semmelweis.hu\/mentorprogram\/wp-json\/wp\/v2\/tags?post=174"}],"curies":[{"name":"wp","href":"https:\/\/api.w.org\/{rel}","templated":true}]}}