{"id":112,"date":"2023-11-20T13:06:01","date_gmt":"2023-11-20T12:06:01","guid":{"rendered":"https:\/\/semmelweis.hu\/mentorprogram\/?page_id=112"},"modified":"2025-08-15T15:10:06","modified_gmt":"2025-08-15T13:10:06","slug":"kezdetek-eves-adatok","status":"publish","type":"page","link":"https:\/\/semmelweis.hu\/mentorprogram\/a-programrol-2\/a-programrol\/kezdetek-eves-adatok\/","title":{"rendered":"Kezdetek, \u00e9ves adatok"},"content":{"rendered":"<p>A Mentorprogram a Semmelweis Egyetemen a 2019\/20-as tan\u00e9v kezdet\u00e9n j\u00f6tt l\u00e9tre \u00e9s a 2021\/22-es tan\u00e9vt\u0151l pedig elindult a programhoz kapcsol\u00f3d\u00f3 szabadon v\u00e1laszthat\u00f3 kurzus. A 2023\/24 tan\u00e9vt\u0151l az angol \u00e9s n\u00e9met nyelven tanul\u00f3 orvostanhallgat\u00f3k, a 2024\/25-\u00f6s tan\u00e9vt\u0151l a gy\u00f3gyszer\u00e9sz-hallgat\u00f3k sz\u00e1m\u00e1ra is elindult a program.<\/p>\n<p>A program nagym\u00e9rt\u00e9kben \u00e9p\u00edt a 2018\/19-es tan\u00e9v azonos nev\u0171 programj\u00e1ra, amely a Budapesti Orvostanhallgat\u00f3k Egyes\u00fclet\u00e9nek (BOE) szervez\u00e9s\u00e9ben az akkor hatod\u00e9ves Dr. V\u00e9gh Andr\u00e1s vezet\u00e9s\u00e9vel indult el 35 mentor-g\u00f3lya p\u00e1rral, Dr. Gy\u0151rffy Zsuzsanna \u00e9s Dr. Purebl Gy\u00f6rgy szakmai fel\u00fcgyelete mellett. E program els\u0151 tervezet\u00e9t szint\u00e9n a BOE keretei k\u00f6z\u00f6tt egy \u00e9vvel kor\u00e1bban az akkor hatod\u00e9ves Dr. \u00c1rva Dorottya k\u00e9sz\u00edtette el.<\/p>\n<p><img loading=\"lazy\" decoding=\"async\" class=\"wp-image-449 aligncenter\" src=\"https:\/\/semmelweis.hu\/mentorprogram\/files\/2025\/08\/1-400x225.png\" alt=\"\" width=\"918\" height=\"517\" srcset=\"https:\/\/semmelweis.hu\/mentorprogram\/files\/2025\/08\/1-400x225.png 400w, https:\/\/semmelweis.hu\/mentorprogram\/files\/2025\/08\/1-1024x576.png 1024w, https:\/\/semmelweis.hu\/mentorprogram\/files\/2025\/08\/1-768x432.png 768w, https:\/\/semmelweis.hu\/mentorprogram\/files\/2025\/08\/1-1536x864.png 1536w, https:\/\/semmelweis.hu\/mentorprogram\/files\/2025\/08\/1-2048x1152.png 2048w, https:\/\/semmelweis.hu\/mentorprogram\/files\/2025\/08\/1-753x424.png 753w\" sizes=\"auto, (max-width: 918px) 100vw, 918px\" \/><\/p>\n<p><b>A Mentorprogramban r\u00e9szt vev\u0151 hallgat\u00f3k sz\u00e1ma:<\/b><\/p>\n<table style=\"width: 24%;height: 372px\">\n<tbody>\n<tr>\n<td style=\"width: 73.8438px\">\n<p><b>Tan\u00e9v<\/b><\/p>\n<\/td>\n<td style=\"width: 69.0625px\">\n<p><b>G\u00f3ly\u00e1k<\/b><\/p>\n<\/td>\n<td style=\"width: 97.2422px\">\n<p><b>Mentorok<\/b><\/p>\n<\/td>\n<td style=\"width: 89.8828px\">\n<p><b>\u00d6sszesen<\/b><\/p>\n<\/td>\n<\/tr>\n<tr>\n<td style=\"width: 73.8438px\">\n<p>2024\/25<\/p>\n<\/td>\n<td style=\"width: 69.0625px\">\n<p>445<\/p>\n<\/td>\n<td style=\"width: 97.2422px\">\n<p>266<\/p>\n<\/td>\n<td style=\"width: 89.8828px\">\n<p><b>711<\/b><\/p>\n<\/td>\n<\/tr>\n<tr>\n<td style=\"width: 73.8438px\">\n<p>2023\/24<\/p>\n<\/td>\n<td style=\"width: 69.0625px\">\n<p>336<\/p>\n<\/td>\n<td style=\"width: 97.2422px\">\n<p>223<\/p>\n<\/td>\n<td style=\"width: 89.8828px\">\n<p><b>559<\/b><\/p>\n<\/td>\n<\/tr>\n<tr>\n<td style=\"width: 73.8438px\">\n<p>2022\/23<\/p>\n<\/td>\n<td style=\"width: 69.0625px\">\n<p>120<\/p>\n<\/td>\n<td style=\"width: 97.2422px\">\n<p>112<\/p>\n<\/td>\n<td style=\"width: 89.8828px\">\n<p><b>232<\/b><\/p>\n<\/td>\n<\/tr>\n<tr>\n<td style=\"width: 73.8438px\">\n<p>2021\/22<\/p>\n<\/td>\n<td style=\"width: 69.0625px\">\n<p>235<\/p>\n<\/td>\n<td style=\"width: 97.2422px\">\n<p>212<\/p>\n<\/td>\n<td style=\"width: 89.8828px\">\n<p><b>447<\/b><\/p>\n<\/td>\n<\/tr>\n<tr>\n<td style=\"width: 73.8438px\">\n<p>2020\/21<\/p>\n<\/td>\n<td style=\"width: 69.0625px\">\n<p>119<\/p>\n<\/td>\n<td style=\"width: 97.2422px\">\n<p>104<\/p>\n<\/td>\n<td style=\"width: 89.8828px\">\n<p><b>223<\/b><\/p>\n<\/td>\n<\/tr>\n<tr>\n<td style=\"width: 73.8438px\">\n<p>2019\/20<\/p>\n<\/td>\n<td style=\"width: 69.0625px\">\n<p>75<\/p>\n<\/td>\n<td style=\"width: 97.2422px\">\n<p>75<\/p>\n<\/td>\n<td style=\"width: 89.8828px\">\n<p><b>150<\/b><\/p>\n<\/td>\n<\/tr>\n<\/tbody>\n<\/table>\n","protected":false},"excerpt":{"rendered":"<p>A Mentorprogram a Semmelweis Egyetemen a 2019\/20-as tan\u00e9v kezdet\u00e9n j\u00f6tt l\u00e9tre \u00e9s a 2021\/22-es tan\u00e9vt\u0151l pedig elindult a programhoz kapcsol\u00f3d\u00f3 szabadon v\u00e1laszthat\u00f3 kurzus. A 2023\/24 tan\u00e9vt\u0151l az angol \u00e9s n\u00e9met nyelven tanul\u00f3 orvostanhallgat\u00f3k, a 2024\/25-\u00f6s tan\u00e9vt\u0151l a gy\u00f3gyszer\u00e9sz-hallgat\u00f3k sz\u00e1m\u00e1ra is elindult a program. A program nagym\u00e9rt\u00e9kben \u00e9p\u00edt a 2018\/19-es tan\u00e9v azonos nev\u0171 programj\u00e1ra, amely a &hellip;<\/p>\n","protected":false},"author":101724,"featured_media":0,"parent":8,"menu_order":2,"comment_status":"closed","ping_status":"closed","template":"","meta":{"_acf_changed":false,"footnotes":""},"categories":[],"tags":[],"class_list":["post-112","page","type-page","status-publish","hentry"],"acf":[],"_links":{"self":[{"href":"https:\/\/semmelweis.hu\/mentorprogram\/wp-json\/wp\/v2\/pages\/112","targetHints":{"allow":["GET"]}}],"collection":[{"href":"https:\/\/semmelweis.hu\/mentorprogram\/wp-json\/wp\/v2\/pages"}],"about":[{"href":"https:\/\/semmelweis.hu\/mentorprogram\/wp-json\/wp\/v2\/types\/page"}],"author":[{"embeddable":true,"href":"https:\/\/semmelweis.hu\/mentorprogram\/wp-json\/wp\/v2\/users\/101724"}],"replies":[{"embeddable":true,"href":"https:\/\/semmelweis.hu\/mentorprogram\/wp-json\/wp\/v2\/comments?post=112"}],"version-history":[{"count":8,"href":"https:\/\/semmelweis.hu\/mentorprogram\/wp-json\/wp\/v2\/pages\/112\/revisions"}],"predecessor-version":[{"id":453,"href":"https:\/\/semmelweis.hu\/mentorprogram\/wp-json\/wp\/v2\/pages\/112\/revisions\/453"}],"up":[{"embeddable":true,"href":"https:\/\/semmelweis.hu\/mentorprogram\/wp-json\/wp\/v2\/pages\/8"}],"wp:attachment":[{"href":"https:\/\/semmelweis.hu\/mentorprogram\/wp-json\/wp\/v2\/media?parent=112"}],"wp:term":[{"taxonomy":"category","embeddable":true,"href":"https:\/\/semmelweis.hu\/mentorprogram\/wp-json\/wp\/v2\/categories?post=112"},{"taxonomy":"post_tag","embeddable":true,"href":"https:\/\/semmelweis.hu\/mentorprogram\/wp-json\/wp\/v2\/tags?post=112"}],"curies":[{"name":"wp","href":"https:\/\/api.w.org\/{rel}","templated":true}]}}