{"id":99,"date":"2018-06-08T00:00:00","date_gmt":"2018-06-07T22:00:00","guid":{"rendered":"http:\/\/semmelweis.hu\/mental\/penzugyek\/"},"modified":"2024-10-17T19:06:53","modified_gmt":"2024-10-17T17:06:53","slug":"penzugyek","status":"publish","type":"page","link":"https:\/\/semmelweis.hu\/mental\/tanulmanyi-ugyek\/penzugyek\/","title":{"rendered":"P\u00e9nz\u00fcgyek"},"content":{"rendered":"<p style=\"text-align: justify\"><strong>P\u00e9nz\u00fcgyek <\/strong><em>(t\u00e1j\u00e9koztat\u00f3 I. \u00e9s II. \u00e9ves hallgat\u00f3knak)<\/em><\/p>\n<p style=\"text-align: justify\">A befizetend\u0151 d\u00edj<em><span style=\"font-size: 12pt\">\u00a0(f\u00e9l\u00e9vi \u00f6nk\u00f6lts\u00e9gi d\u00edj, k\u00fcl\u00f6nelj\u00e1r\u00e1si d\u00edj)<\/span><\/em> a Neptun rendszerben tanulm\u00e1nyi \u00fcgyint\u00e9z\u0151 \u00e1ltal ker\u00fcl ki\u00edr\u00e1sra \u00e9s hallgat\u00f3i fel\u00fcleten a &#8222;P\u00e9nz\u00fcgyek&#8221; men\u00fcpontban tal\u00e1lhat\u00f3.<\/p>\n<div class=\"exp-col-content-holder\" style=\"text-align: justify\"><a class=\"expand-cnt-link\" href=\"#\">K\u00e9pz\u00e9si d\u00edj (\u00f6nk\u00f6lts\u00e9g) \u00f6sszege \/ f\u00e9l\u00e9v<\/a><\/p>\n<div class=\"hidden-content\">\n<div>https:\/\/semmelweis.hu\/ekk\/files\/2024\/10\/EKK_TERITESI_ES_JUTTATASI_REND_2024_10_01.pdf<\/div>\n<div>link alatt tal\u00e1lhat\u00f3.<\/div>\n<\/div>\n<\/div>\n<div class=\"exp-col-content-holder\" style=\"text-align: justify\"><a class=\"expand-cnt-link\" href=\"#\">Sz\u00e1mla ki\u00e1ll\u00edt\u00e1sa &#8211; sz\u00e1mlak\u00e9r\u0151 nyomtatv\u00e1ny<\/a><\/p>\n<div class=\"hidden-content w-100\">\n<p>A befizetend\u0151 d\u00edj<em><span style=\"font-size: 12pt\">\u00a0(f\u00e9l\u00e9vi \u00f6nk\u00f6lts\u00e9gi d\u00edj, k\u00fcl\u00f6nelj\u00e1r\u00e1si d\u00edj)<\/span><\/em> a Neptun rendszerben tanulm\u00e1nyi \u00fcgyint\u00e9z\u0151 \u00e1ltal ker\u00fcl ki\u00edr\u00e1sra \u00e9s hallgat\u00f3i fel\u00fcleten a &#8222;P\u00e9nz\u00fcgyek&#8221; men\u00fcpontban tal\u00e1lhat\u00f3.<\/p>\n<ol>\n<li><strong>Mag\u00e1nszem\u00e9ly \u00e1ltal<\/strong> fizetend\u0151 \u00f6sszegr\u0151l a befizet\u00e9st k\u00f6vet\u0151en a rendszer automatikusan a hallgat\u00f3 nev\u00e9re gener\u00e1l sz\u00e1ml\u00e1t <span style=\"font-size: 12pt\">(teh\u00e1t nem kell sz\u00e1mlak\u00e9r\u0151 nyomtatv\u00e1nyt kit\u00f6ltenie)<\/span>, mely megtekinthet\u0151\/let\u00f6lthet\u0151 pdf-ben a &#8222;P\u00e9nz\u00fcgyek &#8211; Sz\u00e1ml\u00e1k&#8221; men\u00fcpont alatt.<\/li>\n<li><strong>Int\u00e9zm\u00e9nyi \/ egy\u00e9ni v\u00e1llalkoz\u00f3i r\u00e9szben vagy eg\u00e9szben t\u00f6rt\u00e9n\u0151 befizet\u00e9s <\/strong>eset\u00e9n <strong>az \u00f6nk\u00f6lts\u00e9g befizet\u00e9se el\u0151tt a megadott hat\u00e1rid\u0151ig sz\u00e1mlak\u00e9r\u0151 nyomtatv\u00e1nyt kell kit\u00f6ltve megk\u00fcldeni az al\u00e1bbi e-mail c\u00edmre:<\/strong><\/li>\n<\/ol>\n<p style=\"padding-left: 40px\"><strong><a href=\"mailto:neptun.penzugyiosztaly@semmelweis.hu\">neptun.penzugyiosztaly@semmelweis.hu<\/a>\u00a0<\/strong><\/p>\n<p style=\"padding-left: 40px\"><strong>Az elk\u00e9sz\u00edtett sz\u00e1mla\u00a0 megtekinthet\u0151\/let\u00f6lthet\u0151 pdf-ben a a Neptun rendszer &#8222;P\u00e9nz\u00fcgyek &#8211; Sz\u00e1ml\u00e1k&#8221; men\u00fcpont alatt.\u00a0<\/strong><\/p>\n<p style=\"padding-left: 40px\"><span style=\"color: #ff0000\"><strong> <span style=\"color: #000000\">Int\u00e9zm\u00e9nyi \/ egy\u00e9ni v\u00e1llalkoz\u00f3i befizet\u00e9s csak a ki\u00e1ll\u00edtott sz\u00e1ml\u00e1n tal\u00e1lhat\u00f3 banksz\u00e1ml\u00e1ra t\u00f6rt\u00e9n\u0151 \u00e1tutal\u00e1ssal rendezhet\u0151 &#8211; ebben az esetben ne utaljon gy\u0171jt\u0151sz\u00e1ml\u00e1ra!<\/span><br \/><\/strong><\/span><\/p>\n<p class=\"hiddenContentp\" style=\"padding-left: 40px\"><span style=\"text-decoration: underline\"><span style=\"font-size: 1rem\">Amennyiben a SZ\u00c1MLA IG\u00c9NYL\u0150 a megadott hat\u00e1rid\u0151ig nem \u00e9rkezik meg, <\/span><span style=\"font-size: 1rem\">\u00fagy fizet\u00e9si hat\u00e1rid\u0151 lej\u00e1rtakor a sz\u00e1mla a hallgat\u00f3 nev\u00e9re \u00e9s c\u00edm\u00e9re lesz automatikusan ki\u00e1ll\u00edtva, <\/span><\/span><strong style=\"font-size: 1rem\">amely sz\u00e1ml\u00e1n ut\u00f3lag nem \u00e1ll m\u00f3dunkban m\u00f3dos\u00edtani<\/strong><span style=\"font-size: 1rem\">.<\/span><\/p>\n<p class=\"hiddenContentp\" style=\"padding-left: 40px\"><strong><span style=\"color: #ff0000\">Int\u00e9zm\u00e9nyi \/ egy\u00e9ni v\u00e1llalkoz\u00f3i befizet\u00e9shez sz\u00e1mlak\u00e9r\u0151 nyomtatv\u00e1ny let\u00f6lthet\u0151:<\/span> <a href=\"https:\/\/semmelweis.hu\/mental\/files\/2024\/08\/SE_szamlakero-nyomtatvany_20240719.xlsx\">SE_szamlakero_nyomtatvany<\/a><\/strong><\/p>\n<p class=\"hiddenContentp\"><span style=\"font-size: 10pt\"><em>A hat\u00e1lyos jogszab\u00e1lyok szerinti online sz\u00e1mla adatszolg\u00e1ltat\u00e1s miatt minden Neptunban t\u00f6rt\u00e9n\u0151 ki\u00edr\u00e1shoz sz\u00e1ml\u00e1t kell ki\u00e1ll\u00edtani, mely sz\u00e1ml\u00e1nak az adatszolg\u00e1ltat\u00e1s keret\u00e9ben a jogszab\u00e1lyban meghat\u00e1rozottak szerint be kell ker\u00fclni a NAV fel\u00fclet\u00e9re.<\/em><\/span><br \/><span style=\"font-size: 10pt\"><em>A szab\u00e1lyos adatszolg\u00e1ltat\u00e1s miatt a Neptunban a c\u00e9ges sz\u00e1ml\u00e1khoz kapcsol\u00f3d\u00f3 befizet\u0151 szervezetek r\u00f6gz\u00edt\u00e9sekor a rendszer \u00f6sszek\u00f6ttet\u00e9sbe ker\u00fclt a NAV adatb\u00e1zis\u00e1val, \u00edgy automatikus ellen\u0151rz\u00e9st v\u00e9gez a szervezet r\u00f6gz\u00edt\u00e9sekor.<\/em><\/span><br \/><span style=\"font-size: 10pt\"><em>Viszont ezt az ellen\u0151rz\u00e9st a hallgat\u00f3i webes fel\u00fcleten nem lehet bekapcsolni, csak az adminisztr\u00e1ci\u00f3s fel\u00fcleten.<\/em><\/span><\/p>\n<\/div>\n<\/div>\n<div style=\"text-align: justify\">\n<div class=\"exp-col-content-holder\"><a class=\"expand-cnt-link\" href=\"#\">Befizet\u00e9s m\u00f3dja I. &#8211; Mag\u00e1nszem\u00e9ly \u00e1ltal<\/a><\/p>\n<div class=\"hidden-content\">\n<p><strong><em>Csak abban az esetben, ha nem <\/em><em>int\u00e9zm\u00e9nyi vagy egy\u00e9ni v\u00e1llalkoz\u00f3i befizet\u00e9s t\u00f6rt\u00e9nik.<\/em><\/strong><\/p>\n<p>A befizet\u00e9st k\u00f6vet\u0151en a rendszer automatikusan ki\u00e1ll\u00edtja a sz\u00e1ml\u00e1t a hallgat\u00f3 nev\u00e9re, mely ezt k\u00f6vet\u0151en nem m\u00f3dos\u00edthat\u00f3. <span style=\"font-size: 12pt\">(Teh\u00e1t aki sz\u00e1ml\u00e1t szeretne c\u00e9g vagy int\u00e9zm\u00e9ny nev\u00e9re, az a &#8222;sz\u00e1mla ki\u00e1ll\u00edt\u00e1s&#8221; men\u00fcpontban le\u00edrtak szerint j\u00e1rjon el a befizet\u00e9s el\u0151tt!)<\/span><\/p>\n<ul>\n<li><strong>bankk\u00e1rty\u00e1val<\/strong> <span style=\"font-size: 12pt\">(nem c\u00e9ges!)<\/span> a Neptun rendszeren kereszt\u00fcl <span style=\"font-size: 12pt\"><em>(P\u00e9nz\u00fcgyek &#8211; Befizet\u00e9s men\u00fcpontban)<\/em><\/span><\/li>\n<li><strong>gy\u0171jt\u0151sz\u00e1ml\u00e1ra t\u00f6rt\u00e9n\u0151 utal\u00e1ssal<\/strong><strong>. <\/strong><span style=\"text-decoration: underline\">A gy\u0171jt\u0151sz\u00e1ml\u00e1ra \u00e9rkezett \u00f6sszeget hozz\u00e1 kell rendelni a ki\u00edrt t\u00e9telhez<\/span>, mely csak ezt k\u00f6vet\u0151en lesz &#8222;teljes\u00edtett&#8221; st\u00e1tusz\u00fa.<\/li>\n<\/ul>\n<p class=\"hiddenContentp\"><strong><u>A gy\u0171jt\u0151sz\u00e1mla haszn\u00e1lat\u00e1nak jellemz\u0151i <\/u><\/strong><u><span style=\"font-size: 12pt\"><em>(csak abban az esetben haszn\u00e1lhat\u00f3, ha nem <\/em><em>int\u00e9zm\u00e9nyi vagy egy\u00e9ni v\u00e1llalkoz\u00f3i befizet\u00e9s t\u00f6rt\u00e9nik):<\/em><\/span><\/u><strong><u><br \/><\/u><\/strong><\/p>\n<ul>\n<li>Az utalt \u00f6sszeg a k\u00f6vetkez\u0151 munkanapon jelenik meg a Neptunban, mely a hallgat\u00f3 Neptun k\u00f3dja szerint ker\u00fcl a Neptunba szabad egyenlegk\u00e9nt, am\u00edg azt nem kapcsolja \u00f6ssze ki\u00edr\u00e1ssal, az \u00f6sszeget a hallgat\u00f3 vissza is tudja ind\u00edtani a saj\u00e1t sz\u00e1mlasz\u00e1m\u00e1ra, illetve egy a gy\u0171jt\u0151sz\u00e1ml\u00e1n szabad egyenleget is tarthat a felmer\u00fclt k\u00f6lts\u00e9gekre.<\/li>\n<li><span style=\"color: #ff0000\">Az \u00e1tutalt \u00f6sszeg csak akkor ker\u00fcl a gy\u0171jt\u0151sz\u00e1ml\u00e1ra,<strong> ha utal\u00e1skor a megjegyz\u00e9s\/k\u00f6zlem\u00e9ny rovatba beker\u00fcl <\/strong><strong>az &#8222;NK-&#8221; felirat \u00e9s ut\u00e1na k\u00f6zvetlen\u00fcl a Neptun-k\u00f3d pl.<\/strong>: NK-123ABC<\/span><\/li>\n<li>A gy\u0171jt\u0151sz\u00e1ml\u00e1ra utalt \u00f6sszeggel m\u00e9g teend\u0151je van: <strong>a ki\u00edr\u00e1st \u00f6ssze kell kapcsolni a rendelkez\u00e9sre \u00e1ll\u00f3 egyenleggel.<\/strong><\/li>\n<li>Az \u00f6sszekapcsol\u00e1st \u00fagy tudja a hallgat\u00f3 elv\u00e9gezni, ahogy egy Simplepay befizet\u00e9st, azzal a k\u00fcl\u00f6nbs\u00e9ggel, hogy amellett v\u00e1laszthat\u00f3 lehet\u0151s\u00e9gk\u00e9nt megjelenik a gy\u0171jt\u0151sz\u00e1ml\u00e1s fizet\u00e9si m\u00f3d is a kiv\u00e1laszthat\u00f3 lehet\u0151s\u00e9gek k\u00f6z\u00f6tt a Befizet\u00e9s funkci\u00f3 kiv\u00e1laszt\u00e1s\u00e1t k\u00f6vet\u0151en. A gy\u0171jt\u0151sz\u00e1ml\u00e1s fizet\u00e9si m\u00f3dot v\u00e1lasztva az egyenleg\u00e9n rendelkez\u00e9sre \u00e1ll\u00f3 \u00f6sszegb\u0151l tudja a ki\u00edr\u00e1s \u00f6sszeg\u00e9t kiegyenl\u00edteni.<\/li>\n<\/ul>\n<p><strong><em>Fontos tudnival\u00f3k:<\/em><\/strong><\/p>\n<ul>\n<li>az egyes<strong> gy\u0171jt\u0151sz\u00e1ml\u00e1kra csak az adott devizanemben lehet utalni<\/strong>. HUF-ra forintot, EUR-ra EUR-t, USD-re USD-t.<\/li>\n<li>Visszautalni csak azonos devizanemben, \u00e9s deviz\u00e1s gy\u0171jt\u0151sz\u00e1mla eset\u00e9ben csak IBAN form\u00e1tumban megadott sz\u00e1mlasz\u00e1mra lehets\u00e9ges, m\u00edg a HUF gy\u0171jt\u0151 eset\u00e9n csak h\u00e1romszor nyolc sz\u00e1mjegy\u0171, magyar (GIRO) sz\u00e1mlasz\u00e1mra.<\/li>\n<li><strong>A HUF-os gy\u0171jt\u0151sz\u00e1ml\u00e1r\u00f3l csak HUF-ban, az EUR gy\u0171jt\u0151sz\u00e1ml\u00e1r\u00f3l csak EUR-ban, az USD gy\u0171jt\u0151sz\u00e1ml\u00e1r\u00f3l csak USD-ben ki\u00edrt t\u00e9telek egyenl\u00edthet\u0151k ki.<\/strong><\/li>\n<li>A HUF, EUR \u00e9s USD gy\u0171jt\u0151sz\u00e1ml\u00e1k k\u00f6z\u00f6tt <strong>nincs \u00e1tj\u00e1rhat\u00f3s\u00e1g<\/strong> (teh\u00e1t a Hallgat\u00f3 nem teheti meg, hogy a b\u00e1rmely deviz\u00e1s gy\u0171jt\u0151sz\u00e1ml\u00e1n l\u00e9v\u0151 szabad egyenleg\u00e9t \u00e1tvezeti a forintosra \u00e9s ford\u00edtva sem).<\/li>\n<\/ul>\n<table width=\"0\">\n<tbody>\n<tr>\n<td width=\"151\">\n<p><strong>Banksz\u00e1mla megnevez\u00e9se<\/strong><\/p>\n<\/td>\n<td width=\"144\">\n<p><strong>Sz\u00e1ma<\/strong><\/p>\n<\/td>\n<td width=\"74\">\n<p><strong>P\u00e9nzneme<\/strong><\/p>\n<\/td>\n<td width=\"230\">\n<p><strong>IBAN sz\u00e1m <\/strong><\/p>\n<\/td>\n<td width=\"101\">\n<p><strong>SWIFT (BIC) k\u00f3d<\/strong><\/p>\n<\/td>\n<\/tr>\n<tr>\n<td width=\"151\">\n<p><strong>HUF-os gy\u0171jt\u0151sz\u00e1mla<\/strong><\/p>\n<\/td>\n<td width=\"144\">\n<p><strong>11784009-22236720<\/strong><\/p>\n<\/td>\n<td width=\"74\">\n<p><strong>HUF<\/strong><\/p>\n<\/td>\n<td width=\"230\">\n<p><strong>HU36117840092223672000000000<\/strong><\/p>\n<\/td>\n<td width=\"101\">\n<p><strong>OTPVHUHB<\/strong><\/p>\n<\/td>\n<\/tr>\n<tr>\n<td width=\"151\">\n<p><strong>EUR-os gy\u0171jt\u0151sz\u00e1mla<\/strong><\/p>\n<\/td>\n<td width=\"144\">\n<p><strong>11763842-00882880<\/strong><\/p>\n<\/td>\n<td width=\"74\">\n<p><strong>EUR<\/strong><\/p>\n<\/td>\n<td width=\"230\">\n<p><strong>HU11117638420088288000000000<\/strong><\/p>\n<\/td>\n<td width=\"101\">\n<p><strong>OTPVHUHB<\/strong><\/p>\n<\/td>\n<\/tr>\n<tr>\n<td width=\"151\">\n<p><strong>USD-s gy\u0171jt\u0151sz\u00e1mla<\/strong><\/p>\n<\/td>\n<td width=\"144\">\n<p><strong>11763842-00883018<\/strong><\/p>\n<\/td>\n<td width=\"74\">\n<p><strong>USD<\/strong><\/p>\n<\/td>\n<td width=\"230\">\n<p><strong>HU69117638420088301800000000<\/strong><\/p>\n<\/td>\n<td width=\"101\">\n<p><strong>OTPVHUHB<\/strong><\/p>\n<\/td>\n<\/tr>\n<\/tbody>\n<\/table>\n<p>&nbsp;<\/p>\n<p><em style=\"font-size: 1rem;text-align: left\">Egyetem\u00fcnk\u00f6n csekken vagy<\/em> k\u00e9szp\u00e9nzben<em style=\"font-size: 1rem;text-align: left\"> t\u00f6rt\u00e9n\u0151 fizet\u00e9s nem lehets\u00e9ges.<\/em><\/p>\n<\/div>\n<\/div>\n<div style=\"text-align: justify\">\n<div class=\"exp-col-content-holder\"><a class=\"expand-cnt-link\" href=\"#\">Befizet\u00e9s m\u00f3dja II. &#8211; Int\u00e9zm\u00e9ny vagy Egy\u00e9ni v\u00e1llalkoz\u00f3 \u00e1ltal<\/a><\/p>\n<div class=\"hidden-content\">\n<p><strong>Int\u00e9zm\u00e9nyi vagy egy\u00e9ni v\u00e1llalkoz\u00f3i befizet\u00e9s eset\u00e9n a megadott hat\u00e1rid\u0151re megk\u00fcld\u00f6tt sz\u00e1mlak\u00e9r\u0151 nyomtatv\u00e1ny<\/strong> <em><span style=\"font-size: 12pt\">(lsd. Sz\u00e1mla ig\u00e9nyl\u00e9se men\u00fcpont)<\/span><\/em> alapj\u00e1n elk\u00e9sz\u00edtett <span style=\"text-decoration: underline\">sz\u00e1ml\u00e1n szerepl\u0151 banksz\u00e1mla sz\u00e1mra<\/span> <span style=\"font-size: 12pt\"><em>(mely nem azonos a gy\u0171jt\u0151sz\u00e1ml\u00e1val!)<\/em><\/span> kell az \u00f6nk\u00f6lts\u00e9get befizetni &#8211; <span style=\"text-decoration: underline\">megjegyz\u00e9sben a sz\u00e1mla sorsz\u00e1ma, a hallgat\u00f3 neve\/neptun k\u00f3dja szerepeljen<\/span>.<\/p>\n<p>A befizet\u00e9snek mindig a ki\u00e1ll\u00edtott sz\u00e1mla alapj\u00e1n kell t\u00f6rt\u00e9nnie &#8211; t\u00f6bb befizet\u0151 eset\u00e9ben a sz\u00e1ml\u00e1knak megfelel\u0151en k\u00fcl\u00f6n utal\u00e1st kell ind\u00edtani.<\/p>\n<p><strong>Az elk\u00e9sz\u00edtett sz\u00e1mla megtekinthet\u0151\/let\u00f6lthet\u0151 pdf-ben a &#8222;P\u00e9nz\u00fcgyek &#8211; Sz\u00e1ml\u00e1k&#8221; men\u00fcpont alatt. <\/strong>Al\u00e1\u00edrt, pap\u00edr alap\u00fa sz\u00e1ml\u00e1t abban az esetben k\u00fcld a P\u00e9nz\u00fcgyi Igazgat\u00f3s\u00e1g, amennyiben ezen ig\u00e9ny a sz\u00e1mlak\u00e9r\u0151 nyomtatv\u00e1nyon kit\u00f6lt\u00e9sre ker\u00fclt.<\/p>\n<p><em style=\"font-size: 1rem;text-align: left\">Egyetem\u00fcnk\u00f6n csekken vagy<\/em> k\u00e9szp\u00e9nzben<em style=\"font-size: 1rem;text-align: left\"> t\u00f6rt\u00e9n\u0151 fizet\u00e9s nem lehets\u00e9ges.<\/em><\/p>\n<\/div>\n<\/div>\n<\/div>\n<div class=\"exp-col-content-holder\" style=\"text-align: justify\"><a class=\"expand-cnt-link\" href=\"#\">Befizet\u00e9si hat\u00e1rid\u0151 &#8211; befizet\u00e9s igazol\u00e1sa<\/a><\/p>\n<div class=\"hidden-content\">\n<p class=\"hiddenContentp\">Befizet\u00e9s hat\u00e1rideje a &#8222;Hat\u00e1rid\u0151k&#8221; men\u00fcpontban szakonk\u00e9nt felt\u00fcntetve.<\/p>\n<p style=\"text-align: justify\">Az \u00e1tutal\u00e1sr\u00f3l, befizet\u00e9sr\u0151l sz\u00f3l\u00f3 <strong>igazol\u00e1st k\u00e9rj\u00fck<\/strong> a szem\u00e9lyes beiratkoz\u00e1skor leadni, tov\u00e1bbi f\u00e9l\u00e9vek sor\u00e1n e-mail-ben a k\u00e9pz\u00e9s tanulm\u00e1nyi \u00fcgyint\u00e9z\u0151je r\u00e9sz\u00e9re megk\u00fcldeni.<\/p>\n<p style=\"text-align: justify\"><strong>K\u00e9rj\u00fck az \u00f6nk\u00f6lts\u00e9g befizet\u00e9s\u00e9vel kapcsolatos fenti felt\u00e9telek pontos betart\u00e1s\u00e1t, mivel a Semmelweis Egyetem erre vonatkoz\u00f3 \u2013 al\u00e1bbiak szerinti<\/strong> <strong>\u2013 hat\u00e1lyos szab\u00e1lyzati el\u0151\u00edr\u00e1sai alapj\u00e1n ezek elmulaszt\u00e1sa eset\u00e9n a felv\u00e9telt nyert jelentkez\u0151vel nem l\u00e9tes\u00edthet\u0151 hallgat\u00f3i jogviszony, illetve az \u00e9rintett nem kezdheti meg tanulm\u00e1nyait.<\/strong><\/p>\n<p style=\"text-align: justify\">&#8222;A magyar nyelv\u0171 k\u00f6lts\u00e9gt\u00e9r\u00edt\u00e9ses k\u00e9pz\u00e9sben r\u00e9szt vev\u0151 hallgat\u00f3 beiratkoz\u00e1s\u00e1nak, ill. a tanulm\u00e1nyok folytat\u00e1s\u00e1ra val\u00f3 bejelentkez\u00e9s felt\u00e9tele, hogy a hallgat\u00f3 a kar \u00e1ltal \u2013 az erre vonatkoz\u00f3an a hallgat\u00f3val k\u00f6t\u00f6tt meg\u00e1llapod\u00e1sban \u2013 meghat\u00e1rozott \u00f6nk\u00f6lts\u00e9get befizesse \u00e9s annak hivatalos igazol\u00e1s\u00e1t a Kar D\u00e9k\u00e1ni Hivatal\u00e1ban\/Hallgat\u00f3i Inform\u00e1ci\u00f3s Irod\u00e1j\u00e1ban\/K\u00e9pz\u00e9s\u00e9rt felel\u0151s oktat\u00e1si-kutat\u00e1si szervezeti egys\u00e9gben bemutassa.&#8221; <em>[Semmelweis Egyetem Szervezeti \u00e9s M\u0171k\u00f6d\u00e9si Szab\u00e1lyzat <\/em><em>III. k\u00f6nyv III. 12. r\u00e9sz A magyar nyelv\u0171 k\u00f6lts\u00e9gt\u00e9r\u00edt\u00e9ses k\u00e9pz\u00e9sben r\u00e9szt vev\u0151 hallgat\u00f3k egyes jogair\u00f3l \u00e9s k\u00f6telezetts\u00e9geir\u0151l sz\u00f3l\u00f3 szab\u00e1lyzat 3. \u00a7 (3)]<\/em><\/p>\n<p style=\"text-align: justify\">\u201e(6) Az \u00f6nk\u00f6lts\u00e9ges (k\u00f6lts\u00e9gt\u00e9r\u00edt\u00e9ses) k\u00e9pz\u00e9sben r\u00e9szt vev\u0151 hallgat\u00f3 az \u00f6nk\u00f6lts\u00e9get (k\u00f6lts\u00e9gt\u00e9r\u00edt\u00e9st) a beiratkoz\u00e1s, illetve a bejelentkez\u00e9s el\u0151tt k\u00f6teles megfizetni.\u201d<em> [<\/em><em>Semmelweis Egyetem Szervezeti \u00e9s M\u0171k\u00f6d\u00e9si Szab\u00e1lyzat III. k\u00f6nyv III.4. r\u00e9sz T\u00e9r\u00edt\u00e9si \u00e9s Juttat\u00e1si Szab\u00e1lyzat, a 23. \u00a7 [<\/em><em>Az \u00f6nk\u00f6lts\u00e9g meg\u00e1llap\u00edt\u00e1sa, megfizet\u00e9se \u00e9s visszat\u00e9r\u00edt\u00e9se] (6)]<\/em><\/p>\n<\/div>\n<\/div>\n<div class=\"exp-col-content-holder\"><a class=\"expand-cnt-link\" href=\"#\">Di\u00e1khitellel t\u00f6rt\u00e9n\u0151 fizet\u00e9s<\/a><\/p>\n<div class=\"hidden-content\">\n<p class=\"hiddenContentp\" style=\"text-align: justify\">Di\u00e1khitel ig\u00e9nyl\u00e9se: <a href=\"https:\/\/www.diakhiteldirekt.hu\/\">https:\/\/www.diakhiteldirekt.hu\/<\/a><\/p>\n<\/div>\n<\/div>\n<\/div>\n","protected":false},"excerpt":{"rendered":"<p>P\u00e9nz\u00fcgyek (t\u00e1j\u00e9koztat\u00f3 I. \u00e9s II. \u00e9ves hallgat\u00f3knak) A befizetend\u0151 d\u00edj\u00a0(f\u00e9l\u00e9vi \u00f6nk\u00f6lts\u00e9gi d\u00edj, k\u00fcl\u00f6nelj\u00e1r\u00e1si d\u00edj) a Neptun rendszerben tanulm\u00e1nyi \u00fcgyint\u00e9z\u0151 \u00e1ltal ker\u00fcl ki\u00edr\u00e1sra \u00e9s hallgat\u00f3i fel\u00fcleten a &#8222;P\u00e9nz\u00fcgyek&#8221; men\u00fcpontban tal\u00e1lhat\u00f3. <a class=\"expand-cnt-link\" href=\"#\">K\u00e9pz\u00e9si d\u00edj (\u00f6nk\u00f6lts\u00e9g) \u00f6sszege \/ f\u00e9l\u00e9v<\/a> https:\/\/semmelweis.hu\/ekk\/files\/2024\/10\/EKK_TERITESI_ES_JUTTATASI_REND_2024_10_01.pdf link alatt tal\u00e1lhat\u00f3. <a class=\"expand-cnt-link\" href=\"#\">Sz\u00e1mla ki\u00e1ll\u00edt\u00e1sa &#8211; sz\u00e1mlak\u00e9r\u0151 nyomtatv\u00e1ny<\/a> A befizetend\u0151 d\u00edj\u00a0(f\u00e9l\u00e9vi \u00f6nk\u00f6lts\u00e9gi d\u00edj, k\u00fcl\u00f6nelj\u00e1r\u00e1si d\u00edj) a Neptun rendszerben tanulm\u00e1nyi \u00fcgyint\u00e9z\u0151 \u00e1ltal ker\u00fcl ki\u00edr\u00e1sra \u00e9s hallgat\u00f3i fel\u00fcleten a &#8222;P\u00e9nz\u00fcgyek&#8221; men\u00fcpontban tal\u00e1lhat\u00f3. &hellip;<\/p>\n","protected":false},"author":101614,"featured_media":0,"parent":108,"menu_order":4,"comment_status":"closed","ping_status":"closed","template":"","meta":{"_acf_changed":false,"footnotes":""},"categories":[],"tags":[],"class_list":["post-99","page","type-page","status-publish","hentry"],"acf":[],"_links":{"self":[{"href":"https:\/\/semmelweis.hu\/mental\/wp-json\/wp\/v2\/pages\/99","targetHints":{"allow":["GET"]}}],"collection":[{"href":"https:\/\/semmelweis.hu\/mental\/wp-json\/wp\/v2\/pages"}],"about":[{"href":"https:\/\/semmelweis.hu\/mental\/wp-json\/wp\/v2\/types\/page"}],"author":[{"embeddable":true,"href":"https:\/\/semmelweis.hu\/mental\/wp-json\/wp\/v2\/users\/101614"}],"replies":[{"embeddable":true,"href":"https:\/\/semmelweis.hu\/mental\/wp-json\/wp\/v2\/comments?post=99"}],"version-history":[{"count":14,"href":"https:\/\/semmelweis.hu\/mental\/wp-json\/wp\/v2\/pages\/99\/revisions"}],"predecessor-version":[{"id":5491,"href":"https:\/\/semmelweis.hu\/mental\/wp-json\/wp\/v2\/pages\/99\/revisions\/5491"}],"up":[{"embeddable":true,"href":"https:\/\/semmelweis.hu\/mental\/wp-json\/wp\/v2\/pages\/108"}],"wp:attachment":[{"href":"https:\/\/semmelweis.hu\/mental\/wp-json\/wp\/v2\/media?parent=99"}],"wp:term":[{"taxonomy":"category","embeddable":true,"href":"https:\/\/semmelweis.hu\/mental\/wp-json\/wp\/v2\/categories?post=99"},{"taxonomy":"post_tag","embeddable":true,"href":"https:\/\/semmelweis.hu\/mental\/wp-json\/wp\/v2\/tags?post=99"}],"curies":[{"name":"wp","href":"https:\/\/api.w.org\/{rel}","templated":true}]}}