{"id":97,"date":"2018-06-08T00:00:00","date_gmt":"2018-06-07T22:00:00","guid":{"rendered":"http:\/\/semmelweis.hu\/mental\/felevkezdes\/"},"modified":"2024-10-17T19:15:47","modified_gmt":"2024-10-17T17:15:47","slug":"felevkezdes","status":"publish","type":"page","link":"https:\/\/semmelweis.hu\/mental\/tanulmanyi-ugyek\/felevkezdes\/","title":{"rendered":"F\u00e9l\u00e9vkezd\u00e9s"},"content":{"rendered":"<p><span style=\"font-size: 14pt\">K\u00e9rj\u00fck kedves hallgat\u00f3inkat, hogy e-mailben t\u00f6rt\u00e9n\u0151 megkeres\u00e9s eset\u00e9n, a t\u00e1rgyban t\u00fcntess\u00e9k fel a szak r\u00f6vid\u00edtett megnevez\u00e9s\u00e9t is. <\/span><\/p>\n<p><strong><span style=\"font-size: 14pt\"><em>I. \u00e9s II. \u00e9vfolyam:<\/em><\/span><\/strong><\/p>\n<div class=\"exp-col-content-holder\">\n<div>\n<div class=\"exp-col-content-holder\"><a class=\"expand-cnt-link\" href=\"#\">\u00d6nk\u00f6lts\u00e9gi d\u00edj<\/a><\/p>\n<div class=\"hidden-content\">\n<p class=\"hiddenContentp\">F\u00e9l\u00e9vi r\u00e9szv\u00e9teli sz\u00e1nd\u00e9k\u00e1t meger\u0151s\u00edtend\u0151 k\u00e9rj\u00fck, hogy a <a href=\"https:\/\/semmelweis.hu\/mental\/tanulmanyi-ugyek\/penzugyek\/\">P\u00e9nz\u00fcgyek<\/a><span style=\"font-size: 1rem\"> men\u00fcpontban le\u00edrtak alapj\u00e1n j\u00e1rjon el.<\/span><\/p>\n<\/div>\n<\/div>\n<\/div>\n<div>\n<div class=\"exp-col-content-holder\"><a class=\"expand-cnt-link\" href=\"#\">Mesterk\u00e9pz\u00e9s &#8211; \u00e1llami \u00f6szt\u00f6nd\u00edjas hallgat\u00f3k<\/a><\/p>\n<div class=\"hidden-content\">\n<p style=\"text-align: justify\"><strong>\u00c1llami f\u00e9l\u00e9vek felhaszn\u00e1l\u00e1s\u00e1nak ellen\u0151rz\u00e9se:<\/strong> a hallgat\u00f3 az Oktat\u00e1si Hivatal FIR rendszer\u00e9b\u0151l let\u00f6lthet\u0151 dokumentum alapj\u00e1n, f\u00e9l\u00e9vente \u00f6nmag\u00e1ra n\u00e9zve ellen\u0151rizze az \u00e1llami f\u00e9l\u00e9vei felhaszn\u00e1l\u00e1s\u00e1t: <a href=\"https:\/\/ugyintezes.magyarorszag.hu\/szolgaltatasok\/fir.html\">https:\/\/ugyintezes.magyarorszag.hu\/szolgaltatasok\/fir.html <\/a><\/p>\n<p style=\"text-align: justify\"><span style=\"font-size: 14pt\">Amennyiben az adatokban elt\u00e9r\u00e9s tal\u00e1lhat\u00f3, azt a hallgat\u00f3 k\u00f6teles jelezni.<\/span><\/p>\n<\/div>\n<\/div>\n<\/div>\n<div class=\"exp-col-content-holder\"><a class=\"expand-cnt-link\" href=\"#\">K\u00e9relmek beny\u00fajt\u00e1sa<\/a><\/p>\n<div class=\"hidden-content\">\n<p class=\"hiddenContentp\">K\u00e9relmek beny\u00fajt\u00e1sa a <a href=\"https:\/\/semmelweis.hu\/mental\/tanulmanyi-ugyek\/formanyomtatvanyok\/kerelmek\/\">K\u00e9relmek<\/a> men\u00fcpontban le\u00edrtak \u00e9s let\u00f6lthet\u0151 dokumentumok szerint.<\/p>\n<\/div>\n<\/div>\n<\/div>\n<div class=\"exp-col-content-holder\">\n<div class=\"exp-col-content-holder\"><a class=\"expand-cnt-link\" href=\"#\">Bejelentkez\u00e9s (regisztr\u00e1ci\u00f3) a Neptunban<\/a><\/p>\n<div class=\"hidden-content\">\n<p><span style=\"font-size: 18pt\">\u00a0<a href=\"https:\/\/neptunweb.semmelweis.hu\/hallgato\/login.aspx\">https:\/\/neptunweb.semmelweis.hu\/hallgato\/login.aspx<\/a>\u00a0<\/span><\/p>\n<p class=\"hiddenContentp\" style=\"text-align: justify\"><strong>A beiratkoz\u00e1s (regisztr\u00e1ci\u00f3) &#8211; minden jogviszonyban \u00e1ll\u00f3 hallgat\u00f3 sz\u00e1m\u00e1ra minden f\u00e9l\u00e9vben k\u00f6telez\u0151<\/strong> &#8211; az\u2019&#8217;\u00dcgyint\u00e9z\u00e9s\u2019&#8217;men\u00fcponton kereszt\u00fcl \u00e9rhet\u0151 el. Itt lehet a k\u00f6vetkez\u0151 f\u00e9l\u00e9vre regisztr\u00e1lni, a &#8222;Beiratkoz\u00e1s\/Bejelentkez\u00e9s&#8221; linkre kattintva. Majd a &#8222;Beiratkoz\u00e1si\/Bejelentkez\u00e9si k\u00e9relmek&#8221; fel\u00fcleten megjelen\u0151 aktu\u00e1lis f\u00e9l\u00e9v st\u00e1tusz\u00e1nak oszlop\u00e1ban &#8222;\u00daj&#8221; st\u00e1tusszal szerepl\u0151 sorban kattintson a sorv\u00e9gi &#8222;Lehet\u0151s\u00e9gek()\/Beiratkoz\u00e1s&#8221; linkre. Ekkor megny\u00edlik egy ablak, melyben sz\u00fcks\u00e9ges nyilatkoznia arr\u00f3l, hogy &#8222;Akt\u00edv&#8221; vagy &#8222;Passz\u00edv&#8221; st\u00e1tusszal szeretne regisztr\u00e1lni az adott f\u00e9l\u00e9vre. A megfelel\u0151 kiv\u00e1laszt\u00e1sa ut\u00e1n a &#8222;Nyilatkozom&#8221; gombot kell megnyomnia! (Ez a regisztr\u00e1ci\u00f3 csak akkor lehets\u00e9ges, ha az \u2019Inform\u00e1ci\u00f3\u2019 men\u00fcpontban az &#8222;Id\u0151szakok&#8221; link alatt tal\u00e1lhat\u00f3 &#8222;Beiratkoz\u00e1si id\u0151szak&#8221; aktu\u00e1lis f\u00e9l\u00e9v!) Int\u00e9zm\u00e9nyi be\u00e1ll\u00edt\u00e1s alapj\u00e1n csak akkor tud t\u00e1rgyat felvenni, ha m\u00e1r beiratkozott a f\u00e9l\u00e9vre a Neptun rendszerben! (Ha &#8222;Akt\u00edv&#8221; st\u00e1tusszal szeretne beiratkozni a k\u00e9pz\u00e9sre, akkor a program a biztons\u00e1g kedv\u00e9\u00e9rt r\u00e1k\u00e9rdez, hogy biztosan folytatja-e a beiratkoz\u00e1si folyamatot, ilyenkor az &#8222;OK&#8221; gombbal tudja folytatni a beiratkoz\u00e1s r\u00f6gz\u00edt\u00e9s\u00e9t.)<\/p>\n<\/div>\n<\/div>\n<\/div>\n<div>\n<div class=\"exp-col-content-holder\"><a class=\"expand-cnt-link\" href=\"#\">T\u00e1rgyfelv\u00e9tel \u00e9s kurzusjelentkez\u00e9s Neptunban<\/a><\/p>\n<div class=\"hidden-content\">\n<p style=\"text-align: justify\">Ehhez a <em>\u2019T\u00e1rgyak\u2019 <\/em>men\u00fcpontban kell kiv\u00e1lasztani a <em>\u2019T\u00e1rgyfelv\u00e9tel\u2019<\/em> linket.<\/p>\n<ol style=\"text-align: justify\">\n<li><strong> T\u00e1rgylista megjelen\u00edt\u00e9se: <\/strong>A t\u00e1rgyfelv\u00e9telhez a sz\u0171r\u00e9sben a &#8222;F\u00e9l\u00e9vek&#8221; leg\u00f6rd\u00edt\u0151 mez\u0151ben ki kell v\u00e1lasztani a megfelel\u0151 f\u00e9l\u00e9vet, a &#8222;T\u00e1rgyt\u00edpus&#8221;-n\u00e1l a &#8222;Mintatanterv t\u00e1rgyai&#8221; opci\u00f3t bejel\u00f6lve, a &#8222;Mintatantervek&#8221;-n\u00e9l leg\u00f6rd\u00edt\u0151 list\u00e1b\u00f3l lehet be\u00e1ll\u00edtani a mintatantervet. A &#8222;T\u00e1rgyak list\u00e1z\u00e1sa&#8221; gombra kattintva megjelenik a felt\u00e9teleknek megfelel\u0151en sz\u0171rt tant\u00e1rgylista. (Az &#8222;Egy\u00e9b szabadon v\u00e1laszthat\u00f3 t\u00e1rgyak&#8221; opci\u00f3 abban az esetben haszn\u00e1lhat\u00f3, ha az int\u00e9zm\u00e9ny a szabadon v\u00e1laszthat\u00f3 t\u00e1rgyait k\u00fcl\u00f6n, a mintatanterveken k\u00edv\u00fcl kezeli. Amennyiben ebben a list\u00e1ban nem tal\u00e1l t\u00e1rgyat, akkor az csak annyit jelent, hogy int\u00e9zm\u00e9nye a szabadon v\u00e1laszthat\u00f3 t\u00e1rgyakat is be\u00e9p\u00edtette a mintatantervekbe, ilyen esetben a &#8222;Mintatanterv t\u00e1rgyai&#8221; opci\u00f3t v\u00e1lassza!)<\/li>\n<li><strong> Megjelen\u00edt\u00e9si, keres\u00e9si, sorrendez\u00e9si lehet\u0151s\u00e9gek a t\u00e1rgylist\u00e1ban: <\/strong>A lista tetej\u00e9n be\u00e1ll\u00edthatja, hogy egy lapon h\u00e1ny t\u00e1rgy adatait jelen\u00edtse meg a rendszer. Ha a lista csak t\u00f6bb lapra f\u00e9r ki, akkor az oldalsz\u00e1mok seg\u00edts\u00e9g\u00e9vel tud lapozni. A nyomtat\u00f3 ikonra kattintva ki tudja nyomtatni az adott lapot. A keres\u00e9s (nagy\u00edt\u00f3) ikonra kattintva megjelenik egy keres\u00e9si fel\u00fclet a lista tetej\u00e9n. Itt a leugr\u00f3 men\u00fcb\u0151l kiv\u00e1laszthatja, hogy a t\u00e1rgy mely adat\u00e1ra szeretne keresni, ezut\u00e1n adja meg a keresend\u0151 sz\u00f6veget, \u00e9s kattintson a &#8222;Keres\u00e9s&#8221; gombra. Ekkor a list\u00e1ban m\u00e1r csak a megadott felt\u00e9teleknek megfelel\u0151 t\u00e9telek maradnak.<\/li>\n<li><strong> T\u00e1rgy\/Kurzus felv\u00e9tele: <\/strong>A t\u00e1rgylist\u00e1ban a felvenni k\u00edv\u00e1nt t\u00e1rgyn\u00e1l a &#8222;Felvesz&#8221; linkre kattintva jelenik meg a t\u00e1rgy ablaka (&#8222;T\u00e1rgy adatok\/Felvehet\u0151 kurzusok&#8221; f\u00fcl<strong>)<\/strong>, melyben a kiv\u00e1lasztott t\u00e1rgyhoz tartoz\u00f3, az adott f\u00e9l\u00e9vben meghirdet\u00e9sre ker\u00fclt, felvehet\u0151 kurzusok szerepelnek. A kurzuslista jobb oldal\u00e1n (Le\u00edr\u00e1s oszlop mellett) tal\u00e1lhat\u00f3 jel\u00f6l\u0151n\u00e9gyzet seg\u00edts\u00e9g\u00e9vel tudja kiv\u00e1lasztani a k\u00edv\u00e1nt kurzust, majd a &#8222;Ment\u00e9s&#8221; gombra kattintva tudja felvenni. T\u00f6bb kurzust abban az esetben kell felvennie egy t\u00e1rgyhoz, ha t\u00f6bbf\u00e9le kurzust\u00edpus (pl. elm\u00e9leti \u00e9s gyakorlati kurzus) is meghirdet\u00e9sre ker\u00fclt. Ebben az esetben minden kurzust\u00edpusb\u00f3l egyet-egyet kell felvennie. (Kiv\u00e9tel ez al\u00f3l a vizsgakurzus, amit viszont minden esetben mag\u00e1ban kell felvenni, vagyis nem vehet fel egy t\u00e1rgyhoz vizsgakurzust \u00e9s m\u00e1s t\u00edpus\u00fa kurzust egyszerre.) A kurzus felv\u00e9tel\u00e9vel tudja a t\u00e1rgyfelv\u00e9tel\u00e9t v\u00e9gleges\u00edteni.<\/li>\n<\/ol>\n<p style=\"text-align: justify\">A t\u00e1rgyfelv\u00e9tel sikeress\u00e9g\u00e9r\u0151l, vagy sikertelens\u00e9g\u00e9r\u0151l visszajelz\u0151 \u00fczenet t\u00e1j\u00e9koztat. A visszajelz\u0151 \u00fczenetben olvashat\u00f3 az esetleges sikertelens\u00e9g eset\u00e9n a sikertelen t\u00e1rgyfelv\u00e9tel oka (pl. nem teljes\u00fclt a t\u00e1rgy\/kurzus felv\u00e9teli k\u00f6vetelm\u00e9ny, vagy a kurzus m\u00e1r betelt).<\/p>\n<p style=\"text-align: justify\">Kurzusjelentkez\u00e9se csak akkor lesz <u>sikeres<\/u>, ha:<\/p>\n<ul style=\"text-align: justify\">\n<li>teljes\u00edtette a t\u00e1rgy \u00e9s a kurzus felv\u00e9tel\u00e9hez sz\u00fcks\u00e9ges k\u00f6vetelm\u00e9nyeket,<\/li>\n<li>van m\u00e9g szabad hely az \u00f6sszes kiv\u00e1lasztott kurzusra (a f\u0151\/limit oszlopban a f\u0151 kisebb, mint a limit),<\/li>\n<li>az \u00f6sszes t\u00edpus\u00fa kurzusb\u00f3l (pl. elm\u00e9let, gyakorlat) kijel\u00f6lt egyet-egyet,<\/li>\n<li>el\u0151zetes, vagy v\u00e9gleges t\u00e1rgyjelentkez\u00e9si id\u0151szak \u00e9s kurzusjelentkez\u00e9si id\u0151szak van,<\/li>\n<li>m\u00e9g nem teljes\u00edtette a t\u00e1rgyat kor\u00e1bban.<\/li>\n<\/ul>\n<p style=\"text-align: justify\">Ha az egyes kurzusokr\u00f3l szeretne tov\u00e1bbi inform\u00e1ci\u00f3hoz jutni, akkor a list\u00e1ban kattintson az adott kurzus b\u00e1rmely adat\u00e1ra, \u00e9s ekkor egy \u00fajabb felugr\u00f3 ablakban megjelennek a kurzus adatai.<\/p>\n<ol start=\"4\">\n<li style=\"text-align: justify\"><strong> T\u00e1rgy lead\u00e1sa: <\/strong>Ha felvett egy t\u00e1rgyat, de valamilyen okn\u00e1l fogva le szeretn\u00e9 adni, akkor azt a <em>\u2019T\u00e1rgyak\u2019<\/em> men\u00fc <em>\u2019Felvett t\u00e1rgyak\u2019<\/em> men\u00fcpontj\u00e1ban teheti meg. Ezen az oldalon a sz\u0171r\u00e9sekn\u00e9l a &#8222;F\u00e9l\u00e9vek&#8221; leg\u00f6rd\u00edt\u0151 list\u00e1ban ki kell v\u00e1lasztani a k\u00edv\u00e1nt f\u00e9l\u00e9vet, majd a List\u00e1z\u00e1s gombbal l\u00e1thatja azokat a t\u00e1rgyakat, amelyeket az aktu\u00e1lis jelentkez\u00e9si id\u0151szakban felvett, \u00e9s itt van lehet\u0151s\u00e9ge kurzust v\u00e1ltoztatni, illetve leadni a t\u00e1rgyait. Ha a leadand\u00f3 t\u00e1rgy sor\u00e1ban a sorv\u00e9gi &#8222;Lehet\u0151s\u00e9gek( )\/T\u00e1rgy lead\u00e1sa&#8221; linkre kattint, akkor a rendszer el\u0151bb visszak\u00e9rdez, hogy t\u00e9nyleg le akarja-e adni az adott t\u00e1rgyat, \u00e9s amennyiben erre igennel v\u00e1laszol, akkor ker\u00fcl a t\u00e1rgy lead\u00e1sra, \u00e9s ezzel el is t\u0171nik a felvett t\u00e1rgyak list\u00e1j\u00e1b\u00f3l. A t\u00e1rgyjelentkez\u00e9ssel egy\u00fctt ekkor a kurzusokra val\u00f3 jelentkez\u00e9se is t\u00f6rl\u0151dik, err\u0151l visszajelz\u00e9st is kap. (T\u00e1rgyat leadni el\u0151zetes, vagy v\u00e9gleges t\u00e1rgyfelv\u00e9teli, ill. kurzusjelentkez\u00e9si id\u0151szakban lehets\u00e9ges!)<\/li>\n<li style=\"text-align: justify\"><strong> Kurzusv\u00e1ltoztat\u00e1s: <\/strong>Ha egy m\u00e1r felvett t\u00e1rgy\u00e1n\u00e1l szeretn\u00e9 megv\u00e1ltoztatni a kurzus(oka)t, ami(k)re jelentkezett, akkor ezt \u00fagy teheti meg, hogy a <em>\u2019T\u00e1rgyak\/Felvett t\u00e1rgyak\u2019<\/em> fel\u00fcleten r\u00e1kattint a t\u00e1rgy sor\u00e1nak v\u00e9g\u00e9n tal\u00e1lhat\u00f3 &#8222;Lehet\u0151s\u00e9gek( )\/Felvett kurzus m\u00f3dos\u00edt\u00e1s&#8221; linkre, ekkor megjelenik a &#8222;T\u00e1rgy adatok&#8221; felugr\u00f3 ablak, itt a &#8222;T\u00e1rgy kurzusai&#8221; f\u00fcl\u00f6n a kurzuslista utols\u00f3 oszlop\u00e1ban be kell pip\u00e1lni a m\u00e1sik k\u00edv\u00e1nt kurzus(oka)t \u00e9s elt\u00e1vol\u00edtani a kijel\u00f6l\u00e9st a leadand\u00f3 kurzus(ok) sor\u00e1b\u00f3l, majd a &#8222;Ment\u00e9s&#8221; gombra kattintva megt\u00f6rt\u00e9nik a v\u00e1ltoztat\u00e1s. Az \u00e1tjelentkez\u00e9s megt\u00f6rt\u00e9nt\u00e9r\u0151l, illetve az esetleges hib\u00e1k okair\u00f3l a rendszer visszajelz\u00e9st ad.<\/li>\n<\/ol>\n<\/div>\n<\/div>\n<\/div>\n<div>\n<div class=\"exp-col-content-holder\"><a class=\"expand-cnt-link\" href=\"#\">Tanulm\u00e1nyok sz\u00fcneteltet\u00e9se (passz\u00edv f\u00e9l\u00e9v)<\/a><\/p>\n<div class=\"hidden-content\">\n<p class=\"hiddenContentp\" style=\"text-align: justify\">Amennyiben tanulm\u00e1nyait szeptemberben m\u00e9gsem k\u00edv\u00e1nja megkezdeni, k\u00e9rj\u00fck, hogy err\u0151l adjon sz\u00e1munkra \u00edr\u00e1sos t\u00e1j\u00e9koztat\u00e1st halaszt\u00e1si ig\u00e9ny beny\u00fajt\u00e1s\u00e1val!<\/p>\n<p style=\"text-align: justify\">A jogviszony sz\u00fcneteltet\u00e9se ir\u00e1nti k\u00e9relem elb\u00edr\u00e1l\u00e1s\u00e1hoz k\u00e9rj\u00fck, hogy a &#8222;K\u00e9relmek&#8221; men\u00fcpont csatolt dokumentumain\u00e1l let\u00f6lthet\u0151 eredeti al\u00e1\u00edrt k\u00e9relm\u00e9t a megadott hat\u00e1rid\u0151ig juttassa el int\u00e9zet\u00fcnkh\u00f6z. Let\u00f6lthet\u0151 a <a href=\"https:\/\/semmelweis.hu\/mental\/tanulmanyi-ugyek\/formanyomtatvanyok\/kerelmek\/\">K\u00e9relmek<\/a> men\u00fcpontb\u00f3l.<\/p>\n<p style=\"text-align: justify\">Passz\u00edv f\u00e9l\u00e9vre val\u00f3 bejelentkez\u00e9s m\u00f3dja a &#8222;Regisztr\u00e1ci\u00f3 (bejelentkez\u00e9s) Neptunban&#8221; men\u00fcpontban tal\u00e1lhat\u00f3.<\/p>\n<p style=\"text-align: justify\"><strong>Halaszt\u00e1si k\u00e9relemmel csak beiratkozott hallgat\u00f3 \u00e9lhet.<\/strong> <strong>I. \u00e9vfolyamos hallgat\u00f3inknak felh\u00edvjuk figyelm\u00e9t, hogy halaszt\u00e1si k\u00e9relmet csak rendk\u00edv\u00fcli, el\u0151re nem l\u00e1that\u00f3 ok miatt \u00e1ll m\u00f3dunkban elfogadni az els\u0151 f\u00e9l\u00e9v megkezd\u00e9se el\u0151tt!<\/strong><\/p>\n<p>A <strong>Hallgat\u00f3 a halaszt\u00e1si id\u0151szak eltelt\u00e9vel k\u00fcl\u00f6n felsz\u00f3l\u00edt\u00e1s n\u00e9lk\u00fcl k\u00f6teles bejelentkezni.<\/strong> <span style=\"text-decoration: underline\">Ha ezen k\u00f6telezetts\u00e9g\u00e9nek nem tesz eleget, vagy nem k\u00e9ri tov\u00e1bbi sz\u00fcnetel\u00e9s enged\u00e9lyez\u00e9s\u00e9t, akkor az int\u00e9zm\u00e9ny megsz\u00fcnteti a jogviszony\u00e1t.<\/span><\/p>\n<\/div>\n<\/div>\n<\/div>\n<div>\n<div class=\"exp-col-content-holder\"><a class=\"expand-cnt-link\" href=\"#\">Di\u00e1kigazolv\u00e1ny \u00e9rv\u00e9nyes\u00edt\u00e9se<\/a><\/p>\n<div class=\"hidden-content\">\n<p class=\"hiddenContentp\" style=\"text-align: justify\">A <strong>di\u00e1kigazolv\u00e1ny-matric\u00e1inak \u00e9rv\u00e9nyess\u00e9ge<\/strong> az \u0151szi f\u00e9l\u00e9v ut\u00e1n m\u00e1rcius 31-\u00e9n, a tavaszi f\u00e9l\u00e9v ut\u00e1n okt\u00f3ber 31-\u00e9n lej\u00e1r. Az aktu\u00e1lis f\u00e9l\u00e9vre sz\u00f3l\u00f3 \u00e9rv\u00e9nyes\u00edt\u0151 matrica a NET fsz. 74. irod\u00e1ban k\u00e9rhet\u0151 \u00fcgyint\u00e9z\u00e9si id\u0151ben.<\/p>\n<p class=\"hiddenContentp\" style=\"text-align: justify\">\u00daj di\u00e1kigazolv\u00e1ny ig\u00e9nyl\u00e9s\u00e9nek menete megtekinthet\u0151: <a href=\"https:\/\/semmelweis.hu\/mental\/tanulmanyi-ugyek\/diakigazolvany\/\">Di\u00e1kigazolv\u00e1ny<\/a><\/p>\n<\/div>\n<\/div>\n<\/div>\n<div class=\"exp-col-content-holder\"><span style=\"font-size: 14pt\"><strong><em>I. \u00e9vfolyam:<\/em><\/strong><\/span><\/div>\n<div class=\"exp-col-content-holder\">\n<div class=\"exp-col-content-holder\">\n<div class=\"exp-col-content-holder\"><span style=\"font-size: 14pt\"><a class=\"expand-cnt-link\" href=\"#\">Szem\u00e9lyes beiratkoz\u00e1s\u00a0<\/a><\/span><\/p>\n<div class=\"hidden-content\">\n<p class=\"hiddenContentp\">Szem\u00e9lyes beiratkoz\u00e1sra csak az I. \u00e9vfolyam 1. f\u00e9l\u00e9v\u00e9nek megkezd\u00e9se el\u0151tt van sz\u00fcks\u00e9g. (<em>A k\u00f6vetkez\u0151 f\u00e9l\u00e9vekre csak a Neptun rendszeren kereszt\u00fcl kell regisztr\u00e1lni (bejelentkezni) az aktu\u00e1lis f\u00e9l\u00e9vre &#8211; akt\u00edv vagy passz\u00edv st\u00e1tuszra.)<\/em><\/p>\n<p>Minden felv\u00e9telt nyert jelentkez\u0151 elektronikus \u00faton kap t\u00e1j\u00e9koztat\u00e1st a felv\u00e9teli eredm\u00e9nyr\u0151l sz\u00f3l\u00f3 hat\u00e1rozat el\u00e9r\u00e9s\u00e9r\u0151l. A <strong>Neptun tanulm\u00e1nyi rendszerbe<\/strong> val\u00f3 bel\u00e9p\u00e9shez sz\u00fcks\u00e9ges <strong>felhaszn\u00e1l\u00f3i nevet<\/strong> \u00e9s <strong>jelsz\u00f3t<\/strong> szint\u00e9n elektronikus \u00fczenetben k\u00fcldj\u00fck meg.<\/p>\n<p>A tanulm\u00e1nyok megkezd\u00e9s\u00e9hez sz\u00fcks\u00e9ges r\u00e9szletes inform\u00e1ci\u00f3kat szakonk\u00e9nt minden felv\u00e9telt nyert jelentkez\u0151 r\u00e9sz\u00e9re a Tanulm\u00e1nyi Csoport elektronikus \u00faton k\u00fcldi meg.<\/p>\n<p><u>Szem\u00e9lyes beiratkoz\u00e1shoz el\u0151zetes regisztr\u00e1ci\u00f3 sz\u00fcks\u00e9ges a t\u00e1j\u00e9koztat\u00f3ban megadott &#8222;doodle&#8221; oldalon.<\/u><\/p>\n<p>A folyamatos \u00fcgyint\u00e9z\u00e9s \u00e9rdek\u00e9ben k\u00e9rj\u00fck, hogy <strong>a v\u00e1lasztott napon, id\u0151ben \u00e9rkezzen.<\/strong>\u00a0 Amennyiben a beiratkoz\u00e1son szem\u00e9lyesen nem tud megjelenni, a beiratkoz\u00e1st a &#8222;Formanyomtatv\u00e1nyok&#8221; men\u00fcpontban let\u00f6lthet\u0151 kit\u00f6lt\u00f6tt meghatalmaz\u00e1ssal \u00e9s a sz\u00fcks\u00e9ges dokumentumok bemutat\u00e1s\u00e1val meghatalmazottja is int\u00e9zheti. Id\u0151pontot foglalni ebben az esetben is a hallgat\u00f3 nev\u00e9re kell!<\/p>\n<p>Az \u00fcgyint\u00e9z\u00e9si id\u0151 meggyors\u00edt\u00e1s\u00e1\u00e9rt k\u00e9rj\u00fck, hogy <strong>az el\u0151zetesen megk\u00fcld\u00f6tt dokumentumokat olvassa el.<\/strong> Kinyomtatni \u00e9s kit\u00f6lteni nem kell, arra csak a helysz\u00ednen ker\u00fcl sor:<\/p>\n<ul>\n<li>\u00f6nk\u00f6lts\u00e9ges hallgat\u00f3k r\u00e9sz\u00e9re hallgat\u00f3i szerz\u0151d\u00e9s <em>(d\u00e9k\u00e1ni al\u00e1\u00edr\u00e1st k\u00f6vet\u0151en a hallgat\u00f3 r\u00e9sz\u00e9re 1 p\u00e9ld\u00e1nyt \u00e1tadunk)<\/em><\/li>\n<li>fogadalom sz\u00f6veg <em>(minden hallgat\u00f3 sz\u00e1m\u00e1ra k\u00f6telez\u0151)<\/em><\/li>\n<li>nyilatkozat online oktat\u00e1sr\u00f3l <em>(minden hallgat\u00f3 sz\u00e1m\u00e1ra k\u00f6telez\u0151)<\/em><\/li>\n<\/ul>\n<p><strong>Beiratkoz\u00e1sra k\u00e9rj\u00fck hozza mag\u00e1val az al\u00e1bb felsoroltakat:<\/strong><\/p>\n<ul>\n<li>szem\u00e9lyi igazolv\u00e1ny, lakc\u00edmk\u00e1rtya, TAJ k\u00e1rtya, ad\u00f3azonos\u00edt\u00f3 k\u00e1rtya, k\u00fclf\u00f6ldi hallgat\u00f3k eset\u00e9n tart\u00f3zkod\u00e1si enged\u00e9lyt<\/li>\n<li>1 db sz\u00ednes igazolv\u00e1nyk\u00e9p (amennyiben a jelentkez\u00e9shez nem k\u00fcld\u00f6tt),<\/li>\n<li>\u00f6nk\u00f6lts\u00e9gi d\u00edj befizet\u00e9s\u00e9r\u0151l sz\u00f3l\u00f3 igazol\u00e1s f\u00e9nym\u00e1solata (vagy az e-mailben megk\u00fcld\u00f6tt k\u00e9relem eredeti al\u00e1\u00edrt p\u00e9ld\u00e1nya),<\/li>\n<li>eredeti diploma \u00e9s diplomam\u00e1solat (amennyiben a felv\u00e9teli sor\u00e1n nem ker\u00fclt lead\u00e1sra),<\/li>\n<li>nem magyar nyelv\u0171 diploma eset\u00e9n hiteles magyar nyelv\u0171 ford\u00edt\u00e1s,<\/li>\n<li>Alumni nyilv\u00e1ntart\u00e1si lap (Diplom\u00e1s P\u00e1lyak\u00f6vet\u00e9si Rendszer) &#8211; kit\u00f6ltve, al\u00e1\u00edrva<\/li>\n<li>CSAK SZAKIR\u00c1NY\u00da K\u00c9PZ\u00c9S BEIRATKOZ\u00d3I: alapv\u00e9gzetts\u00e9get igazol\u00f3 diploma angol nyelv\u0171 ford\u00edt\u00e1sa (Akinek az alapdiplom\u00e1j\u00e1t angol nyelven is ki\u00e1ll\u00edtott\u00e1k, annak nem kell k\u00fcl\u00f6n ford\u00edt\u00e1s! A ki\u00e1ll\u00edt\u00f3 int\u00e9zm\u00e9ny \u00e1ltal kiadott ford\u00edt\u00e1s is megfelel\u0151.),<\/li>\n<li>CSAK MESTERK\u00c9PZ\u00c9S BEIRATKOZ\u00d3I: nyilatkozat \u00e1llami f\u00e9l\u00e9vek felhaszn\u00e1l\u00e1s\u00e1r\u00f3l<\/li>\n<\/ul>\n<\/div>\n<\/div>\n<\/div>\n<\/div>\n","protected":false},"excerpt":{"rendered":"<p>K\u00e9rj\u00fck kedves hallgat\u00f3inkat, hogy e-mailben t\u00f6rt\u00e9n\u0151 megkeres\u00e9s eset\u00e9n, a t\u00e1rgyban t\u00fcntess\u00e9k fel a szak r\u00f6vid\u00edtett megnevez\u00e9s\u00e9t is. I. \u00e9s II. \u00e9vfolyam: <a class=\"expand-cnt-link\" href=\"#\">\u00d6nk\u00f6lts\u00e9gi d\u00edj<\/a> F\u00e9l\u00e9vi r\u00e9szv\u00e9teli sz\u00e1nd\u00e9k\u00e1t meger\u0151s\u00edtend\u0151 k\u00e9rj\u00fck, hogy a <a href=\"https:\/\/semmelweis.hu\/mental\/tanulmanyi-ugyek\/penzugyek\/\">P\u00e9nz\u00fcgyek<\/a> men\u00fcpontban le\u00edrtak alapj\u00e1n j\u00e1rjon el. <a class=\"expand-cnt-link\" href=\"#\">Mesterk\u00e9pz\u00e9s &#8211; \u00e1llami \u00f6szt\u00f6nd\u00edjas hallgat\u00f3k<\/a> \u00c1llami f\u00e9l\u00e9vek felhaszn\u00e1l\u00e1s\u00e1nak ellen\u0151rz\u00e9se: a hallgat\u00f3 az Oktat\u00e1si Hivatal FIR rendszer\u00e9b\u0151l let\u00f6lthet\u0151 dokumentum alapj\u00e1n, f\u00e9l\u00e9vente \u00f6nmag\u00e1ra n\u00e9zve ellen\u0151rizze az \u00e1llami f\u00e9l\u00e9vei felhaszn\u00e1l\u00e1s\u00e1t: &hellip;<\/p>\n","protected":false},"author":101614,"featured_media":0,"parent":108,"menu_order":2,"comment_status":"closed","ping_status":"closed","template":"","meta":{"_acf_changed":false,"footnotes":""},"categories":[],"tags":[],"class_list":["post-97","page","type-page","status-publish","hentry"],"acf":[],"_links":{"self":[{"href":"https:\/\/semmelweis.hu\/mental\/wp-json\/wp\/v2\/pages\/97","targetHints":{"allow":["GET"]}}],"collection":[{"href":"https:\/\/semmelweis.hu\/mental\/wp-json\/wp\/v2\/pages"}],"about":[{"href":"https:\/\/semmelweis.hu\/mental\/wp-json\/wp\/v2\/types\/page"}],"author":[{"embeddable":true,"href":"https:\/\/semmelweis.hu\/mental\/wp-json\/wp\/v2\/users\/101614"}],"replies":[{"embeddable":true,"href":"https:\/\/semmelweis.hu\/mental\/wp-json\/wp\/v2\/comments?post=97"}],"version-history":[{"count":13,"href":"https:\/\/semmelweis.hu\/mental\/wp-json\/wp\/v2\/pages\/97\/revisions"}],"predecessor-version":[{"id":7577,"href":"https:\/\/semmelweis.hu\/mental\/wp-json\/wp\/v2\/pages\/97\/revisions\/7577"}],"up":[{"embeddable":true,"href":"https:\/\/semmelweis.hu\/mental\/wp-json\/wp\/v2\/pages\/108"}],"wp:attachment":[{"href":"https:\/\/semmelweis.hu\/mental\/wp-json\/wp\/v2\/media?parent=97"}],"wp:term":[{"taxonomy":"category","embeddable":true,"href":"https:\/\/semmelweis.hu\/mental\/wp-json\/wp\/v2\/categories?post=97"},{"taxonomy":"post_tag","embeddable":true,"href":"https:\/\/semmelweis.hu\/mental\/wp-json\/wp\/v2\/tags?post=97"}],"curies":[{"name":"wp","href":"https:\/\/api.w.org\/{rel}","templated":true}]}}