{"id":96,"date":"2018-06-14T09:27:17","date_gmt":"2018-06-14T07:27:17","guid":{"rendered":"http:\/\/semmelweis.hu\/mental\/?page_id=96"},"modified":"2023-07-04T13:37:38","modified_gmt":"2023-07-04T11:37:38","slug":"kontaktszemelyek-doktori","status":"publish","type":"page","link":"https:\/\/semmelweis.hu\/mental\/doktori-kepzes\/kontaktszemelyek-doktori\/","title":{"rendered":"Kontaktszem\u00e9lyek"},"content":{"rendered":"<p><strong>Tanulm\u00e1nyi \u00fcgyek: \u00a0<\/strong> <a href=\"https:\/\/semmelweis.hu\/phd\/doktori-titkarsag\/\" target=\"_blank\" rel=\"noopener noreferrer\"><u>Semmelweis Egyetem Doktori Titk\u00e1rs\u00e1ga <\/u><\/a><\/p>\n<p><strong>\u00c1ltal\u00e1nos inform\u00e1ci\u00f3, el\u0151zetes \u00e9rdekl\u0151d\u00e9s:<\/strong> Amennyiben a Ment\u00e1lhigi\u00e9n\u00e9 Int\u00e9zet doktori k\u00e9pz\u00e9se felkeltette \u00e9rdekl\u0151d\u00e9s\u00e9t, r\u00f6vid lev\u00e9lben jelezze ezt int\u00e9zet\u00fcnkben Dr. Danis Ildik\u00f3nak (<span id=\"cloak55134\"><a href=\"mailto:danis.ildiko@public.semmelweis-univ.hu\">danis.ildiko@semmelweis.hu)<\/a><\/span>.<\/p>\n<p>A lev\u00e9l tartalmazzon egy r\u00f6vid bemutatkoz\u00e1st, n\u00e9h\u00e1ny sort a motiv\u00e1ci\u00f3j\u00e1r\u00f3l, \u00e9s jelenlegi elk\u00e9pzel\u00e9s\u00e9t a kutat\u00e1si t\u00e9m\u00e1j\u00e1val, ter\u00fclet\u00e9vel, \u00e9rdekl\u0151d\u00e9si k\u00f6r\u00e9vel kapcsolatban.<\/p>\n","protected":false},"excerpt":{"rendered":"<p>Tanulm\u00e1nyi \u00fcgyek: \u00a0 <a href=\"https:\/\/semmelweis.hu\/phd\/doktori-titkarsag\/\" target=\"_blank\" rel=\"noopener noreferrer\">Semmelweis Egyetem Doktori Titk\u00e1rs\u00e1ga <\/a><br \/>\n\u00c1ltal\u00e1nos inform\u00e1ci\u00f3, el\u0151zetes \u00e9rdekl\u0151d\u00e9s: Amennyiben a Ment\u00e1lhigi\u00e9n\u00e9 Int\u00e9zet doktori k\u00e9pz\u00e9se felkeltette \u00e9rdekl\u0151d\u00e9s\u00e9t, r\u00f6vid lev\u00e9lben jelezze ezt int\u00e9zet\u00fcnkben Dr. Danis Ildik\u00f3nak (<a href=\"mailto:danis.ildiko@public.semmelweis-univ.hu\">danis.ildiko@semmelweis.hu)<\/a>.<br \/>\nA lev\u00e9l tartalmazzon egy r\u00f6vid bemutatkoz\u00e1st, n\u00e9h\u00e1ny sort a motiv\u00e1ci\u00f3j\u00e1r\u00f3l, \u00e9s jelenlegi elk\u00e9pzel\u00e9s\u00e9t a kutat\u00e1si t\u00e9m\u00e1j\u00e1val, ter\u00fclet\u00e9vel, \u00e9rdekl\u0151d\u00e9si k\u00f6r\u00e9vel kapcsolatban.<\/p>\n","protected":false},"author":101790,"featured_media":0,"parent":14,"menu_order":5,"comment_status":"closed","ping_status":"closed","template":"","meta":{"_acf_changed":false,"footnotes":""},"categories":[],"tags":[],"class_list":["post-96","page","type-page","status-publish","hentry"],"acf":[],"_links":{"self":[{"href":"https:\/\/semmelweis.hu\/mental\/wp-json\/wp\/v2\/pages\/96","targetHints":{"allow":["GET"]}}],"collection":[{"href":"https:\/\/semmelweis.hu\/mental\/wp-json\/wp\/v2\/pages"}],"about":[{"href":"https:\/\/semmelweis.hu\/mental\/wp-json\/wp\/v2\/types\/page"}],"author":[{"embeddable":true,"href":"https:\/\/semmelweis.hu\/mental\/wp-json\/wp\/v2\/users\/101790"}],"replies":[{"embeddable":true,"href":"https:\/\/semmelweis.hu\/mental\/wp-json\/wp\/v2\/comments?post=96"}],"version-history":[{"count":10,"href":"https:\/\/semmelweis.hu\/mental\/wp-json\/wp\/v2\/pages\/96\/revisions"}],"predecessor-version":[{"id":6579,"href":"https:\/\/semmelweis.hu\/mental\/wp-json\/wp\/v2\/pages\/96\/revisions\/6579"}],"up":[{"embeddable":true,"href":"https:\/\/semmelweis.hu\/mental\/wp-json\/wp\/v2\/pages\/14"}],"wp:attachment":[{"href":"https:\/\/semmelweis.hu\/mental\/wp-json\/wp\/v2\/media?parent=96"}],"wp:term":[{"taxonomy":"category","embeddable":true,"href":"https:\/\/semmelweis.hu\/mental\/wp-json\/wp\/v2\/categories?post=96"},{"taxonomy":"post_tag","embeddable":true,"href":"https:\/\/semmelweis.hu\/mental\/wp-json\/wp\/v2\/tags?post=96"}],"curies":[{"name":"wp","href":"https:\/\/api.w.org\/{rel}","templated":true}]}}