{"id":95,"date":"2018-06-08T00:00:00","date_gmt":"2018-06-07T22:00:00","guid":{"rendered":"http:\/\/semmelweis.hu\/mental\/doktori-muhely\/"},"modified":"2024-02-07T09:53:45","modified_gmt":"2024-02-07T08:53:45","slug":"doktori-muhely","status":"publish","type":"page","link":"https:\/\/semmelweis.hu\/mental\/doktori-kepzes\/doktori-muhely\/","title":{"rendered":"Doktori M\u0171hely"},"content":{"rendered":"<p><strong>A Doktori M\u0171hely c\u00e9lja az Interdiszciplin\u00e1ris t\u00e1rsadalomtudom\u00e1nyok doktori program hallgat\u00f3i \u00e1ltal v\u00e9gzett kutat\u00e1sok \u00f6sszefog\u00e1sa, az egy\u00e9ni t\u00e9mavezet\u00e9seken t\u00fal a hallgat\u00f3k munk\u00e1j\u00e1nak t\u00e1mogat\u00e1sa.<\/strong><\/p>\n<p>Minden f\u00e9l\u00e9vben k\u00e9t-k\u00e9t Doktori M\u0171helyre ker\u00fcl sor, amelyeken a r\u00e9szv\u00e9tel k\u00f6telez\u0151 a programunkba j\u00e1r\u00f3 hallgat\u00f3k sz\u00e1m\u00e1ra.<\/p>\n<p><strong>Az \u0151szi f\u00e9l\u00e9v m\u0171helyeinek t\u00e9m\u00e1i:<\/strong><\/p>\n<ul>\n<li>okt\u00f3ber: I. \u00e9vfolyam hallgat\u00f3inak bemutatkoz\u00e1sa, t\u00e9materv\u00fck ismertet\u00e9se; II. \u00e9vfolyam hallgat\u00f3inak kutat\u00e1si besz\u00e1mol\u00f3ja<\/li>\n<li>janu\u00e1r: k\u00e9ziratok beny\u00fajt\u00e1sa \u00e9s kiscsoportos b\u00edr\u00e1lata \u00e9s vit\u00e1ja<\/li>\n<\/ul>\n<p><strong>A tavaszi f\u00e9l\u00e9v m\u0171helyeinek t\u00e9m\u00e1i:<\/strong><\/p>\n<ul>\n<li>m\u00e1rcius-\u00e1prilis: r\u00f6vid kutat\u00e1si besz\u00e1mol\u00f3k; PhD napokra k\u00e9sz\u00edtett prezent\u00e1ci\u00f3s tervek \u00e9s absztraktok bemutat\u00e1sa, megvitat\u00e1sa<\/li>\n<li>m\u00e1jus-j\u00fanius: PhD napokra k\u00e9sz\u00edtett prezent\u00e1ci\u00f3k (poszterek, poszterel\u0151ad\u00e1sok \u00e9s el\u0151ad\u00e1sok) bemutat\u00e1sa, megvitat\u00e1sa<\/li>\n<\/ul>\n<p><strong>Minden tan\u00e9v v\u00e9g\u00e9n, j\u00fanius 30-ig kell beny\u00fajtani az \u00fan. <a href=\"https:\/\/semmelweis.hu\/mental\/files\/2023\/01\/Progress-check_EVSZAM_NEV.zip\">Progress check portf\u00f3li\u00f3 mapp\u00e1t<\/a><\/strong>, amelyben minden Doktori M\u0171helyre k\u00e9sz\u00edtett prezent\u00e1ci\u00f3 \u00e9s dokument\u00e1ci\u00f3, illetve a szakmai visszajelz\u00e9sek jegyz\u0151k\u00f6nyve szerepel. Emellett <strong>a doktori hallgat\u00f3k minden h\u00f3nap 10-ig egy <a href=\"http:\/\/mental.semmelweis.hu\/limesurvey\/index.php\/876222?lang=hu\">online k\u00e9rd\u0151\u00edv<\/a> kit\u00f6lt\u00e9s\u00e9vel adnak sz\u00e1mot munk\u00e1jukr\u00f3l<\/strong> (a kutat\u00e1suk el\u0151rehalad\u00e1s\u00e1r\u00f3l, a szakirodalmak olvas\u00e1s\u00e1r\u00f3l, a t\u00e9mavezet\u0151ikkel val\u00f3 konzult\u00e1ci\u00f3kr\u00f3l, konferenciar\u00e9szv\u00e9tel\u00fckr\u0151l \u00e9s egy\u00e9b, a doktori folyamatukhoz kapcsol\u00f3d\u00f3 szakmai tev\u00e9kenys\u00e9g\u00fckr\u0151l). A portf\u00f3li\u00f3mappa ezt az eg\u00e9sz \u00e9ves el\u0151rehalad\u00e1si dokument\u00e1ci\u00f3t is tartalmazza.\u00a0<\/p>\n<p><strong>A Doktori M\u0171hely vezet\u0151je:<\/strong>\u00a0Dr. Danis Ildik\u00f3 tudom\u00e1nyos f\u0151munkat\u00e1rs (<span id=\"cloak55134\"><a href=\"mailto:danis.ildiko@public.semmelweis-univ.hu\">danis.ildiko@semmelweis.hu<\/a><\/span>)<\/p>\n","protected":false},"excerpt":{"rendered":"<p>A Doktori M\u0171hely c\u00e9lja az Interdiszciplin\u00e1ris t\u00e1rsadalomtudom\u00e1nyok doktori program hallgat\u00f3i \u00e1ltal v\u00e9gzett kutat\u00e1sok \u00f6sszefog\u00e1sa, az egy\u00e9ni t\u00e9mavezet\u00e9seken t\u00fal a hallgat\u00f3k munk\u00e1j\u00e1nak t\u00e1mogat\u00e1sa. Minden f\u00e9l\u00e9vben k\u00e9t-k\u00e9t Doktori M\u0171helyre ker\u00fcl sor, amelyeken a r\u00e9szv\u00e9tel k\u00f6telez\u0151 a programunkba j\u00e1r\u00f3 hallgat\u00f3k sz\u00e1m\u00e1ra. Az \u0151szi f\u00e9l\u00e9v m\u0171helyeinek t\u00e9m\u00e1i: okt\u00f3ber: I. \u00e9vfolyam hallgat\u00f3inak bemutatkoz\u00e1sa, t\u00e9materv\u00fck ismertet\u00e9se; II. \u00e9vfolyam hallgat\u00f3inak kutat\u00e1si besz\u00e1mol\u00f3ja &hellip;<\/p>\n","protected":false},"author":101790,"featured_media":0,"parent":14,"menu_order":4,"comment_status":"closed","ping_status":"closed","template":"","meta":{"_acf_changed":false,"footnotes":""},"categories":[],"tags":[],"class_list":["post-95","page","type-page","status-publish","hentry"],"acf":[],"_links":{"self":[{"href":"https:\/\/semmelweis.hu\/mental\/wp-json\/wp\/v2\/pages\/95","targetHints":{"allow":["GET"]}}],"collection":[{"href":"https:\/\/semmelweis.hu\/mental\/wp-json\/wp\/v2\/pages"}],"about":[{"href":"https:\/\/semmelweis.hu\/mental\/wp-json\/wp\/v2\/types\/page"}],"author":[{"embeddable":true,"href":"https:\/\/semmelweis.hu\/mental\/wp-json\/wp\/v2\/users\/101790"}],"replies":[{"embeddable":true,"href":"https:\/\/semmelweis.hu\/mental\/wp-json\/wp\/v2\/comments?post=95"}],"version-history":[{"count":11,"href":"https:\/\/semmelweis.hu\/mental\/wp-json\/wp\/v2\/pages\/95\/revisions"}],"predecessor-version":[{"id":6913,"href":"https:\/\/semmelweis.hu\/mental\/wp-json\/wp\/v2\/pages\/95\/revisions\/6913"}],"up":[{"embeddable":true,"href":"https:\/\/semmelweis.hu\/mental\/wp-json\/wp\/v2\/pages\/14"}],"wp:attachment":[{"href":"https:\/\/semmelweis.hu\/mental\/wp-json\/wp\/v2\/media?parent=95"}],"wp:term":[{"taxonomy":"category","embeddable":true,"href":"https:\/\/semmelweis.hu\/mental\/wp-json\/wp\/v2\/categories?post=95"},{"taxonomy":"post_tag","embeddable":true,"href":"https:\/\/semmelweis.hu\/mental\/wp-json\/wp\/v2\/tags?post=95"}],"curies":[{"name":"wp","href":"https:\/\/api.w.org\/{rel}","templated":true}]}}