{"id":94,"date":"2018-06-08T00:00:00","date_gmt":"2018-06-07T22:00:00","guid":{"rendered":"http:\/\/semmelweis.hu\/mental\/doktori-hallgatoi-informacio\/"},"modified":"2026-04-09T13:47:17","modified_gmt":"2026-04-09T11:47:17","slug":"doktori-hallgatoi-informacio","status":"publish","type":"page","link":"https:\/\/semmelweis.hu\/mental\/doktori-kepzes\/doktori-hallgatoi-informacio\/","title":{"rendered":"Hallgat\u00f3i inform\u00e1ci\u00f3k"},"content":{"rendered":"<p><b>Interdiszciplin\u00e1ris t\u00e1rsadalomtudom\u00e1nyok doktori program<\/b><\/p>\n<p>&nbsp;<\/p>\n<p><strong>AKTU\u00c1LIS \u00d3RAREND<\/strong><\/p>\n<p>A 2025\/26-os tan\u00e9v <strong>tavaszi<\/strong> f\u00e9l\u00e9v \u00f3rarend: <a href=\"https:\/\/semmelweis.hu\/mental\/files\/2026\/01\/2026-tavaszi-idobeosztas.pdf\" target=\"_blank\" rel=\"noopener\">2026 tavaszi idobeosztas<\/a><\/p>\n<p>A 2026\/27-es tan\u00e9v <strong>\u0151szi<\/strong> f\u00e9l\u00e9v \u00f3rarend terve: <a href=\"https:\/\/semmelweis.hu\/mental\/files\/2026\/04\/2026-oszi-idobeosztas.pdf\" target=\"_blank\" rel=\"noopener\">2026 oszi idobeosztas<\/a><\/p>\n<p>A sz\u00e1m\u00edt\u00f3g\u00e9pes teremben tartott kurzusok id\u0151pontja v\u00e1ltozhat!<\/p>\n<p><strong>KURZUSH\u00c1L\u00d3<\/strong><\/p>\n<p>A n\u00e9gy f\u00e9l\u00e9ves kurzush\u00e1l\u00f3 \u00e9vente meg\u00fajulhat apr\u00f3bb v\u00e1ltoztat\u00e1sokkal. Halaszt\u00f3 hallgat\u00f3k kredit k\u00f6vetelm\u00e9nyeinek teljes\u00edt\u00e9s\u00e9hez seg\u00edts\u00e9get adunk a beiratkoz\u00e1si f\u00e9l\u00e9v elej\u00e9n.<\/p>\n<p><strong>Tanulm\u00e1nyaikat 2025. szeptember\u00e9ben kezd\u0151k sz\u00e1m\u00e1ra:<\/strong><\/p>\n<p><a href=\"https:\/\/semmelweis.hu\/mental\/files\/2025\/10\/IV_3_Kurzushalo-4_3-program-2025-osz_2027-osz.docx\"><strong>Kurzush\u00e1l\u00f3 a 2025-2027-es \u00e9vfolyam sz\u00e1m\u00e1ra<\/strong><\/a><\/p>\n<p><strong>Tanulm\u00e1nyaikat 2024. szeptember\u00e9ben kezd\u0151k sz\u00e1m\u00e1ra:<\/strong><\/p>\n<p><strong><a href=\"https:\/\/semmelweis.hu\/mental\/files\/2024\/08\/IV_3_Kurzushalo-2024_2025_osz_2026_2027_osz.docx\">Kurzush\u00e1l\u00f3 a 2024-2026-os \u00e9vfolyam sz\u00e1m\u00e1ra<\/a><\/strong><\/p>\n<p><strong>Tanulm\u00e1nyaikat 2023. szeptember\u00e9ben kezd\u0151k sz\u00e1m\u00e1ra:<\/strong><\/p>\n<p><strong><a href=\"https:\/\/semmelweis.hu\/mental\/files\/2024\/03\/IV_3_Kurzushalo-2023_2025_feltolteni.docx\">Kurzush\u00e1l\u00f3 a 2023-2025-\u00f6s \u00e9vfolyam sz\u00e1m\u00e1ra<\/a><\/strong><\/p>\n<p>&nbsp;<\/p>\n<p><strong>KURZUSLE\u00cdR\u00c1SOK \u00c9S KREDITEK<\/strong><\/p>\n<p>A program jelenlegi kurzusainak tematik\u00e1ja<strong> <a href=\"https:\/\/semmelweis.hu\/mental\/files\/2024\/02\/Interdiszciplinaris-tarsadalomtudomanyok-program_kurzusok.zip\">itt el\u00e9rhet\u0151<\/a>.\u00a0<\/strong><\/p>\n<p>Tov\u00e1bbi kurzusok az<strong> <a href=\"https:\/\/semmelweis.hu\/phd\/kurzusok\/kurzusok\/\">Egyetem Kurzusadatb\u00e1zis\u00e1ban<\/a><\/strong> nyomon k\u00f6vethet\u0151k.<\/p>\n<p>A program k\u00f6telez\u0151 (K) t\u00e1rgyain (8 kredit) k\u00edv\u00fcl a k\u00f6telez\u0151en v\u00e1laszthat\u00f3 (KV) t\u00e1rgyak (8 kredit) mind a programunk, mind az Egyetem m\u00e1s doktori programjainak kurzusk\u00edn\u00e1lat\u00e1b\u00f3l teljes\u00edthet\u0151.<\/p>\n<p>A minden \u00e9vben megrendez\u00e9sre ker\u00fcl\u0151 <strong>Semmelweis PhD Tudom\u00e1nyos Napokon <\/strong>val\u00f3 r\u00e9szv\u00e9tel \u00e9s prezent\u00e1ci\u00f3 is kreditszerz\u00e9si lehet\u0151s\u00e9g.<\/p>\n<p><span style=\"font-size: 1rem\">Figyelem! A t\u00e1rsadalomtudom\u00e1nyi doktori programban a kutat\u00e1sm\u00f3dszertani \u00e9s statisztikai ismeretek megszerz\u00e9se \u00e9s elm\u00e9ly\u00edt\u00e9se alapvet\u0151 k\u00f6vetelm\u00e9ny a doktori kutat\u00e1s tervez\u00e9s\u00e9nek, lefolytat\u00e1s\u00e1nak, az adatok feldolgoz\u00e1s\u00e1nak \u00e9s az eredm\u00e9nyek k\u00f6zl\u00e9s\u00e9nek sikeres folyamat\u00e1hoz. Ehhez a program a kurzusk\u00edn\u00e1lat\u00e1val biztos\u00edt egy<\/span><strong><span style=\"font-size: 1rem\"> <a href=\"https:\/\/semmelweis.hu\/mental\/files\/2024\/02\/Kutatasmodszertan-es-statisztikai-iv_2024.pdf\">alapokt\u00f3l fel\u00e9p\u00fcl\u0151 m\u00f3dszertani \u00edvet<\/a><\/span><\/strong><span style=\"font-size: 1rem\">, amit minden hallgat\u00f3nk sz\u00e1m\u00e1ra aj\u00e1nlunk bej\u00e1rni. El\u0151zetes felk\u00e9sz\u00fcl\u00e9shez, felz\u00e1rk\u00f3z\u00e1shoz, valamint a kutat\u00e1s \u00e9s elemz\u00e9s k\u00e9rd\u00e9seinek megv\u00e1laszol\u00e1s\u00e1hoz<\/span><span style=\"font-size: 1rem\">\u00a0<\/span><strong style=\"font-size: 1rem\"><a href=\"https:\/\/semmelweis.hu\/mental\/files\/2023\/01\/Modszertani-statisztikai-segedletek_irodalmak_forrasok-jegyzeke.pdf\">a csatolt forr\u00e1sjegyz\u00e9ket<\/a>\u00a0<\/strong><span style=\"font-size: 1rem\">aj\u00e1nljuk \u00e1ttekint\u00e9sre.<\/span><\/p>\n<p>&nbsp;<\/p>\n<p><strong>DOKTORI SZAB\u00c1LYZAT\u00a0<\/strong><\/p>\n<p>Az aktu\u00e1lis \u00e9s a kor\u00e1bbi<strong>\u00a0<a href=\"https:\/\/semmelweis.hu\/phd\/dokumentumok\/dokumentumtar\/\" target=\"_blank\" rel=\"noopener noreferrer\">Doktori Szab\u00e1lyzatok<\/a>\u00a0<\/strong>a Doktori Iskola honlapj\u00e1n \u00e9rhet\u0151k el.<\/p>\n<p>&nbsp;<\/p>\n<p><strong style=\"font-size: 1rem\">DOKTORI \u00c9RTEKEZ\u00c9S<\/strong><\/p>\n<p>A doktori \u00e9rtekez\u00e9s\u00a0<a href=\"https:\/\/semmelweis.hu\/phd\/kepzesi-kovetelmenyekvizsga-hazi-vedes-nyilvanos-vedes\/a-doktori-ertekezes-formai-kovetelmenyei\/\" target=\"_blank\" rel=\"noopener noreferrer\"><strong>formai k\u00f6vetelm\u00e9nyei\u00a0<\/strong><\/a>a Doktori Iskola honlapj\u00e1n \u00e9rhet\u0151k el.<\/p>\n<p>A doktori \u00e9rtekez\u00e9st a sikeres komplex vizsga d\u00e1tum\u00e1t\u00f3l sz\u00e1m\u00edtott maximum 3 napt\u00e1ri \u00e9ven bel\u00fcl be kell ny\u00fajtani.<\/p>\n<p>Mivel ezt megel\u0151z\u0151en egy bels\u0151, munkahelyi vit\u00e1n is meg kell vitatni a disszert\u00e1ci\u00f3 els\u0151 verzi\u00f3j\u00e1t, a komplex vizsg\u00e1t k\u00f6vet\u0151 2. \u00e9v v\u00e9g\u00e9n a jel\u00f6lt \u00e9s t\u00e9mavezet\u0151je \u00fctemtervet k\u00e9sz\u00edt arr\u00f3l, hogy hogyan val\u00f3sul meg a 3. \u00e9v v\u00e9g\u00e9re a munkahelyi vita, az esetleges jav\u00edt\u00e1sok \u00e9s az \u00e9rtekez\u00e9s lead\u00e1sa.<\/p>\n<p>&nbsp;<\/p>\n<p><strong>PUBLIK\u00c1CI\u00d3S K\u00d6VETELM\u00c9NYEK<\/strong><\/p>\n<p>A doktori disszert\u00e1ci\u00f3 beny\u00fajt\u00e1s\u00e1hoz sz\u00fcks\u00e9ges publik\u00e1ci\u00f3s pontok megszerz\u00e9s\u00e9nek k\u00f6vetelm\u00e9nyei \u00e9s lehet\u0151s\u00e9gei a mindenkori <strong><a href=\"https:\/\/semmelweis.hu\/phd\/dokumentumok\/dokumentumtar\/\">Doktori Szab\u00e1lyzat ide vonatkoz\u00f3 passzusaiban \u00e9s mell\u00e9kleteiben<\/a> <\/strong>k\u00f6vethet\u0151k nyomon.<\/p>\n<p>Figyelem! A programunkra speci\u00e1lis, t\u00e1rsadalomtudom\u00e1nyi szempontok vonatkoznak (l\u00e1sd Doktori Szab\u00e1lyzat \u00e9s mell\u00e9kletei)!<\/p>\n<p>A jelenlegi szab\u00e1lyoz\u00e1s szerint a k\u00e9pz\u00e9sben r\u00e9sztvev\u0151knek 12 publik\u00e1ci\u00f3s pont, m\u00edg az egy\u00e9ni fokozatszerz\u0151knek 18 publik\u00e1ci\u00f3s pont teljes\u00edt\u00e9se k\u00f6telez\u0151 a doktori disszert\u00e1ci\u00f3 beny\u00fajt\u00e1s\u00e1hoz. A pontokat a Semmelweis Egyetem K\u00f6zponti K\u00f6nyvt\u00e1ra ellen\u0151rzi \u00e9s hagyja j\u00f3v\u00e1.<\/p>\n<p>&nbsp;<\/p>\n<p><strong>KOMPLEX VIZSGA<\/strong><\/p>\n<p>A komplex vizsg\u00e1ra rendszerint a k\u00e9t\u00e9ves tanulm\u00e1nyi k\u00e9pz\u00e9s utols\u00f3, tavaszi f\u00e9l\u00e9v\u00e9nek v\u00e9g\u00e9n, j\u00faniusban ker\u00fcl sor. A felk\u00e9sz\u00fcl\u00e9st az al\u00e1bbi dokumentumok seg\u00edtik.<\/p>\n<p><strong><a href=\"https:\/\/semmelweis.hu\/mental\/files\/2026\/01\/Komplex-vizsga-temak_SE-IV_3-doktori-program_2025update.pdf\">Komplex vizsga t\u00e9m\u00e1i, aj\u00e1nlott irodalomjegyz\u00e9kkel<\/a>\u00a0(<\/strong>2021. m\u00e1jus 15-t\u0151l hat\u00e1lyos; 2025-ben friss\u00edtve).<\/p>\n<p><strong><a href=\"https:\/\/semmelweis.hu\/mental\/files\/2025\/11\/Komplex-vizsga-kiegeszito-targy-egyeni-fokozatszerzoknek_2025update.pdf\">Komplex vizsga kiegesz\u00edt\u0151 mell\u00e9kt\u00e1rgy egy\u00e9ni fokozatszerz\u0151knek<\/a>\u00a0(<\/strong>2021. szeptember 1-t\u0151l hat\u00e1lyos; 2025-ben friss\u00edtve).<\/p>\n","protected":false},"excerpt":{"rendered":"<p>Interdiszciplin\u00e1ris t\u00e1rsadalomtudom\u00e1nyok doktori program &nbsp; AKTU\u00c1LIS \u00d3RAREND A 2025\/26-os tan\u00e9v tavaszi f\u00e9l\u00e9v \u00f3rarend: <a href=\"https:\/\/semmelweis.hu\/mental\/files\/2026\/01\/2026-tavaszi-idobeosztas.pdf\" target=\"_blank\" rel=\"noopener\">2026 tavaszi idobeosztas<\/a> A 2026\/27-es tan\u00e9v \u0151szi f\u00e9l\u00e9v \u00f3rarend terve: <a href=\"https:\/\/semmelweis.hu\/mental\/files\/2026\/04\/2026-oszi-idobeosztas.pdf\" target=\"_blank\" rel=\"noopener\">2026 oszi idobeosztas<\/a> A sz\u00e1m\u00edt\u00f3g\u00e9pes teremben tartott kurzusok id\u0151pontja v\u00e1ltozhat! KURZUSH\u00c1L\u00d3 A n\u00e9gy f\u00e9l\u00e9ves kurzush\u00e1l\u00f3 \u00e9vente meg\u00fajulhat apr\u00f3bb v\u00e1ltoztat\u00e1sokkal. Halaszt\u00f3 hallgat\u00f3k kredit k\u00f6vetelm\u00e9nyeinek teljes\u00edt\u00e9s\u00e9hez seg\u00edts\u00e9get adunk a beiratkoz\u00e1si f\u00e9l\u00e9v elej\u00e9n. Tanulm\u00e1nyaikat 2025. szeptember\u00e9ben kezd\u0151k sz\u00e1m\u00e1ra: <a href=\"https:\/\/semmelweis.hu\/mental\/files\/2025\/10\/IV_3_Kurzushalo-4_3-program-2025-osz_2027-osz.docx\">Kurzush\u00e1l\u00f3 a 2025-2027-es \u00e9vfolyam sz\u00e1m\u00e1ra<\/a> Tanulm\u00e1nyaikat 2024. szeptember\u00e9ben &hellip;<\/p>\n","protected":false},"author":101614,"featured_media":0,"parent":14,"menu_order":3,"comment_status":"closed","ping_status":"closed","template":"","meta":{"_acf_changed":false,"footnotes":""},"categories":[],"tags":[],"class_list":["post-94","page","type-page","status-publish","hentry"],"acf":[],"_links":{"self":[{"href":"https:\/\/semmelweis.hu\/mental\/wp-json\/wp\/v2\/pages\/94","targetHints":{"allow":["GET"]}}],"collection":[{"href":"https:\/\/semmelweis.hu\/mental\/wp-json\/wp\/v2\/pages"}],"about":[{"href":"https:\/\/semmelweis.hu\/mental\/wp-json\/wp\/v2\/types\/page"}],"author":[{"embeddable":true,"href":"https:\/\/semmelweis.hu\/mental\/wp-json\/wp\/v2\/users\/101614"}],"replies":[{"embeddable":true,"href":"https:\/\/semmelweis.hu\/mental\/wp-json\/wp\/v2\/comments?post=94"}],"version-history":[{"count":12,"href":"https:\/\/semmelweis.hu\/mental\/wp-json\/wp\/v2\/pages\/94\/revisions"}],"predecessor-version":[{"id":9224,"href":"https:\/\/semmelweis.hu\/mental\/wp-json\/wp\/v2\/pages\/94\/revisions\/9224"}],"up":[{"embeddable":true,"href":"https:\/\/semmelweis.hu\/mental\/wp-json\/wp\/v2\/pages\/14"}],"wp:attachment":[{"href":"https:\/\/semmelweis.hu\/mental\/wp-json\/wp\/v2\/media?parent=94"}],"wp:term":[{"taxonomy":"category","embeddable":true,"href":"https:\/\/semmelweis.hu\/mental\/wp-json\/wp\/v2\/categories?post=94"},{"taxonomy":"post_tag","embeddable":true,"href":"https:\/\/semmelweis.hu\/mental\/wp-json\/wp\/v2\/tags?post=94"}],"curies":[{"name":"wp","href":"https:\/\/api.w.org\/{rel}","templated":true}]}}