{"id":93,"date":"2018-06-08T00:00:00","date_gmt":"2018-06-07T22:00:00","guid":{"rendered":"http:\/\/semmelweis.hu\/mental\/jelentkezes\/"},"modified":"2025-01-23T16:32:56","modified_gmt":"2025-01-23T15:32:56","slug":"jelentkezes","status":"publish","type":"page","link":"https:\/\/semmelweis.hu\/mental\/doktori-kepzes\/jelentkezes\/","title":{"rendered":"Jelentkez\u00e9s"},"content":{"rendered":"<p><em><span style=\"color: #000080\"><span style=\"font-size: 14pt\">Kedves PhD K\u00e9pz\u00e9s ir\u00e1nt \u00e9rdekl\u0151d\u0151 hallgat\u00f3k, koll\u00e9g\u00e1k!<\/span><\/span><\/em><\/p>\n<p><em><span style=\"color: #000080\"><span style=\"font-size: 14pt\">Szeretettel h\u00edvjuk meg \u00d6n\u00f6ket a Semmelweis Egyetem Doktori Iskola Interdiszciplin\u00e1ris t\u00e1rsadalomtudom\u00e1nyok doktori programj\u00e1nak t\u00e1j\u00e9koztat\u00f3j\u00e1ra, az \u00fan. <strong>Doktori Sv\u00e9dasztal<\/strong> elnevez\u00e9s\u0171 tal\u00e1lkoz\u00f3ra <strong>2025. m\u00e1rcius 20-\u00e1n 16.00-18.00-ig, a Nagyv\u00e1rad t\u00e9ri Elm\u00e9leti T\u00f6mb fszt 81. term\u00e9be.<\/strong>\u00a0<\/span><span style=\"font-size: 14pt\">A t\u00e1j\u00e9koztat\u00f3n bemutat\u00e1sra ker\u00fcl a doktori program k\u00e9pz\u00e9si terve, a jelentkez\u00e9s felt\u00e9telei, valamint bemutatkozik n\u00e9h\u00e1ny t\u00e9mavezet\u0151 is.<\/span><\/span><\/em><\/p>\n<p><em><span style=\"color: #000080\"><span style=\"font-size: 14pt\">K\u00e9rj\u00fck, hogy az alapinform\u00e1ci\u00f3kr\u00f3l t\u00e1j\u00e9koz\u00f3djanak a tal\u00e1lkoz\u00f3 el\u0151tt, \u00e9s hozz\u00e1k el k\u00e9rd\u00e9seiket, dilemm\u00e1ikat. (<\/span><span style=\"font-size: 14pt\"><a href=\"https:\/\/semmelweis.hu\/phd\/\">https:\/\/semmelweis.hu\/phd\/<\/a>)<\/span><\/span><\/em><\/p>\n<p><em><span style=\"font-size: 14pt;color: #000080\">K\u00e9rj\u00fck, hogy r\u00e9szv\u00e9teli sz\u00e1nd\u00e9kukat jelezz\u00e9k az al\u00e1bbi r\u00f6vid k\u00e9rd\u0151\u00edvben:\u00a0<\/span><\/em><\/p>\n<p><em><span style=\"color: #000080\"><a href=\"https:\/\/docs.google.com\/forms\/d\/e\/1FAIpQLSe6khZ8laTuKfSNWLJIhe08pzwfamo9Yw2GDBYex1C8QFLOZg\/viewform?usp=sharing\"><span style=\"font-size: 14pt\">https:\/\/docs.google.com\/forms\/d\/e\/1FAIpQLSe6khZ8laTuKfSNWLJIhe08pzwfamo9Yw2GDBYex1C8QFLOZg\/viewform?usp=sharing<\/span><\/a><\/span><\/em><\/p>\n<p><em><span style=\"font-size: 14pt;color: #000080\">Minden \u00e9rdekl\u0151d\u0151t szeretettel v\u00e1runk!<\/span><\/em><\/p>\n<p><em><span style=\"font-size: 14pt;color: #000080\">A doktori program t\u00e9mavezet\u0151inek \u00e9s oktat\u00f3inak nev\u00e9ben,<\/span><\/em><\/p>\n<p><em><span style=\"font-size: 14pt;color: #000080\">Dr. Pethesn\u00e9 D\u00e1vid Be\u00e1ta, int\u00e9zetigazgat\u00f3, a doktori program vezet\u0151je \u00e9s\u00a0<\/span><span style=\"font-size: 14pt;color: #000080\">Dr. Danis Ildik\u00f3, tudom\u00e1nyos f\u0151munkat\u00e1rs, a doktori program titk\u00e1ra<\/span><\/em><\/p>\n<p>______________________________________________<\/p>\n<p><strong>A doktori k\u00e9pz\u00e9s programunkon minden tan\u00e9v elej\u00e9n (szeptember h\u00f3napban) kezdhet\u0151 meg. Keresztf\u00e9l\u00e9vben a program nem hirdet felv\u00e9telt. <\/strong><strong>A felv\u00e9teli elj\u00e1r\u00e1sra minden \u00e9vben m\u00e1jus-j\u00fanius folyam\u00e1n ker\u00fcl sor. <\/strong><\/p>\n<p>Amennyiben doktori k\u00e9pz\u00e9s\u00fcnk felkeltette \u00e9rdekl\u0151d\u00e9s\u00e9t, javasoljuk, hogy ezt r\u00f6vid emailben min\u00e9l hamarabb jelezze int\u00e9zet\u00fcnknek. <span style=\"font-size: 1rem\">\u00c9rdekl\u0151d\u00e9s\u00e9t, jelentkez\u00e9ssel kapcsolatos terveit &#8211; ami nem jelent semmilyen k\u00f6telezetts\u00e9get &#8211; \u00e9vk\u00f6zben is b\u00e1rmikor jelezheti a doktori program titk\u00e1r\u00e1n\u00e1l, Dr. Danis Ildik\u00f3n\u00e1l (<\/span><span id=\"cloak55134\" style=\"font-size: 1rem\"><a href=\"mailto:danis.ildiko@public.semmelweis-univ.hu\">danis.ildiko@semmelweis.hu<\/a><\/span><span style=\"font-size: 1rem\">).<\/span><\/p>\n<p>Ide\u00e1lis esetben a kapcsolatfelv\u00e9tel az Int\u00e9zettel m\u00e1r a felv\u00e9teli jelentkez\u00e9s el\u0151tt t\u00f6bb h\u00f3nappal megt\u00f6rt\u00e9nik. <strong style=\"font-size: 1rem\">Programunkra \u00fagy v\u00e1rjuk jelentkez\u00e9s\u00fcket, hogy m\u00e1r el\u0151zetesen egyeztettek <a href=\"https:\/\/semmelweis.hu\/mental\/doktori-kepzes\/temavezetok-temak\/\">t\u00e9mavezet\u0151inkkel<\/a> a t\u00e9ma befogad\u00e1s\u00e1r\u00f3l. <\/strong>E<span style=\"font-size: 1rem\">zut\u00e1n ker\u00fclhet sor a t\u00e9materv kidolgoz\u00e1s\u00e1ra, finom\u00edt\u00e1s\u00e1ra, a vonatkoz\u00f3 szakirodalom olvas\u00e1s\u00e1ra, \u00edgy a felv\u00e9teli idej\u00e9re konkr\u00e9t form\u00e1t \u00f6lthet a jelentkez\u0151 hallgat\u00f3 elk\u00e9pzel\u00e9se a kutat\u00e1si ter\u00fcletre vonatkoz\u00f3an. <\/span><strong style=\"font-size: 1rem\">Tapasztalatunk szerint nagyban seg\u00edti a felv\u00e9teli sikeress\u00e9g\u00e9t, ha a jelentkez\u0151 hallgat\u00f3\u00a0<\/strong><strong style=\"font-size: 1rem\">el\u0151zetesen\u00a0<\/strong><strong style=\"font-size: 1rem\">egyezteti a\u00a0<\/strong><strong style=\"font-size: 1rem\">kutat\u00e1si t\u00e9materv\u00e9t is\u00a0<\/strong><strong style=\"font-size: 1rem\">leend\u0151, v\u00e1lasztott t\u00e9mavezet\u0151j\u00e9vel.<\/strong><\/p>\n<p>A jelentkez\u00e9si felh\u00edv\u00e1st \u00e9s hat\u00e1ridej\u00e9t minden \u00e9vben a <a href=\"http:\/\/www.phd.sote.hu\/\" target=\"_blank\" rel=\"noopener noreferrer\">Doktori Iskola honlapj\u00e1n<\/a> teszik k\u00f6zz\u00e9, \u00e1ltal\u00e1ban \u00e1prilis folyam\u00e1n. A jelentkez\u00e9si hat\u00e1rid\u0151 \u00e1ltal\u00e1ban m\u00e1jusban van. A felv\u00e9telire a <a href=\"https:\/\/semmelweis.hu\/phd\/felveteli\/\">Doktori Iskola jelentkez\u00e9si oldal\u00e1n<\/a> kell jelentkezni (az oldalon tal\u00e1lhat\u00f3 elektronikus p\u00e1ly\u00e1zati fel\u00fcletet csak felv\u00e9teli elj\u00e1r\u00e1s id\u0151szak\u00e1ban hozz\u00e1f\u00e9rhet\u0151).<\/p>\n<p><span style=\"font-size: 1rem\">A felv\u00e9teli v\u00e1rhat\u00f3 id\u0151pontja j\u00faniusban lesz, egy megadott napon (p\u00f3tfelv\u00e9teli nap nem k\u00e9rv\u00e9nyezhet\u0151). K\u00e9rj\u00fck, k\u00f6vess\u00e9k figyelemmel a programunk \u00e9s a Doktori Iskola\u00a0honlapjait.<\/span><\/p>\n<p>Programunk 2024-es t\u00e1j\u00e9koztat\u00f3ja <strong><a href=\"https:\/\/semmelweis.hu\/mental\/files\/2024\/02\/SE-Mentalhigiene-Intezet_tajekoztatas_-PhD-erdeklodoknek_2024.pdf\">itt t\u00f6lthet\u0151 le<\/a>.<\/strong><\/p>\n<p>A jelentkez\u00e9s felt\u00e9teleir\u0151l, a felv\u00e9teli r\u00e9szleteir\u0151l\u00a0<a href=\"https:\/\/semmelweis.hu\/phd\/felveteli\/\"><strong>itt olvashat. <\/strong><\/a><\/p>\n<p>El\u0151zetes \u00e9rdekl\u0151d\u00e9s\u00e9t a doktori program titk\u00e1r\u00e1n\u00e1l, Dr. Danis Ildik\u00f3n\u00e1l\u00a0 (<span id=\"cloak55134\"><a href=\"mailto:danis.ildiko@public.semmelweis-univ.hu\">danis.ildiko@semmelweis.hu<\/a><\/span>) jelezheti!<\/p>\n<hr \/>\n<p>A Semmelweis Egyetemen lehet\u0151s\u00e9g van Transzl\u00e1ci\u00f3s Medicina PhD k\u00e9pz\u00e9si programba jelentkezni.<\/p>\n<p>Transzl\u00e1ci\u00f3s Medicina PhD k\u00e9pz\u00e9si programr\u00f3l tov\u00e1bbi inform\u00e1ci\u00f3t itt tal\u00e1l:<\/p>\n<p>T\u00e1j\u00e9koztat\u00f3 webinar az al\u00e1bbi linken: <a href=\"https:\/\/youtu.be\/mH-lVlTcbrw\">https:\/\/youtu.be\/mH-lVlTcbrw<\/a><\/p>\n<p>\u00a0A jelentkez\u00e9si folyamatr\u00f3l:<\/p>\n<ol>\n<li>El\u0151zetes regisztr\u00e1ci\u00f3 a honlapunkon:\u00a0<a href=\"https:\/\/tm-centre.org\/en\/form\/phd-program-application\">https:\/\/tm-centre.org\/en\/form\/phd-program-application<\/a><\/li>\n<li>Egy vezet\u0151nk ezut\u00e1n keresni fogja a megadott el\u00e9rhet\u0151s\u00e9geken<\/li>\n<li>T\u00f6ltse ki a v\u00e9gleges jelentkez\u00e9si lapot az egyetem honlapj\u00e1n, amelyet az el\u0151zetes regisztr\u00e1ci\u00f3 ut\u00e1n kap meg. A beny\u00fajt\u00e1si hat\u00e1rid\u0151 m\u00e1jus 31.<\/li>\n<\/ol>\n<p>&nbsp;<\/p>\n<p>Tov\u00e1bbi r\u00e9szletek\u00e9rt k\u00e9rj\u00fck, l\u00e1togasson el a\u00a0<a href=\"https:\/\/tm-centre.org\/en\/node\/793\">https:\/\/tm-centre.org\/en\/node\/793<\/a>\u00a0weboldalra.<\/p>\n<p>&nbsp;<\/p>\n","protected":false},"excerpt":{"rendered":"<p>Kedves PhD K\u00e9pz\u00e9s ir\u00e1nt \u00e9rdekl\u0151d\u0151 hallgat\u00f3k, koll\u00e9g\u00e1k! Szeretettel h\u00edvjuk meg \u00d6n\u00f6ket a Semmelweis Egyetem Doktori Iskola Interdiszciplin\u00e1ris t\u00e1rsadalomtudom\u00e1nyok doktori programj\u00e1nak t\u00e1j\u00e9koztat\u00f3j\u00e1ra, az \u00fan. Doktori Sv\u00e9dasztal elnevez\u00e9s\u0171 tal\u00e1lkoz\u00f3ra 2025. m\u00e1rcius 20-\u00e1n 16.00-18.00-ig, a Nagyv\u00e1rad t\u00e9ri Elm\u00e9leti T\u00f6mb fszt 81. term\u00e9be.\u00a0A t\u00e1j\u00e9koztat\u00f3n bemutat\u00e1sra ker\u00fcl a doktori program k\u00e9pz\u00e9si terve, a jelentkez\u00e9s felt\u00e9telei, valamint bemutatkozik n\u00e9h\u00e1ny t\u00e9mavezet\u0151 is. &hellip;<\/p>\n","protected":false},"author":101790,"featured_media":0,"parent":14,"menu_order":2,"comment_status":"closed","ping_status":"closed","template":"","meta":{"_acf_changed":false,"footnotes":""},"categories":[],"tags":[],"class_list":["post-93","page","type-page","status-publish","hentry"],"acf":[],"_links":{"self":[{"href":"https:\/\/semmelweis.hu\/mental\/wp-json\/wp\/v2\/pages\/93","targetHints":{"allow":["GET"]}}],"collection":[{"href":"https:\/\/semmelweis.hu\/mental\/wp-json\/wp\/v2\/pages"}],"about":[{"href":"https:\/\/semmelweis.hu\/mental\/wp-json\/wp\/v2\/types\/page"}],"author":[{"embeddable":true,"href":"https:\/\/semmelweis.hu\/mental\/wp-json\/wp\/v2\/users\/101790"}],"replies":[{"embeddable":true,"href":"https:\/\/semmelweis.hu\/mental\/wp-json\/wp\/v2\/comments?post=93"}],"version-history":[{"count":11,"href":"https:\/\/semmelweis.hu\/mental\/wp-json\/wp\/v2\/pages\/93\/revisions"}],"predecessor-version":[{"id":7734,"href":"https:\/\/semmelweis.hu\/mental\/wp-json\/wp\/v2\/pages\/93\/revisions\/7734"}],"up":[{"embeddable":true,"href":"https:\/\/semmelweis.hu\/mental\/wp-json\/wp\/v2\/pages\/14"}],"wp:attachment":[{"href":"https:\/\/semmelweis.hu\/mental\/wp-json\/wp\/v2\/media?parent=93"}],"wp:term":[{"taxonomy":"category","embeddable":true,"href":"https:\/\/semmelweis.hu\/mental\/wp-json\/wp\/v2\/categories?post=93"},{"taxonomy":"post_tag","embeddable":true,"href":"https:\/\/semmelweis.hu\/mental\/wp-json\/wp\/v2\/tags?post=93"}],"curies":[{"name":"wp","href":"https:\/\/api.w.org\/{rel}","templated":true}]}}