{"id":92,"date":"2018-06-08T00:00:00","date_gmt":"2018-06-07T22:00:00","guid":{"rendered":"http:\/\/semmelweis.hu\/mental\/temavezetok-temak\/"},"modified":"2026-01-20T15:02:45","modified_gmt":"2026-01-20T14:02:45","slug":"temavezetok-temak","status":"publish","type":"page","link":"https:\/\/semmelweis.hu\/mental\/doktori-kepzes\/temavezetok-temak\/","title":{"rendered":"T\u00e9mavezet\u0151k, t\u00e9m\u00e1k"},"content":{"rendered":"<p>Doktori programunkban m\u00e1r a jelentkez\u00e9s felt\u00e9tele a felv\u00e9teliz\u0151 doktorandusz jel\u00f6lt \u00e9s egy v\u00e1lasztott t\u00e9mavezet\u0151 egy\u00fcttm\u0171k\u00f6d\u00e9se, a v\u00e1lasztott t\u00e9ma egyeztet\u00e9se, a t\u00e9materv elk\u00e9sz\u00edt\u00e9sekor a t\u00e9mavezet\u0151 j\u00f3v\u00e1hagy\u00e1sa.\u00a0 K\u00e9rj\u00fck, hogy t\u00e9majavaslataikkal keress\u00e9k meg t\u00e9mavezet\u0151inket!\u00a0<\/p>\n<p>A t\u00e9maki\u00edr\u00e1sok,<span style=\"font-size: 1rem\">\u00a0<\/span><span style=\"font-size: 1rem\">illetve a t\u00e9mavezet\u0151kr\u0151l egy\u00e9b hasznos inform\u00e1ci\u00f3k<\/span><span style=\"font-size: 1rem\">\u00a0megtekinthet\u0151k\u00a0<\/span><span style=\"font-size: 1rem\">a <a href=\"http:\/\/www.doktori.hu\">doktori.hu<\/a> honlapon, \u00e9s <\/span><span style=\"font-size: 1rem\">a<\/span><span style=\"font-size: 1rem\"> t\u00e9m\u00e1k c\u00edm\u00e9re kattintva.<\/span><\/p>\n<ul>\n<li>ALBERT FRUZSINA:\u00a0<a href=\"https:\/\/doktori.hu\/index.php?menuid=195&amp;lang=HU&amp;tk_ID=154711\">Az emberi kapcsolatok \u00e9s a testi-lelki eg\u00e9szs\u00e9g vizsg\u00e1lata szociol\u00f3gia szempontb\u00f3l<\/a><\/li>\n<li>BARANYI GERG\u0150: <a href=\"https:\/\/doktori.hu\/doktori-kepzes\/temakiirasok\/287191\/\" target=\"_blank\" rel=\"noopener\">A l\u00e9gszennyez\u00e9s \u00e9s m\u00e1s k\u00f6rnyezeti faktorok hat\u00e1sa a kora gyermekkori fejl\u0151d\u00e9sre<\/a><\/li>\n<li>BARANYI GERG\u0150: <a href=\"https:\/\/doktori.hu\/doktori-kepzes\/temakiirasok\/287192\/\" target=\"_blank\" rel=\"noopener\">Kereskedelmi eg\u00e9szs\u00e9gdetermin\u00e1nsok: a Nemzeti Doh\u00e1nyboltok ter\u00fcleti megoszl\u00e1sa \u00e9s az eg\u00e9szs\u00e9g kapcsolata<\/a><\/li>\n<li>B\u00d3N\u00c9 VERONIKA: <a href=\"https:\/\/doktori.hu\/doktori-kepzes\/temakiirasok\/280325\/\" target=\"_blank\" rel=\"noopener\">A gyermekv\u00e1llal\u00e1s \u00e9s lelki eg\u00e9szs\u00e9g \u00f6sszef\u00fcgg\u00e9sei, a gyermekv\u00e1llal\u00e1s t\u00e1rsadalmi kontextusa<\/a><\/li>\n<li>DANIS ILDIK\u00d3: <a href=\"https:\/\/doktori.hu\/index.php?menuid=195&amp;lang=HU&amp;tk_ID=203836\">A korai tapasztalatok, a sz\u00fcl\u0151s\u00e9g\/nevel\u00e9s \u00e9s a csal\u00e1di kapcsolatok hat\u00e1sa a kora gyermekkori \u00e9s a k\u00e9s\u0151bbi \u00e9let\u00fati fejl\u0151d\u00e9sre \u00e9s lelki eg\u00e9szs\u00e9gre<\/a><\/li>\n<li>DR. PETHESN\u00c9 D\u00c1VID BE\u00c1TA:\u00a0<a href=\"http:\/\/www.doktori.hu\/index.php?menuid=195&amp;tk_ID=51531%20%20\" target=\"_blank\" rel=\"noopener noreferrer\">Ment\u00e1lhigi\u00e9n\u00e9 \u00e9s t\u00e1rsadalmi t\u0151ke: egy\u00e9n, csal\u00e1d \u00e9s k\u00f6z\u00f6ss\u00e9g er\u0151forr\u00e1sainak kapcsolath\u00e1l\u00f3zati megk\u00f6zel\u00edt\u00e9se<\/a><\/li>\n<li>GA\u00c1L P\u00c9TER:\u00a0<a href=\"http:\/\/www.doktori.hu\/index.php?menuid=195&amp;tk_ID=5316\" target=\"_blank\" rel=\"noopener noreferrer\">A t\u00e1rsadalmi t\u0151ke szerepe \u00e9s jelent\u0151s\u00e9ge az eg\u00e9szs\u00e9g\u00fcgyi rendszer m\u0171k\u00f6d\u00e9s\u00e9ben<\/a><\/li>\n<li>HUSZTI \u00c9VA:\u00a0<a href=\"https:\/\/doktori.hu\/index.php?menuid=195&amp;lang=HU&amp;tk_ID=164303\">A t\u00e1rsas kapcsolatok szerepe az \u00e9letmin\u0151s\u00e9gben<\/a><\/li>\n<li>JO\u00d3 TAM\u00c1S: <a href=\"https:\/\/doktori.hu\/index.php?menuid=195&amp;lang=HU&amp;tk_ID=229281\" target=\"_blank\" rel=\"noopener\">Digit\u00e1lis eg\u00e9szs\u00e9g\u00fcgyi \u00e9s adatvez\u00e9relt megold\u00e1sok a 21. sz\u00e1zadban<\/a><\/li>\n<li>JO\u00d3B M\u00c1T\u00c9: <a href=\"https:\/\/doktori.hu\/doktori-kepzes\/temakiirasok\/280329\/\">A vall\u00e1soss\u00e1g \u00e9s a megbocs\u00e1t\u00e1s \u00f6sszef\u00fcgg\u00e9sei, a megbocs\u00e1t\u00e1s mint proszoci\u00e1lis v\u00e1ltoz\u00e1s vizsg\u00e1lata<\/a><\/li>\n<li>L\u00c1M JUDIT: <a href=\"https:\/\/doktori.hu\/index.php?menuid=195&amp;lang=HU&amp;tk_ID=197770\">Betegbiztons\u00e1g eg\u00e9szs\u00e9g\u00fcgyi \u00e9s t\u00e1rsadalmi \u00f6sszef\u00fcgg\u00e9sei<\/a><\/li>\n<li>LELESZI-TR\u00d3BERT ANETT M\u00c1RIA: <a href=\"https:\/\/doktori.hu\/index.php?menuid=195&amp;lang=HU&amp;tk_ID=263155\" target=\"_blank\" rel=\"noopener\">Az akt\u00edv id\u0151s\u00f6d\u00e9s \u00e9s az id\u0151sgondoz\u00e1s egy\u00e9ni \u00e9s t\u00e1rsadalmi dimenzi\u00f3i<\/a><\/li>\n<li>MARTOS TAM\u00c1S:\u00a0<a href=\"http:\/\/www.doktori.hu\/index.php?menuid=195&amp;tk_ID=51530\" target=\"_blank\" rel=\"noopener noreferrer\">Szem\u00e9lyes c\u00e9lok \u00e9s \u00e9letc\u00e9lok szerepe a pozit\u00edv lelki eg\u00e9szs\u00e9gben: egy\u00e9ni, t\u00e1rsas \u00e9s t\u00e1rsadalmi megk\u00f6zel\u00edt\u00e9sek<\/a><\/li>\n<li>MATUSZKA BAL\u00c1ZS: <a href=\"https:\/\/doktori.hu\/index.php?menuid=195&amp;lang=HU&amp;tk_ID=238049\" target=\"_blank\" rel=\"noopener\">A testi- \u00e9s lelki eg\u00e9szs\u00e9g pszichoszoci\u00e1lis h\u00e1tt\u00e9rt\u00e9nyez\u0151inek t\u00f6bbszint\u0171 vizsg\u00e1lata<\/a><\/li>\n<li>NAGY ENDRE:\u00a0<a href=\"http:\/\/www.doktori.hu\/index.php?menuid=195&amp;tk_ID=51534%20%20\" target=\"_blank\" rel=\"noopener noreferrer\">Szoci\u00e1lis \u00e9s vall\u00e1si t\u00e1rsadalomelm\u00e9letek a norm\u00e1lis \u00e9s a patologikus dimenzi\u00f3j\u00e1ban<\/a><\/li>\n<li>PAPP ZSUZSANNA: <a href=\"https:\/\/doktori.hu\/doktori-kepzes\/temakiirasok\/280324\/\">A kr\u00f3nikus betegs\u00e9ggel \u00e9l\u0151 gyermekek, fiatalok \u00e9s csal\u00e1djaik pszichoszoci\u00e1lis j\u00f3ll\u00e9t\u00e9nek vizsg\u00e1lata<\/a><\/li>\n<li>P\u00c9NZES MELINDA: <a href=\"https:\/\/doktori.hu\/index.php?menuid=195&amp;lang=HU&amp;tk_ID=226523\" target=\"_blank\" rel=\"noopener\">Eg\u00e9szs\u00e9gbiztons\u00e1gi kih\u00edv\u00e1sok a doh\u00e1nyz\u00e1ssal \u00e9s m\u00e1s jelent\u0151s eg\u00e9szs\u00e9gvesztes\u00e9get okoz\u00f3 viselked\u00e9si kock\u00e1zati t\u00e9nyez\u0151kkel, valamint az eg\u00e9szs\u00e9g\u00fcgyi kiberbiztons\u00e1ggal kapcsolatban<\/a><\/li>\n<li>PILINSZKI ATTILA:\u00a0 <a href=\"https:\/\/doktori.hu\/index.php?menuid=195&amp;lang=HU&amp;tk_ID=190216\">Csal\u00e1di j\u00f3ll\u00e9t a 21. sz\u00e1zadban<\/a><\/li>\n<li>POLLNER P\u00c9TER: <a href=\"https:\/\/doktori.hu\/index.php?menuid=195&amp;lang=HU&amp;tk_ID=229279\" target=\"_blank\" rel=\"noopener\">Adat-alap\u00fa betegs\u00e9g-teher vizsg\u00e1latok<\/a><\/li>\n<li>PUSZTAI GABRIELLA:\u00a0<a href=\"http:\/\/www.doktori.hu\/index.php?menuid=195&amp;tk_ID=113945\" target=\"_blank\" rel=\"noopener noreferrer\">A t\u00e1rsadalmi t\u0151ke koncepci\u00f3 elm\u00e9leti \u00e9s empirikus alkalmaz\u00e1sa a vall\u00e1soss\u00e1g ment\u00e9n szervez\u0151d\u0151 k\u00f6z\u00f6ss\u00e9gek kutat\u00e1s\u00e1ban<\/a><\/li>\n<li>SZ\u00d3CSKA MIKL\u00d3S:\u00a0<a href=\"https:\/\/doktori.hu\/index.php?menuid=195&amp;lang=HU&amp;tk_ID=197984\">Elektronikus eg\u00e9szs\u00e9g\u00fcgyi megold\u00e1sok hat\u00e1sa az eg\u00e9szs\u00e9g\u00fcgyi ell\u00e1t\u00e1sra, valamint az eg\u00e9szs\u00e9g\u00fcgyi dolgoz\u00f3k hi\u00e1ny\u00e1ra vonatkoz\u00f3an<\/a><\/li>\n<li>SZT\u00c1RAY K\u00c9ZDY \u00c9VA: <a href=\"https:\/\/doktori.hu\/index.php?menuid=195&amp;lang=HU&amp;tk_ID=264168\" target=\"_blank\" rel=\"noopener\">V\u00e1ltoz\u00f3 sz\u00fcl\u0151i szerepek a mai Magyarorsz\u00e1gon<\/a><\/li>\n<li>T\u00d6R\u00d6K SZABOLCS:\u00a0<a href=\"http:\/\/www.doktori.hu\/index.php?menuid=195&amp;tk_ID=51533%20%20\" target=\"_blank\" rel=\"noopener noreferrer\">A prevent\u00edv szeml\u00e9let\u0171 eg\u00e9szs\u00e9gv\u00e9delem ment\u00e1lhigi\u00e9n\u00e9s \u00e9s t\u00e1rsadalmi vonatkoz\u00e1sai<\/a><\/li>\n<li>T\u00d3TH P\u00c1L P\u00c9TER:\u00a0<a href=\"http:\/\/www.doktori.hu\/index.php?menuid=195&amp;tk_ID=64808\" target=\"_blank\" rel=\"noopener noreferrer\">A migr\u00e1ci\u00f3, k\u00fcl\u00f6n\u00f6sen a m\u00e1s orsz\u00e1gba k\u00f6lt\u00f6z\u00e9s hat\u00e1sa a szem\u00e9lyes \u00e9letvitelre, az emberi kapcsolatokra \u00e9s a szubjekt\u00edv j\u00f3ll\u00e9tre<\/a><\/li>\n<li>T\u00daRI IBOLYA: <a href=\"https:\/\/doktori.hu\/doktori-kepzes\/temakiirasok\/280322\/\">Fogyat\u00e9koss\u00e1ggal \u00e9l\u0151 szem\u00e9lyek j\u00f3ll\u00e9t\u00e9nek \u00e9s \u00e9letmin\u0151s\u00e9g\u00e9nek egy\u00e9ni, k\u00f6z\u00f6ss\u00e9gi \u00e9s t\u00e1rsadalmi meghat\u00e1roz\u00f3i<\/a><\/li>\n<\/ul>\n","protected":false},"excerpt":{"rendered":"<p>Doktori programunkban m\u00e1r a jelentkez\u00e9s felt\u00e9tele a felv\u00e9teliz\u0151 doktorandusz jel\u00f6lt \u00e9s egy v\u00e1lasztott t\u00e9mavezet\u0151 egy\u00fcttm\u0171k\u00f6d\u00e9se, a v\u00e1lasztott t\u00e9ma egyeztet\u00e9se, a t\u00e9materv elk\u00e9sz\u00edt\u00e9sekor a t\u00e9mavezet\u0151 j\u00f3v\u00e1hagy\u00e1sa.\u00a0 K\u00e9rj\u00fck, hogy t\u00e9majavaslataikkal keress\u00e9k meg t\u00e9mavezet\u0151inket!\u00a0 A t\u00e9maki\u00edr\u00e1sok,\u00a0illetve a t\u00e9mavezet\u0151kr\u0151l egy\u00e9b hasznos inform\u00e1ci\u00f3k\u00a0megtekinthet\u0151k\u00a0a <a href=\"http:\/\/www.doktori.hu\">doktori.hu<\/a> honlapon, \u00e9s a t\u00e9m\u00e1k c\u00edm\u00e9re kattintva. ALBERT FRUZSINA:\u00a0 <a href=\"https:\/\/doktori.hu\/index.php?menuid=195&amp;lang=HU&amp;tk_ID=154711\">Az emberi kapcsolatok \u00e9s a testi-lelki eg\u00e9szs\u00e9g vizsg\u00e1lata szociol\u00f3gia szempontb\u00f3l<\/a> BARANYI GERG\u0150: <a href=\"https:\/\/doktori.hu\/doktori-kepzes\/temakiirasok\/287191\/\" target=\"_blank\" rel=\"noopener\">A l\u00e9gszennyez\u00e9s \u00e9s m\u00e1s k\u00f6rnyezeti faktorok hat\u00e1sa a kora gyermekkori fejl\u0151d\u00e9sre<\/a> BARANYI GERG\u0150: <a href=\"https:\/\/doktori.hu\/doktori-kepzes\/temakiirasok\/287192\/\" target=\"_blank\" rel=\"noopener\">Kereskedelmi eg\u00e9szs\u00e9gdetermin\u00e1nsok: a Nemzeti Doh\u00e1nyboltok ter\u00fcleti megoszl\u00e1sa \u00e9s az eg\u00e9szs\u00e9g kapcsolata<\/a> B\u00d3N\u00c9 VERONIKA: <a href=\"https:\/\/doktori.hu\/doktori-kepzes\/temakiirasok\/280325\/\" target=\"_blank\" rel=\"noopener\">A gyermekv\u00e1llal\u00e1s \u00e9s lelki eg\u00e9szs\u00e9g \u00f6sszef\u00fcgg\u00e9sei, a gyermekv\u00e1llal\u00e1s t\u00e1rsadalmi kontextusa<\/a> DANIS ILDIK\u00d3: <a href=\"https:\/\/doktori.hu\/index.php?menuid=195&amp;lang=HU&amp;tk_ID=203836\">A korai tapasztalatok, a sz\u00fcl\u0151s\u00e9g\/nevel\u00e9s \u00e9s a csal\u00e1di kapcsolatok hat\u00e1sa a kora gyermekkori \u00e9s a k\u00e9s\u0151bbi \u00e9let\u00fati fejl\u0151d\u00e9sre \u00e9s lelki eg\u00e9szs\u00e9gre<\/a> DR. &hellip;<\/p>\n","protected":false},"author":101614,"featured_media":0,"parent":14,"menu_order":1,"comment_status":"closed","ping_status":"closed","template":"","meta":{"_acf_changed":false,"footnotes":""},"categories":[],"tags":[],"class_list":["post-92","page","type-page","status-publish","hentry"],"acf":[],"_links":{"self":[{"href":"https:\/\/semmelweis.hu\/mental\/wp-json\/wp\/v2\/pages\/92","targetHints":{"allow":["GET"]}}],"collection":[{"href":"https:\/\/semmelweis.hu\/mental\/wp-json\/wp\/v2\/pages"}],"about":[{"href":"https:\/\/semmelweis.hu\/mental\/wp-json\/wp\/v2\/types\/page"}],"author":[{"embeddable":true,"href":"https:\/\/semmelweis.hu\/mental\/wp-json\/wp\/v2\/users\/101614"}],"replies":[{"embeddable":true,"href":"https:\/\/semmelweis.hu\/mental\/wp-json\/wp\/v2\/comments?post=92"}],"version-history":[{"count":11,"href":"https:\/\/semmelweis.hu\/mental\/wp-json\/wp\/v2\/pages\/92\/revisions"}],"predecessor-version":[{"id":8747,"href":"https:\/\/semmelweis.hu\/mental\/wp-json\/wp\/v2\/pages\/92\/revisions\/8747"}],"up":[{"embeddable":true,"href":"https:\/\/semmelweis.hu\/mental\/wp-json\/wp\/v2\/pages\/14"}],"wp:attachment":[{"href":"https:\/\/semmelweis.hu\/mental\/wp-json\/wp\/v2\/media?parent=92"}],"wp:term":[{"taxonomy":"category","embeddable":true,"href":"https:\/\/semmelweis.hu\/mental\/wp-json\/wp\/v2\/categories?post=92"},{"taxonomy":"post_tag","embeddable":true,"href":"https:\/\/semmelweis.hu\/mental\/wp-json\/wp\/v2\/tags?post=92"}],"curies":[{"name":"wp","href":"https:\/\/api.w.org\/{rel}","templated":true}]}}