{"id":9195,"date":"2026-04-01T17:24:21","date_gmt":"2026-04-01T15:24:21","guid":{"rendered":"https:\/\/semmelweis.hu\/mental\/?page_id=9195"},"modified":"2026-04-01T17:41:05","modified_gmt":"2026-04-01T15:41:05","slug":"phd-dla-hallgatok-jollete-es-doktoranduszi-tapasztalatai-magyarorszagon","status":"publish","type":"page","link":"https:\/\/semmelweis.hu\/mental\/kutatas-fejlesztes\/aktualis-kutatasok\/phd-dla-hallgatok-jollete-es-doktoranduszi-tapasztalatai-magyarorszagon\/","title":{"rendered":"PhD\/DLA hallgat\u00f3k j\u00f3ll\u00e9te \u00e9s doktoranduszi tapasztalatai Magyarorsz\u00e1gon"},"content":{"rendered":"<div class=\"lead\"><span data-contrast=\"none\">A projekt f\u0151 c\u00e9lja egy orsz\u00e1gos szint\u0171, valamennyi magyarorsz\u00e1gi PhD\/DLA-hallgat\u00f3ra kiterjed\u0151 j\u00f3ll\u00e9t felm\u00e9r\u00e9s.<\/span><span data-ccp-props=\"{&quot;201341983&quot;:0,&quot;335551550&quot;:6,&quot;335551620&quot;:6,&quot;335559739&quot;:200,&quot;335559740&quot;:276}\">\u00a0<\/span><\/div>\n<div class=\"fontos_div\">\n<p><span style=\"font-size: 12pt\" data-contrast=\"none\">Szeretn\u00e9m kit\u00f6lteni a k\u00e9rd\u0151\u00edvet:<\/span><\/p>\n<p><span style=\"font-size: 12pt\"><a href=\"https:\/\/emk.semmelweis.hu\/mentalsurvey\/index.php\/753973?lang=hu\">https:\/\/emk.semmelweis.hu\/mentalsurvey\/index.php\/753973?lang=hu<\/a><\/span><\/p>\n<\/div>\n<p><b><span data-contrast=\"none\">H\u00e1tt\u00e9r:<\/span><\/b><\/p>\n<p><span data-contrast=\"none\">Az elm\u00falt b\u0151 \u00e9vtized kutat\u00e1sai aggaszt\u00f3 k\u00e9pet v\u00e1zoltak fel a PhD-hallgat\u00f3k ment\u00e1lis eg\u00e9szs\u00e9g\u00e9r\u0151l, \u00e9s a doktori tanulm\u00e1nyok j\u00f3ll\u00e9tre gyakorolt negat\u00edv hat\u00e1s\u00e1r\u00f3l. A vil\u00e1g sz\u00e1mos orsz\u00e1g\u00e1b\u00f3l k\u00f6z\u00f6lt eredm\u00e9nyek tanuls\u00e1ga szerint a doktoranduszok j\u00f3ll\u00e9te sz\u00e1mottev\u0151en elmarad a mesterdiplom\u00e1s t\u00e1rsaik\u00e9t\u00f3l, illetve a t\u00e1rsadalmi \u00e1tlagt\u00f3l. A magyarorsz\u00e1gi PhD-hallgat\u00f3k j\u00f3ll\u00e9t\u00e9r\u0151l \u00e9s doktoranduszi tapasztalatair\u00f3l azonban, tudom\u00e1sunk szerint, mindm\u00e1ig nem rendelkez\u00fcnk \u00e1tfog\u00f3 adatokkal. Kutat\u00e1sunk ezt a f\u00e1jdalmas hi\u00e1nyt k\u00edv\u00e1nja p\u00f3tolni.<\/span><span data-ccp-props=\"{&quot;201341983&quot;:0,&quot;335551550&quot;:6,&quot;335551620&quot;:6,&quot;335559739&quot;:200,&quot;335559740&quot;:276}\">\u00a0<\/span><\/p>\n<p><span data-contrast=\"none\">Kutat\u00e1sunk els\u0151dleges c\u00e9lja, hogy keresztmetszeti k\u00e9pet nyerj\u00fcnk a magyarorsz\u00e1gi PhD- \u00e9s DLA-hallgat\u00f3k j\u00f3ll\u00e9t\u00e9r\u0151l \u00e9s egyes doktoranduszi tapasztalatair\u00f3l. B\u00edzunk abban, hogy vizsg\u00e1latunk lehet\u0151s\u00e9get ad a doktoranduszok hazai helyzet\u00e9nek alaposabb megismer\u00e9s\u00e9re, valamint tudom\u00e1nyos alapot szolg\u00e1ltat tov\u00e1bbi kutat\u00e1sok elv\u00e9gz\u00e9s\u00e9hez \u00e9s ak\u00e1r szervezeti, illetve szakter\u00fcleti d\u00f6nt\u00e9sek, v\u00e1ltoztat\u00e1sok m\u00e9rlegel\u00e9s\u00e9hez. A kutat\u00e1s ehhez valamennyi magyarorsz\u00e1gi PhD-hallgat\u00f3t igyekszik megsz\u00f3l\u00edtani, \u00e9s egy \u00f6nk\u00e9ntes \u00f6nbevall\u00e1sos k\u00e9rd\u0151\u00edves felm\u00e9r\u00e9sben val\u00f3 r\u00e9szv\u00e9telre \u00f6szt\u00f6n\u00f6zni. A felm\u00e9r\u00e9s sor\u00e1n alkalmazott m\u00f3dszertan lehet\u0151v\u00e9 teszi az eredm\u00e9nyek \u00f6sszehasonl\u00edt\u00e1s\u00e1t az \u00e1ltal\u00e1nos popul\u00e1ci\u00f3 adataival \u00e9s a nemzetk\u00f6zi szakirodalomban k\u00f6z\u00f6ltekkel.<\/span><span data-ccp-props=\"{&quot;201341983&quot;:0,&quot;335551550&quot;:6,&quot;335551620&quot;:6,&quot;335559739&quot;:200,&quot;335559740&quot;:276}\">\u00a0<\/span><\/p>\n<p><span data-contrast=\"none\">A kutat\u00e1s egy keresztmetszeti elrendez\u00e9s\u0171 egyszeri, online adatfelv\u00e9tel. Eszk\u00f6ze egy \u00f6nkit\u00f6lt\u00e9sen alapul\u00f3 online k\u00e9rd\u0151\u00edv, amely magyar \u00e9s angol nyelven hozz\u00e1f\u00e9rhet\u0151 a hallgat\u00f3k sz\u00e1m\u00e1ra, \u00edgy a Magyarorsz\u00e1gon doktori tanulm\u00e1nyokat folytat\u00f3 k\u00fclf\u00f6ldi hallgat\u00f3k sz\u00e1m\u00e1ra is kit\u00f6lthet\u0151.<\/span><span data-ccp-props=\"{&quot;201341983&quot;:0,&quot;335551550&quot;:6,&quot;335551620&quot;:6,&quot;335559739&quot;:200,&quot;335559740&quot;:276}\">\u00a0<\/span><\/p>\n<div class=\"keretes w-100\">\n<p style=\"text-align: left\"><span data-contrast=\"none\">A kutat\u00e1s a Semmelweis Egyetem\u00a0<\/span><span style=\"font-weight: bolder\"><span data-contrast=\"none\">PhD sikeress\u00e9g \u00e9s j\u00f3ll\u00e9t kutat\u00f3csoportj\u00e1nak<\/span><\/span><span data-contrast=\"none\">\u00a0szervez\u00e9s\u00e9ben a Doktoranduszok Orsz\u00e1gos Sz\u00f6vets\u00e9ge k\u00f6zrem\u0171k\u00f6d\u00e9s\u00e9vel val\u00f3sul meg.<\/span><span data-ccp-props=\"{&quot;201341983&quot;:0,&quot;335551550&quot;:6,&quot;335551620&quot;:6,&quot;335559739&quot;:200,&quot;335559740&quot;:276}\">\u00a0<\/span><\/p>\n<p><span style=\"font-weight: bolder\"><span data-contrast=\"none\">Adatfelv\u00e9teli f\u00e1zis:\u00a0<\/span><\/span><span data-contrast=\"none\">2026. m\u00e1rcius-\u00e1prilis<\/span><\/p>\n<p><span style=\"font-weight: bolder\"><span data-contrast=\"none\">A kutat\u00e1s vezet\u0151je:<\/span><\/span><span data-contrast=\"none\">\u00a0Prof.\u00a0Dr.\u00a0Pethesn\u00e9\u00a0Dr.\u00a0D\u00e1vid Be\u00e1ta<\/span><\/p>\n<p><span style=\"font-weight: bolder\"><span data-contrast=\"none\">A kutat\u00f3csoport tagjai: <\/span><\/span><span style=\"font-size: 1rem\">Dr. Boz\u00f3 Tam\u00e1s,\u00a0<\/span><span style=\"font-size: 1rem\"> Dr. Orosz \u00c1d\u00e1m, <\/span><span style=\"font-size: 1rem\">Papp Zsuzsanna Katalin, PhD<\/span><\/p>\n<p><span data-contrast=\"none\">\u00c9rdekl\u0151dni lehet:\u00a0<\/span><a href=\"mailto:david.bea@semmelweis.hu\"><span data-contrast=\"none\">david.bea@semmelweis.hu<\/span><\/a><\/p>\n<p><span style=\"font-size: 1rem\" data-contrast=\"none\">Szeretn\u00e9m kit\u00f6lteni a k\u00e9rd\u0151\u00edvet:<\/span><\/p>\n<p><a href=\"https:\/\/emk.semmelweis.hu\/mentalsurvey\/index.php\/753973?lang=hu\"><span data-contrast=\"none\">https:\/\/emk.semmelweis.hu\/mentalsurvey\/index.php\/753973?lang=hu<\/span><\/a><span data-ccp-props=\"{&quot;134233117&quot;:false,&quot;134233118&quot;:false,&quot;201341983&quot;:0,&quot;335551550&quot;:6,&quot;335551620&quot;:6,&quot;335559738&quot;:0,&quot;335559739&quot;:160,&quot;335559740&quot;:257}\">\u00a0<\/span><\/p>\n<p><img loading=\"lazy\" decoding=\"async\" class=\"alignnone size-full wp-image-9198\" src=\"https:\/\/semmelweis.hu\/mental\/files\/2026\/04\/qr-kod-magyar.png\" alt=\"\" width=\"128\" height=\"128\" \/><\/p>\n<\/div>\n<p><span data-ccp-props=\"{&quot;201341983&quot;:0,&quot;335551550&quot;:6,&quot;335551620&quot;:6,&quot;335559739&quot;:200,&quot;335559740&quot;:276}\">\u00a0<\/span><\/p>\n","protected":false},"excerpt":{"rendered":"<p>A projekt f\u0151 c\u00e9lja egy orsz\u00e1gos szint\u0171, valamennyi magyarorsz\u00e1gi PhD\/DLA-hallgat\u00f3ra kiterjed\u0151 j\u00f3ll\u00e9t felm\u00e9r\u00e9s.\u00a0 Szeretn\u00e9m kit\u00f6lteni a k\u00e9rd\u0151\u00edvet: <a href=\"https:\/\/emk.semmelweis.hu\/mentalsurvey\/index.php\/753973?lang=hu\">https:\/\/emk.semmelweis.hu\/mentalsurvey\/index.php\/753973?lang=hu<\/a> H\u00e1tt\u00e9r: Az elm\u00falt b\u0151 \u00e9vtized kutat\u00e1sai aggaszt\u00f3 k\u00e9pet v\u00e1zoltak fel a PhD-hallgat\u00f3k ment\u00e1lis eg\u00e9szs\u00e9g\u00e9r\u0151l, \u00e9s a doktori tanulm\u00e1nyok j\u00f3ll\u00e9tre gyakorolt negat\u00edv hat\u00e1s\u00e1r\u00f3l. A vil\u00e1g sz\u00e1mos orsz\u00e1g\u00e1b\u00f3l k\u00f6z\u00f6lt eredm\u00e9nyek tanuls\u00e1ga szerint a doktoranduszok j\u00f3ll\u00e9te sz\u00e1mottev\u0151en elmarad a mesterdiplom\u00e1s t\u00e1rsaik\u00e9t\u00f3l, &hellip;<\/p>\n","protected":false},"author":101898,"featured_media":0,"parent":155,"menu_order":0,"comment_status":"closed","ping_status":"closed","template":"","meta":{"_acf_changed":false,"footnotes":""},"categories":[],"tags":[139,81,77,141,112],"class_list":["post-9195","page","type-page","status-publish","hentry","tag-doktorandusz","tag-jollet","tag-kutatas","tag-phd-hu","tag-wellbeing"],"acf":[],"_links":{"self":[{"href":"https:\/\/semmelweis.hu\/mental\/wp-json\/wp\/v2\/pages\/9195","targetHints":{"allow":["GET"]}}],"collection":[{"href":"https:\/\/semmelweis.hu\/mental\/wp-json\/wp\/v2\/pages"}],"about":[{"href":"https:\/\/semmelweis.hu\/mental\/wp-json\/wp\/v2\/types\/page"}],"author":[{"embeddable":true,"href":"https:\/\/semmelweis.hu\/mental\/wp-json\/wp\/v2\/users\/101898"}],"replies":[{"embeddable":true,"href":"https:\/\/semmelweis.hu\/mental\/wp-json\/wp\/v2\/comments?post=9195"}],"version-history":[{"count":8,"href":"https:\/\/semmelweis.hu\/mental\/wp-json\/wp\/v2\/pages\/9195\/revisions"}],"predecessor-version":[{"id":9218,"href":"https:\/\/semmelweis.hu\/mental\/wp-json\/wp\/v2\/pages\/9195\/revisions\/9218"}],"up":[{"embeddable":true,"href":"https:\/\/semmelweis.hu\/mental\/wp-json\/wp\/v2\/pages\/155"}],"wp:attachment":[{"href":"https:\/\/semmelweis.hu\/mental\/wp-json\/wp\/v2\/media?parent=9195"}],"wp:term":[{"taxonomy":"category","embeddable":true,"href":"https:\/\/semmelweis.hu\/mental\/wp-json\/wp\/v2\/categories?post=9195"},{"taxonomy":"post_tag","embeddable":true,"href":"https:\/\/semmelweis.hu\/mental\/wp-json\/wp\/v2\/tags?post=9195"}],"curies":[{"name":"wp","href":"https:\/\/api.w.org\/{rel}","templated":true}]}}