{"id":90,"date":"2018-06-13T15:53:37","date_gmt":"2018-06-13T13:53:37","guid":{"rendered":"http:\/\/semmelweis.hu\/mental\/?page_id=90"},"modified":"2026-03-02T11:38:59","modified_gmt":"2026-03-02T10:38:59","slug":"kontaktszemelyek","status":"publish","type":"page","link":"https:\/\/semmelweis.hu\/mental\/szakiranyu-kepzesek\/kozossegi-es-csaladi-mediacio\/kontaktszemelyek\/","title":{"rendered":"Kontaktszem\u00e9lyek"},"content":{"rendered":"<p style=\"text-align: justify\"><strong>K\u00f6z\u00f6ss\u00e9gi \u00e9s csal\u00e1di medi\u00e1ci\u00f3 szakir\u00e1ny\u00fa tov\u00e1bbk\u00e9pz\u00e9si szak <\/strong><\/p>\n<p style=\"text-align: justify\"><strong>K\u00e9pz\u00e9ssel kapcsolatos inform\u00e1ci\u00f3k<\/strong><\/p>\n<p><strong>Dr. Pilinszki Attila<\/strong> szakfelel\u0151s, egyetemi docens <br \/>E-mail: <a href=\"mailto:pilinszki.attila@public.semmelweis-univ.hu\" target=\"_blank\" rel=\"noopener\">pilinszki.attila@semmelweis.hu<\/a> <br \/>Tel.: +36 20 663-2392<\/p>\n<hr \/>\n<p><strong>Tov\u00e1bbi inform\u00e1ci\u00f3k a k\u00f6z\u00f6ss\u00e9gi \u00e9s csal\u00e1di medi\u00e1ci\u00f3 szakir\u00e1ny\u00fa tov\u00e1bbk\u00e9pz\u00e9si szakr\u00f3l:<\/strong><\/p>\n<ul class=\"children\" style=\"list-style-type: square\">\n<li class=\"page_item page-item-13\"><strong><a href=\"https:\/\/semmelweis.hu\/mental\/szakiranyu-kepzesek\/kozossegi-es-csaladi-mediacio\/kepzes-bemutatasa-mediacio\/\">K\u00e9pz\u00e9s bemutat\u00e1sa<\/a><\/strong><\/li>\n<li class=\"page_item page-item-89\"><strong><a href=\"https:\/\/semmelweis.hu\/mental\/szakiranyu-kepzesek\/kozossegi-es-csaladi-mediacio\/tanulmanyi-program-mediacio\/\">Tanulm\u00e1nyi program<\/a><\/strong><\/li>\n<li class=\"page_item page-item-91\"><strong><a href=\"https:\/\/semmelweis.hu\/mental\/szakiranyu-kepzesek\/kozossegi-es-csaladi-mediacio\/felvetel-a-kepzesre-mediacio\/\">Felv\u00e9tel a k\u00e9pz\u00e9sre<\/a><\/strong><\/li>\n<li class=\"page_item page-item-3724\"><strong><a href=\"https:\/\/semmelweis.hu\/mental\/szakiranyu-kepzesek\/kozossegi-es-csaladi-mediacio\/aktualis-tajekoztatok-hallgatoknak\/\">AKTU\u00c1LIS T\u00c1J\u00c9KOZTAT\u00d3K, \u00d3RAREND HALLGAT\u00d3KNAK<\/a><\/strong><\/li>\n<\/ul>\n","protected":false},"excerpt":{"rendered":"<p>K\u00f6z\u00f6ss\u00e9gi \u00e9s csal\u00e1di medi\u00e1ci\u00f3 szakir\u00e1ny\u00fa tov\u00e1bbk\u00e9pz\u00e9si szak<br \/>\nK\u00e9pz\u00e9ssel kapcsolatos inform\u00e1ci\u00f3k<br \/>\nDr. Pilinszki Attila szakfelel\u0151s, egyetemi docens E-mail: <a href=\"mailto:pilinszki.attila@public.semmelweis-univ.hu\" target=\"_blank\" rel=\"noopener\">pilinszki.attila@semmelweis.hu<\/a> Tel.: +36 20 663-2392<\/p>\n<p>Tov\u00e1bbi inform\u00e1ci\u00f3k a k\u00f6z\u00f6ss\u00e9gi \u00e9s csal\u00e1di medi\u00e1ci\u00f3 szakir\u00e1ny\u00fa tov\u00e1bbk\u00e9pz\u00e9si szakr\u00f3l:<\/p>\n<p><a href=\"https:\/\/semmelweis.hu\/mental\/szakiranyu-kepzesek\/kozossegi-es-csaladi-mediacio\/kepzes-bemutatasa-mediacio\/\">K\u00e9pz\u00e9s bemutat\u00e1sa<\/a><br \/>\n<a href=\"https:\/\/semmelweis.hu\/mental\/szakiranyu-kepzesek\/kozossegi-es-csaladi-mediacio\/tanulmanyi-program-mediacio\/\">Tanulm\u00e1nyi program<\/a><br \/>\n<a href=\"https:\/\/semmelweis.hu\/mental\/szakiranyu-kepzesek\/kozossegi-es-csaladi-mediacio\/felvetel-a-kepzesre-mediacio\/\">Felv\u00e9tel a k\u00e9pz\u00e9sre<\/a><br \/>\n<a href=\"https:\/\/semmelweis.hu\/mental\/szakiranyu-kepzesek\/kozossegi-es-csaladi-mediacio\/aktualis-tajekoztatok-hallgatoknak\/\">AKTU\u00c1LIS T\u00c1J\u00c9KOZTAT\u00d3K, \u00d3RAREND HALLGAT\u00d3KNAK<\/a><\/p>\n","protected":false},"author":101614,"featured_media":0,"parent":1407,"menu_order":3,"comment_status":"closed","ping_status":"closed","template":"","meta":{"_acf_changed":false,"footnotes":""},"categories":[],"tags":[],"class_list":["post-90","page","type-page","status-publish","hentry"],"acf":[],"_links":{"self":[{"href":"https:\/\/semmelweis.hu\/mental\/wp-json\/wp\/v2\/pages\/90","targetHints":{"allow":["GET"]}}],"collection":[{"href":"https:\/\/semmelweis.hu\/mental\/wp-json\/wp\/v2\/pages"}],"about":[{"href":"https:\/\/semmelweis.hu\/mental\/wp-json\/wp\/v2\/types\/page"}],"author":[{"embeddable":true,"href":"https:\/\/semmelweis.hu\/mental\/wp-json\/wp\/v2\/users\/101614"}],"replies":[{"embeddable":true,"href":"https:\/\/semmelweis.hu\/mental\/wp-json\/wp\/v2\/comments?post=90"}],"version-history":[{"count":10,"href":"https:\/\/semmelweis.hu\/mental\/wp-json\/wp\/v2\/pages\/90\/revisions"}],"predecessor-version":[{"id":9082,"href":"https:\/\/semmelweis.hu\/mental\/wp-json\/wp\/v2\/pages\/90\/revisions\/9082"}],"up":[{"embeddable":true,"href":"https:\/\/semmelweis.hu\/mental\/wp-json\/wp\/v2\/pages\/1407"}],"wp:attachment":[{"href":"https:\/\/semmelweis.hu\/mental\/wp-json\/wp\/v2\/media?parent=90"}],"wp:term":[{"taxonomy":"category","embeddable":true,"href":"https:\/\/semmelweis.hu\/mental\/wp-json\/wp\/v2\/categories?post=90"},{"taxonomy":"post_tag","embeddable":true,"href":"https:\/\/semmelweis.hu\/mental\/wp-json\/wp\/v2\/tags?post=90"}],"curies":[{"name":"wp","href":"https:\/\/api.w.org\/{rel}","templated":true}]}}