{"id":9,"date":"2018-06-08T00:00:00","date_gmt":"2018-06-07T22:00:00","guid":{"rendered":"http:\/\/semmelweis.hu\/mental\/a-kepzes-bemutatasa-lelki\/"},"modified":"2025-12-04T12:08:13","modified_gmt":"2025-12-04T11:08:13","slug":"a-kepzes-bemutatasa-lelki","status":"publish","type":"page","link":"https:\/\/semmelweis.hu\/mental\/szakiranyu-kepzesek\/lelkigondozo-kepzes\/a-kepzes-bemutatasa-lelki\/","title":{"rendered":"A k\u00e9pz\u00e9s bemutat\u00e1sa"},"content":{"rendered":"<p style=\"text-align: center\"><strong>Ment\u00e1lhigi\u00e9n\u00e9s lelkigondoz\u00f3 szakir\u00e1ny\u00fa tov\u00e1bbk\u00e9pz\u00e9si szak<\/strong><\/p>\n<p><strong>A k\u00f6vetkez\u0151 ment\u00e1lhigi\u00e9n\u00e9s lelkigondoz\u00f3 \u00e9vfolyamunk 2025 szeptember\u00e9ben indul.<\/strong><\/p>\n<p>B\u0151vebb inform\u00e1ci\u00f3 a jelentkez\u00e9sr\u0151l:<\/p>\n<blockquote class=\"wp-embedded-content\" data-secret=\"OHwxH8VIej\"><p><a href=\"https:\/\/semmelweis.hu\/mental\/szakiranyu-kepzesek\/lelkigondozo-kepzes\/felvetel-a-kepzesre\/\">Felv\u00e9tel a k\u00e9pz\u00e9sre<\/a><\/p><\/blockquote>\n<p><iframe loading=\"lazy\" class=\"wp-embedded-content\" sandbox=\"allow-scripts\" security=\"restricted\" style=\"position: absolute; visibility: hidden;\" title=\"&#8220;Felv\u00e9tel a k\u00e9pz\u00e9sre&#8221; &#8212; Ment\u00e1lhigi\u00e9n\u00e9 Int\u00e9zet\" src=\"https:\/\/semmelweis.hu\/mental\/szakiranyu-kepzesek\/lelkigondozo-kepzes\/felvetel-a-kepzesre\/embed\/#?secret=mOC8iqXIs4#?secret=OHwxH8VIej\" data-secret=\"OHwxH8VIej\" width=\"600\" height=\"338\" frameborder=\"0\" marginwidth=\"0\" marginheight=\"0\" scrolling=\"no\"><\/iframe><\/p>\n<p style=\"text-align: justify\">A Semmelweis Egyetem Ment\u00e1lhigi\u00e9n\u00e9 Int\u00e9zete egy\u00fcttm\u0171k\u00f6dve az Evang\u00e9likus Hittudom\u00e1nyi Egyetemmel \u00e9s a Szent Atan\u00e1z G\u00f6r\u00f6g Katolikus Hittudom\u00e1nyi F\u0151iskol\u00e1val akkredit\u00e1lt\u00a0<em><strong>ment\u00e1lhigi\u00e9n\u00e9s lelkigondoz\u00f3 szakir\u00e1ny\u00fa tov\u00e1bbk\u00e9pz\u00e9st<\/strong>\u00a0<\/em><span style=\"line-height: 1.3em\">ind\u00edtott 2002-ben. A szakon az elm\u00falt 17 \u00e9vben k\u00f6zel h\u00e1romsz\u00e1zan v\u00e9geztek.\u00a0<\/span><\/p>\n<p style=\"text-align: justify\"><span style=\"font-size: 14pt\"><strong style=\"line-height: 1.3em\">A k\u00e9pz\u00e9s vezet\u0151je:<\/strong><span style=\"line-height: 1.3em\"> Dr. T\u00f6r\u00f6k G\u00e1bor P\u00e1l egyetemi adjunktus<\/span><\/span><\/p>\n<p style=\"text-align: justify\"><span style=\"font-size: 14pt\"><strong style=\"line-height: 1.3em\">A felv\u00e9tel krit\u00e9riuma:<\/strong><span style=\"line-height: 1.3em\"> f\u0151iskolai vagy egyetemi hit\u00e9leti (teol\u00f3gus, hittan\u00e1r, vall\u00e1stan\u00e1r stb.) v\u00e9gzetts\u00e9g, egyh\u00e1zi aj\u00e1nl\u00e1s \u00e9s szem\u00e9lyes alkalmass\u00e1g.<\/span><\/span><\/p>\n<p style=\"text-align: justify\"><strong>A k\u00e9pz\u00e9s id\u0151tartama:<\/strong> 4 f\u00e9l\u00e9v, 518 \u00f3ra (havonta 2 nap, cs\u00fct\u00f6rt\u00f6k (9.30-19.30) \u00e9s p\u00e9ntek (8.00 &#8211; 17.00) valamint k\u00e9t intenz\u00edv k\u00e9pz\u00e9si h\u00e9t keret\u00e9ben. (els\u0151 intenz\u00edv h\u00e9t a II. szemeszter ut\u00e1ni ny\u00e1ron; a m\u00e1sodik intenz\u00edv h\u00e9t a III. \u00e9s IV. szemeszter sor\u00e1n v\u00e1laszthat\u00f3 id\u0151pontokban) \u00a0<\/p>\n<p style=\"text-align: justify\"><strong>A k\u00e9pz\u00e9s c\u00e9lja:<\/strong> a lelkigondoz\u00f3k t\u00e1rsadalom- \u00e9s b\u00f6lcs\u00e9szettudom\u00e1nyi tov\u00e1bbk\u00e9pz\u00e9se, saj\u00e1t ment\u00e1lhigi\u00e9n\u00e9j\u00fck meger\u0151s\u00edt\u00e9se \u00e9s a kapcsolatteremt\u00e9shez sz\u00fcks\u00e9ges k\u00e9szs\u00e9gek fejleszt\u00e9se. A r\u00e9sztvev\u0151k az elm\u00e9leti \u00e9s gyakorlati st\u00fadiumokon seg\u00edts\u00e9get kapnak ahhoz, hogy jobban felismerj\u00e9k \u00e9s meg\u00e9rts\u00e9k a seg\u00edts\u00e9gre szorul\u00f3 emberek \u00e9s csoportok probl\u00e9m\u00e1it, seg\u00edteni tudj\u00e1k \u0151ket lelki fejl\u0151d\u00e9s\u00fck \u00fatj\u00e1n \u00e9s d\u00f6nt\u00e9seik meghozatal\u00e1ban, t\u00e1mogass\u00e1k \u0151ket er\u0151forr\u00e1saik megtal\u00e1l\u00e1s\u00e1ban, valamint felk\u00e9sz\u00fcltebben l\u00e1ss\u00e1k el a k\u00f6z\u00f6ss\u00e9gi vagy egy\u00e9ni lelkigondoz\u00f3i feladatokat.<\/p>\n<p><strong><a href=\"https:\/\/www.youtube.com\/channel\/UCqTuINckvWXyRfqVo_g9oZg\" target=\"_blank\" rel=\"noopener\">A k\u00e9pz\u00e9s lelkis\u00e9g\u00e9t bemutat\u00f3 kisfilmek<\/a><\/strong><\/p>\n<p><strong>A k\u00e9pz\u00e9s k\u00f6lts\u00e9ge: <\/strong>216 000 Ft\/f\u00e9l\u00e9v + a 2 intenz\u00edv k\u00e9pz\u00e9si h\u00e9t ell\u00e1t\u00e1si k\u00f6lts\u00e9gei (\u00e9tkez\u00e9s, sz\u00e1ll\u00e1s).<\/p>\n<p><strong>Tov\u00e1bbi inform\u00e1ci\u00f3k k\u00e9rhet\u0151ek:<\/strong><\/p>\n<p>Dr. T\u00f6r\u00f6k G\u00e1bor P\u00e1l<\/p>\n<p>email: <span id=\"cloak63653\"><a href=\"mailto:torok.gabor@public.semmelweis-univ.hu\" target=\"_blank\" rel=\"noopener\">torok.gabor@semmelweis.hu<\/a><\/span><\/p>\n<p>tel: 06-20-66-323-89<\/p>\n<div class=\"keretes w-100\">\n<ul class=\"children\" style=\"list-style-type: square\">\n<li class=\"page_item page-item-67\"><a href=\"https:\/\/semmelweis.hu\/mental\/szakiranyu-kepzesek\/lelkigondozo-kepzes\/a-kepzes-tortenete\/\">A k\u00e9pz\u00e9s t\u00f6rt\u00e9nete<\/a><\/li>\n<li class=\"page_item page-item-68\"><a href=\"https:\/\/semmelweis.hu\/mental\/szakiranyu-kepzesek\/lelkigondozo-kepzes\/tanulmanyi-program\/\">Tanulm\u00e1nyi program<\/a><\/li>\n<li class=\"page_item page-item-69\"><a href=\"https:\/\/semmelweis.hu\/mental\/szakiranyu-kepzesek\/lelkigondozo-kepzes\/felvetel-a-kepzesre\/\">Felv\u00e9tel a k\u00e9pz\u00e9sre<\/a><\/li>\n<li class=\"page_item page-item-70\"><a href=\"https:\/\/semmelweis.hu\/mental\/szakiranyu-kepzesek\/lelkigondozo-kepzes\/kontaktszemelyek-lelki-3\/\">Kontaktszem\u00e9lyek<\/a><\/li>\n<li class=\"page_item page-item-6511\"><a href=\"https:\/\/semmelweis.hu\/mental\/szakiranyu-kepzesek\/lelkigondozo-kepzes\/aktualis\/\">Aktu\u00e1lis<\/a><\/li>\n<\/ul>\n<\/div>\n","protected":false},"excerpt":{"rendered":"<p>Ment\u00e1lhigi\u00e9n\u00e9s lelkigondoz\u00f3 szakir\u00e1ny\u00fa tov\u00e1bbk\u00e9pz\u00e9si szak A k\u00f6vetkez\u0151 ment\u00e1lhigi\u00e9n\u00e9s lelkigondoz\u00f3 \u00e9vfolyamunk 2025 szeptember\u00e9ben indul. B\u0151vebb inform\u00e1ci\u00f3 a jelentkez\u00e9sr\u0151l: <a href=\"https:\/\/semmelweis.hu\/mental\/szakiranyu-kepzesek\/lelkigondozo-kepzes\/felvetel-a-kepzesre\/\">Felv\u00e9tel a k\u00e9pz\u00e9sre<\/a> A Semmelweis Egyetem Ment\u00e1lhigi\u00e9n\u00e9 Int\u00e9zete egy\u00fcttm\u0171k\u00f6dve az Evang\u00e9likus Hittudom\u00e1nyi Egyetemmel \u00e9s a Szent Atan\u00e1z G\u00f6r\u00f6g Katolikus Hittudom\u00e1nyi F\u0151iskol\u00e1val akkredit\u00e1lt\u00a0ment\u00e1lhigi\u00e9n\u00e9s lelkigondoz\u00f3 szakir\u00e1ny\u00fa tov\u00e1bbk\u00e9pz\u00e9st\u00a0ind\u00edtott 2002-ben. A szakon az elm\u00falt 17 \u00e9vben k\u00f6zel h\u00e1romsz\u00e1zan v\u00e9geztek.\u00a0 A k\u00e9pz\u00e9s vezet\u0151je: Dr. T\u00f6r\u00f6k G\u00e1bor &hellip;<\/p>\n","protected":false},"author":101614,"featured_media":0,"parent":1218,"menu_order":1,"comment_status":"closed","ping_status":"closed","template":"","meta":{"_acf_changed":false,"footnotes":""},"categories":[],"tags":[],"class_list":["post-9","page","type-page","status-publish","hentry"],"acf":[],"_links":{"self":[{"href":"https:\/\/semmelweis.hu\/mental\/wp-json\/wp\/v2\/pages\/9","targetHints":{"allow":["GET"]}}],"collection":[{"href":"https:\/\/semmelweis.hu\/mental\/wp-json\/wp\/v2\/pages"}],"about":[{"href":"https:\/\/semmelweis.hu\/mental\/wp-json\/wp\/v2\/types\/page"}],"author":[{"embeddable":true,"href":"https:\/\/semmelweis.hu\/mental\/wp-json\/wp\/v2\/users\/101614"}],"replies":[{"embeddable":true,"href":"https:\/\/semmelweis.hu\/mental\/wp-json\/wp\/v2\/comments?post=9"}],"version-history":[{"count":12,"href":"https:\/\/semmelweis.hu\/mental\/wp-json\/wp\/v2\/pages\/9\/revisions"}],"predecessor-version":[{"id":8370,"href":"https:\/\/semmelweis.hu\/mental\/wp-json\/wp\/v2\/pages\/9\/revisions\/8370"}],"up":[{"embeddable":true,"href":"https:\/\/semmelweis.hu\/mental\/wp-json\/wp\/v2\/pages\/1218"}],"wp:attachment":[{"href":"https:\/\/semmelweis.hu\/mental\/wp-json\/wp\/v2\/media?parent=9"}],"wp:term":[{"taxonomy":"category","embeddable":true,"href":"https:\/\/semmelweis.hu\/mental\/wp-json\/wp\/v2\/categories?post=9"},{"taxonomy":"post_tag","embeddable":true,"href":"https:\/\/semmelweis.hu\/mental\/wp-json\/wp\/v2\/tags?post=9"}],"curies":[{"name":"wp","href":"https:\/\/api.w.org\/{rel}","templated":true}]}}