{"id":8332,"date":"2025-12-03T11:09:26","date_gmt":"2025-12-03T10:09:26","guid":{"rendered":"https:\/\/semmelweis.hu\/mental\/?page_id=8332"},"modified":"2026-02-04T10:26:41","modified_gmt":"2026-02-04T09:26:41","slug":"fogarasi-katalin-krisztina","status":"publish","type":"page","link":"https:\/\/semmelweis.hu\/mental\/az-intezet\/munkatarsak\/fogarasi-katalin-krisztina\/","title":{"rendered":"Fogarasi Katalin Krisztina"},"content":{"rendered":"<table border=\"0\" cellspacing=\"5\" cellpadding=\"5\">\n<tbody>\n<tr>\n<td>\n<p><strong>Beoszt\u00e1s<\/strong><\/p>\n<\/td>\n<td>\n<p>\u00a0adminisztrat\u00edv koordin\u00e1tor, oktat\u00e1sszervez\u0151<\/p>\n<\/td>\n<\/tr>\n<tr>\n<td><strong>Egyetemi mell\u00e9k:<\/strong><\/td>\n<td>+36 1 459-1500 \/\u00a0<strong>56541<\/strong><\/td>\n<\/tr>\n<tr>\n<td><strong>E-mail:<\/strong>\u00a0<\/td>\n<td class=\"propvalue\">\n<div class=\"x_elementToProof\" data-olk-copy-source=\"MessageBody\"><a href=\"mailto:fogarasi.katalin.krisztina@semmelweis.hu\">fogarasi.katalin.krisztina@semmelweis.hu<\/a><\/div>\n<\/td>\n<\/tr>\n<\/tbody>\n<\/table>\n","protected":false},"excerpt":{"rendered":"<p>Beoszt\u00e1s<\/p>\n<p>\u00a0adminisztrat\u00edv koordin\u00e1tor, oktat\u00e1sszervez\u0151<\/p>\n<p>Egyetemi mell\u00e9k:<br \/>\n+36 1 459-1500 \/\u00a056541<\/p>\n<p>E-mail:\u00a0<\/p>\n<p><a href=\"mailto:fogarasi.katalin.krisztina@semmelweis.hu\">fogarasi.katalin.krisztina@semmelweis.hu<\/a><\/p>\n","protected":false},"author":101670,"featured_media":0,"parent":19,"menu_order":0,"comment_status":"closed","ping_status":"closed","template":"","meta":{"_acf_changed":false,"footnotes":""},"categories":[],"tags":[],"class_list":["post-8332","page","type-page","status-publish","hentry"],"acf":[],"_links":{"self":[{"href":"https:\/\/semmelweis.hu\/mental\/wp-json\/wp\/v2\/pages\/8332","targetHints":{"allow":["GET"]}}],"collection":[{"href":"https:\/\/semmelweis.hu\/mental\/wp-json\/wp\/v2\/pages"}],"about":[{"href":"https:\/\/semmelweis.hu\/mental\/wp-json\/wp\/v2\/types\/page"}],"author":[{"embeddable":true,"href":"https:\/\/semmelweis.hu\/mental\/wp-json\/wp\/v2\/users\/101670"}],"replies":[{"embeddable":true,"href":"https:\/\/semmelweis.hu\/mental\/wp-json\/wp\/v2\/comments?post=8332"}],"version-history":[{"count":2,"href":"https:\/\/semmelweis.hu\/mental\/wp-json\/wp\/v2\/pages\/8332\/revisions"}],"predecessor-version":[{"id":8908,"href":"https:\/\/semmelweis.hu\/mental\/wp-json\/wp\/v2\/pages\/8332\/revisions\/8908"}],"up":[{"embeddable":true,"href":"https:\/\/semmelweis.hu\/mental\/wp-json\/wp\/v2\/pages\/19"}],"wp:attachment":[{"href":"https:\/\/semmelweis.hu\/mental\/wp-json\/wp\/v2\/media?parent=8332"}],"wp:term":[{"taxonomy":"category","embeddable":true,"href":"https:\/\/semmelweis.hu\/mental\/wp-json\/wp\/v2\/categories?post=8332"},{"taxonomy":"post_tag","embeddable":true,"href":"https:\/\/semmelweis.hu\/mental\/wp-json\/wp\/v2\/tags?post=8332"}],"curies":[{"name":"wp","href":"https:\/\/api.w.org\/{rel}","templated":true}]}}