{"id":8232,"date":"2025-12-03T10:51:11","date_gmt":"2025-12-03T09:51:11","guid":{"rendered":"https:\/\/semmelweis.hu\/mental\/?page_id=8232"},"modified":"2026-01-22T17:26:21","modified_gmt":"2026-01-22T16:26:21","slug":"manyai-vegh-judit","status":"publish","type":"page","link":"https:\/\/semmelweis.hu\/mental\/az-intezet\/munkatarsak\/manyai-vegh-judit\/","title":{"rendered":"M\u00e1nyai-V\u00e9gh Juti"},"content":{"rendered":"<table style=\"width: 100%;height: 143px\" border=\"0\" width=\"100%\" cellspacing=\"5\" cellpadding=\"5\">\n<tbody>\n<tr style=\"height: 61px\">\n<td style=\"width: 26.9388%;height: 61px\">\n<p><strong>Beoszt\u00e1s<\/strong><\/p>\n<\/td>\n<td style=\"width: 73.0612%;height: 61px\">\n<p>\u00a0adminisztrat\u00edv asszisztens, oktat\u00e1sszervez\u0151<\/p>\n<\/td>\n<\/tr>\n<tr style=\"height: 41px\">\n<td style=\"width: 26.9388%;height: 41px\"><strong>Egyetemi mell\u00e9k:<\/strong><\/td>\n<td style=\"width: 73.0612%;height: 41px\">+36 1 459-1500 \/\u00a0<strong>56523<\/strong><\/td>\n<\/tr>\n<tr style=\"height: 41px\">\n<td style=\"width: 26.9388%;height: 41px\"><strong>E-mail:<\/strong>\u00a0<\/td>\n<td class=\"propvalue\" style=\"width: 73.0612%;height: 41px\">manyai.vegh.judit@semmelweis.hu<\/td>\n<\/tr>\n<\/tbody>\n<\/table>\n","protected":false},"excerpt":{"rendered":"<p>Beoszt\u00e1s<\/p>\n<p>\u00a0adminisztrat\u00edv asszisztens, oktat\u00e1sszervez\u0151<\/p>\n<p>Egyetemi mell\u00e9k:<br \/>\n+36 1 459-1500 \/\u00a056523<\/p>\n<p>E-mail:\u00a0<br \/>\nmanyai.vegh.judit@semmelweis.hu<\/p>\n","protected":false},"author":101670,"featured_media":0,"parent":19,"menu_order":0,"comment_status":"closed","ping_status":"closed","template":"","meta":{"_acf_changed":false,"footnotes":""},"categories":[],"tags":[],"class_list":["post-8232","page","type-page","status-publish","hentry"],"acf":[],"_links":{"self":[{"href":"https:\/\/semmelweis.hu\/mental\/wp-json\/wp\/v2\/pages\/8232","targetHints":{"allow":["GET"]}}],"collection":[{"href":"https:\/\/semmelweis.hu\/mental\/wp-json\/wp\/v2\/pages"}],"about":[{"href":"https:\/\/semmelweis.hu\/mental\/wp-json\/wp\/v2\/types\/page"}],"author":[{"embeddable":true,"href":"https:\/\/semmelweis.hu\/mental\/wp-json\/wp\/v2\/users\/101670"}],"replies":[{"embeddable":true,"href":"https:\/\/semmelweis.hu\/mental\/wp-json\/wp\/v2\/comments?post=8232"}],"version-history":[{"count":2,"href":"https:\/\/semmelweis.hu\/mental\/wp-json\/wp\/v2\/pages\/8232\/revisions"}],"predecessor-version":[{"id":8782,"href":"https:\/\/semmelweis.hu\/mental\/wp-json\/wp\/v2\/pages\/8232\/revisions\/8782"}],"up":[{"embeddable":true,"href":"https:\/\/semmelweis.hu\/mental\/wp-json\/wp\/v2\/pages\/19"}],"wp:attachment":[{"href":"https:\/\/semmelweis.hu\/mental\/wp-json\/wp\/v2\/media?parent=8232"}],"wp:term":[{"taxonomy":"category","embeddable":true,"href":"https:\/\/semmelweis.hu\/mental\/wp-json\/wp\/v2\/categories?post=8232"},{"taxonomy":"post_tag","embeddable":true,"href":"https:\/\/semmelweis.hu\/mental\/wp-json\/wp\/v2\/tags?post=8232"}],"curies":[{"name":"wp","href":"https:\/\/api.w.org\/{rel}","templated":true}]}}