{"id":8209,"date":"2025-11-05T20:20:45","date_gmt":"2025-11-05T19:20:45","guid":{"rendered":"https:\/\/semmelweis.hu\/mental\/?page_id=8209"},"modified":"2026-02-11T15:01:52","modified_gmt":"2026-02-11T14:01:52","slug":"praktikus-informaciok-felvetelizoknek","status":"publish","type":"page","link":"https:\/\/semmelweis.hu\/mental\/mesterkepzesek\/rendszerszemleletu-pszichologia-mesterkepzesi-szak\/praktikus-informaciok-felvetelizoknek\/","title":{"rendered":"Praktikus inform\u00e1ci\u00f3k felv\u00e9teliz\u0151knek"},"content":{"rendered":"<p>A rendszerszeml\u00e9let\u0171 pszichol\u00f3gia mesterk\u00e9pz\u00e9sen a jelentkez\u0151 teljes\u00edtm\u00e9ny\u00e9t felv\u00e9teli pontsz\u00e1mmal, 100 pontos rendszerben kell \u00e9rt\u00e9kelni. A felv\u00e9teliz\u0151 a szakmai felv\u00e9teli besz\u00e9lget\u00e9sen maximum 95 pontot \u00e9s legfeljebb 5 t\u00f6bbletpontot szerezhet. A felv\u00e9telir\u0151l sz\u00f3l\u00f3 kari szab\u00e1lyzat<a href=\"https:\/\/semmelweis.hu\/mental\/files\/2026\/02\/Faculty-of-Health-and-Public-Administration_Information-guide_2026_2027.pdf\" target=\"_blank\" rel=\"noopener\"> itt<\/a> olvashat\u00f3.\u00a0<\/p>\n<p><strong>Szakmai felv\u00e9teli besz\u00e9lget\u00e9s (sz\u00f3beli felv\u00e9teli):<\/strong><\/p>\n<p>A rendszerszeml\u00e9let\u0171 pszichol\u00f3gia mesterk\u00e9pz\u00e9sen a szakmai felv\u00e9teli besz\u00e9lget\u00e9s legal\u00e1bb k\u00e9t f\u0151b\u0151l \u00e1ll\u00f3 felv\u00e9teli bizotts\u00e1g el\u0151tt zajlik, mely a jelentkez\u0151 eddigi szakmai \u00e9let\u00fatj\u00e1t, \u00e9rdekl\u0151d\u00e9s\u00e9t, fejl\u0151d\u00e9si lehet\u0151s\u00e9geit, motiv\u00e1ci\u00f3j\u00e1t, szakirodalmi forr\u00e1s\u00e9rtelmez\u00e9si \u00e9s prezent\u00e1ci\u00f3s k\u00e9szs\u00e9geit, szakmai t\u00e9m\u00e1kr\u00f3l val\u00f3 gondolkod\u00e1s\u00e1t, angol nyelv\u0171 kommunik\u00e1ci\u00f3s \u00e9s szaknyelvi k\u00e9szs\u00e9geit vizsg\u00e1lja. A felv\u00e9teli besz\u00e9lget\u00e9s r\u00e9szben magyar, r\u00e9szben angol nyelven zajlik.<\/p>\n<p>&nbsp;<\/p>\n<p><strong>A szakmai felv\u00e9teli besz\u00e9lget\u00e9s t\u00e9m\u00e1i \u00e9s \u00e9rt\u00e9kel\u00e9si szempontjai:<\/strong><\/p>\n<ol style=\"list-style-type: lower-alpha\">\n<li>A kor\u00e1bbi tanulm\u00e1nyok, szakmai \u00e9s tudom\u00e1nyos tev\u00e9kenys\u00e9gek bemutat\u00e1sa; a szakmai \u00e9let\u00fat, motiv\u00e1ci\u00f3 \u00e9s j\u00f6v\u0151k\u00e9p k\u00e9pz\u00e9si c\u00e9lokhoz val\u00f3 illeszked\u00e9s\u00e9nek vizsg\u00e1lata \u00e9s \u00e9rt\u00e9kel\u00e9se.<\/li>\n<li>K\u00f6telez\u0151en v\u00e1laszthat\u00f3 st\u00fadiumcsoportokr\u00f3l sz\u00f3l\u00f3 essz\u00e9 \u00e9s az annak kapcs\u00e1n megosztott gondolatok \u00e9rt\u00e9kel\u00e9se.<\/li>\n<li>Szakirodalmi forr\u00e1s\u00e9rtelmez\u00e9si \u00e9s prezent\u00e1ci\u00f3s k\u00e9szs\u00e9gek vizsg\u00e1lata \u00e9s \u00e9rt\u00e9kel\u00e9se.<\/li>\n<li>Angol kommunik\u00e1ci\u00f3s \u00e9s szaknyelvi k\u00e9szs\u00e9gek vizsg\u00e1lata \u00e9s \u00e9rt\u00e9kel\u00e9se.<\/li>\n<\/ol>\n<p>&nbsp;<\/p>\n<p><strong>T\u00f6bbletpontok:<\/strong><\/p>\n<p>A rendszerszeml\u00e9let\u0171 pszichol\u00f3gia mesterk\u00e9pz\u00e9sen a meghat\u00e1rozott 100 ponton bel\u00fcl a jelentkez\u0151 t\u00f6bbletpontk\u00e9nt<\/p>\n<ol style=\"list-style-type: lower-alpha\">\n<li>els\u0151 megjelent\/elfogadott szakmai publik\u00e1ci\u00f3\u00e9rt 2 pontot,<\/li>\n<li>m\u00e1sodik megjelent\/elfogadott szakmai publik\u00e1ci\u00f3\u00e9rt 2 pontot,<\/li>\n<li>tudom\u00e1nyos konferenci\u00e1n tartott el\u0151ad\u00e1s\u00e9rt 1 pontot,<\/li>\n<li>tudom\u00e1nyos konferenci\u00e1n bemutatott poszter\u00e9rt 1 pontot,<\/li>\n<li>OTDK 1-3. helyez\u00e9s\u00e9rt 3 pontot,<\/li>\n<li>OTDK r\u00e9szv\u00e9tel\u00e9rt 1 pontot,<\/li>\n<\/ol>\n<p>kaphat.<\/p>\n<p>A rendszerszeml\u00e9let\u0171 pszichol\u00f3gia mesterszakra jelentkez\u0151 \u00f6sszpontsz\u00e1m\u00e1t a szakmai felv\u00e9teli besz\u00e9lget\u00e9sen szerzett pontok \u00f6sszegz\u00e9s\u00e9vel \u00e9s a meghat\u00e1rozott t\u00f6bbletpontok hozz\u00e1ad\u00e1s\u00e1val kell meghat\u00e1rozni.<\/p>\n<p>Az interj\u00fa sor\u00e1n a felv\u00e9teliztet\u0151k az \u00e9rt\u00e9kel\u00e9si szempontok ment\u00e9n a pontsz\u00e1mokat konszenzusos d\u00f6nt\u00e9ssel adj\u00e1k.<\/p>\n<p>&nbsp;<\/p>\n<p><strong>Felv\u00e9teli jelentkez\u00e9shez a\u00a0 SEMAPHOR rendszerbe felt\u00f6ltend\u0151, int\u00e9zm\u00e9ny \u00e1ltal el\u0151\u00edrt dokumentumok:<\/strong><\/p>\n<ol style=\"list-style-type: lower-alpha\">\n<li>angol nyelv\u0171 szakmai \u00f6n\u00e9letrajz (EUROPASS form\u00e1tum),<\/li>\n<li>angol nyelv\u0171 motiv\u00e1ci\u00f3s lev\u00e9l,<\/li>\n<li>pszichol\u00f3gia alapk\u00e9pz\u00e9si oklev\u00e9l, vagy a folyamatban l\u00e9v\u0151 alapk\u00e9pz\u00e9si tanulm\u00e1nyok legutols\u00f3 lez\u00e1rt f\u00e9l\u00e9v\u00e9nek eredm\u00e9nyei &#8211; hiteles\u00edtett form\u00e1tumban,<\/li>\n<li>angol nyelv\u0171 essz\u00e9 a k\u00f6telez\u0151en v\u00e1laszthat\u00f3 st\u00fadiumcsoportokr\u00f3l,<\/li>\n<li>t\u00f6bbletpontokat igazol\u00f3 dokumentumok.<\/li>\n<\/ol>\n<p><b><span data-contrast=\"auto\">Instrukci\u00f3k\u00a0a \u201cK\u00f6telez\u0151en\u00a0v\u00e1laszthat\u00f3\u00a0st\u00fadiumcsoportokr\u00f3l\u00a0sz\u00f3l\u00f3\u00a0essz\u00e9\u201d\u00a0elk\u00e9sz\u00edt\u00e9s\u00e9hez<\/span><\/b><span data-ccp-props=\"{}\">\u00a0<\/span><\/p>\n<p><span data-contrast=\"auto\"><span style=\"font-size: 1rem\" data-contrast=\"auto\">A program r\u00e9szek\u00e9nt a hallgat\u00f3knak a k\u00f6vetkez\u0151 h\u00e1rom v\u00e1laszthat\u00f3 kurzuscsoport egyik\u00e9t (track) kell kiv\u00e1lasztaniuk, \u00e9s azt a k\u00e9pz\u00e9s\u00fck r\u00e9szek\u00e9nt elv\u00e9gezni\u00fck: <\/span><\/span><\/p>\n<ol>\n<li><span data-contrast=\"auto\"><span style=\"font-size: 1rem\" data-contrast=\"auto\">st\u00fadiumcsoport (track): Pedi\u00e1triai pszichol\u00f3gia \u00e9s medik\u00e1lis csal\u00e1dter\u00e1pia; <\/span><\/span><\/li>\n<li><span data-contrast=\"auto\"><span style=\"font-size: 1rem\" data-contrast=\"auto\">st\u00fadiumcsoport (track): K\u00f6t\u0151d\u00e9s-f\u00f3kusz\u00fa megk\u00f6zel\u00edt\u00e9sek a rendszerszeml\u00e9let\u0171 intervenci\u00f3s gyakorlatban; <\/span><\/span><\/li>\n<li><span data-contrast=\"auto\"><span style=\"font-size: 1rem\" data-contrast=\"auto\">st\u00fadiumcsoport (track): A lelkigondoz\u00f3i szeml\u00e9let integr\u00e1ci\u00f3ja a pszichol\u00f3giai tan\u00e1csad\u00e1si folyamatba.<\/span><span style=\"font-size: 1rem\" data-ccp-props=\"{}\">\u00a0<\/span><\/span><\/li>\n<\/ol>\n<p><span data-contrast=\"auto\">Arra k\u00e9rj\u00fck a jelentkez\u0151ket, hogy n\u00e9zz\u00e9k meg a k\u00e9pz\u00e9s bemutat\u00e1sa r\u00e9szben k\u00f6zreadott mintatantervben a h\u00e1rom k\u00f6telez\u0151en v\u00e1laszthat\u00f3 kurzuscsoportot \u00e9s azok tant\u00e1rgyi list\u00e1j\u00e1t (3. \u00e9s 4. f\u00e9l\u00e9vn\u00e9l) \u00e9s v\u00e1lassz\u00e1k ki, hogy ezek k\u00f6z\u00fcl melyiket v\u00e1lasztan\u00e1k els\u0151 illetve m\u00e1sodik helyen.\u00a0<\/span><\/p>\n<p style=\"padding-left: 40px\"><b><span data-contrast=\"auto\">Az\u00a0essz\u00e9\u00a0tartalmi\u00a0elemi:<\/span><\/b><span data-contrast=\"auto\"> A jelentkez\u0151 mutassa be, hogy a fenti h\u00e1rom st\u00fadiumcsoport k\u00f6z\u00fcl melyiket v\u00e1lasztan\u00e1 els\u0151 helyen \u00e9s melyiket m\u00e1sodik helyen. R\u00f6viden indokolja v\u00e1laszt\u00e1s\u00e1t, mutassa be a v\u00e1laszt\u00e1sa m\u00f6g\u00f6tt \u00e1ll\u00f3 szakmai \u00e9s szem\u00e9lyes \u00e9rveket, megfontol\u00e1sokat, okokat. <\/span><span data-ccp-props=\"{}\">\u00a0<\/span><\/p>\n<p style=\"padding-left: 40px\"><b><span data-contrast=\"auto\">Az\u00a0essz\u00e9\u00a0formai\u00a0k\u00f6vetelm\u00e9nyei:\u00a0<\/span><\/b><span data-contrast=\"auto\">A k\u00e9rt essz\u00e9 egy szabad form\u00e1tum\u00fa \u00edr\u00e1s, amelynek hossza nem haladhatja meg a k\u00e9t g\u00e9pelt A4-es oldalt. Az essz\u00e9 strukt\u00far\u00e1j\u00e1ra, form\u00e1j\u00e1ra vonatkoz\u00f3an nincs m\u00e1s formai korl\u00e1toz\u00e1s vagy k\u00f6telez\u0151 elv\u00e1r\u00e1s, k\u00f6vetelm\u00e9ny. Az essz\u00e9t pdf form\u00e1tumban, a v\u00e9g\u00e9n al\u00e1\u00edr\u00e1ssal ell\u00e1tva k\u00e9rj\u00fck felt\u00f6lteni a SEMAPHOR rendszerbe, az ott v\u00e9gigvitt regisztr\u00e1ci\u00f3s \u00e9s jelentkez\u00e9si folyamat r\u00e9szek\u00e9nt. <\/span><span data-ccp-props=\"{}\">\u00a0<\/span><\/p>\n<p><strong>Es\u00e9lyegyenl\u0151s\u00e9gi t\u00f6bbletpontok:<\/strong><\/p>\n<p>A Semmelweis Egyetem felv\u00e9teli szab\u00e1lyzat\u00e1val \u00f6sszhangban a rendszerszeml\u00e9let\u0171 pszichol\u00f3gia mesterk\u00e9pz\u00e9sen az es\u00e9lyegyenl\u0151s\u00e9g biztos\u00edt\u00e1sa \u00e9rdek\u00e9ben<\/p>\n<ol style=\"list-style-type: lower-alpha\">\n<li>a fogyat\u00e9koss\u00e1ggal \u00e9l\u0151 jelentkez\u0151 1 pont,<\/li>\n<li>az a jelentkez\u0151, aki a jelentkez\u00e9si hat\u00e1rid\u0151 \u00e9s a felv\u00e9teli d\u00f6nt\u00e9s k\u00f6z\u00f6tti id\u0151szakban gyermeke gondoz\u00e1sa c\u00e9lj\u00e1b\u00f3l fizet\u00e9s n\u00e9lk\u00fcli szabads\u00e1gon l\u00e9v\u0151, csecsem\u0151gondoz\u00e1si d\u00edjban, gyermekgondoz\u00e1st seg\u00edt\u0151 ell\u00e1t\u00e1sban, gyermeknevel\u00e9si t\u00e1mogat\u00e1sban vagy gyermekgondoz\u00e1si d\u00edjban r\u00e9szes\u00fcl, 1 pont,<\/li>\n<li>h\u00e1tr\u00e1nyos helyzet eset\u00e9n 1 pont,<\/li>\n<li>halmozottan h\u00e1tr\u00e1nyos helyzet eset\u00e9n 1 pont<\/li>\n<\/ol>\n<p>t\u00f6bbletpontra jogosult azzal, hogy az es\u00e9lyegyenl\u0151s\u00e9g biztos\u00edt\u00e1s\u00e1ra maximum 1 t\u00f6bbletpont adhat\u00f3, akkor is, ha a jelentkez\u0151 t\u00f6bb jogc\u00edmen jogosult t\u00f6bbletpontra.<\/p>\n","protected":false},"excerpt":{"rendered":"<p>A rendszerszeml\u00e9let\u0171 pszichol\u00f3gia mesterk\u00e9pz\u00e9sen a jelentkez\u0151 teljes\u00edtm\u00e9ny\u00e9t felv\u00e9teli pontsz\u00e1mmal, 100 pontos rendszerben kell \u00e9rt\u00e9kelni. A felv\u00e9teliz\u0151 a szakmai felv\u00e9teli besz\u00e9lget\u00e9sen maximum 95 pontot \u00e9s legfeljebb 5 t\u00f6bbletpontot szerezhet. A felv\u00e9telir\u0151l sz\u00f3l\u00f3 kari szab\u00e1lyzat <a href=\"https:\/\/semmelweis.hu\/mental\/files\/2026\/02\/Faculty-of-Health-and-Public-Administration_Information-guide_2026_2027.pdf\" target=\"_blank\" rel=\"noopener\"> itt<\/a> olvashat\u00f3.\u00a0 Szakmai felv\u00e9teli besz\u00e9lget\u00e9s (sz\u00f3beli felv\u00e9teli): A rendszerszeml\u00e9let\u0171 pszichol\u00f3gia mesterk\u00e9pz\u00e9sen a szakmai felv\u00e9teli besz\u00e9lget\u00e9s legal\u00e1bb k\u00e9t f\u0151b\u0151l \u00e1ll\u00f3 felv\u00e9teli bizotts\u00e1g el\u0151tt zajlik, &hellip;<\/p>\n","protected":false},"author":101669,"featured_media":0,"parent":8199,"menu_order":5,"comment_status":"closed","ping_status":"closed","template":"","meta":{"_acf_changed":false,"footnotes":""},"categories":[],"tags":[],"class_list":["post-8209","page","type-page","status-publish","hentry"],"acf":[],"_links":{"self":[{"href":"https:\/\/semmelweis.hu\/mental\/wp-json\/wp\/v2\/pages\/8209","targetHints":{"allow":["GET"]}}],"collection":[{"href":"https:\/\/semmelweis.hu\/mental\/wp-json\/wp\/v2\/pages"}],"about":[{"href":"https:\/\/semmelweis.hu\/mental\/wp-json\/wp\/v2\/types\/page"}],"author":[{"embeddable":true,"href":"https:\/\/semmelweis.hu\/mental\/wp-json\/wp\/v2\/users\/101669"}],"replies":[{"embeddable":true,"href":"https:\/\/semmelweis.hu\/mental\/wp-json\/wp\/v2\/comments?post=8209"}],"version-history":[{"count":9,"href":"https:\/\/semmelweis.hu\/mental\/wp-json\/wp\/v2\/pages\/8209\/revisions"}],"predecessor-version":[{"id":9010,"href":"https:\/\/semmelweis.hu\/mental\/wp-json\/wp\/v2\/pages\/8209\/revisions\/9010"}],"up":[{"embeddable":true,"href":"https:\/\/semmelweis.hu\/mental\/wp-json\/wp\/v2\/pages\/8199"}],"wp:attachment":[{"href":"https:\/\/semmelweis.hu\/mental\/wp-json\/wp\/v2\/media?parent=8209"}],"wp:term":[{"taxonomy":"category","embeddable":true,"href":"https:\/\/semmelweis.hu\/mental\/wp-json\/wp\/v2\/categories?post=8209"},{"taxonomy":"post_tag","embeddable":true,"href":"https:\/\/semmelweis.hu\/mental\/wp-json\/wp\/v2\/tags?post=8209"}],"curies":[{"name":"wp","href":"https:\/\/api.w.org\/{rel}","templated":true}]}}