{"id":8207,"date":"2025-11-05T20:19:18","date_gmt":"2025-11-05T19:19:18","guid":{"rendered":"https:\/\/semmelweis.hu\/mental\/?page_id=8207"},"modified":"2026-03-04T10:59:14","modified_gmt":"2026-03-04T09:59:14","slug":"felvetel-a-kepzesre","status":"publish","type":"page","link":"https:\/\/semmelweis.hu\/mental\/mesterkepzesek\/rendszerszemleletu-pszichologia-mesterkepzesi-szak\/felvetel-a-kepzesre\/","title":{"rendered":"Felv\u00e9tel a k\u00e9pz\u00e9sre"},"content":{"rendered":"<p><b><span data-contrast=\"auto\">A rendszerszeml\u00e9let\u0171 pszichol\u00f3gia mesterk\u00e9pz\u00e9si szakra t\u00f6rt\u00e9n\u0151 bel\u00e9p\u00e9sn\u00e9l el\u0151zm\u00e9nyk\u00e9nt elfogadott szakok:\u00a0<\/span><\/b><span data-ccp-props=\"{}\">\u00a0<\/span><\/p>\n<p><span data-contrast=\"auto\">A rendszerszeml\u00e9let\u0171 pszichol\u00f3gia mesterk\u00e9pz\u00e9si szakra azok a hallgat\u00f3k jelentkezhetnek, akik m\u00e1r rendelkeznek pszichol\u00f3gia \/ viselked\u00e9selemz\u0151 alapszakos v\u00e9gzetts\u00e9ggel, vagy a fels\u0151oktat\u00e1sr\u00f3l sz\u00f3l\u00f3 1993 \u00e9vi LXXX. t\u00f6rv\u00e9ny szerinti kor\u00e1bbi rendszer\u0171 pszichol\u00f3giai egyetemi v\u00e9gzetts\u00e9ggel.<\/span><span data-ccp-props=\"{}\"> A <a href=\"https:\/\/semmelweis.hu\/mental\/files\/2026\/02\/Faculty-of-Health-and-Public-Administration_Information-guide_2026_2027.pdf\" target=\"_blank\" rel=\"noopener\">jelentkez\u00e9si szab\u00e1lyzat r\u00e9szletei<\/a> itt olvashat\u00f3k.\u00a0<\/span><\/p>\n<p><span data-ccp-props=\"{}\">\u00a0<\/span><\/p>\n<p><b><span data-contrast=\"auto\">Jelentkez\u00e9s:<\/span><\/b><span data-ccp-props=\"{}\">\u00a0<\/span><\/p>\n<p><span data-contrast=\"none\">A 2026. szeptember\u00e9ben angol nyelven indul\u00f3\u202fRendszerszeml\u00e9let\u0171 pszichol\u00f3gia mesterk\u00e9pz\u00e9si szakunkra a a\u202f<\/span><a href=\"http:\/\/www.felvi.hu\/\"><span data-contrast=\"none\">www.felvi.hu\u202f<\/span><\/a><span data-contrast=\"none\">honlapon\u202fkereszt\u00fcl lehet jelentkezni\u202faz\u00a0ott szerepl\u0151 inform\u00e1ci\u00f3k szerint, 2026. febru\u00e1r 15-ig.<\/span><span data-ccp-props=\"{&quot;134233118&quot;:true,&quot;201341983&quot;:0,&quot;335551550&quot;:6,&quot;335551620&quot;:6,&quot;335557856&quot;:16777215,&quot;335559740&quot;:240}\">\u00a0<\/span><\/p>\n<p><span data-contrast=\"none\">A felvi.hu fel\u00fclet\u00e9n val\u00f3 jelentkez\u00e9s mellett a Rendszerszeml\u00e9let\u0171 pszichol\u00f3gia mesterk\u00e9pz\u00e9si szakra a jelentkez\u00e9s meger\u0151s\u00edt\u00e9se sz\u00fcks\u00e9ges a Semmelweis Egyetem SEMAPHOR elnevez\u00e9s\u0171 fel\u00fclet\u00e9n (<\/span><a href=\"https:\/\/semaphor.semmelweis.hu\/\"><span data-contrast=\"none\">https:\/\/semaphor.semmelweis.hu\/<\/span><\/a><span data-contrast=\"none\"> ), 2026. febru\u00e1r 9-t\u0151l kezd\u0151d\u0151en, legk\u00e9s\u0151bb 2026. \u00e1prilis 22-ig. <\/span><span data-ccp-props=\"{&quot;134233118&quot;:true,&quot;201341983&quot;:0,&quot;335551550&quot;:6,&quot;335551620&quot;:6,&quot;335557856&quot;:16777215,&quot;335559740&quot;:240}\">A jelentkez\u00e9s d\u00edja a SEMAPHOR fel\u00fcleten: 50 USD.<\/span><\/p>\n<p><b><span data-contrast=\"none\">K\u00f6telez\u0151en felt\u00f6ltend\u0151 dokumentumok\u00a0a Semmelweis Egyetem SEMAPHOR elnevez\u00e9s\u0171 fel\u00fclet\u00e9re:\u00a0<\/span><\/b><span data-ccp-props=\"{&quot;134233118&quot;:true,&quot;201341983&quot;:0,&quot;335551550&quot;:6,&quot;335551620&quot;:6,&quot;335557856&quot;:16777215,&quot;335559740&quot;:240}\">\u00a0<\/span><\/p>\n<ol>\n<li><span data-contrast=\"none\">Europass form\u00e1tum\u00fa angol nyelv\u0171 szakmai \u00f6n\u00e9letrajz<\/span><\/li>\n<li><span data-contrast=\"none\">Motiv\u00e1ci\u00f3s lev\u00e9l<\/span><\/li>\n<li><span data-contrast=\"none\">Pszichol\u00f3gia alapk\u00e9pz\u00e9si oklev\u00e9l, vagy a folyamatban l\u00e9v\u0151 alapk\u00e9pz\u00e9si tanulm\u00e1nyok legutols\u00f3 lez\u00e1rt f\u00e9l\u00e9v\u00e9nek eredm\u00e9nyei<\/span><\/li>\n<li><span data-contrast=\"none\">Essz\u00e9 a k\u00f6telez\u0151en v\u00e1laszthat\u00f3 st\u00fadiumcsoportokr\u00f3l<\/span><\/li>\n<li><span data-contrast=\"none\">T\u00f6bbletpontokat igazol\u00f3 dokumentumok<\/span><\/li>\n<\/ol>\n<p><span data-contrast=\"none\">A k\u00f6telez\u0151 dokumentumok felt\u00f6lt\u00e9se \u00e9s a jelentkez\u00e9si d\u00edj (50 USD) befizet\u00e9se ut\u00e1n lehet v\u00e9gleges\u00edteni a jelentkez\u00e9st, ennek v\u00e9gs\u0151 hat\u00e1rideje: 2026. \u00e1prilis 22. 24:00 \u00f3ra. <\/span><span data-ccp-props=\"{&quot;134233118&quot;:true,&quot;201341983&quot;:0,&quot;335551550&quot;:6,&quot;335551620&quot;:6,&quot;335557856&quot;:16777215,&quot;335559740&quot;:240}\">\u00a0<\/span><\/p>\n<p><span data-contrast=\"none\">Hat\u00e1rid\u0151n t\u00fali felt\u00f6lt\u00e9sre, dokumentum bek\u00fcld\u00e9sre, fizet\u00e9sre, hi\u00e1nyp\u00f3tl\u00e1sra nincs m\u00f3d. A k\u00f6telez\u0151en felt\u00f6ltend\u0151 dokumentumok a sz\u00f3beli felv\u00e9teli vizsg\u00e1k szervez\u00e9s\u00e9hez sz\u00fcks\u00e9gesek, ezek hi\u00e1ny\u00e1ban a jelentkez\u0151t nem osztjuk be sz\u00f3beli vizsg\u00e1ra.<\/span><span data-ccp-props=\"{&quot;134233118&quot;:true,&quot;201341983&quot;:0,&quot;335551550&quot;:6,&quot;335551620&quot;:6,&quot;335557856&quot;:16777215,&quot;335559740&quot;:240}\">\u00a0<\/span><\/p>\n<p><span data-ccp-props=\"{&quot;134233118&quot;:true,&quot;201341983&quot;:0,&quot;335551550&quot;:6,&quot;335551620&quot;:6,&quot;335557856&quot;:16777215,&quot;335559740&quot;:240}\">\u00a0<\/span><\/p>\n<p><b><span data-contrast=\"none\">Felv\u00e9teli pontsz\u00e1mok:<\/span><\/b><span data-ccp-props=\"{&quot;134233118&quot;:true,&quot;201341983&quot;:0,&quot;335551550&quot;:6,&quot;335551620&quot;:6,&quot;335557856&quot;:16777215,&quot;335559740&quot;:240}\">\u00a0<\/span><\/p>\n<p><span data-contrast=\"none\">A rendszerszeml\u00e9let\u0171 pszichol\u00f3gia mesterk\u00e9pz\u00e9sen a jelentkez\u0151 teljes\u00edtm\u00e9ny\u00e9t felv\u00e9teli pontsz\u00e1mmal, 100 pontos rendszerben kell \u00e9rt\u00e9kelni:<\/span><span data-ccp-props=\"{&quot;134233118&quot;:true,&quot;201341983&quot;:0,&quot;335551550&quot;:6,&quot;335551620&quot;:6,&quot;335557856&quot;:16777215,&quot;335559740&quot;:240}\">\u00a0<\/span><\/p>\n<ol>\n<li><span data-contrast=\"none\">a szakmai felv\u00e9teli besz\u00e9lget\u00e9sen maximum 95 pontot \u00e9s<\/span><\/li>\n<li><span data-contrast=\"none\">legfeljebb 5 t\u00f6bbletpontot<\/span><\/li>\n<\/ol>\n<p><span data-contrast=\"none\">szerezhet.<\/span><span data-ccp-props=\"{&quot;134233118&quot;:true,&quot;201341983&quot;:0,&quot;335551550&quot;:6,&quot;335551620&quot;:6,&quot;335557856&quot;:16777215,&quot;335559740&quot;:240}\">\u00a0<\/span><\/p>\n<p><span data-ccp-props=\"{&quot;134233118&quot;:true,&quot;201341983&quot;:0,&quot;335551550&quot;:6,&quot;335551620&quot;:6,&quot;335557856&quot;:16777215,&quot;335559740&quot;:240}\">\u00a0<\/span><\/p>\n<p><span data-contrast=\"none\">Az \u00e9rdekl\u0151d\u0151k figyelm\u00e9be aj\u00e1nljuk a felv\u00e9telir\u0151l sz\u00f3l\u00f3 b\u0151vebb inform\u00e1ci\u00f3inkat a &#8222;Praktikus inform\u00e1ci\u00f3k felv\u00e9teliz\u0151knek\u201d men\u00fcpont alatt.\u00a0<\/span><span data-ccp-props=\"{&quot;134233118&quot;:true,&quot;201341983&quot;:0,&quot;335551550&quot;:6,&quot;335551620&quot;:6,&quot;335557856&quot;:16777215,&quot;335559740&quot;:240}\">\u00a0<\/span><\/p>\n<p><span data-ccp-props=\"{}\">\u00a0<\/span><\/p>\n<p><b><span data-contrast=\"none\">Tov\u00e1bbi inform\u00e1ci\u00f3k a Rendszerszeml\u00e9let\u0171 pszichol\u00f3gia mesterk\u00e9pz\u00e9si szakr\u00f3l<\/span><\/b><span data-ccp-props=\"{&quot;134233118&quot;:true,&quot;201341983&quot;:0,&quot;335557856&quot;:16777215,&quot;335559740&quot;:240}\">\u00a0<\/span><\/p>\n<p><a href=\"https:\/\/semmelweis.hu\/mental\/mesterkepzesek\/rendszerszemleletu-pszichologia-mesterkepzesi-szak\/kepzes-bemutatasa\/\" target=\"_blank\" rel=\"noopener\"><span data-ccp-props=\"{&quot;134233118&quot;:true,&quot;201341983&quot;:0,&quot;335557856&quot;:16777215,&quot;335559740&quot;:240}\">\u00a0<\/span><span data-contrast=\"none\">K\u00e9pz\u00e9s bemutat\u00e1sa<\/span><span data-contrast=\"auto\">\u00a0<\/span><span data-ccp-props=\"{}\">\u00a0<\/span><\/a><\/p>\n<p><a href=\"https:\/\/semmelweis.hu\/mental\/mesterkepzesek\/rendszerszemleletu-pszichologia-mesterkepzesi-szak\/tanulmanyi-program\/\" target=\"_blank\" rel=\"noopener\"><span data-contrast=\"auto\">Tanulm\u00e1nyi program<\/span><span data-ccp-props=\"{}\">\u00a0<\/span><\/a><\/p>\n<p><a href=\"https:\/\/semmelweis.hu\/mental\/mesterkepzesek\/rendszerszemleletu-pszichologia-mesterkepzesi-szak\/kontaktszemelyek\/\" target=\"_blank\" rel=\"noopener\"><span data-contrast=\"auto\">Kontaktszem\u00e9lyek<\/span><span data-ccp-props=\"{}\">\u00a0<\/span><\/a><\/p>\n<p><a href=\"https:\/\/semmelweis.hu\/mental\/mesterkepzesek\/rendszerszemleletu-pszichologia-mesterkepzesi-szak\/praktikus-informaciok-felvetelizoknek\/\" target=\"_blank\" rel=\"noopener\"><span data-contrast=\"auto\">Praktikus inform\u00e1ci\u00f3k felv\u00e9teliz\u0151knek<\/span><span data-ccp-props=\"{}\">\u00a0<\/span><\/a><\/p>\n","protected":false},"excerpt":{"rendered":"<p>A rendszerszeml\u00e9let\u0171 pszichol\u00f3gia mesterk\u00e9pz\u00e9si szakra t\u00f6rt\u00e9n\u0151 bel\u00e9p\u00e9sn\u00e9l el\u0151zm\u00e9nyk\u00e9nt elfogadott szakok:\u00a0\u00a0 A rendszerszeml\u00e9let\u0171 pszichol\u00f3gia mesterk\u00e9pz\u00e9si szakra azok a hallgat\u00f3k jelentkezhetnek, akik m\u00e1r rendelkeznek pszichol\u00f3gia \/ viselked\u00e9selemz\u0151 alapszakos v\u00e9gzetts\u00e9ggel, vagy a fels\u0151oktat\u00e1sr\u00f3l sz\u00f3l\u00f3 1993 \u00e9vi LXXX. t\u00f6rv\u00e9ny szerinti kor\u00e1bbi rendszer\u0171 pszichol\u00f3giai egyetemi v\u00e9gzetts\u00e9ggel. A <a href=\"https:\/\/semmelweis.hu\/mental\/files\/2026\/02\/Faculty-of-Health-and-Public-Administration_Information-guide_2026_2027.pdf\" target=\"_blank\" rel=\"noopener\">jelentkez\u00e9si szab\u00e1lyzat r\u00e9szletei<\/a> itt olvashat\u00f3k.\u00a0 \u00a0 Jelentkez\u00e9s:\u00a0 A 2026. szeptember\u00e9ben angol nyelven indul\u00f3\u202fRendszerszeml\u00e9let\u0171 pszichol\u00f3gia mesterk\u00e9pz\u00e9si szakunkra &hellip;<\/p>\n","protected":false},"author":101669,"featured_media":0,"parent":8199,"menu_order":4,"comment_status":"closed","ping_status":"closed","template":"","meta":{"_acf_changed":false,"footnotes":""},"categories":[],"tags":[],"class_list":["post-8207","page","type-page","status-publish","hentry"],"acf":[],"_links":{"self":[{"href":"https:\/\/semmelweis.hu\/mental\/wp-json\/wp\/v2\/pages\/8207","targetHints":{"allow":["GET"]}}],"collection":[{"href":"https:\/\/semmelweis.hu\/mental\/wp-json\/wp\/v2\/pages"}],"about":[{"href":"https:\/\/semmelweis.hu\/mental\/wp-json\/wp\/v2\/types\/page"}],"author":[{"embeddable":true,"href":"https:\/\/semmelweis.hu\/mental\/wp-json\/wp\/v2\/users\/101669"}],"replies":[{"embeddable":true,"href":"https:\/\/semmelweis.hu\/mental\/wp-json\/wp\/v2\/comments?post=8207"}],"version-history":[{"count":9,"href":"https:\/\/semmelweis.hu\/mental\/wp-json\/wp\/v2\/pages\/8207\/revisions"}],"predecessor-version":[{"id":9103,"href":"https:\/\/semmelweis.hu\/mental\/wp-json\/wp\/v2\/pages\/8207\/revisions\/9103"}],"up":[{"embeddable":true,"href":"https:\/\/semmelweis.hu\/mental\/wp-json\/wp\/v2\/pages\/8199"}],"wp:attachment":[{"href":"https:\/\/semmelweis.hu\/mental\/wp-json\/wp\/v2\/media?parent=8207"}],"wp:term":[{"taxonomy":"category","embeddable":true,"href":"https:\/\/semmelweis.hu\/mental\/wp-json\/wp\/v2\/categories?post=8207"},{"taxonomy":"post_tag","embeddable":true,"href":"https:\/\/semmelweis.hu\/mental\/wp-json\/wp\/v2\/tags?post=8207"}],"curies":[{"name":"wp","href":"https:\/\/api.w.org\/{rel}","templated":true}]}}