{"id":8205,"date":"2025-11-05T20:18:25","date_gmt":"2025-11-05T19:18:25","guid":{"rendered":"https:\/\/semmelweis.hu\/mental\/?page_id=8205"},"modified":"2026-03-17T14:15:10","modified_gmt":"2026-03-17T13:15:10","slug":"kontaktszemelyek","status":"publish","type":"page","link":"https:\/\/semmelweis.hu\/mental\/mesterkepzesek\/rendszerszemleletu-pszichologia-mesterkepzesi-szak\/kontaktszemelyek\/","title":{"rendered":"Kontaktszem\u00e9lyek"},"content":{"rendered":"<p><span data-contrast=\"auto\"><strong>A felv\u00e9telivel,\u00a0a\u00a0k\u00e9pz\u00e9st \u00e9rint\u0151 szervez\u00e9si \u00e9s egy\u00e9b k\u00e9rd\u00e9sekkel\u00a0kapcsolatban:<\/strong><\/span><span data-ccp-props=\"{}\">\u00a0<\/span><\/p>\n<p><a href=\"mailto:systemic.psychology@semmelweis.hu\">systemic.psychology@semmelweis.hu<\/a><\/p>\n<p><span data-contrast=\"auto\">vagy<\/span><\/p>\n<p><span data-contrast=\"auto\">M\u00e1nyai-V\u00e9gh Juti \u2013 oktat\u00e1sszervez\u0151<\/span><span data-ccp-props=\"{}\">\u00a0<br \/><\/span><a href=\"mailto:manyai.vegh.judit@semmelweis.hu\" target=\"_blank\" rel=\"noopener\"><span data-contrast=\"auto\">manyai.vegh.judit@semmelweis.hu<\/span><span data-ccp-props=\"{}\">\u00a0<\/span><\/a><\/p>\n<p><span data-contrast=\"auto\"><strong>Tanulm\u00e1nyokat \u00e9rint\u0151 \u00fcgyekben<\/strong> (Neptun, jogviszony \u2013 hallgat\u00f3i st\u00e1tusz, tant\u00e1rgyak, vizsg\u00e1k, k\u00e9relmek, p\u00e9nz\u00fcgyek):<\/span><span data-ccp-props=\"{}\">\u00a0<\/span><\/p>\n<p>M\u00e9sz\u00e1ros \u00c9va\u00a0\u2013 tanulm\u00e1nyi \u00fcgyint\u00e9z\u0151<br \/><a href=\"mailto:meszaros.eva@semmelweis.hu\" target=\"_blank\" rel=\"noopener\">meszaros.eva@semmelweis.hu<\/a><\/p>\n<p><strong>A k\u00e9pz\u00e9st \u00e9rint\u0151 szakmai k\u00e9rd\u00e9sekben:\u00a0<\/strong><\/p>\n<div class=\"x_elementToProof\">Dr. Papp Zsuzsanna egyetemi adjunktus \u2013 k\u00e9pz\u00e9sfelel\u0151s\u00a0<\/div>\n<div class=\"x_elementToProof\"><a href=\"mailto:papp.zsuzsa@semmelweis.hu\" target=\"_blank\" rel=\"noopener\">papp.zsuzsa@semmelweis.hu<\/a>\u00a0<\/div>\n<div class=\"x_elementToProof\">\u00a0<\/div>\n<div class=\"x_elementToProof\">Dr. T\u00f6r\u00f6k Szabolcs egyetemi tan\u00e1r \u2013 szakfelel\u0151s\u00a0<\/div>\n<div class=\"x_elementToProof\"><a href=\"mailto:torok.szabolcs@semmelweis.hu\" target=\"_blank\" rel=\"noopener\">torok.szabolcs@semmelweis.hu<\/a>\u00a0<\/div>\n<div>\u00a0<\/div>\n<div>\n<div class=\"fontos_div\">\n<p>Online k\u00e9rdezz-felelek t\u00e1j\u00e9koztat\u00f3 az \u00faj Rendszerszeml\u00e9let\u0171 pszichol\u00f3gia mesterk\u00e9pz\u00e9sre jelentkez\u0151knek<\/p>\n<p>febru\u00e1r 16-\u00e1n, h\u00e9tf\u0151n 11:00-12:00 k\u00f6z\u00f6tt, budapesti id\u0151 szerint.<\/p>\n<p>\u00e9s<\/p>\n<p>m\u00e1rcius 16-\u00e1n, h\u00e9tf\u0151n 11:00-12:00 k\u00f6z\u00f6tt<\/p>\n<p>Csatlakoz\u00e1s ZOOM-on kereszt\u00fcl:\u00a0 <a href=\"https:\/\/semmelweis.zoom.us\/j\/93222054259\">https:\/\/semmelweis.zoom.us\/j\/93222054259<\/a><\/p>\n<\/div>\n<\/div>\n<div>\u00a0<\/div>\n<p><b><span data-contrast=\"none\">Tov\u00e1bbi inform\u00e1ci\u00f3k a Rendszerszeml\u00e9let\u0171 pszichol\u00f3gia mesterk\u00e9pz\u00e9si szakr\u00f3l<\/span><\/b><span data-ccp-props=\"{&quot;134233118&quot;:true,&quot;201341983&quot;:0,&quot;335557856&quot;:16777215,&quot;335559740&quot;:240}\">\u00a0<\/span><\/p>\n<p><a href=\"https:\/\/semmelweis.hu\/mental\/mesterkepzesek\/rendszerszemleletu-pszichologia-mesterkepzesi-szak\/kepzes-bemutatasa\/\" target=\"_blank\" rel=\"noopener\"><span data-ccp-props=\"{&quot;134233118&quot;:true,&quot;201341983&quot;:0,&quot;335557856&quot;:16777215,&quot;335559740&quot;:240}\">\u00a0<\/span><strong>K\u00e9pz\u00e9s bemutat\u00e1sa\u00a0\u00a0<\/strong><\/a><\/p>\n<p><strong><a href=\"https:\/\/semmelweis.hu\/mental\/mesterkepzesek\/rendszerszemleletu-pszichologia-mesterkepzesi-szak\/tanulmanyi-program\/\" target=\"_blank\" rel=\"noopener\">Tanulm\u00e1nyi program\u00a0<\/a><\/strong><\/p>\n<p><strong><a href=\"https:\/\/semmelweis.hu\/mental\/mesterkepzesek\/rendszerszemleletu-pszichologia-mesterkepzesi-szak\/felvetel-a-kepzesre\/\" target=\"_blank\" rel=\"noopener\">Felv\u00e9tel a k\u00e9pz\u00e9sre\u00a0<\/a><\/strong><\/p>\n<p><strong><a href=\"https:\/\/semmelweis.hu\/mental\/mesterkepzesek\/rendszerszemleletu-pszichologia-mesterkepzesi-szak\/praktikus-informaciok-felvetelizoknek\/\" target=\"_blank\" rel=\"noopener\">Praktikus inform\u00e1ci\u00f3k felv\u00e9teliz\u0151knek\u00a0<\/a><\/strong><\/p>\n","protected":false},"excerpt":{"rendered":"<p>A felv\u00e9telivel,\u00a0a\u00a0k\u00e9pz\u00e9st \u00e9rint\u0151 szervez\u00e9si \u00e9s egy\u00e9b k\u00e9rd\u00e9sekkel\u00a0kapcsolatban:\u00a0 <a href=\"mailto:systemic.psychology@semmelweis.hu\">systemic.psychology@semmelweis.hu<\/a> vagy M\u00e1nyai-V\u00e9gh Juti \u2013 oktat\u00e1sszervez\u0151\u00a0 <a href=\"mailto:manyai.vegh.judit@semmelweis.hu\" target=\"_blank\" rel=\"noopener\">manyai.vegh.judit@semmelweis.hu\u00a0<\/a> Tanulm\u00e1nyokat \u00e9rint\u0151 \u00fcgyekben (Neptun, jogviszony \u2013 hallgat\u00f3i st\u00e1tusz, tant\u00e1rgyak, vizsg\u00e1k, k\u00e9relmek, p\u00e9nz\u00fcgyek):\u00a0 M\u00e9sz\u00e1ros \u00c9va\u00a0\u2013 tanulm\u00e1nyi \u00fcgyint\u00e9z\u0151 <a href=\"mailto:meszaros.eva@semmelweis.hu\" target=\"_blank\" rel=\"noopener\">meszaros.eva@semmelweis.hu<\/a> A k\u00e9pz\u00e9st \u00e9rint\u0151 szakmai k\u00e9rd\u00e9sekben:\u00a0 Dr. Papp Zsuzsanna egyetemi adjunktus \u2013 k\u00e9pz\u00e9sfelel\u0151s\u00a0 <a href=\"mailto:papp.zsuzsa@semmelweis.hu\" target=\"_blank\" rel=\"noopener\">papp.zsuzsa@semmelweis.hu<\/a> \u00a0 \u00a0 Dr. T\u00f6r\u00f6k Szabolcs egyetemi tan\u00e1r \u2013 szakfelel\u0151s\u00a0 <a href=\"mailto:torok.szabolcs@semmelweis.hu\" target=\"_blank\" rel=\"noopener\">torok.szabolcs@semmelweis.hu<\/a> \u00a0 \u00a0 Online k\u00e9rdezz-felelek t\u00e1j\u00e9koztat\u00f3 az &hellip;<\/p>\n","protected":false},"author":101669,"featured_media":0,"parent":8199,"menu_order":3,"comment_status":"closed","ping_status":"closed","template":"","meta":{"_acf_changed":false,"footnotes":""},"categories":[],"tags":[],"class_list":["post-8205","page","type-page","status-publish","hentry"],"acf":[],"_links":{"self":[{"href":"https:\/\/semmelweis.hu\/mental\/wp-json\/wp\/v2\/pages\/8205","targetHints":{"allow":["GET"]}}],"collection":[{"href":"https:\/\/semmelweis.hu\/mental\/wp-json\/wp\/v2\/pages"}],"about":[{"href":"https:\/\/semmelweis.hu\/mental\/wp-json\/wp\/v2\/types\/page"}],"author":[{"embeddable":true,"href":"https:\/\/semmelweis.hu\/mental\/wp-json\/wp\/v2\/users\/101669"}],"replies":[{"embeddable":true,"href":"https:\/\/semmelweis.hu\/mental\/wp-json\/wp\/v2\/comments?post=8205"}],"version-history":[{"count":10,"href":"https:\/\/semmelweis.hu\/mental\/wp-json\/wp\/v2\/pages\/8205\/revisions"}],"predecessor-version":[{"id":9170,"href":"https:\/\/semmelweis.hu\/mental\/wp-json\/wp\/v2\/pages\/8205\/revisions\/9170"}],"up":[{"embeddable":true,"href":"https:\/\/semmelweis.hu\/mental\/wp-json\/wp\/v2\/pages\/8199"}],"wp:attachment":[{"href":"https:\/\/semmelweis.hu\/mental\/wp-json\/wp\/v2\/media?parent=8205"}],"wp:term":[{"taxonomy":"category","embeddable":true,"href":"https:\/\/semmelweis.hu\/mental\/wp-json\/wp\/v2\/categories?post=8205"},{"taxonomy":"post_tag","embeddable":true,"href":"https:\/\/semmelweis.hu\/mental\/wp-json\/wp\/v2\/tags?post=8205"}],"curies":[{"name":"wp","href":"https:\/\/api.w.org\/{rel}","templated":true}]}}