{"id":8203,"date":"2025-11-05T20:17:38","date_gmt":"2025-11-05T19:17:38","guid":{"rendered":"https:\/\/semmelweis.hu\/mental\/?page_id=8203"},"modified":"2026-01-20T14:28:37","modified_gmt":"2026-01-20T13:28:37","slug":"tanulmanyi-program","status":"publish","type":"page","link":"https:\/\/semmelweis.hu\/mental\/mesterkepzesek\/rendszerszemleletu-pszichologia-mesterkepzesi-szak\/tanulmanyi-program\/","title":{"rendered":"Tanulm\u00e1nyi program"},"content":{"rendered":"<p><b><span data-contrast=\"auto\">A Rendszerszeml\u00e9let\u0171 pszichol\u00f3gia mesterk\u00e9pz\u00e9s szakmai jellemz\u0151i, a szakk\u00e9pzetts\u00e9ghez vezet\u0151 szakter\u00fcletek \u00e9s azok kreditar\u00e1nya, amelyb\u0151l a szak fel\u00e9p\u00fcl:<\/span><\/b><span data-ccp-props=\"{&quot;201341983&quot;:0,&quot;335559739&quot;:0,&quot;335559740&quot;:240}\">\u00a0<\/span><\/p>\n<p><b><span data-contrast=\"auto\">K\u00f6telez\u0151, szakk\u00e9pzetts\u00e9ghez vezet\u0151 tudom\u00e1ny\u00e1gak, szakter\u00fcletek ismeretei:\u00a0<\/span><\/b><span data-contrast=\"auto\">70-<\/span><span data-ccp-props=\"{&quot;201341983&quot;:0,&quot;335559739&quot;:0,&quot;335559740&quot;:240}\">\u00a0<\/span><span data-contrast=\"auto\">90 kredit, az al\u00e1bbi bont\u00e1sban:<\/span><span data-ccp-props=\"{&quot;201341983&quot;:0,&quot;335559739&quot;:0,&quot;335559740&quot;:240}\">\u00a0<\/span><\/p>\n<ul>\n<li><b><span data-contrast=\"auto\">Klinikai pszichol\u00f3gia szakter\u00fclet:\u00a0<\/span><\/b><span data-contrast=\"auto\">22-26 kredit p<\/span><span data-contrast=\"auto\">szichopatol\u00f3gia,\u00a0pszichodiagnosztika, pszichoter\u00e1pi\u00e1s elm\u00e9letek<\/span><\/li>\n<li><b style=\"font-size: 1rem\"><span data-contrast=\"auto\">Eg\u00e9szs\u00e9gpszichol\u00f3gia szakter\u00fclet:\u00a0<\/span><\/b><span style=\"font-size: 1rem\" data-contrast=\"auto\">22-26 kredit<\/span><span style=\"font-size: 1rem\" data-ccp-props=\"{&quot;201341983&quot;:0,&quot;335559739&quot;:0,&quot;335559740&quot;:240}\"> r<\/span><span style=\"font-size: 1rem\" data-contrast=\"auto\">endszerszeml\u00e9let\u0171 pszichol\u00f3giai intervenci\u00f3k elm\u00e9leti \u00e9s gyakorlati k\u00e9rd\u00e9sei,<\/span><span style=\"font-size: 1rem\" data-ccp-props=\"{&quot;201341983&quot;:0,&quot;335559739&quot;:0,&quot;335559740&quot;:240}\">\u00a0<\/span><span style=\"font-size: 1rem\" data-contrast=\"auto\">intervenci\u00f3k feln\u0151ttekkel \u00e9s gyerekekkel eg\u00e9szs\u00e9gpszichol\u00f3giai ter\u00fcleten<\/span><\/li>\n<li><b style=\"font-size: 1rem\"><span data-contrast=\"auto\">Egy\u00e9b pszichol\u00f3giai szakter\u00fcletek:\u00a0<\/span><\/b><span style=\"font-size: 1rem\" data-contrast=\"auto\">12-16 kredit f<\/span><span style=\"font-size: 1rem\" data-contrast=\"auto\">ejl\u0151d\u00e9spszichol\u00f3gia, szem\u00e9lyis\u00e9gpszichol\u00f3gia, szoci\u00e1lpszichol\u00f3gia<\/span><\/li>\n<li><b style=\"font-size: 1rem\"><span data-contrast=\"auto\">Rendszerszeml\u00e9let\u0171 intervenci\u00f3k k\u00e9szs\u00e9gfejleszt\u00e9se:\u00a0<\/span><\/b><span style=\"font-size: 1rem\" data-contrast=\"auto\">10-14 kredit<\/span><span style=\"font-size: 1rem\" data-ccp-props=\"{&quot;201341983&quot;:0,&quot;335559739&quot;:0,&quot;335559740&quot;:240}\"> i<\/span><span style=\"font-size: 1rem\" data-contrast=\"auto\">ntervenci\u00f3k gyakorlata, megfigyel\u00e9se \u00e9s szuperv\u00edzi\u00f3ja, helyzetgyakorlatok<\/span><\/li>\n<li><b style=\"font-size: 1rem\"><span data-contrast=\"auto\">Eg\u00e9szs\u00e9gtudom\u00e1nyi kutat\u00e1sm\u00f3dszertan:\u00a0<\/span><\/b><span style=\"font-size: 1rem\" data-contrast=\"auto\">4-8 kredit<\/span><span style=\"font-size: 1rem\" data-ccp-props=\"{&quot;201341983&quot;:0,&quot;335559739&quot;:0,&quot;335559740&quot;:240}\"> e<\/span>melt szint\u0171 eg\u00e9szs\u00e9gtudom\u00e1nyi kutat\u00e1sm\u00f3dszertan \u00e9s statisztika<\/li>\n<li><b style=\"font-size: 1rem\"><span data-contrast=\"auto\">K\u00f6telez\u0151en v\u00e1laszthat\u00f3, differenci\u00e1lt szakmai ismeretek:\u00a0<\/span><\/b><span style=\"font-size: 1rem\" data-contrast=\"auto\">20-28 kredit<\/span><span style=\"font-size: 1rem\" data-ccp-props=\"{&quot;201341983&quot;:0,&quot;335559739&quot;:0,&quot;335559740&quot;:240}\"> p<\/span>edi\u00e1triai pszichol\u00f3gia, medik\u00e1lis csal\u00e1dter\u00e1pia, lelkigondoz\u00f3i szeml\u00e9let integr\u00e1ci\u00f3ja, speci\u00e1lis rendszerszeml\u00e9let\u0171 intervenci\u00f3s megk\u00f6zel\u00edt\u00e9sek, speci\u00e1lis rendszerszeml\u00e9let\u0171 pszichol\u00f3giai t\u00e9m\u00e1k m\u00f3dszertani \u00e9s irodalomfeldolgoz\u00f3 szemin\u00e1riumai, \u00f6nismereti \u00e9s saj\u00e1t\u00e9lm\u00e9ny gyakorlatok<\/li>\n<li><b style=\"font-size: 1rem\"><span data-contrast=\"auto\">Szabadon v\u00e1laszthat\u00f3 t\u00e1rgyakhoz rendelt kreditek sz\u00e1ma:\u00a0<\/span><\/b><span style=\"font-size: 1rem\" data-contrast=\"auto\">6 kredit<\/span><\/li>\n<li><b style=\"font-size: 1rem\"><span data-contrast=\"auto\">Szakmai terepgyakorlathoz rendelt kreditek sz\u00e1ma:\u00a0<\/span><\/b><span style=\"font-size: 1rem\" data-contrast=\"auto\">8 kredit<\/span><\/li>\n<li><b style=\"font-size: 1rem\"><span data-contrast=\"auto\">A szakdolgozat elk\u00e9sz\u00edt\u00e9s\u00e9hez rendelt kreditek sz\u00e1ma:\u00a0<\/span><\/b><span style=\"font-size: 1rem\" data-contrast=\"auto\">2 kredit<\/span><\/li>\n<\/ul>\n<p style=\"text-align: justify\"><b style=\"font-size: 1rem\"><span data-contrast=\"auto\">A szakmai gyakorlat \u00e9s a gyakorlati k\u00e9pz\u00e9s k\u00f6vetelm\u00e9nyei:<\/span><\/b><span style=\"font-size: 1rem\" data-ccp-props=\"{&quot;201341983&quot;:0,&quot;335559739&quot;:0,&quot;335559740&quot;:240}\"> \u00a0<\/span>Az els\u0151 \u00e9s m\u00e1sodik szemeszterben a hallgat\u00f3k rendszerszeml\u00e9let\u0171 pszichol\u00f3giai<span style=\"font-size: 1rem\" data-ccp-props=\"{&quot;201341983&quot;:0,&quot;335559739&quot;:0,&quot;335559740&quot;:240}\">\u00a0<\/span><span data-contrast=\"auto\">intervenci\u00f3k megfigyel\u00e9s\u00e9t v\u00e9gzik, az intervenci\u00f3s team r\u00e9szek\u00e9nt, illetve az<\/span><span data-ccp-props=\"{&quot;201341983&quot;:0,&quot;335559739&quot;:0,&quot;335559740&quot;:240}\">\u00a0<\/span><span data-contrast=\"auto\">intervenci\u00f3kat helyzetgyakorlatok form\u00e1j\u00e1ban gyakorolj\u00e1k. A harmadik \u00e9s negyedik<\/span><span data-ccp-props=\"{&quot;201341983&quot;:0,&quot;335559739&quot;:0,&quot;335559740&quot;:240}\">\u00a0<\/span><span data-contrast=\"auto\">szemeszterben a hallgat\u00f3k a rendszerszeml\u00e9let\u0171 pszichol\u00f3giai tev\u00e9kenys\u00e9g elm\u00e9ly\u00edt\u00e9s\u00e9t <\/span><span data-contrast=\"auto\">c\u00e9lz\u00f3, a k\u00e9pz\u0151helyen vagy k\u00fcls\u0151 int\u00e9zm\u00e9nyben t\u00f6rt\u00e9n\u0151 szakmai terepgyakorlaton vesznek<\/span><span data-ccp-props=\"{&quot;201341983&quot;:0,&quot;335559739&quot;:0,&quot;335559740&quot;:240}\">\u00a0<\/span><span data-contrast=\"auto\">r\u00e9szt. A szakmai terepgyakorlat \u00f3ra- \u00e9s kreditsz\u00e1ma, tereptan\u00e1ri konzult\u00e1ci\u00f3kkal \u00e9s<\/span><span data-ccp-props=\"{&quot;201341983&quot;:0,&quot;335559739&quot;:0,&quot;335559740&quot;:240}\">\u00a0<\/span><span data-contrast=\"auto\">szuperv\u00edzi\u00f3val egy\u00fctt: 60 \u00f3ra, 8 kredit.<\/span><span data-ccp-props=\"{&quot;201341983&quot;:0,&quot;335559739&quot;:0,&quot;335559740&quot;:240}\">\u00a0<\/span><\/p>\n<p><span data-ccp-props=\"{&quot;201341983&quot;:0,&quot;335559739&quot;:0,&quot;335559740&quot;:240}\">\u00a0<\/span><b><span data-contrast=\"auto\">A k\u00e9pz\u00e9st megk\u00fcl\u00f6nb\u00f6ztet\u0151 speci\u00e1lis jegyek:<\/span><\/b><span data-ccp-props=\"{&quot;201341983&quot;:0,&quot;335559739&quot;:0,&quot;335559740&quot;:240}\">\u00a0<\/span><span data-contrast=\"auto\">A k\u00e9pz\u00e9s angol nyelven folyik.<\/span><span data-ccp-props=\"{&quot;201341983&quot;:0,&quot;335551550&quot;:6,&quot;335551620&quot;:6,&quot;335557856&quot;:16777215,&quot;335559739&quot;:0,&quot;335559740&quot;:240}\">\u00a0<\/span><\/p>\n<p><span data-ccp-props=\"{&quot;201341983&quot;:0,&quot;335551550&quot;:6,&quot;335551620&quot;:6,&quot;335557856&quot;:16777215,&quot;335559739&quot;:0,&quot;335559740&quot;:240}\">\u00a0<strong>A mintatanterv<\/strong> megtekinthet\u0151 <a href=\"https:\/\/semmelweis.hu\/mental\/files\/2026\/01\/Rendszerszemleletu-pszichologia-MSc_mintatanterve.pdf\">itt<\/a>.\u00a0\u00a0<\/span><\/p>\n<p><a href=\"https:\/\/semmelweis.hu\/mental\/files\/2026\/01\/Systemic-Psychology-MSc_2026-oszi-felev_beszerzendo-angol-nyelvu-tankonyvek-listaja.docx.pdf\" target=\"_blank\" rel=\"noopener\">Let\u00f6lthet\u0151 t\u00e1j\u00e9koztat\u00f3 <\/a>a 2026\/27 tan\u00e9v \u0151szi f\u00e9l\u00e9v\u00e9ben k\u00f6telez\u0151 tananyagk\u00e9nt haszn\u00e1lt, megv\u00e1s\u00e1roland\u00f3 k\u00f6nyvekr\u0151l.<\/p>\n<p><b><span data-contrast=\"none\">Tov\u00e1bbi inform\u00e1ci\u00f3k a Rendszerszeml\u00e9let\u0171 pszichol\u00f3gia mesterk\u00e9pz\u00e9si szakr\u00f3l:<\/span><\/b><\/p>\n<p><a href=\"https:\/\/semmelweis.hu\/mental\/mesterkepzesek\/rendszerszemleletu-pszichologia-mesterkepzesi-szak\/kepzes-bemutatasa\/\" target=\"_blank\" rel=\"noopener\"><span data-ccp-props=\"{&quot;134233118&quot;:true,&quot;201341983&quot;:0,&quot;335557856&quot;:16777215,&quot;335559740&quot;:240}\">\u00a0<\/span><span data-contrast=\"none\">K\u00e9pz\u00e9s bemutat\u00e1sa<\/span><span data-contrast=\"auto\">\u00a0<\/span><span data-ccp-props=\"{}\">\u00a0<\/span><\/a><\/p>\n<p><a href=\"https:\/\/semmelweis.hu\/mental\/mesterkepzesek\/rendszerszemleletu-pszichologia-mesterkepzesi-szak\/kontaktszemelyek\/\" target=\"_blank\" rel=\"noopener\"><span data-contrast=\"auto\">Kontaktszem\u00e9lyek<\/span><span data-ccp-props=\"{}\">\u00a0<\/span><\/a><\/p>\n<p><a href=\"https:\/\/semmelweis.hu\/mental\/mesterkepzesek\/rendszerszemleletu-pszichologia-mesterkepzesi-szak\/felvetel-a-kepzesre\/\" target=\"_blank\" rel=\"noopener\"><span data-contrast=\"auto\">Felv\u00e9tel a k\u00e9pz\u00e9sre<\/span><span data-ccp-props=\"{}\">\u00a0<\/span><\/a><\/p>\n<p><a href=\"https:\/\/semmelweis.hu\/mental\/mesterkepzesek\/rendszerszemleletu-pszichologia-mesterkepzesi-szak\/praktikus-informaciok-felvetelizoknek\/\" target=\"_blank\" rel=\"noopener\"><span data-contrast=\"auto\">Praktikus inform\u00e1ci\u00f3k felv\u00e9teliz\u0151knek<\/span><span data-ccp-props=\"{}\">\u00a0<\/span><\/a><\/p>\n","protected":false},"excerpt":{"rendered":"<p>A Rendszerszeml\u00e9let\u0171 pszichol\u00f3gia mesterk\u00e9pz\u00e9s szakmai jellemz\u0151i, a szakk\u00e9pzetts\u00e9ghez vezet\u0151 szakter\u00fcletek \u00e9s azok kreditar\u00e1nya, amelyb\u0151l a szak fel\u00e9p\u00fcl:\u00a0 K\u00f6telez\u0151, szakk\u00e9pzetts\u00e9ghez vezet\u0151 tudom\u00e1ny\u00e1gak, szakter\u00fcletek ismeretei:\u00a070-\u00a090 kredit, az al\u00e1bbi bont\u00e1sban:\u00a0 Klinikai pszichol\u00f3gia szakter\u00fclet:\u00a022-26 kredit pszichopatol\u00f3gia,\u00a0pszichodiagnosztika, pszichoter\u00e1pi\u00e1s elm\u00e9letek Eg\u00e9szs\u00e9gpszichol\u00f3gia szakter\u00fclet:\u00a022-26 kredit rendszerszeml\u00e9let\u0171 pszichol\u00f3giai intervenci\u00f3k elm\u00e9leti \u00e9s gyakorlati k\u00e9rd\u00e9sei,\u00a0intervenci\u00f3k feln\u0151ttekkel \u00e9s gyerekekkel eg\u00e9szs\u00e9gpszichol\u00f3giai ter\u00fcleten Egy\u00e9b pszichol\u00f3giai szakter\u00fcletek:\u00a012-16 kredit fejl\u0151d\u00e9spszichol\u00f3gia, szem\u00e9lyis\u00e9gpszichol\u00f3gia, &hellip;<\/p>\n","protected":false},"author":101669,"featured_media":0,"parent":8199,"menu_order":2,"comment_status":"closed","ping_status":"closed","template":"","meta":{"_acf_changed":false,"footnotes":""},"categories":[],"tags":[],"class_list":["post-8203","page","type-page","status-publish","hentry"],"acf":[],"_links":{"self":[{"href":"https:\/\/semmelweis.hu\/mental\/wp-json\/wp\/v2\/pages\/8203","targetHints":{"allow":["GET"]}}],"collection":[{"href":"https:\/\/semmelweis.hu\/mental\/wp-json\/wp\/v2\/pages"}],"about":[{"href":"https:\/\/semmelweis.hu\/mental\/wp-json\/wp\/v2\/types\/page"}],"author":[{"embeddable":true,"href":"https:\/\/semmelweis.hu\/mental\/wp-json\/wp\/v2\/users\/101669"}],"replies":[{"embeddable":true,"href":"https:\/\/semmelweis.hu\/mental\/wp-json\/wp\/v2\/comments?post=8203"}],"version-history":[{"count":10,"href":"https:\/\/semmelweis.hu\/mental\/wp-json\/wp\/v2\/pages\/8203\/revisions"}],"predecessor-version":[{"id":8745,"href":"https:\/\/semmelweis.hu\/mental\/wp-json\/wp\/v2\/pages\/8203\/revisions\/8745"}],"up":[{"embeddable":true,"href":"https:\/\/semmelweis.hu\/mental\/wp-json\/wp\/v2\/pages\/8199"}],"wp:attachment":[{"href":"https:\/\/semmelweis.hu\/mental\/wp-json\/wp\/v2\/media?parent=8203"}],"wp:term":[{"taxonomy":"category","embeddable":true,"href":"https:\/\/semmelweis.hu\/mental\/wp-json\/wp\/v2\/categories?post=8203"},{"taxonomy":"post_tag","embeddable":true,"href":"https:\/\/semmelweis.hu\/mental\/wp-json\/wp\/v2\/tags?post=8203"}],"curies":[{"name":"wp","href":"https:\/\/api.w.org\/{rel}","templated":true}]}}