{"id":8199,"date":"2025-11-05T20:15:53","date_gmt":"2025-11-05T19:15:53","guid":{"rendered":"https:\/\/semmelweis.hu\/mental\/?page_id=8199"},"modified":"2026-02-11T14:57:27","modified_gmt":"2026-02-11T13:57:27","slug":"rendszerszemleletu-pszichologia-mesterkepzesi-szak","status":"publish","type":"page","link":"https:\/\/semmelweis.hu\/mental\/mesterkepzesek\/rendszerszemleletu-pszichologia-mesterkepzesi-szak\/","title":{"rendered":"Rendszerszeml\u00e9let\u0171 pszichol\u00f3gia mesterk\u00e9pz\u00e9si szak"},"content":{"rendered":"<p>A Semmelweis Egyetem <strong>orvos- \u00e9s eg\u00e9szs\u00e9gtudom\u00e1nyi k\u00e9pz\u00e9si ter\u00fcleten<\/strong> ind\u00edtja el angol nyelv\u0171, nappali tagozatos <strong>Rendszerszeml\u00e9let\u0171 pszichol\u00f3gia mesterk\u00e9pz\u00e9s\u00e9t<\/strong>. A program c\u00e9lja olyan szakemberek k\u00e9pz\u00e9se, akik az alkalmazott pszichol\u00f3giai \u00e9s eg\u00e9szs\u00e9gtudom\u00e1nyi ismeretek szintetiz\u00e1l\u00e1s\u00e1val k\u00e9pesek komplex <strong>prevenci\u00f3s, eg\u00e9szs\u00e9gfejleszt\u00e9si \u00e9s rehabilit\u00e1ci\u00f3s feladatok<\/strong> ell\u00e1t\u00e1s\u00e1ra.<\/p>\n<p>A\u00a02026. szeptember\u00e9ben indul\u00f3\u202f<strong>Rendszerszeml\u00e9let\u0171 pszichol\u00f3gia mesterk\u00e9pz\u00e9si szak<\/strong>unkat\u00a0nappali tagozaton \u00e1llami \u00f6szt\u00f6nd\u00edjas \u00e9s \u00f6nk\u00f6lts\u00e9ges form\u00e1ban ind\u00edtjuk,\u00a0angol nyelven.\u00a0<\/p>\n<div class=\"fontos_div w-100\">\n<p style=\"text-align: justify\"><span data-contrast=\"none\">Jelentkezni\u00a0a\u202f<\/span><a href=\"http:\/\/www.felvi.hu\/\" target=\"_blank\" rel=\"noopener\"><b><span data-contrast=\"none\">www.felvi.hu\u202f<\/span><\/b><\/a><span data-contrast=\"none\">honlapon<\/span><b><span data-contrast=\"none\">\u202f<\/span><\/b><span data-contrast=\"none\">kereszt\u00fcl lehet,<\/span><b><span data-contrast=\"none\">\u00a0<\/span><\/b><span data-contrast=\"none\">az\u00a0ott szerepl\u0151 inform\u00e1ci\u00f3k szerint, <strong>2026. febru\u00e1r 15-ig<\/strong>.<\/span><span data-ccp-props=\"{&quot;134233118&quot;:true,&quot;201341983&quot;:0,&quot;335551550&quot;:6,&quot;335551620&quot;:6,&quot;335557856&quot;:16777215,&quot;335559740&quot;:240}\">\u00a0<\/span><\/p>\n<\/div>\n<p style=\"text-align: justify\"><span data-contrast=\"none\">A felvi.hu fel\u00fclet\u00e9n val\u00f3 jelentkez\u00e9s mellett a Rendszerszeml\u00e9let\u0171 pszichol\u00f3gia mesterk\u00e9pz\u00e9si szakra a jelentkez\u00e9s meger\u0151s\u00edt\u00e9se sz\u00fcks\u00e9ges a Semmelweis Egyetem <strong>SEMAPHOR<\/strong> elnevez\u00e9s\u0171 fel\u00fclet\u00e9n (<\/span><a href=\"https:\/\/semaphor.semmelweis.hu\/\" target=\"_blank\" rel=\"noopener\"><span data-contrast=\"none\">https:\/\/semaphor.semmelweis.hu\/<\/span><\/a><span data-contrast=\"none\">), <strong>2026 febru\u00e1r 9-t\u0151l kezd\u0151d\u0151en, legk\u00e9s\u0151bb 2026. \u00e1prilis 22-ig<\/strong>.<\/span><span data-ccp-props=\"{&quot;134233118&quot;:true,&quot;201341983&quot;:0,&quot;335551550&quot;:6,&quot;335551620&quot;:6,&quot;335557856&quot;:16777215,&quot;335559740&quot;:240}\"> A jelentkez\u00e9s d\u00edja egys\u00e9gesen 50 USD (kb 16 000 forint).\u00a0<\/span><\/p>\n<p>A k\u00e9pz\u00e9s mind magyar, mind k\u00fclf\u00f6ldi \u00e1llampolg\u00e1rs\u00e1g\u00fa hallgat\u00f3k sz\u00e1m\u00e1ra nyitott, akik a bemeneti felt\u00e9telben meghat\u00e1rozott pszichol\u00f3gia alapdiplom\u00e1val rendelkeznek. Az \u00e1llami \u00f6szt\u00f6nd\u00edjas k\u00e9pz\u00e9sre felv\u00e9telt nyert hallgat\u00f3knak idegennyelvi hozz\u00e1j\u00e1rul\u00e1st kell befizetnie, melynek m\u00e9rt\u00e9ke: 400 000 Ft\/f\u00e9l\u00e9v.<\/p>\n<p style=\"text-align: justify\">A v\u00e9gzettek <strong>okleveles rendszerszeml\u00e9let\u0171 pszichol\u00f3gus<\/strong> (Systemic Psychologist) szakk\u00e9pzetts\u00e9get szereznek, tanulm\u00e1nyaikat doktori k\u00e9pz\u00e9sben folytathatj\u00e1k. A rendszerszeml\u00e9let\u0171 pszichol\u00f3gus a hat\u00e1lyos jogszab\u00e1lyok szerint tov\u00e1bbi szakpszichol\u00f3gusi k\u00e9pes\u00edt\u00e9seket, valamint ezekre \u00e9p\u00fclve pszichoterapeuta v\u00e9gzetts\u00e9get is szerezhet. A mesterk\u00e9pz\u00e9s elv\u00e9gz\u00e9se ut\u00e1n \u2013 a sz\u00fcks\u00e9ges szakk\u00e9pz\u00e9sek \u00e9s m\u00f3dszerspecifikus tanfolyamok teljes\u00edt\u00e9s\u00e9vel \u2013 csal\u00e1dpszichoterapeuta k\u00e9pes\u00edt\u00e9s is megszerezhet\u0151. Csal\u00e1dterapeuta oklev\u00e9l megszerz\u00e9s\u00e9re \u00e9s az ehhez kapcsol\u00f3d\u00f3 tev\u00e9kenys\u00e9gek v\u00e9gz\u00e9s\u00e9re a Magyar Csal\u00e1dter\u00e1pi\u00e1s Egyes\u00fclet \u00e1ltal meghirdetett k\u00e9pz\u00e9sek elv\u00e9gz\u00e9s\u00e9vel van m\u00f3d.<\/p>\n<p><span data-ccp-props=\"{}\">\u00a0<\/span><span data-contrast=\"auto\">A Semmelweis Egyetemen indul\u00f3 \u00faj, pszichol\u00f3giai mesterk\u00e9pz\u00e9sek h\u00e1tter\u00e9r\u0151l ebben a cikkben olvashatnak <\/span><span style=\"font-size: 1rem\">b\u0151vebben<\/span><span style=\"font-size: 1rem\" data-contrast=\"auto\">: <\/span><span style=\"font-size: 1rem\" data-ccp-props=\"{}\">\u00a0<\/span><\/p>\n<p><a href=\"https:\/\/semmelweis.hu\/hirek\/2025\/11\/18\/pszichologiai-mesterkepzeseket-indit-a-semmelweis-egyetem\/\" target=\"_blank\" rel=\"noopener\"><span data-contrast=\"none\">https:\/\/semmelweis.hu\/hirek\/2025\/11\/18\/pszichologiai-mesterkepzeseket-indit-a-semmelweis-egyetem\/<\/span><\/a><span data-contrast=\"auto\">\u00a0<\/span><span data-ccp-props=\"{}\">\u00a0<\/span><\/p>\n<p><span data-contrast=\"auto\">Angol nyelven:\u00a0<\/span><span data-ccp-props=\"{}\">\u00a0<\/span><\/p>\n<p><a href=\"https:\/\/semmelweis.hu\/english\/2025\/12\/semmelweis-university-launches-masters-programs-in-psychology\/\" target=\"_blank\" rel=\"noopener\"><span data-contrast=\"none\">https:\/\/semmelweis.hu\/english\/2025\/12\/semmelweis-university-launches-masters-programs-in-psychology\/<\/span><\/a><span data-contrast=\"auto\">\u00a0<\/span><span data-ccp-props=\"{}\">\u00a0<\/span><\/p>\n<p><span data-ccp-props=\"{}\">\u00a0<\/span><span data-contrast=\"auto\">Id\u00e9zet a cikkb\u0151l:\u00a0<\/span><span data-ccp-props=\"{}\">\u00a0<\/span><\/p>\n<blockquote>\n<p><span style=\"font-size: 12pt\">\u201eA rendszerszeml\u00e9letet hangs\u00falyosan oktat\u00f3 mesterprogram c\u00e9lja \u2013 a hazai pszichoterapeuta k\u00e9pz\u00e9si rendszerhez illeszked\u0151 m\u00f3don \u00e9s azt\u00a0v\u00e9gigj\u00e1rva\u00a0\u2013 az eg\u00e9szs\u00e9g\u00fcgy ter\u00fclet\u00e9n dolgoz\u00f3 csal\u00e1dk\u00f6zpont\u00fa ell\u00e1t\u00e1st ny\u00fajt\u00f3 szakemberek sz\u00e1m\u00e1nak n\u00f6vel\u00e9se\u2026\u201d\u00a0\u00a0<\/span><\/p>\n<\/blockquote>\n<p><span data-ccp-props=\"{}\">\u00a0<\/span><\/p>\n<p><b><span data-contrast=\"none\">Tov\u00e1bbi inform\u00e1ci\u00f3k\u00a0a\u00a0Rendszerszeml\u00e9let\u0171 Pszichol\u00f3gia\u00a0mesterk\u00e9pz\u00e9si szakr\u00f3l<\/span><\/b><span data-ccp-props=\"{&quot;134233118&quot;:true,&quot;201341983&quot;:0,&quot;335557856&quot;:16777215,&quot;335559740&quot;:240}\">\u00a0<\/span><\/p>\n<p><strong><a href=\"https:\/\/semmelweis.hu\/mental\/mesterkepzesek\/rendszerszemleletu-pszichologia-mesterkepzesi-szak\/kepzes-bemutatasa\/\" target=\"_blank\" rel=\"noopener\">K\u00e9pz\u00e9s bemutat\u00e1sa\u00a0\u00a0<\/a><\/strong><\/p>\n<p><strong><a href=\"https:\/\/semmelweis.hu\/mental\/mesterkepzesek\/rendszerszemleletu-pszichologia-mesterkepzesi-szak\/tanulmanyi-program\/\" target=\"_blank\" rel=\"noopener\">Tanulm\u00e1nyi program\u00a0<\/a><\/strong><\/p>\n<p><strong><a href=\"https:\/\/semmelweis.hu\/mental\/mesterkepzesek\/rendszerszemleletu-pszichologia-mesterkepzesi-szak\/kontaktszemelyek\/\" target=\"_blank\" rel=\"noopener\">Kontaktszem\u00e9lyek\u00a0<\/a><\/strong><\/p>\n<p><strong><a href=\"https:\/\/semmelweis.hu\/mental\/mesterkepzesek\/rendszerszemleletu-pszichologia-mesterkepzesi-szak\/felvetel-a-kepzesre\/\" target=\"_blank\" rel=\"noopener\">Felv\u00e9tel a k\u00e9pz\u00e9sre\u00a0<\/a><\/strong><\/p>\n<p><strong><a href=\"https:\/\/semmelweis.hu\/mental\/mesterkepzesek\/rendszerszemleletu-pszichologia-mesterkepzesi-szak\/praktikus-informaciok-felvetelizoknek\/\" target=\"_blank\" rel=\"noopener\">Praktikus inform\u00e1ci\u00f3k felv\u00e9teliz\u0151knek\u00a0<\/a><\/strong><\/p>\n","protected":false},"excerpt":{"rendered":"<p>A Semmelweis Egyetem orvos- \u00e9s eg\u00e9szs\u00e9gtudom\u00e1nyi k\u00e9pz\u00e9si ter\u00fcleten ind\u00edtja el angol nyelv\u0171, nappali tagozatos Rendszerszeml\u00e9let\u0171 pszichol\u00f3gia mesterk\u00e9pz\u00e9s\u00e9t. A program c\u00e9lja olyan szakemberek k\u00e9pz\u00e9se, akik az alkalmazott pszichol\u00f3giai \u00e9s eg\u00e9szs\u00e9gtudom\u00e1nyi ismeretek szintetiz\u00e1l\u00e1s\u00e1val k\u00e9pesek komplex prevenci\u00f3s, eg\u00e9szs\u00e9gfejleszt\u00e9si \u00e9s rehabilit\u00e1ci\u00f3s feladatok ell\u00e1t\u00e1s\u00e1ra. A\u00a02026. szeptember\u00e9ben indul\u00f3\u202fRendszerszeml\u00e9let\u0171 pszichol\u00f3gia mesterk\u00e9pz\u00e9si szakunkat\u00a0nappali tagozaton \u00e1llami \u00f6szt\u00f6nd\u00edjas \u00e9s \u00f6nk\u00f6lts\u00e9ges form\u00e1ban ind\u00edtjuk,\u00a0angol nyelven.\u00a0 Jelentkezni\u00a0a\u202f <a href=\"http:\/\/www.felvi.hu\/\" target=\"_blank\" rel=\"noopener\">www.felvi.hu\u202f<\/a> honlapon\u202fkereszt\u00fcl &hellip;<\/p>\n","protected":false},"author":101669,"featured_media":0,"parent":1117,"menu_order":3,"comment_status":"closed","ping_status":"closed","template":"","meta":{"_acf_changed":false,"footnotes":""},"categories":[],"tags":[],"class_list":["post-8199","page","type-page","status-publish","hentry"],"acf":[],"_links":{"self":[{"href":"https:\/\/semmelweis.hu\/mental\/wp-json\/wp\/v2\/pages\/8199","targetHints":{"allow":["GET"]}}],"collection":[{"href":"https:\/\/semmelweis.hu\/mental\/wp-json\/wp\/v2\/pages"}],"about":[{"href":"https:\/\/semmelweis.hu\/mental\/wp-json\/wp\/v2\/types\/page"}],"author":[{"embeddable":true,"href":"https:\/\/semmelweis.hu\/mental\/wp-json\/wp\/v2\/users\/101669"}],"replies":[{"embeddable":true,"href":"https:\/\/semmelweis.hu\/mental\/wp-json\/wp\/v2\/comments?post=8199"}],"version-history":[{"count":10,"href":"https:\/\/semmelweis.hu\/mental\/wp-json\/wp\/v2\/pages\/8199\/revisions"}],"predecessor-version":[{"id":9004,"href":"https:\/\/semmelweis.hu\/mental\/wp-json\/wp\/v2\/pages\/8199\/revisions\/9004"}],"up":[{"embeddable":true,"href":"https:\/\/semmelweis.hu\/mental\/wp-json\/wp\/v2\/pages\/1117"}],"wp:attachment":[{"href":"https:\/\/semmelweis.hu\/mental\/wp-json\/wp\/v2\/media?parent=8199"}],"wp:term":[{"taxonomy":"category","embeddable":true,"href":"https:\/\/semmelweis.hu\/mental\/wp-json\/wp\/v2\/categories?post=8199"},{"taxonomy":"post_tag","embeddable":true,"href":"https:\/\/semmelweis.hu\/mental\/wp-json\/wp\/v2\/tags?post=8199"}],"curies":[{"name":"wp","href":"https:\/\/api.w.org\/{rel}","templated":true}]}}