{"id":81,"date":"2018-06-08T00:00:00","date_gmt":"2018-06-07T22:00:00","guid":{"rendered":"http:\/\/semmelweis.hu\/mental\/szakkepzettseg-alkalmazas\/"},"modified":"2025-12-04T13:47:10","modified_gmt":"2025-12-04T12:47:10","slug":"szakkepzettseg-alkalmazas","status":"publish","type":"page","link":"https:\/\/semmelweis.hu\/mental\/szakiranyu-kepzesek\/laktacios-szaktanacsado\/szakkepzettseg-alkalmazas\/","title":{"rendered":"Szakk\u00e9pzetts\u00e9g alkalmaz\u00e1s"},"content":{"rendered":"<p style=\"text-align: justify\"><strong>A\u00a0szakk\u00e9pzetts\u00e9g alkalmaz\u00e1si lehet\u0151s\u00e9gei konkr\u00e9t k\u00f6rnyezetben, tev\u00e9kenys\u00e9grendszerben<\/strong><\/p>\n<p style=\"text-align: justify\">(1) A <strong>lakt\u00e1ci\u00f3s szaktan\u00e1csad\u00f3 szakir\u00e1ny\u00fa tov\u00e1bbk\u00e9pz\u00e9sen<\/strong> oklevelet szerzett hallgat\u00f3k k\u00e9pes\u00edt\u00e9s\u00fck r\u00e9v\u00e9n alkalmass\u00e1 v\u00e1lnak eredeti szakm\u00e1juk magasabb szint\u0171 gyakorl\u00e1s\u00e1ra, tov\u00e1bb\u00e1 a hum\u00e1n lakt\u00e1ci\u00f3val kapcsolatos speci\u00e1lis helyzetek \u00e9s probl\u00e9m\u00e1k szakszer\u0171 ell\u00e1t\u00e1s\u00e1ra. Az eg\u00e9szs\u00e9g\u00fcgyi dolgoz\u00f3k k\u00f6telez\u0151 tov\u00e1bbk\u00e9pz\u00e9si rendszer\u00e9ben a lakt\u00e1ci\u00f3s szaktan\u00e1csad\u00f3 szakir\u00e1ny\u00fa tov\u00e1bbk\u00e9pz\u00e9s elv\u00e9gz\u00e9se besz\u00e1m\u00edthat\u00f3, olyan m\u00e9rt\u00e9kben, amilyen m\u00e9rt\u00e9kben a tov\u00e1bbk\u00e9pz\u00e9s\u00e9rt felel\u0151s szerv azt elismeri.<\/p>\n<p style=\"text-align: justify\">(2) A hallgat\u00f3knak megszerzett lakt\u00e1ci\u00f3s szaktan\u00e1csad\u00f3i oklevel\u00fck birtok\u00e1ban lehet\u0151s\u00e9g\u00fck ny\u00edlik lakt\u00e1ci\u00f3s szaktan\u00e1csad\u00f3 szerepk\u00f6r \/ feladatk\u00f6r \/ munkak\u00f6r bet\u00f6lt\u00e9s\u00e9re, azon int\u00e9zm\u00e9nyekben, amelyek ezt ig\u00e9nylik, illetve l\u00e9trehozz\u00e1k.<\/p>\n<p style=\"text-align: justify\">(3) Lakt\u00e1ci\u00f3s szaktan\u00e1csad\u00f3i oklevel\u00fck birtok\u00e1ban v\u00e9gzett hallgat\u00f3ink konzult\u00e1ci\u00f3s feladatokat l\u00e1thatnak el alapdiplom\u00e1juknak megfelel\u0151 tev\u00e9kenys\u00e9gi k\u00f6r\u00fckben, lakt\u00e1ci\u00f3val kapcsolatos probl\u00e9m\u00e1k eset\u00e9ben. Felk\u00e9r\u00e9sre r\u00e9szt v\u00e1llalhatnak az adott int\u00e9zm\u00e9ny szakmai protokolljainak kidolgoz\u00e1s\u00e1ban, v\u00e9lem\u00e9nyez\u00e9s\u00e9ben.<\/p>\n<hr \/>\n<p><strong>Tov\u00e1bbi inform\u00e1ci\u00f3k a\u00a0lakt\u00e1ci\u00f3s szaktan\u00e1csad\u00f3 szakir\u00e1ny\u00fa tov\u00e1bbk\u00e9pz\u00e9si szakr\u00f3l:<\/strong><\/p>\n<ul class=\"children\" style=\"list-style-type: square\">\n<li class=\"page_item page-item-78\"><a href=\"https:\/\/semmelweis.hu\/mental\/szakiranyu-kepzesek\/laktacios-szaktanacsado\/a-kepzes-bemutatasa\/\">A k\u00e9pz\u00e9s bemutat\u00e1sa<\/a><\/li>\n<li class=\"page_item page-item-77\"><a href=\"https:\/\/semmelweis.hu\/mental\/szakiranyu-kepzesek\/laktacios-szaktanacsado\/felveteli-tajekoztato\/\">Felv\u00e9teli t\u00e1j\u00e9koztat\u00f3<\/a><\/li>\n<li class=\"page_item page-item-79\"><a href=\"https:\/\/semmelweis.hu\/mental\/szakiranyu-kepzesek\/laktacios-szaktanacsado\/kik-a-laktacios-szaktanacsadok\/\">Kik a \u2018lakt\u00e1ci\u00f3s szaktan\u00e1csad\u00f3k\u2019?<\/a><\/li>\n<li class=\"page_item page-item-7429\"><a href=\"https:\/\/semmelweis.hu\/mental\/szakiranyu-kepzesek\/laktacios-szaktanacsado\/laktacios-konferencia-2025-januar-17-18\/\">Lakt\u00e1ci\u00f3s konferencia 2025. janu\u00e1r 17-18.<\/a><\/li>\n<li class=\"page_item page-item-80\"><a href=\"https:\/\/semmelweis.hu\/mental\/szakiranyu-kepzesek\/laktacios-szaktanacsado\/tudaselemek-es-ismeretek\/\">Tud\u00e1selemek \u00e9s ismeretek<\/a><\/li>\n<li class=\"page_item page-item-81\"><a href=\"https:\/\/semmelweis.hu\/mental\/szakiranyu-kepzesek\/laktacios-szaktanacsado\/szakkepzettseg-alkalmazas\/\">Szakk\u00e9pzetts\u00e9g alkalmaz\u00e1s<\/a><\/li>\n<li class=\"page_item page-item-6724\"><a href=\"https:\/\/semmelweis.hu\/mental\/szakiranyu-kepzesek\/laktacios-szaktanacsado\/informaciok-a-szakdolgozatrol\/\">Tanulm\u00e1nyi t\u00e1j\u00e9koztat\u00f3, szakdolgozati t\u00e1j\u00e9koztat\u00f3, k\u00e9pz\u00e9si alkalmak<\/a><\/li>\n<li class=\"page_item page-item-2761\"><a href=\"https:\/\/semmelweis.hu\/mental\/szakiranyu-kepzesek\/laktacios-szaktanacsado\/ibclc-vizsgajelentkezes\/\">IBCLC vizsgajelentkez\u00e9s<\/a><\/li>\n<li class=\"page_item page-item-83\"><a href=\"https:\/\/semmelweis.hu\/mental\/szakiranyu-kepzesek\/laktacios-szaktanacsado\/kontaktszemelyek\/\">Kontaktszem\u00e9lyek<\/a><\/li>\n<\/ul>\n","protected":false},"excerpt":{"rendered":"<p>A\u00a0szakk\u00e9pzetts\u00e9g alkalmaz\u00e1si lehet\u0151s\u00e9gei konkr\u00e9t k\u00f6rnyezetben, tev\u00e9kenys\u00e9grendszerben (1) A lakt\u00e1ci\u00f3s szaktan\u00e1csad\u00f3 szakir\u00e1ny\u00fa tov\u00e1bbk\u00e9pz\u00e9sen oklevelet szerzett hallgat\u00f3k k\u00e9pes\u00edt\u00e9s\u00fck r\u00e9v\u00e9n alkalmass\u00e1 v\u00e1lnak eredeti szakm\u00e1juk magasabb szint\u0171 gyakorl\u00e1s\u00e1ra, tov\u00e1bb\u00e1 a hum\u00e1n lakt\u00e1ci\u00f3val kapcsolatos speci\u00e1lis helyzetek \u00e9s probl\u00e9m\u00e1k szakszer\u0171 ell\u00e1t\u00e1s\u00e1ra. Az eg\u00e9szs\u00e9g\u00fcgyi dolgoz\u00f3k k\u00f6telez\u0151 tov\u00e1bbk\u00e9pz\u00e9si rendszer\u00e9ben a lakt\u00e1ci\u00f3s szaktan\u00e1csad\u00f3 szakir\u00e1ny\u00fa tov\u00e1bbk\u00e9pz\u00e9s elv\u00e9gz\u00e9se besz\u00e1m\u00edthat\u00f3, olyan m\u00e9rt\u00e9kben, amilyen m\u00e9rt\u00e9kben a tov\u00e1bbk\u00e9pz\u00e9s\u00e9rt felel\u0151s &hellip;<\/p>\n","protected":false},"author":101265,"featured_media":0,"parent":11,"menu_order":6,"comment_status":"closed","ping_status":"closed","template":"","meta":{"_acf_changed":false,"footnotes":""},"categories":[],"tags":[],"class_list":["post-81","page","type-page","status-publish","hentry"],"acf":[],"_links":{"self":[{"href":"https:\/\/semmelweis.hu\/mental\/wp-json\/wp\/v2\/pages\/81","targetHints":{"allow":["GET"]}}],"collection":[{"href":"https:\/\/semmelweis.hu\/mental\/wp-json\/wp\/v2\/pages"}],"about":[{"href":"https:\/\/semmelweis.hu\/mental\/wp-json\/wp\/v2\/types\/page"}],"author":[{"embeddable":true,"href":"https:\/\/semmelweis.hu\/mental\/wp-json\/wp\/v2\/users\/101265"}],"replies":[{"embeddable":true,"href":"https:\/\/semmelweis.hu\/mental\/wp-json\/wp\/v2\/comments?post=81"}],"version-history":[{"count":6,"href":"https:\/\/semmelweis.hu\/mental\/wp-json\/wp\/v2\/pages\/81\/revisions"}],"predecessor-version":[{"id":8389,"href":"https:\/\/semmelweis.hu\/mental\/wp-json\/wp\/v2\/pages\/81\/revisions\/8389"}],"up":[{"embeddable":true,"href":"https:\/\/semmelweis.hu\/mental\/wp-json\/wp\/v2\/pages\/11"}],"wp:attachment":[{"href":"https:\/\/semmelweis.hu\/mental\/wp-json\/wp\/v2\/media?parent=81"}],"wp:term":[{"taxonomy":"category","embeddable":true,"href":"https:\/\/semmelweis.hu\/mental\/wp-json\/wp\/v2\/categories?post=81"},{"taxonomy":"post_tag","embeddable":true,"href":"https:\/\/semmelweis.hu\/mental\/wp-json\/wp\/v2\/tags?post=81"}],"curies":[{"name":"wp","href":"https:\/\/api.w.org\/{rel}","templated":true}]}}