{"id":79,"date":"2018-06-08T00:00:00","date_gmt":"2018-06-07T22:00:00","guid":{"rendered":"http:\/\/semmelweis.hu\/mental\/kik-a-laktacios-szaktanacsadok\/"},"modified":"2025-12-04T13:39:35","modified_gmt":"2025-12-04T12:39:35","slug":"kik-a-laktacios-szaktanacsadok","status":"publish","type":"page","link":"https:\/\/semmelweis.hu\/mental\/szakiranyu-kepzesek\/laktacios-szaktanacsado\/kik-a-laktacios-szaktanacsadok\/","title":{"rendered":"Kik a &#8216;lakt\u00e1ci\u00f3s szaktan\u00e1csad\u00f3k&#8217;?"},"content":{"rendered":"<p style=\"text-align: justify\">A <strong>lakt\u00e1ci\u00f3s szaktan\u00e1csad\u00f3<\/strong> olyan specialista, aki a szoptat\u00f3 anya \u00e9s a szoptatott csecsem\u0151 k\u00fcl\u00f6nleges ig\u00e9nyeit szem el\u0151tt tartva megel\u0151zi, felismeri, illetve seg\u00edt megoldani a lakt\u00e1ci\u00f3val, anyatejes t\u00e1pl\u00e1l\u00e1ssal kapcsolatos probl\u00e9m\u00e1kat, \u00e9s feladatk\u00f6re kiterjed a gyermekv\u00e1r\u00e1s, csecsem\u0151gondoz\u00e1s \u00e9s csal\u00e1dgondoz\u00e1s ter\u00fclet\u00e9re is.<\/p>\n<p style=\"text-align: justify\">A c\u00e9lzottan a szoptat\u00e1ssal kapcsolatos seg\u00edts\u00e9gny\u00fajt\u00e1sra kik\u00e9pzett szakemberek hi\u00e1ny\u00e1ban az anyatejes t\u00e1pl\u00e1l\u00e1ssal, szoptat\u00e1ssal kapcsolatos ismeret\u00e1tad\u00e1st, seg\u00edts\u00e9gny\u00fajt\u00e1st els\u0151sorban a v\u00e9d\u0151n\u0151kt\u0151l, csecsem\u0151- \u00e9s gyermek szak\u00e1pol\u00f3kt\u00f3l, sz\u00fcl\u00e9szn\u0151kt\u0151l, gyermekorvosokt\u00f3l, sz\u00fcl\u00e9szorvosokt\u00f3l v\u00e1rj\u00e1k az \u00e9desany\u00e1k. Fokoz\u00f3d\u00f3 ig\u00e9ny mutatkozik azonban haz\u00e1nkban is a &#8211; k\u00fclf\u00f6ld\u00f6n m\u00e1r t\u00f6bb \u00e9vtizedes m\u00faltra visszatekint\u0151 &#8211; lakt\u00e1ci\u00f3s szaktan\u00e1csad\u00f3i szakma k\u00e9pvisel\u0151inek tud\u00e1s\u00e1ra.<\/p>\n<p style=\"text-align: justify\">A <strong>Nemzetk\u00f6zi Lakt\u00e1ci\u00f3s Szaktan\u00e1csad\u00f3 (IBCLC) oklev\u00e9l<\/strong> 1985 \u00f3ta szerezhet\u0151 meg (b\u0151vebben l\u00e1sd a\u00a0<a href=\"http:\/\/www.ibclc.hu\/\" target=\"_blank\" rel=\"noopener\">www.ibclc.hu<\/a>\u00a0oldalt), vil\u00e1gszerte jelenleg t\u00f6bb mint 31 ezer lakt\u00e1ci\u00f3s szaktan\u00e1csad\u00f3 tev\u00e9kenykedik mintegy 100 orsz\u00e1gban. Egy r\u00e9sz\u00fck v\u00e9d\u0151n\u0151i, sz\u00fcl\u00e9szn\u0151i, vagy gyermekorvosi munkak\u00f6rben dolgozik, a szoptat\u00e1ssal kapcsolatos ismereteket felhaszn\u00e1lva a mindennapi gyakorlatban. Egyes orsz\u00e1gokban c\u00e9lul t\u0171zt\u00e9k ki, hogy az anya-csecsem\u0151 p\u00e1rossal foglalkoz\u00f3 szakemberek min\u00e9l nagyobb h\u00e1nyada rendelkezzen ez ir\u00e1ny\u00fa k\u00e9pes\u00edt\u00e9ssel. Nyugat-Eur\u00f3p\u00e1ban, \u00c9szak-Amerik\u00e1ban \u00e9s Ausztr\u00e1li\u00e1ban az eg\u00e9szs\u00e9g\u00fcgyi int\u00e9zm\u00e9nyek sz\u00edvesen alkalmazz\u00e1k a nemzetk\u00f6zi vizsg\u00e1val is rendelkez\u0151 szakembereket, \u00edgy \u0151k el\u0151nyt \u00e9lveznek azokkal szemben, akik m\u00f6g\u00f6tt nem \u00e1ll a tekint\u00e9lyes vizsgabizotts\u00e1g aj\u00e1nl\u00e1sa.<\/p>\n<p style=\"text-align: justify\">A lakt\u00e1ci\u00f3s szaktan\u00e1csad\u00f3k jelent\u0151s r\u00e9sze f\u0151 tev\u00e9kenys\u00e9gk\u00e9nt teljes vagy r\u00e9szmunkaid\u0151ben dolgozik k\u00f3rh\u00e1zak sz\u00fcl\u00e9szeti oszt\u00e1lyain, \u00fajsz\u00fcl\u00f6tt oszt\u00e1lyokon, tov\u00e1bb\u00e1 ambul\u00e1ns keretek k\u00f6z\u00f6tt is, a gyermekgy\u00f3gy\u00e1szati rendel\u00e9shez t\u00e1rsulva vagy \u00f6n\u00e1ll\u00f3 rendel\u00e9s form\u00e1j\u00e1ban, valamint az \u00e9desany\u00e1k otthon\u00e1ban. Magyarorsz\u00e1gon jelenleg (2019-es adat) 130 nemzetk\u00f6zi vizsg\u00e1val rendelkez\u0151 lakt\u00e1ci\u00f3s szaktan\u00e1csad\u00f3 tev\u00e9kenykedik.<\/p>\n<hr \/>\n<p><strong>Tov\u00e1bbi inform\u00e1ci\u00f3k a\u00a0lakt\u00e1ci\u00f3s szaktan\u00e1csad\u00f3 szakir\u00e1ny\u00fa tov\u00e1bbk\u00e9pz\u00e9si szakr\u00f3l:<\/strong><\/p>\n<ul class=\"children\" style=\"list-style-type: square\">\n<li class=\"page_item page-item-77\"><strong><a href=\"https:\/\/semmelweis.hu\/mental\/szakiranyu-kepzesek\/laktacios-szaktanacsado\/felveteli-tajekoztato\/\">Felv\u00e9teli t\u00e1j\u00e9koztat\u00f3<\/a><\/strong><\/li>\n<li class=\"page_item page-item-78\"><strong><a href=\"https:\/\/semmelweis.hu\/mental\/szakiranyu-kepzesek\/laktacios-szaktanacsado\/a-kepzes-bemutatasa\/\">A k\u00e9pz\u00e9s bemutat\u00e1sa<\/a><\/strong><\/li>\n<li class=\"page_item page-item-7429\"><strong><a href=\"https:\/\/semmelweis.hu\/mental\/szakiranyu-kepzesek\/laktacios-szaktanacsado\/laktacios-konferencia-2025-januar-17-18\/\">Lakt\u00e1ci\u00f3s konferencia 2025. janu\u00e1r 17-18.<\/a><\/strong><\/li>\n<li class=\"page_item page-item-80\"><strong><a href=\"https:\/\/semmelweis.hu\/mental\/szakiranyu-kepzesek\/laktacios-szaktanacsado\/tudaselemek-es-ismeretek\/\">Tud\u00e1selemek \u00e9s ismeretek<\/a><\/strong><\/li>\n<li class=\"page_item page-item-81\"><strong><a href=\"https:\/\/semmelweis.hu\/mental\/szakiranyu-kepzesek\/laktacios-szaktanacsado\/szakkepzettseg-alkalmazas\/\">Szakk\u00e9pzetts\u00e9g alkalmaz\u00e1s<\/a><\/strong><\/li>\n<li class=\"page_item page-item-6724\"><strong><a href=\"https:\/\/semmelweis.hu\/mental\/szakiranyu-kepzesek\/laktacios-szaktanacsado\/informaciok-a-szakdolgozatrol\/\">Tanulm\u00e1nyi t\u00e1j\u00e9koztat\u00f3, szakdolgozati t\u00e1j\u00e9koztat\u00f3, k\u00e9pz\u00e9si alkalmak<\/a><\/strong><\/li>\n<li class=\"page_item page-item-2761\"><strong><a href=\"https:\/\/semmelweis.hu\/mental\/szakiranyu-kepzesek\/laktacios-szaktanacsado\/ibclc-vizsgajelentkezes\/\">IBCLC vizsgajelentkez\u00e9s<\/a><\/strong><\/li>\n<li class=\"page_item page-item-83\"><strong><a href=\"https:\/\/semmelweis.hu\/mental\/szakiranyu-kepzesek\/laktacios-szaktanacsado\/kontaktszemelyek\/\">Kontaktszem\u00e9lyek<\/a><\/strong><\/li>\n<\/ul>\n","protected":false},"excerpt":{"rendered":"<p>A lakt\u00e1ci\u00f3s szaktan\u00e1csad\u00f3 olyan specialista, aki a szoptat\u00f3 anya \u00e9s a szoptatott csecsem\u0151 k\u00fcl\u00f6nleges ig\u00e9nyeit szem el\u0151tt tartva megel\u0151zi, felismeri, illetve seg\u00edt megoldani a lakt\u00e1ci\u00f3val, anyatejes t\u00e1pl\u00e1l\u00e1ssal kapcsolatos probl\u00e9m\u00e1kat, \u00e9s feladatk\u00f6re kiterjed a gyermekv\u00e1r\u00e1s, csecsem\u0151gondoz\u00e1s \u00e9s csal\u00e1dgondoz\u00e1s ter\u00fclet\u00e9re is. A c\u00e9lzottan a szoptat\u00e1ssal kapcsolatos seg\u00edts\u00e9gny\u00fajt\u00e1sra kik\u00e9pzett szakemberek hi\u00e1ny\u00e1ban az anyatejes t\u00e1pl\u00e1l\u00e1ssal, szoptat\u00e1ssal kapcsolatos ismeret\u00e1tad\u00e1st, seg\u00edts\u00e9gny\u00fajt\u00e1st &hellip;<\/p>\n","protected":false},"author":101614,"featured_media":0,"parent":11,"menu_order":4,"comment_status":"closed","ping_status":"closed","template":"","meta":{"_acf_changed":false,"footnotes":""},"categories":[],"tags":[],"class_list":["post-79","page","type-page","status-publish","hentry"],"acf":[],"_links":{"self":[{"href":"https:\/\/semmelweis.hu\/mental\/wp-json\/wp\/v2\/pages\/79","targetHints":{"allow":["GET"]}}],"collection":[{"href":"https:\/\/semmelweis.hu\/mental\/wp-json\/wp\/v2\/pages"}],"about":[{"href":"https:\/\/semmelweis.hu\/mental\/wp-json\/wp\/v2\/types\/page"}],"author":[{"embeddable":true,"href":"https:\/\/semmelweis.hu\/mental\/wp-json\/wp\/v2\/users\/101614"}],"replies":[{"embeddable":true,"href":"https:\/\/semmelweis.hu\/mental\/wp-json\/wp\/v2\/comments?post=79"}],"version-history":[{"count":6,"href":"https:\/\/semmelweis.hu\/mental\/wp-json\/wp\/v2\/pages\/79\/revisions"}],"predecessor-version":[{"id":8383,"href":"https:\/\/semmelweis.hu\/mental\/wp-json\/wp\/v2\/pages\/79\/revisions\/8383"}],"up":[{"embeddable":true,"href":"https:\/\/semmelweis.hu\/mental\/wp-json\/wp\/v2\/pages\/11"}],"wp:attachment":[{"href":"https:\/\/semmelweis.hu\/mental\/wp-json\/wp\/v2\/media?parent=79"}],"wp:term":[{"taxonomy":"category","embeddable":true,"href":"https:\/\/semmelweis.hu\/mental\/wp-json\/wp\/v2\/categories?post=79"},{"taxonomy":"post_tag","embeddable":true,"href":"https:\/\/semmelweis.hu\/mental\/wp-json\/wp\/v2\/tags?post=79"}],"curies":[{"name":"wp","href":"https:\/\/api.w.org\/{rel}","templated":true}]}}