{"id":77,"date":"2018-06-08T00:00:00","date_gmt":"2018-06-07T22:00:00","guid":{"rendered":"http:\/\/semmelweis.hu\/mental\/felveteli-tajekoztato\/"},"modified":"2026-03-30T10:49:06","modified_gmt":"2026-03-30T08:49:06","slug":"felveteli-tajekoztato","status":"publish","type":"page","link":"https:\/\/semmelweis.hu\/mental\/szakiranyu-kepzesek\/laktacios-szaktanacsado\/felveteli-tajekoztato\/","title":{"rendered":"Felv\u00e9teli t\u00e1j\u00e9koztat\u00f3"},"content":{"rendered":"<div>\n<p align=\"center\"><strong>T\u00e1j\u00e9koztat\u00f3 a Lakt\u00e1ci\u00f3s Szaktan\u00e1csad\u00f3 szakir\u00e1ny\u00fa tov\u00e1bbk\u00e9pz\u00e9s felv\u00e9teli elj\u00e1r\u00e1srendj\u00e9r\u0151l<\/strong><\/p>\n<\/div>\n<p>Kedves \u00c9rdekl\u0151d\u0151!<\/p>\n<p><span style=\"color: #008000\"><strong>A k\u00f6vetkez\u0151 \u00e9vfolyam 2026. szeptemberben indul.<\/strong><\/span><\/p>\n<p><strong>A k\u00e9pz\u00e9s form\u00e1ja:<\/strong> Levelez\u0151, k\u00f6lts\u00e9gt\u00e9r\u00edt\u00e9ses, jelenl\u00e9ti k\u00e9pz\u00e9s<\/p>\n<p><strong>A k\u00e9pz\u00e9s id\u0151tartama:<\/strong> 3 f\u00e9l\u00e9v (90 kredit)<\/p>\n<p><strong>A k\u00e9pz\u00e9s gyakoris\u00e1ga:<\/strong> havonta, p\u00e9nteki \u00e9s szombati napokon szem\u00e9lyes jelenl\u00e9ttel megtartott (kb. 9:00 \u00f3rai kezd\u00e9sre \u00e9s 18:00-19:00 \u00f3rai z\u00e1r\u00e1sra kell sz\u00e1m\u00edtani)<\/p>\n<p><strong>Az 1. f\u00e9l\u00e9v nyit\u00f3napja: <\/strong>2026. okt\u00f3ber 3. Az 1. k\u00e9pz\u00e9si h\u00e9tv\u00e9ge: okt\u00f3ber 9-10.<\/p>\n<p><strong>K\u00f6lts\u00e9gt\u00e9r\u00edt\u00e9s \u00f6sszege: <\/strong>240.000 Ft\/f\u00e9l\u00e9v<\/p>\n<p><b>A jelentkez\u00e9s d\u00edja: <\/b>9\u00a0000,- (A d\u00edjat a jelentkez\u00e9si fel\u00fcleten t\u00f6rt\u00e9nt regisztr\u00e1ci\u00f3 ut\u00e1n, a jelentkez\u00e9s utols\u00f3 l\u00e9p\u00e9sek\u00e9nt kell fizetni utal\u00e1ssal, vagy bankk\u00e1rty\u00e1s fizet\u00e9ssel.)<\/p>\n<p><strong>Jelentkez\u00e9si hat\u00e1rid\u0151 v\u00e1rhat\u00f3an:<\/strong> 2026. m\u00e1rcius 31.<\/p>\n<p>A jelentkez\u00e9si fel\u00fclet v\u00e1rhat\u00f3an 2026. febru\u00e1r elej\u00e9n ny\u00edlik meg.<\/p>\n<p>A felv\u00e9teli tervezett id\u0151pontja: 2026. m\u00e1jus 19.<\/p>\n<p><strong>Jelentkez\u00e9s online fel\u00fcleten t\u00f6rt\u00e9nik\u00a0<a href=\"https:\/\/mhi.semmelweis.hu\/login\">ITT<\/a>.<\/strong><\/p>\n<hr \/>\n<p><strong>Tov\u00e1bbi r\u00e9szletes inform\u00e1ci\u00f3 a k\u00e9pz\u00e9sr\u0151l:<\/strong><\/p>\n<ul style=\"list-style-type: square\">\n<li><strong><a href=\"https:\/\/semmelweis.hu\/mental\/szakiranyu-kepzesek\/laktacios-szaktanacsado\/a-kepzes-bemutatasa\/\">A k\u00e9pz\u00e9s bemutat\u00e1sa<\/a><\/strong><\/li>\n<li><strong><a href=\"https:\/\/semmelweis.hu\/mental\/szakiranyu-kepzesek\/laktacios-szaktanacsado\/kik-a-laktacios-szaktanacsadok\/\">Kik a lakt\u00e1ci\u00f3s szaktan\u00e1csad\u00f3k?<\/a><\/strong><\/li>\n<li><strong><a href=\"https:\/\/semmelweis.hu\/mental\/szakiranyu-kepzesek\/laktacios-szaktanacsado\/laktacios-konferencia-2025-januar-17-18\/\">Lakt\u00e1ci\u00f3s konferencia 2025. janu\u00e1r 17-18.<\/a><\/strong><\/li>\n<li><strong><a href=\"https:\/\/semmelweis.hu\/mental\/szakiranyu-kepzesek\/laktacios-szaktanacsado\/tudaselemek-es-ismeretek\/\">Tud\u00e1selemek \u00e9s ismeretek<\/a><\/strong><\/li>\n<li><strong><a href=\"https:\/\/semmelweis.hu\/mental\/szakiranyu-kepzesek\/laktacios-szaktanacsado\/szakkepzettseg-alkalmazas\/\">Szakk\u00e9pzetts\u00e9g alkalmaz\u00e1s<\/a><\/strong><\/li>\n<li><strong><a href=\"https:\/\/semmelweis.hu\/mental\/szakiranyu-kepzesek\/laktacios-szaktanacsado\/informaciok-a-szakdolgozatrol\/\">Tanulm\u00e1nyi t\u00e1j\u00e9koztat\u00f3, szakdolgozati t\u00e1j\u00e9koztat\u00f3, k\u00e9pz\u00e9si alkalmak<\/a><\/strong><\/li>\n<li><strong><a href=\"https:\/\/semmelweis.hu\/mental\/szakiranyu-kepzesek\/laktacios-szaktanacsado\/ibclc-vizsgajelentkezes\/\">IBCLC vizsgajelentkez\u00e9s<\/a><\/strong><\/li>\n<li><strong><a href=\"https:\/\/semmelweis.hu\/mental\/szakiranyu-kepzesek\/laktacios-szaktanacsado\/kontaktszemelyek\/\">Kontaktszem\u00e9lyek<\/a><\/strong><\/li>\n<\/ul>\n<hr \/>\n<p><strong>A felv\u00e9teli d\u00edj befizet\u00e9s\u00e9vel kapcsolatos inform\u00e1ci\u00f3k:<\/strong><\/p>\n<ul>\n<li>A felv\u00e9teli elj\u00e1r\u00e1s d\u00edja: 9000 forint, melyet \u2013 a jelentkez\u00e9si fel\u00fcleten v\u00e1laszthat\u00f3 m\u00f3don \u2013 \u00e1tutal\u00e1ssal vagy bankk\u00e1rty\u00e1s fizet\u00e9ssel lehet rendezni.<\/li>\n<li>A befizet\u00e9sr\u0151l a Ment\u00e1lhigi\u00e9n\u00e9 Int\u00e9zet a Semmelweis Egyetem hat\u00e1lyos szab\u00e1lyzatai alapj\u00e1n sz\u00e1ml\u00e1t \u00e1ll\u00edt ki. A ki\u00e1ll\u00edtott e-sz\u00e1ml\u00e1t a regisztr\u00e1ci\u00f3 sor\u00e1n megadott email c\u00edm\u00e9re k\u00fcldj\u00fck \u00d6nnek.\u00a0<\/li>\n<\/ul>\n<hr \/>\n<p style=\"text-align: justify\"><strong>Jelentkez\u00e9si felt\u00e9telek:<\/strong><\/p>\n<p style=\"text-align: justify\">A nemzeti fels\u0151oktat\u00e1sr\u00f3l sz\u00f3l\u00f3 2011. \u00e9vi CCIV. t\u00f6rv\u00e9ny egyes rendelkez\u00e9seinek v\u00e9grehajt\u00e1s\u00e1r\u00f3l sz\u00f3l\u00f3 87\/2015. (IV. 9.) Korm. rendelet \u00e9rtelm\u00e9ben a szakir\u00e1ny\u00fa tov\u00e1bbk\u00e9pz\u00e9sek k\u00e9pz\u00e9si \u00e9s kimeneti k\u00f6vetelm\u00e9nyeinek (KKK) k\u00f6telez\u0151 tartalmi eleme volt a felv\u00e9tel felt\u00e9teleinek meghat\u00e1roz\u00e1sa.<\/p>\n<p style=\"text-align: justify\">2024. janu\u00e1r 1-j\u00e9t\u0151l hat\u00e1lyos jogszab\u00e1ly m\u00f3dos\u00edt\u00e1s \u00e9rtelm\u00e9ben e k\u00f6telez\u0151 tartalmi elem kiker\u00fclt a KKK-b\u00f3l, \u00edgy a fels\u0151oktat\u00e1si int\u00e9zm\u00e9nyek saj\u00e1t hat\u00e1sk\u00f6rben rendelkezhetnek az egyes k\u00e9pz\u00e9sek bemeneti felt\u00e9teleir\u0151l.<\/p>\n<p style=\"text-align: justify\">A lakt\u00e1ci\u00f3s szaktan\u00e1csad\u00f3 szakir\u00e1ny\u00fa tov\u00e1bbk\u00e9pz\u00e9si szakon a felv\u00e9tel felt\u00e9teleit a Semmelweis Egyetem Szen\u00e1tusa a Szervezeti \u00e9s M\u0171k\u00f6d\u00e9si Szab\u00e1lyzat Felv\u00e9teli Szab\u00e1lyzat\u00e1ban r\u00f6gz\u00edti.\u00a0<\/p>\n<p>Bemeneti k\u00f6vetelm\u00e9nyek, <span style=\"font-size: 1rem\">legal\u00e1bb alapk\u00e9pz\u00e9si szakon szerzett oklev\u00e9l:<\/span><\/p>\n<ul>\n<li>orvos- \u00e9s eg\u00e9szs\u00e9gtudom\u00e1nyi,<\/li>\n<li>b\u00f6lcs\u00e9szettudom\u00e1nyi,<\/li>\n<li>t\u00e1rsadalomtudom\u00e1nyi,<\/li>\n<li>pedag\u00f3gusk\u00e9pz\u00e9s,<\/li>\n<li>term\u00e9szettudom\u00e1nyi (biol\u00f3gus),<\/li>\n<li>jogi,<\/li>\n<li>m\u0171v\u00e9szet, m\u0171v\u00e9szetk\u00f6zvet\u00edt\u00e9s,<\/li>\n<li>sporttudom\u00e1nyi (eg\u00e9szs\u00e9gfejleszt\u00e9s rekre\u00e1ci\u00f3),<\/li>\n<li>\u00e1llatorvosi szakon szerzett oklev\u00e9l.\u00a0<\/li>\n<\/ul>\n<hr \/>\n<p style=\"text-align: justify\">Tov\u00e1bbi felt\u00e9tel, hogy a jelentkez\u0151 rendelkezzen\u00a0<strong>1000 \u00f3ra igazolhat\u00f3 klinikai tapasztalattal<\/strong>\u00a0szoptat\u00f3 anya-gyerek p\u00e1rosok k\u00eds\u00e9r\u00e9se ter\u00e9n, mely\u00a0<strong>kiv\u00e1lthat\u00f3 500 \u00f3ra<\/strong>\u00a0nemzetk\u00f6zi\u00a0<strong>lakt\u00e1ci\u00f3s szaktan\u00e1csad\u00f3 mentor\u00e1l\u00e1sa mellett t\u00f6rt\u00e9n\u0151 gyakorlattal<\/strong>. Az \u00f3r\u00e1k megszerz\u00e9se p\u00f3tolhat\u00f3 a harmadik f\u00e9l\u00e9v v\u00e9g\u00e9ig, de a felv\u00e9teli sor\u00e1n a tapasztalat megl\u00e9te el\u0151nyt jelent. (A k\u00e9pz\u00e9sbe integr\u00e1lt 24 \u00f3ra klinikai gyakorlat nem \u00e9rtend\u0151 bele az 1000\/500 \u00f3ra gyakorlatba. Ez ut\u00f3bbi a k\u00e9pz\u00e9s el\u0151felt\u00e9tele.)<\/p>\n<p>Seg\u00edts\u00e9g a gyakorlat sz\u00e1m\u00edt\u00e1s\u00e1hoz: <a href=\"https:\/\/semmelweis.hu\/mental\/files\/2023\/03\/LAKTACIO-segitseg-gyakorlatszamitashoz.xlsx\" target=\"_blank\" rel=\"noopener\">LAKT\u00c1CI\u00d3-seg\u00edts\u00e9g gyakorlatsz\u00e1m\u00edt\u00e1shoz\u00a0<\/a><\/p>\n<h2 id=\"h.xmq9gtvlgh2f\" class=\"c7\"><strong><span style=\"font-family: 'pt serif';font-size: 18pt\">Hogyan szerezhet valaki ilyen klinikai tapasztalatot?<\/span><\/strong><br \/><strong><span style=\"font-family: 'pt serif';font-size: 18pt\">Eg\u00e9szs\u00e9g\u00fcgyi szakemberk\u00e9nt munkak\u00f6r\u00e9n bel\u00fcl<\/span><\/strong><\/h2>\n<p class=\"c2\" style=\"text-align: justify\">A jelentkez\u0151 n<span class=\"c4\">api munk\u00e1j\u00e1nak gyakorl\u00e1sa sor\u00e1n rendszeresen tal\u00e1lkozik szoptat\u00f3 anya-csecsem\u0151 p\u00e1rokkal, akiket munkak\u00f6r\u00e9n bel\u00fcl a szoptat\u00e1sban is t\u00e1mogat. Ilyen lehet p\u00e9ld\u00e1ul: v\u00e9d\u0151n\u0151, csecsem\u0151\u00e1pol\u00f3, sz\u00fcl\u00e9szn\u0151, neonatol\u00f3gus, h\u00e1zi gyermekorvos stb.<br \/>Mivel &#8211; term\u00e9szetesen &#8211; egyik munkak\u00f6rben sem folyamatos feladat a szoptat\u00e1s t\u00e1mogat\u00e1s, a Nemzetk\u00f6zi Vizsgabizotts\u00e1g aj\u00e1nl\u00e1sa alapj\u00e1n az al\u00e1bbi munkak\u00f6r\u00f6k eset\u00e9n a munkaid\u0151 megadott sz\u00e1zal\u00e9ka vehet\u0151 figyelembe mint szoptat\u00e1s t\u00e1mogat\u00e1ssal t\u00f6lt\u00f6tt klinikai gyakorlati \u00f3ra:<\/span><\/p>\n<ul class=\"c10 lst-kix_qxhrhtgnk6s-0 start\">\n<li class=\"c1 li-bullet-0\"><span class=\"c4\">sz\u00fcl\u00e9szn\u0151 20%<\/span><\/li>\n<li class=\"c1 li-bullet-0\"><span class=\"c4\">ter\u00fcleti v\u00e9d\u0151n\u0151 30%<\/span><\/li>\n<li class=\"c1 li-bullet-0\">csecsem\u0151kkel foglalkoz\u00f3 gy\u00f3gytorn\u00e1sz 10%<\/li>\n<li class=\"c1 li-bullet-0\"><span class=\"c4\">gyermekorvos, \u00fajsz\u00fcl\u00f6ttel is foglalkoz\u00f3 30%<\/span><\/li>\n<li class=\"c1 li-bullet-0\"><span class=\"c4\">sz\u00fcl\u00e9szorvos 15%<\/span><\/li>\n<li class=\"c1 li-bullet-0\"><span class=\"c4\">csecsem\u0151\u00e1pol\u00f3 60%<\/span><\/li>\n<li class=\"c1 li-bullet-0\">k\u00f3rh\u00e1zi v\u00e9d\u0151n\u0151 40%<\/li>\n<li class=\"c1 li-bullet-0\"><span class=\"c4\">h\u00e1zi gyermekorvos 30%<\/span><\/li>\n<li class=\"c1 li-bullet-0\"><span class=\"c4\">gy\u00f3gyszer\u00e9sz 10%<\/span><\/li>\n<\/ul>\n<p class=\"c2\"><span class=\"c4\">A megl\u00e9v\u0151 \u00f3r\u00e1kat teljes, 40 \u00f3r\u00e1s munkaid\u0151ben dolgoz\u00f3 szem\u00e9ly eset\u00e9ben a k\u00f6vetkez\u0151 k\u00e9plettel lehet kisz\u00e1molni:<\/span><\/p>\n<p class=\"c2 c13\"><em><span class=\"c11\">az adott munkak\u00f6rben elt\u00f6lt\u00f6tt \u00e9vek sz\u00e1ma x 48 (ez az egy \u00e9v alatt munk\u00e1ban t\u00f6lt\u00f6tt hetek sz\u00e1ma az \u00e1tlagos szabads\u00e1g levon\u00e1s\u00e1val) x 40 x az adott sz\u00e1zal\u00e9kkal<\/span><\/em><\/p>\n<p class=\"c2 c13\"><span class=\"c4\">Pl. egy 5 \u00e9ve dolgoz\u00f3 ter\u00fcleti v\u00e9d\u0151n\u0151 eset\u00e9ben: 5x48x40x0,3= 2880<\/span><\/p>\n<p class=\"c2\" style=\"text-align: justify\"><span class=\"c4\">Orvos rezidensek eset\u00e9ben a gyakorlati id\u0151nek azok a hetei vehet\u0151ek figyelembe, amit olyan oszt\u00e1lyon t\u00f6lt\u00f6ttek, ahol a szoptat\u00f3 anya-csecsem\u0151 p\u00e1rok gyakran megfordulnak. Ilyenek p\u00e9ld\u00e1ul az \u00fajsz\u00fcl\u00f6tt oszt\u00e1ly, perinat\u00e1lis intenz\u00edv centrum, gyermekoszt\u00e1ly (ut\u00f3bbi egy\u00e9ni elb\u00edr\u00e1l\u00e1st ig\u00e9nyel, att\u00f3l f\u00fcgg\u0151en, hogy az adott oszt\u00e1lyon jellemz\u0151en vannak-e szoptat\u00e1s t\u00e1mogat\u00e1sra szorul\u00f3 p\u00e1ciensek).<\/span><\/p>\n<p class=\"c2\" style=\"text-align: justify\"><span class=\"c0\">A gyakorlat megl\u00e9t\u00e9t a munk\u00e1ltat\u00f3nak igazolnia kell legk\u00e9s\u0151bb a harmadik f\u00e9l\u00e9v v\u00e9g\u00e9ig, azaz a jelentkez\u00e9skor hi\u00e1nyz\u00f3 \u00f3r\u00e1k a k\u00e9pz\u00e9s ideje alatt p\u00f3tolhat\u00f3k.<\/span><\/p>\n<ul>\n<li>Hallgat\u00f3knak sz\u00f3l\u00f3 \u00e1ltal\u00e1nos t\u00e1j\u00e9koztat\u00f3 (<a href=\"https:\/\/docs.google.com\/document\/d\/e\/2PACX-1vTueQopK62oBSf--1tQAekOEoGqYYUyXo0dcmle3J-7qi1hdCSYTzt_HvPK5fj6hjcBZwoJc2qeCvF0\/pub\" target=\"_blank\" rel=\"noopener\">T\u00e1j\u00e9koztat\u00f3 a k\u00e9pz\u00e9s el\u0151tt teljes\u00edtend\u0151 1000 \u00f3ra szoptat\u00e1si tan\u00e1csad\u00e1si gyakorlathoz<\/a>)<\/li>\n<li>A mentoroknak sz\u00f3l\u00f3 \u00e1ltal\u00e1nos t\u00e1j\u00e9koztat\u00f3 (<a href=\"https:\/\/docs.google.com\/document\/d\/e\/2PACX-1vRyVBjDMYOrQlc32_aVp_wwF2pa32OXoM6-_XCkwSv5PIO-uhaPdVb0DfXeKSlDH954Bxoum4D5qB2z\/pub\" target=\"_blank\" rel=\"noopener\">T\u00e1j\u00e9koztat\u00f3 mentor\u00e1l\u00e1st v\u00e1llal\u00f3 lakt\u00e1ci\u00f3s szaktan\u00e1csad\u00f3k sz\u00e1m\u00e1ra<\/a>)<\/li>\n<\/ul>\n<p><span style=\"font-size: 1rem\">A megl\u00e9v\u0151 szakmai gyakorlatot al\u00e1t\u00e1maszt\u00f3 m<\/span>unk\u00e1ltat\u00f3i igazol\u00e1sminta <a href=\"https:\/\/semmelweis.hu\/mental\/files\/2025\/02\/Munkaltatoi_igazolas_MINTA.pdf\" target=\"_blank\" rel=\"noopener\">ITT<\/a> t\u00f6lthet\u0151 le.<\/p>\n<hr \/>\n<p style=\"text-align: justify\"><strong>\u00a0Az al\u00e1bbi dokumentumok bek\u00fcld\u00e9s\u00e9re lesz sz\u00fcks\u00e9g:<\/strong><\/p>\n<ol>\n<li style=\"text-align: justify\">f\u00e9nyk\u00e9pes \u00f6n\u00e9letrajz\u00a0<\/li>\n<li style=\"text-align: justify\">diploma m\u00e1solata (ha t\u00f6bb diplom\u00e1ja van, CSAK azt k\u00fcldje be, amelyre a k\u00e9pz\u00e9st \u00e9p\u00edteni k\u00edv\u00e1nja),\u00a0folyamatban l\u00e9v\u0151 k\u00e9pz\u00e9s eset\u00e9n a k\u00e9pz\u00e9st igazol\u00f3 dokumentum (a Neptunb\u00f3l), amib\u0151l kider\u00fcl a k\u00e9pz\u00e9s neve, v\u00e1rhat\u00f3 befejez\u00e9se.\u00a0<\/li>\n<li style=\"text-align: justify\">motiv\u00e1ci\u00f3s lev\u00e9l: A motiv\u00e1ci\u00f3s lev\u00e9lben k\u00e9rj\u00fck, hogy mindenk\u00e9ppen r\u00e9szletezze:<\/li>\n<\/ol>\n<ul style=\"list-style-type: circle\">\n<li style=\"text-align: justify\">mi\u00e9rt szeretne a k\u00e9pz\u00e9s\u00fcnk\u00f6n tanulni, milyen t\u00e1vlati c\u00e9ljai vannak a k\u00e9pzetts\u00e9g megszerz\u00e9s\u00e9vel,<\/li>\n<li style=\"text-align: justify\">hogy h\u00e1ny \u00f3ra igazolhat\u00f3 gyakorlattal rendelkezik a szoptat\u00f3 anya-gyermek p\u00e1ros k\u00eds\u00e9r\u00e9se ter\u00e9n.<\/li>\n<\/ul>\n<p style=\"text-align: justify\">Azok a dokumentumok, amik k\u00e9p form\u00e1j\u00e1ban \u00e9rkeznek (diplomam\u00e1solat, \u00f6n\u00e9letrajz stb.) nagy felbont\u00e1s\u00fa, J\u00d3L OLVASHAT\u00d3 form\u00e1ban fogadhat\u00f3k el. K\u00e9rj\u00fck, a f\u00e9nyk\u00e9pez\u00e9shez megfelel\u0151 eszk\u00f6z\u00f6ket haszn\u00e1ljon, okostelefonos r\u00f6gz\u00edt\u00e9s eset\u00e9n javasoljuk a szkennel\u00e9sre fejlesztett ingyenes applik\u00e1ci\u00f3k haszn\u00e1lat\u00e1t.<\/p>\n<p style=\"text-align: justify\"><strong>A sz\u00f3beli felv\u00e9teli a felv\u00e9teli krit\u00e9riumok megl\u00e9t\u00e9t \u00e9s a k\u00e9pz\u00e9sre val\u00f3 alkalmass\u00e1got hivatott vizsg\u00e1lni. R\u00e9szt vesznek rajta a k\u00e9pz\u00e9s vezet\u0151i \u00e9s oktat\u00f3i.<\/strong><\/p>\n<p style=\"text-align: justify\">A felv\u00e9telin kaphat\u00f3 maxim\u00e1lis pontsz\u00e1m 40 pont, mely a k\u00f6vetkez\u0151kb\u0151l tev\u0151dik \u00f6ssze:<\/p>\n<ul style=\"text-align: justify\">\n<li>szem\u00e9lyes alkalmass\u00e1g, elhivatotts\u00e1g, lakt\u00e1ci\u00f3s alapismeretek: maximum 30 pont<\/li>\n<li>a gyakorlati \u00f3r\u00e1k megl\u00e9te: maximum 10 pont \u2013 ezzel kapcsolatban c\u00e9lszer\u0171 v\u00e9giggondolni, hogy az ut\u00f3bbi 3-4 \u00e9vben h\u00e1ny \u00f3r\u00e1t dolgozott, \u00e9s ebb\u0151l mennyit ford\u00edtott anya-csecsem\u0151 p\u00e1ros t\u00e1mogat\u00e1s\u00e1ra a szoptat\u00e1sban<\/li>\n<\/ul>\n<p>A felv\u00e9teli besz\u00e9lget\u00e9skor a k\u00f6vetkez\u0151 dokumentumokat felt\u00e9tlen\u00fcl hozni kell:<\/p>\n<ul>\n<li>eredeti diploma,<\/li>\n<li>szem\u00e9lyi igazolv\u00e1ny, k\u00fclf\u00f6ldi \u00e1llampolg\u00e1rs\u00e1g eset\u00e9ben \u00fatlev\u00e9l.<\/li>\n<\/ul>\n<p>Fellebbez\u00e9sre az elutas\u00edt\u00f3 hat\u00e1rozat k\u00e9zhezv\u00e9tel\u00e9t k\u00f6vet\u0151 15 napon bel\u00fcl van lehet\u0151s\u00e9g.<\/p>\n<hr \/>\n<p style=\"text-align: justify\"><strong>Hogyan k\u00e9sz\u00fclhet a felv\u00e9telire?<\/strong><\/p>\n<p style=\"text-align: justify\">A felv\u00e9telire t\u00f6rt\u00e9n\u0151 felk\u00e9sz\u00fcl\u00e9shez javasoljuk <strong>A szoptat\u00e1s n\u0151i m\u0171v\u00e9szete<\/strong> c\u00edm\u0171 k\u00f6nyv ismeret\u00e9t vagy a <strong>Szoptat\u00e1s\u00e9rt Magyar Egyes\u00fclet 40 \u00f3r\u00e1s tanfolyam\u00e1nak<\/strong> elv\u00e9gz\u00e9s\u00e9t vagy\/\u00e9s a k\u00f6vetkez\u0151 <strong>weboldalak<\/strong> anyagainak tanulm\u00e1nyoz\u00e1s\u00e1t:<\/p>\n<p style=\"text-align: justify\"><a href=\"https:\/\/szoptatas.info\/\" target=\"_blank\" rel=\"noopener\">https:\/\/szoptatas.info\/<\/a><\/p>\n<p style=\"text-align: justify\"><a href=\"https:\/\/szoptatasert.hu\/informaciok-a-szoptatasrol\/\" target=\"_blank\" rel=\"noopener\">https:\/\/szoptatasert.hu\/informaciok-a-szoptatasrol\/<\/a><\/p>\n<p style=\"text-align: justify\"><a href=\"https:\/\/szoptatasert.hu\/letoltheto-anyagok\/\" target=\"_blank\" rel=\"noopener\">https:\/\/szoptatasert.hu\/letoltheto-anyagok\/<\/a><\/p>\n<hr \/>\n<p style=\"text-align: justify\"><strong>A nemzetk\u00f6zi vizsga k\u00f6vetelm\u00e9nyrendszere<\/strong> magyar nyelven <a href=\"https:\/\/ibclc-commission.org\/hungarian-2\/#Initial-Candidates\" target=\"_blank\" rel=\"noopener\">itt olvashat\u00f3<\/a>.<\/p>\n<p style=\"text-align: justify\"><strong>Hallgat\u00f3knak sz\u00f3l\u00f3 \u00e1ltal\u00e1nos t\u00e1j\u00e9koztat\u00f3<\/strong> (<a href=\"https:\/\/docs.google.com\/document\/d\/e\/2PACX-1vTueQopK62oBSf--1tQAekOEoGqYYUyXo0dcmle3J-7qi1hdCSYTzt_HvPK5fj6hjcBZwoJc2qeCvF0\/pub\" target=\"_blank\" rel=\"noopener\">T\u00e1j\u00e9koztat\u00f3 a k\u00e9pz\u00e9s el\u0151tt teljes\u00edtend\u0151 1000 \u00f3ra szoptat\u00e1si tan\u00e1csad\u00e1si gyakorlathoz<\/a>)<\/p>\n<p style=\"text-align: justify\"><strong>A mentoroknak sz\u00f3l\u00f3 \u00e1ltal\u00e1nos t\u00e1j\u00e9koztat\u00f3<\/strong> (<a href=\"https:\/\/docs.google.com\/document\/d\/e\/2PACX-1vRyVBjDMYOrQlc32_aVp_wwF2pa32OXoM6-_XCkwSv5PIO-uhaPdVb0DfXeKSlDH954Bxoum4D5qB2z\/pub\" target=\"_blank\" rel=\"noopener\">T\u00e1j\u00e9koztat\u00f3 mentor\u00e1l\u00e1st v\u00e1llal\u00f3 lakt\u00e1ci\u00f3s szaktan\u00e1csad\u00f3k sz\u00e1m\u00e1ra<\/a>)<\/p>\n<div class=\"fontos_div w-100\">\n<p style=\"text-align: justify\">A felv\u00e9telivel \u00e9s a k\u00e9pz\u00e9ssel kapcsolatban tov\u00e1bbi inform\u00e1ci\u00f3 k\u00e9rhet\u0151:<\/p>\n<p><strong>Dr. W. Ungv\u00e1ry Ren\u00e1ta<\/strong>: <a href=\"mailto:ungvary.renata@semmelweis.hu\" target=\"_blank\" rel=\"noopener\">ungvary.renata@semmelweis.hu<\/a><\/p>\n<\/div>\n","protected":false},"excerpt":{"rendered":"<p>T\u00e1j\u00e9koztat\u00f3 a Lakt\u00e1ci\u00f3s Szaktan\u00e1csad\u00f3 szakir\u00e1ny\u00fa tov\u00e1bbk\u00e9pz\u00e9s felv\u00e9teli elj\u00e1r\u00e1srendj\u00e9r\u0151l Kedves \u00c9rdekl\u0151d\u0151! A k\u00f6vetkez\u0151 \u00e9vfolyam 2026. szeptemberben indul. A k\u00e9pz\u00e9s form\u00e1ja: Levelez\u0151, k\u00f6lts\u00e9gt\u00e9r\u00edt\u00e9ses, jelenl\u00e9ti k\u00e9pz\u00e9s A k\u00e9pz\u00e9s id\u0151tartama: 3 f\u00e9l\u00e9v (90 kredit) A k\u00e9pz\u00e9s gyakoris\u00e1ga: havonta, p\u00e9nteki \u00e9s szombati napokon szem\u00e9lyes jelenl\u00e9ttel megtartott (kb. 9:00 \u00f3rai kezd\u00e9sre \u00e9s 18:00-19:00 \u00f3rai z\u00e1r\u00e1sra kell sz\u00e1m\u00edtani) Az 1. f\u00e9l\u00e9v nyit\u00f3napja: &hellip;<\/p>\n","protected":false},"author":101614,"featured_media":0,"parent":11,"menu_order":2,"comment_status":"closed","ping_status":"closed","template":"","meta":{"_acf_changed":false,"footnotes":""},"categories":[],"tags":[],"class_list":["post-77","page","type-page","status-publish","hentry"],"acf":[],"_links":{"self":[{"href":"https:\/\/semmelweis.hu\/mental\/wp-json\/wp\/v2\/pages\/77","targetHints":{"allow":["GET"]}}],"collection":[{"href":"https:\/\/semmelweis.hu\/mental\/wp-json\/wp\/v2\/pages"}],"about":[{"href":"https:\/\/semmelweis.hu\/mental\/wp-json\/wp\/v2\/types\/page"}],"author":[{"embeddable":true,"href":"https:\/\/semmelweis.hu\/mental\/wp-json\/wp\/v2\/users\/101614"}],"replies":[{"embeddable":true,"href":"https:\/\/semmelweis.hu\/mental\/wp-json\/wp\/v2\/comments?post=77"}],"version-history":[{"count":18,"href":"https:\/\/semmelweis.hu\/mental\/wp-json\/wp\/v2\/pages\/77\/revisions"}],"predecessor-version":[{"id":9185,"href":"https:\/\/semmelweis.hu\/mental\/wp-json\/wp\/v2\/pages\/77\/revisions\/9185"}],"up":[{"embeddable":true,"href":"https:\/\/semmelweis.hu\/mental\/wp-json\/wp\/v2\/pages\/11"}],"wp:attachment":[{"href":"https:\/\/semmelweis.hu\/mental\/wp-json\/wp\/v2\/media?parent=77"}],"wp:term":[{"taxonomy":"category","embeddable":true,"href":"https:\/\/semmelweis.hu\/mental\/wp-json\/wp\/v2\/categories?post=77"},{"taxonomy":"post_tag","embeddable":true,"href":"https:\/\/semmelweis.hu\/mental\/wp-json\/wp\/v2\/tags?post=77"}],"curies":[{"name":"wp","href":"https:\/\/api.w.org\/{rel}","templated":true}]}}