{"id":75,"date":"2018-06-08T00:00:00","date_gmt":"2018-06-07T22:00:00","guid":{"rendered":"http:\/\/semmelweis.hu\/mental\/alumni-2\/"},"modified":"2025-12-04T14:32:55","modified_gmt":"2025-12-04T13:32:55","slug":"alumni","status":"publish","type":"page","link":"https:\/\/semmelweis.hu\/mental\/szakiranyu-kepzesek\/mentalhigiene-tovabbkepzes\/alumni\/","title":{"rendered":"Antropos Ment\u00e1lhygi\u00e9n\u00e9s Egyes\u00fclet"},"content":{"rendered":"<p style=\"text-align: justify\">Az\u00a0<strong>Antropos Ment\u00e1lhygi\u00e9n\u00e9s Egyes\u00fclet<\/strong> 1995-ben alakult.<\/p>\n<p style=\"text-align: justify\">C\u00e9lja a k\u00fcl\u00f6nb\u00f6z\u0151 hum\u00e1n foglalkoz\u00e1s\u00fa, <a href=\"https:\/\/semmelweis.hu\/mental\/szakiranyu-kepzesek\/mentalhigiene-tovabbkepzes\/\" target=\"_blank\" rel=\"noopener\">ment\u00e1lhigi\u00e9n\u00e9sen k\u00e9pzett szakemberek<\/a> k\u00f6z\u00f6tti egy\u00fcttm\u0171k\u00f6d\u00e9s lehet\u0151s\u00e9geinek kiakn\u00e1z\u00e1sa, a tagok szakmai fejl\u0151d\u00e9s\u00e9nek el\u0151seg\u00edt\u00e9se. Az egyes\u00fclet t\u00e1mogatni k\u00edv\u00e1nja tagjait abban, hogy min\u00e9l hat\u00e9konyabban seg\u00edts\u00e9k el\u0151 saj\u00e1t k\u00f6z\u00f6ss\u00e9geikben \u00e9s tev\u00e9kenys\u00e9gi k\u00f6r\u00fckben a lelki eg\u00e9szs\u00e9gv\u00e9delmet, a k\u00f6z\u00f6ss\u00e9gi ment\u00e1lhigi\u00e9n\u00e9 terjed\u00e9s\u00e9t, a primer prevenci\u00f3t.<\/p>\n<p style=\"text-align: justify\">Az egyes\u00fclet c\u00e9lja, hogy ell\u00e1ssa tagjai szakmai \u00e9rdekv\u00e9delm\u00e9t, valamint kutat\u00e1sokat \u00e9s publik\u00e1ci\u00f3kat kezdem\u00e9nyezzen a ment\u00e1lhigi\u00e9n\u00e9 ter\u00fclet\u00e9n. Az egyes\u00fclet t\u00f6rekszik arra, hogy kapcsolatot alak\u00edtson ki a ment\u00e1lhigi\u00e9n\u00e9 ter\u00fclet\u00e9n tev\u00e9kenyked\u0151 hazai \u00e9s k\u00fclf\u00f6ldi szakemberekkel \u00e9s szervezetekkel (h\u00e1l\u00f3zatfejleszt\u00e9s).<\/p>\n<p style=\"text-align: justify\">\u00c9venk\u00e9nt megrendezett konferenci\u00e1ival igyekszik hozz\u00e1j\u00e1rulni a ment\u00e1lhigi\u00e9n\u00e9s szakemberek szakmai seg\u00edt\u0151 h\u00e1l\u00f3zat\u00e1nak kialak\u00edt\u00e1s\u00e1hoz.<\/p>\n<p><strong>Eln\u00f6k: <\/strong>Dr. T\u00e9senyi Timea<\/p>\n<p><strong>Eln\u00f6khelyettes: <\/strong>J\u00e1ray M\u00e1rton<\/p>\n<p><strong>Titk\u00e1r:<\/strong> P\u00e1lfi Judit<\/p>\n<p><strong>E-mail: <a href=\"mailto:antroposegyesulet@gmail.com\" target=\"_blank\" rel=\"noopener\"><strong>antroposegyesulet@gmail.com<\/strong><\/a><\/strong><\/p>\n","protected":false},"excerpt":{"rendered":"<p>Az\u00a0Antropos Ment\u00e1lhygi\u00e9n\u00e9s Egyes\u00fclet 1995-ben alakult. C\u00e9lja a k\u00fcl\u00f6nb\u00f6z\u0151 hum\u00e1n foglalkoz\u00e1s\u00fa, <a href=\"https:\/\/semmelweis.hu\/mental\/szakiranyu-kepzesek\/mentalhigiene-tovabbkepzes\/\" target=\"_blank\" rel=\"noopener\">ment\u00e1lhigi\u00e9n\u00e9sen k\u00e9pzett szakemberek<\/a> k\u00f6z\u00f6tti egy\u00fcttm\u0171k\u00f6d\u00e9s lehet\u0151s\u00e9geinek kiakn\u00e1z\u00e1sa, a tagok szakmai fejl\u0151d\u00e9s\u00e9nek el\u0151seg\u00edt\u00e9se. Az egyes\u00fclet t\u00e1mogatni k\u00edv\u00e1nja tagjait abban, hogy min\u00e9l hat\u00e9konyabban seg\u00edts\u00e9k el\u0151 saj\u00e1t k\u00f6z\u00f6ss\u00e9geikben \u00e9s tev\u00e9kenys\u00e9gi k\u00f6r\u00fckben a lelki eg\u00e9szs\u00e9gv\u00e9delmet, a k\u00f6z\u00f6ss\u00e9gi ment\u00e1lhigi\u00e9n\u00e9 terjed\u00e9s\u00e9t, a primer prevenci\u00f3t. Az egyes\u00fclet c\u00e9lja, hogy ell\u00e1ssa tagjai szakmai \u00e9rdekv\u00e9delm\u00e9t, valamint kutat\u00e1sokat &hellip;<\/p>\n","protected":false},"author":101614,"featured_media":0,"parent":1275,"menu_order":6,"comment_status":"closed","ping_status":"closed","template":"","meta":{"_acf_changed":false,"footnotes":""},"categories":[],"tags":[],"class_list":["post-75","page","type-page","status-publish","hentry"],"acf":[],"_links":{"self":[{"href":"https:\/\/semmelweis.hu\/mental\/wp-json\/wp\/v2\/pages\/75","targetHints":{"allow":["GET"]}}],"collection":[{"href":"https:\/\/semmelweis.hu\/mental\/wp-json\/wp\/v2\/pages"}],"about":[{"href":"https:\/\/semmelweis.hu\/mental\/wp-json\/wp\/v2\/types\/page"}],"author":[{"embeddable":true,"href":"https:\/\/semmelweis.hu\/mental\/wp-json\/wp\/v2\/users\/101614"}],"replies":[{"embeddable":true,"href":"https:\/\/semmelweis.hu\/mental\/wp-json\/wp\/v2\/comments?post=75"}],"version-history":[{"count":8,"href":"https:\/\/semmelweis.hu\/mental\/wp-json\/wp\/v2\/pages\/75\/revisions"}],"predecessor-version":[{"id":8406,"href":"https:\/\/semmelweis.hu\/mental\/wp-json\/wp\/v2\/pages\/75\/revisions\/8406"}],"up":[{"embeddable":true,"href":"https:\/\/semmelweis.hu\/mental\/wp-json\/wp\/v2\/pages\/1275"}],"wp:attachment":[{"href":"https:\/\/semmelweis.hu\/mental\/wp-json\/wp\/v2\/media?parent=75"}],"wp:term":[{"taxonomy":"category","embeddable":true,"href":"https:\/\/semmelweis.hu\/mental\/wp-json\/wp\/v2\/categories?post=75"},{"taxonomy":"post_tag","embeddable":true,"href":"https:\/\/semmelweis.hu\/mental\/wp-json\/wp\/v2\/tags?post=75"}],"curies":[{"name":"wp","href":"https:\/\/api.w.org\/{rel}","templated":true}]}}