{"id":7429,"date":"2024-09-20T14:31:04","date_gmt":"2024-09-20T12:31:04","guid":{"rendered":"https:\/\/semmelweis.hu\/mental\/?page_id=7429"},"modified":"2025-12-04T13:42:14","modified_gmt":"2025-12-04T12:42:14","slug":"laktacios-konferencia-2025-januar-17-18","status":"publish","type":"page","link":"https:\/\/semmelweis.hu\/mental\/szakiranyu-kepzesek\/laktacios-szaktanacsado\/laktacios-konferencia-2025-januar-17-18\/","title":{"rendered":"Lakt\u00e1ci\u00f3s konferencia 2025. janu\u00e1r 17-18."},"content":{"rendered":"<div style=\"text-align: center\"><b>Semmelweis Lakt\u00e1ci\u00f3s Konferencia<\/b><\/div>\n<div style=\"text-align: justify\"><img loading=\"lazy\" decoding=\"async\" class=\"alignnone  wp-image-7430 alignright\" src=\"https:\/\/semmelweis.hu\/mental\/files\/2024\/09\/eletfa-201x300.jpeg\" alt=\"\" width=\"117\" height=\"175\" srcset=\"https:\/\/semmelweis.hu\/mental\/files\/2024\/09\/eletfa-201x300.jpeg 201w, https:\/\/semmelweis.hu\/mental\/files\/2024\/09\/eletfa.jpeg 324w\" sizes=\"auto, (max-width: 117px) 100vw, 117px\" \/><\/div>\n<div style=\"text-align: justify\">\u00a0<\/div>\n<div style=\"text-align: justify\"><strong>Id\u0151pont:<\/strong> 2025. janu\u00e1r 17-18. (<span data-olk-copy-source=\"MessageBody\">A rendezv\u00e9ny nem sajt\u00f3nyilv\u00e1nos.)<\/span><\/div>\n<div style=\"text-align: justify\">\u00a0<\/div>\n<div style=\"text-align: justify\"><strong>Helysz\u00edn:<\/strong> Semmelweis Egyetem, Nagyv\u00e1rad t\u00e9ri Elm\u00e9leti t\u00f6mb (1089 Budapest, Nagyv\u00e1rad t\u00e9r 4.)<\/div>\n<div style=\"text-align: justify\">\u00a0<\/div>\n<div style=\"text-align: justify\">Az els\u0151 napon a szoptat\u00e1s sz\u00ednterei, a m\u00e1sodik napon a szoptat\u00e1s id\u0151beli dimenzi\u00f3i fel\u0151l k\u00f6zel\u00edtj\u00fck meg a hum\u00e1n lakt\u00e1ci\u00f3 ezerarc\u00fa vil\u00e1g\u00e1t.<\/div>\n<div style=\"text-align: justify\">\u00a0<\/div>\n<div style=\"text-align: justify\">R\u00e9szletes program<a href=\"https:\/\/semmelweis.hu\/mental\/files\/2025\/01\/ProgramIdopontokkal0109.docx.pdf\" target=\"_blank\" rel=\"noopener\"> ITT.<\/a>\u00a0<\/div>\n<div style=\"text-align: justify\">\u00a0<\/div>\n<div style=\"text-align: justify\">Az el\u0151ad\u00f3k \u00f6n\u00e9letrajza <a href=\"https:\/\/semmelweis.hu\/mental\/files\/2025\/01\/Oneletrajzok.pdf\" target=\"_blank\" rel=\"noopener\">ITT<\/a> el\u00e9rhet\u0151.<\/div>\n<div style=\"text-align: justify\">\u00a0<\/div>\n<div style=\"text-align: justify\">Az absztraktok <a href=\"https:\/\/semmelweis.hu\/mental\/files\/2025\/01\/Absztraktok-osszes.pdf\" target=\"_blank\" rel=\"noopener\">ITT<\/a> el\u00e9rhet\u0151ek.<\/div>\n<div style=\"text-align: justify\">\u00a0<\/div>\n<div style=\"text-align: justify\">\n<div><span data-olk-copy-source=\"MessageBody\">A konferencia OFTEX akkredit\u00e1lt, orvosoknak 12 tov\u00e1bbk\u00e9pz\u00e9si pontot jelent, szakdolgoz\u00f3k sz\u00e1m\u00e1ra (feln\u0151tt \u00e1pol\u00e1s \u00e9s gondoz\u00e1s szakmacsoport, gyermek \u00e1pol\u00e1s \u00e9s gondoz\u00e1s szakmacsoport, sz\u00fcl\u00e9szeti ell\u00e1t\u00e1s szakmacsoport, v\u00e9d\u0151n\u0151i ell\u00e1t\u00e1s szakmacsoport, k\u00f6zeg\u00e9szs\u00e9g\u00fcgyi \u00e9s n\u00e9peg\u00e9szs\u00e9g\u00fcgyi szakmacsoport) pedig 14 pontra \u00e9rt\u00e9kelte az OKF\u0150.\u00a0<\/span><\/div>\n<div>\u00a0<\/div>\n<div>Konferenci\u00e1nkat szponzori t\u00e1mogat\u00e1sok n\u00e9lk\u00fcl, az any\u00e1k \u00e9s csal\u00e1dok \u00e9rdekmentes t\u00e1mogat\u00e1sa jegy\u00e9ben val\u00f3s\u00edtjuk meg.<\/div>\n<div>\u00a0<\/div>\n<div>A Semmelweis Egyetem <a href=\"https:\/\/semmelweis.hu\/mental\/szakiranyu-kepzesek\/laktacios-szaktanacsado\/\" target=\"_blank\" rel=\"noopener\">Lakt\u00e1ci\u00f3s Szaktan\u00e1csad\u00f3 K\u00e9pz\u00e9s<\/a> \u00e9s a Szoptat\u00e1s\u00e9rt Magyar Egyes\u00fclet k\u00f6z\u00f6s szervez\u00e9s\u00e9ben.<\/div>\n<\/div>\n","protected":false},"excerpt":{"rendered":"<p>Semmelweis Lakt\u00e1ci\u00f3s Konferencia \u00a0 Id\u0151pont: 2025. janu\u00e1r 17-18. (A rendezv\u00e9ny nem sajt\u00f3nyilv\u00e1nos.) \u00a0 Helysz\u00edn: Semmelweis Egyetem, Nagyv\u00e1rad t\u00e9ri Elm\u00e9leti t\u00f6mb (1089 Budapest, Nagyv\u00e1rad t\u00e9r 4.) \u00a0 Az els\u0151 napon a szoptat\u00e1s sz\u00ednterei, a m\u00e1sodik napon a szoptat\u00e1s id\u0151beli dimenzi\u00f3i fel\u0151l k\u00f6zel\u00edtj\u00fck meg a hum\u00e1n lakt\u00e1ci\u00f3 ezerarc\u00fa vil\u00e1g\u00e1t. \u00a0 R\u00e9szletes program <a href=\"https:\/\/semmelweis.hu\/mental\/files\/2025\/01\/ProgramIdopontokkal0109.docx.pdf\" target=\"_blank\" rel=\"noopener\"> ITT.<\/a> \u00a0 \u00a0 Az el\u0151ad\u00f3k \u00f6n\u00e9letrajza &hellip;<\/p>\n","protected":false},"author":101898,"featured_media":7430,"parent":11,"menu_order":4,"comment_status":"closed","ping_status":"closed","template":"","meta":{"_acf_changed":false,"footnotes":""},"categories":[],"tags":[],"class_list":["post-7429","page","type-page","status-publish","has-post-thumbnail","hentry"],"acf":[],"_links":{"self":[{"href":"https:\/\/semmelweis.hu\/mental\/wp-json\/wp\/v2\/pages\/7429","targetHints":{"allow":["GET"]}}],"collection":[{"href":"https:\/\/semmelweis.hu\/mental\/wp-json\/wp\/v2\/pages"}],"about":[{"href":"https:\/\/semmelweis.hu\/mental\/wp-json\/wp\/v2\/types\/page"}],"author":[{"embeddable":true,"href":"https:\/\/semmelweis.hu\/mental\/wp-json\/wp\/v2\/users\/101898"}],"replies":[{"embeddable":true,"href":"https:\/\/semmelweis.hu\/mental\/wp-json\/wp\/v2\/comments?post=7429"}],"version-history":[{"count":11,"href":"https:\/\/semmelweis.hu\/mental\/wp-json\/wp\/v2\/pages\/7429\/revisions"}],"predecessor-version":[{"id":8385,"href":"https:\/\/semmelweis.hu\/mental\/wp-json\/wp\/v2\/pages\/7429\/revisions\/8385"}],"up":[{"embeddable":true,"href":"https:\/\/semmelweis.hu\/mental\/wp-json\/wp\/v2\/pages\/11"}],"wp:featuredmedia":[{"embeddable":true,"href":"https:\/\/semmelweis.hu\/mental\/wp-json\/wp\/v2\/media\/7430"}],"wp:attachment":[{"href":"https:\/\/semmelweis.hu\/mental\/wp-json\/wp\/v2\/media?parent=7429"}],"wp:term":[{"taxonomy":"category","embeddable":true,"href":"https:\/\/semmelweis.hu\/mental\/wp-json\/wp\/v2\/categories?post=7429"},{"taxonomy":"post_tag","embeddable":true,"href":"https:\/\/semmelweis.hu\/mental\/wp-json\/wp\/v2\/tags?post=7429"}],"curies":[{"name":"wp","href":"https:\/\/api.w.org\/{rel}","templated":true}]}}