{"id":74,"date":"2018-06-13T11:58:59","date_gmt":"2018-06-13T09:58:59","guid":{"rendered":"http:\/\/semmelweis.hu\/mental\/?page_id=74"},"modified":"2026-04-16T10:02:11","modified_gmt":"2026-04-16T08:02:11","slug":"felvetel-a-kepzesre","status":"publish","type":"page","link":"https:\/\/semmelweis.hu\/mental\/szakiranyu-kepzesek\/mentalhigiene-tovabbkepzes\/felvetel-a-kepzesre\/","title":{"rendered":"Felv\u00e9tel a k\u00e9pz\u00e9sre"},"content":{"rendered":"<div class=\"WordSection1\">\n<h5>A Ment\u00e1lhigi\u00e9n\u00e9 szakir\u00e1ny\u00fa tov\u00e1bbk\u00e9pz\u00e9s felv\u00e9teli t\u00e1j\u00e9koztat\u00f3ja<\/h5>\n<p><span style=\"font-size: 18pt\"><strong>\u00c1ltal\u00e1nos inform\u00e1ci\u00f3k:<\/strong><\/span><\/p>\n<\/div>\n<div><strong><span style=\"color: #ff0000\">A 2026. szeptember\u00e9ben indul\u00f3 k\u00e9pz\u00e9s\u00fcnkre a jelentkez\u00e9s m\u00e1rcius 15-\u00e9n lez\u00e1rult. P\u00f3tjelentkez\u00e9st nem tartunk.<\/span><\/strong><\/div>\n<div>\u00a0<\/div>\n<div>A jelentkez\u00e9si anyagok feldolgoz\u00e1s\u00e1t elkezdt\u00fck.<\/div>\n<div>\u00a0<\/div>\n<div><strong>A sz\u00f3beli felv\u00e9teliket m\u00e1jus 4. \u00e9s j\u00fanius 4. k\u00f6z\u00f6tt tartjuk.<\/strong><\/div>\n<div><strong>Akiket sz\u00f3beli elbesz\u00e9lget\u00e9sre h\u00edvunk, \u0151ket az \u00e1prilis v\u00e9g\u00e9t\u0151l j\u00fanius elej\u00e9ig tart\u00f3 id\u0151szakban fogjuk \u00e9rtes\u00edteni\u00a0<\/strong><span style=\"font-size: 1rem;font-weight: bolder\">a\u00a0<\/span><span style=\"font-size: 1rem;font-weight: bolder\">felv\u00e9teli pontos id\u0151pontj\u00e1r\u00f3l \u00e9s helysz\u00edn\u00e9r\u0151l <\/span><strong style=\"font-size: 1rem\">azon az e-mail c\u00edmen, amit a jelentkez\u00e9si fel\u00fcleten megadtak<\/strong><strong style=\"font-size: 1rem\">.\u00a0<\/strong><\/div>\n<div>Azokat a jelentkez\u0151ket, akik <span style=\"font-size: 1rem\">nem jutottak tov\u00e1bb az el\u0151sz\u0171r\u00e9sen, szint\u00e9n e-mailben fogjuk t\u00e1j\u00e9koztatni <\/span><span style=\"font-size: 1rem\">\u00e1prilis v\u00e9g\u00e9ig. (A hivatalos hat\u00e1rozatot a k\u00e9s\u0151bbiek folyam\u00e1n postai \u00faton kapj\u00e1k meg.)<\/span><\/div>\n<div>\u00a0<\/div>\n<div>K\u00f6sz\u00f6nj\u00fck a t\u00fcrelm\u00fcket.<\/div>\n<div>&#8212;<\/div>\n<div>\n<p><strong>A felv\u00e9teli elj\u00e1r\u00e1s 2 l\u00e9pcs\u0151s:<\/strong><\/p>\n<ol>\n<li>l\u00e9pcs\u0151: \u00cdr\u00e1sbeli anyagok (be\u00e9rkezett \u00f6n\u00e9letrajz \u00e9s motiv\u00e1ci\u00f3s lev\u00e9l) \u00e9rt\u00e9kel\u00e9se.\u00a0<\/li>\n<li>l\u00e9pcs\u0151: Sz\u00f3beli felv\u00e9teli elj\u00e1r\u00e1s (egy\u00e9ni \u00e9s csoportos).<\/li>\n<\/ol>\n<p><strong>A sz\u00f3beli felv\u00e9teli vizsg\u00e1kra v\u00e1rhat\u00f3an azokat h\u00edvjuk be, akik a bek\u00fcld\u00f6tt \u00edr\u00e1sos anyagiakra (szakmai \u00f6n\u00e9letrajz, motiv\u00e1ci\u00f3s lev\u00e9l) legal\u00e1bb 30 pontot kaptak.<\/strong><\/p>\n<p>A sz\u00f3beli felv\u00e9teli vizsg\u00e1k 2026. tavasz\u00e1n (m\u00e1jus 4. \u00e9s j\u00fanius 4. k\u00f6z\u00f6tt) lesznek, <strong>a pontos id\u0151pontr\u00f3l \u00e9s helysz\u00ednr\u0151l a kialak\u00edtott profilban megadott e-mailre k\u00fcld\u00f6tt lev\u00e9lben \u00e9rtes\u00edtj\u00fck a jelentkez\u0151ket.<\/strong> K\u00e9rj\u00fck, hogy ellen\u0151rizz\u00e9k le azt, nem ker\u00fclt-e spambe az \u00e9rtes\u00edt\u00e9s.\u00a0<\/p>\n<p>A kijel\u00f6lt felv\u00e9teli napon a d\u00e9lel\u0151tt folyam\u00e1n egy 30 perces szem\u00e9lyes elbesz\u00e9lget\u00e9sre sz\u00fcks\u00e9ges k\u00e9sz\u00fclni, d\u00e9lut\u00e1n pedig csoportos besz\u00e9lget\u00e9s keretein bel\u00fcl ismerked\u00fcnk meg a jelentkez\u0151kkel. V\u00e1rhat\u00f3 id\u0151tartama: 9.00-16.30.<\/p>\n<\/div>\n<div><span style=\"font-size: 1rem\">&#8212;<\/span><\/div>\n<div>\n<p><strong>A Ment\u00e1lhigi\u00e9n\u00e9 szakir\u00e1ny\u00fa tov\u00e1bbk\u00e9pz\u00e9sre a r\u00e9szv\u00e9tel el\u0151felt\u00e9tele:<\/strong><\/p>\n<p>Legal\u00e1bb alapk\u00e9pz\u00e9si szakon szerzett diploma a k\u00f6vetkez\u0151 k\u00e9pz\u00e9si ter\u00fcleteken:<\/p>\n<ul>\n<li>Agr\u00e1r<\/li>\n<li>B\u00f6lcs\u00e9szettudom\u00e1ny<\/li>\n<li>Gazdas\u00e1gtudom\u00e1nyok<\/li>\n<li>Hittudom\u00e1ny<\/li>\n<li>Informatika<\/li>\n<li>Jogi \u00e9s igazgat\u00e1si<\/li>\n<li>M\u0171szaki<\/li>\n<li>M\u0171v\u00e9szet<\/li>\n<li>M\u0171v\u00e9szetk\u00f6zvet\u00edt\u00e9s<\/li>\n<li>Nemzetv\u00e9delmi \u00e9s katonai<\/li>\n<li>Orvos- \u00e9s eg\u00e9szs\u00e9gtudom\u00e1ny<\/li>\n<li>Pedag\u00f3gusk\u00e9pz\u00e9s<\/li>\n<li>Sporttudom\u00e1ny<\/li>\n<li>T\u00e1rsadalomtudom\u00e1ny<\/li>\n<li>Term\u00e9szettudom\u00e1nyi<\/li>\n<\/ul>\n<p>(Ezen a linken ellen\u0151rizhet\u0151, hogy az adott diploma melyik tudom\u00e1nyter\u00fclethez tartozik: <a href=\"https:\/\/www.felvi.hu\/felveteli\/karrierinfo\/!Szakleirasok\/index.php\/szakterulet\">https:\/\/www.felvi.hu\/felveteli\/karrierinfo\/!Szakleirasok\/index.php\/szakterulet<\/a>)<\/p>\n<p><strong>K\u00e9pz\u00e9si id\u0151:\u00a0<\/strong>4 f\u00e9l\u00e9v, 429 tan\u00f3ra (kontakt\u00f3ra), kieg\u00e9sz\u00fclve a k\u00e9pz\u00e9sen k\u00edv\u00fcli hallgat\u00f3i tanulm\u00e1nyi munka\u00f3r\u00e1kkal. (A kontakt\u00f3r\u00e1kb\u00f3l 60 \u00f3ra az intenz\u00edv tanulm\u00e1nyi h\u00e9tre esik.) A k\u00e9pz\u00e9s p\u00e9ntek-szombati napokon zajlik. Reggel 8:00-9:30 \u00f3rai kezd\u00e9sre \u00e9s este 17:00-19:30 \u00f3rai befejez\u00e9sre kell sz\u00e1m\u00edtani.<\/p>\n<p><strong>Az oklev\u00e9lben szerepl\u0151 szakk\u00e9pzetts\u00e9g megnevez\u00e9se:\u00a0<\/strong>ment\u00e1lhigi\u00e9n\u00e9s szakember.<\/p>\n<p><strong>Az \u00f6nk\u00f6lts\u00e9g m\u00e9rt\u00e9ke: 345 000,-\/f\u00e9l\u00e9v. <\/strong>(R\u00e9szletfizet\u00e9s szoci\u00e1lis alapon k\u00e9rhet\u0151. Sikeres felv\u00e9teli eset\u00e9n a tanulm\u00e1nyi oszt\u00e1ly ad err\u0151l felvil\u00e1gos\u00edt\u00e1st.)<\/p>\n<p><strong>Tov\u00e1bbi k\u00f6lts\u00e9g: a bentlak\u00e1sos intenz\u00edv h\u00e9t sz\u00e1ll\u00e1sa \u00e9s ell\u00e1t\u00e1sa v\u00e1rhat\u00f3an 200 000-300 000,- k\u00f6z\u00f6tt.<\/strong><\/p>\n<\/div>\n<p>A 2026-27-es tan\u00e9v k\u00e9pz\u00e9si napjai (p\u00e9ntek-szombati napokon):<\/p>\n<table style=\"width: 60.3897%\" width=\"349\">\n<tbody>\n<tr>\n<td style=\"width: 49.9149%\" width=\"166\"><strong>2026. \u0151szi f\u00e9l\u00e9v<\/strong><\/td>\n<td style=\"width: 1.43472%\" width=\"17\">\u00a0<\/td>\n<td style=\"width: 163.654%\" width=\"166\"><strong>2027. tavaszi f\u00e9l\u00e9v<\/strong><\/td>\n<\/tr>\n<tr>\n<td style=\"width: 49.9149%\">2026. szeptember 18-19.<\/td>\n<td style=\"width: 1.43472%\">\u00a0<\/td>\n<td style=\"width: 163.654%\">2027. febru\u00e1r 12-13.<\/td>\n<\/tr>\n<tr>\n<td style=\"width: 49.9149%\">2026. okt\u00f3ber 9-10.<\/td>\n<td style=\"width: 1.43472%\">\u00a0<\/td>\n<td style=\"width: 163.654%\">2027. m\u00e1rcius 5-6.<\/td>\n<\/tr>\n<tr>\n<td style=\"width: 49.9149%\">2026. november 6-7.<\/td>\n<td style=\"width: 1.43472%\">\u00a0<\/td>\n<td style=\"width: 163.654%\">2027. \u00e1prilis 9-10.<\/td>\n<\/tr>\n<tr>\n<td style=\"width: 49.9149%\">2026. november 27-28.<\/td>\n<td style=\"width: 1.43472%\">\u00a0<\/td>\n<td style=\"width: 163.654%\">2027. \u00e1prilis 23-24.<\/td>\n<\/tr>\n<tr>\n<td style=\"width: 49.9149%\">2026. december 18-19.<\/td>\n<td style=\"width: 1.43472%\">\u00a0<\/td>\n<td style=\"width: 163.654%\">2027. m\u00e1jus 21-22.<\/td>\n<\/tr>\n<\/tbody>\n<\/table>\n<div>Reggel 8:00-9:30 \u00f3rai kezd\u00e9sre \u00e9s este 17:00-19:30 \u00f3rai befejez\u00e9sre kell sz\u00e1m\u00edtani.<\/div>\n<div>\n<hr \/>\n<\/div>\n<p><strong>A jelentkez\u00e9shez sz\u00fcks\u00e9ges dokumentumok:\u00a0<\/strong><\/p>\n<p><strong>1)<\/strong>\u00a0<strong>fels\u0151fok\u00fa v\u00e9gzetts\u00e9get igazol\u00f3 dokumentum (BA\/MA vagy BSc\/MSc, kor\u00e1bban f\u0151iskolai \u00e9s egyetemi v\u00e9gzetts\u00e9g) m\u00e1solata. Szakir\u00e1ny\u00fa tov\u00e1bbk\u00e9pz\u00e9sr\u0151l sz\u00f3l\u00f3 dokumentumot nem tudunk elfogadni. <\/strong>Azon jelentkez\u0151k, akik eset\u00e9ben a diploma megszerz\u00e9se m\u00e9g folyamatban van, a jelentkez\u00e9skor csatoljanak egy Neptun-igazol\u00e1st, amelyben szerepel a v\u00e1rhat\u00f3 befejez\u00e9s ideje \u00e9s a megszerzend\u0151 v\u00e9gzetts\u00e9g. Amennyiben rendelkez\u00e9sre \u00e1ll, a felv\u00e9teli besz\u00e9lget\u00e9sre hozz\u00e1k magukkal az abszolut\u00f3rium megszerz\u00e9s\u00e9nek igazol\u00e1s\u00e1t. Fontos, hogy a z\u00e1r\u00f3vizsg\u00e1t k\u00f6vet\u0151en a kibocs\u00e1t\u00f3 int\u00e9zm\u00e9nyt\u0151l k\u00e9rjenek egy igazol\u00e1st arr\u00f3l, hogy a tanulm\u00e1nyaikat sikeresen teljes\u00edtett\u00e9k, az oklev\u00e9l kiad\u00e1sa folyamatban van. Ennek a felv\u00e9teli hat\u00e1rozatok k\u00e9sz\u00edt\u00e9s\u00e9ig (2026. j\u00falius els\u0151 fele) be kell \u00e9rkeznie a Ment\u00e1lhigi\u00e9n\u00e9 Int\u00e9zet Tanulm\u00e1nyi Oszt\u00e1ly\u00e1ra.<\/p>\n<p>Ha a jelentkez\u0151k olyan dokumentumm\u00e1solatot ny\u00fajtanak be, amelyet idegen nyelven \u00e1ll\u00edtottak ki, akkor csatolniuk kell a beny\u00fajtott okirat vagy okiratok magyar nyelv\u0171 ford\u00edt\u00e1s\u00e1t (kiv\u00e9ve, ha a dokumentum angol, francia vagy n\u00e9met nyelv\u0171), nem latin bet\u0171vel \u00edrt dokumentumok eset\u00e9n a magyar nyelv\u0171 hiteles ford\u00edt\u00e1s\u00e1nak m\u00e1solat\u00e1t is.<br \/>Hiteles ford\u00edt\u00e1snak akkor tekinthet\u0151 egy ford\u00edt\u00e1s, ha azt az al\u00e1bbi szervezetek valamelyik\u00e9nek hiteles\u00edt\u00e9si z\u00e1rad\u00e9k\u00e1val l\u00e1tt\u00e1k el:<br \/>\u2022 Orsz\u00e1gos Ford\u00edt\u00f3 \u00e9s Ford\u00edt\u00e1shiteles\u00edt\u0151 Iroda (www.offi.hu),<br \/>\u2022 magyar k\u00fclk\u00e9pviseleti szerv,<br \/>\u2022 magyar k\u00f6zjegyz\u0151.<\/p>\n<p>Szint\u00e9n hiteles ford\u00edt\u00e1snak min\u0151s\u00fcl<br \/>\u2022 az Eur\u00f3pai Uni\u00f3 valamely tag\u00e1llam\u00e1nak bels\u0151 joga szerint hitelesnek min\u0151s\u00fcl\u0151 ford\u00edt\u00e1s,<br \/>\u2022 az ukr\u00e1n nyelv\u0171 dokumentumokn\u00e1l az ukr\u00e1n k\u00f6zjegyz\u0151 \u00e1ltal hiteles\u00edtett ford\u00edt\u00e1s,<br \/>\u2022 a szerb nyelv\u0171 dokumentumokn\u00e1l a szerbiai k\u00f6zjegyz\u0151 \u00e1ltal hiteles\u00edtett vagy b\u00edr\u00f3s\u00e1gi ford\u00edt\u00f3i \u00e1ltal k\u00e9sz\u00edtett hiteles\u00edtett ford\u00edt\u00e1s.<\/p>\n<p>A k\u00e9tnyelv\u0171, vagyis az olyan dokumentumokn\u00e1l, amelyben magyarul is benne vannak az inform\u00e1ci\u00f3k, nincs sz\u00fcks\u00e9g a ford\u00edt\u00e1sra.<\/p>\n<p><strong>2) f\u00e9nyk\u00e9pes \u00f6n\u00e9letrajz (magyar nyelv\u0171): K\u00e9rj\u00fck, csak annyit osszon meg, amennyi meg\u00edt\u00e9l\u00e9se szerint relev\u00e1ns a felv\u00e9teli szempontj\u00e1b\u00f3l!<\/strong><\/p>\n<p><strong>A k\u00f6vetkez\u0151k\u00e9ppen nevezze el (f\u00e1jln\u00e9v): Vezet\u00e9kn\u00e9v_Keresztn\u00e9v_Ment\u00e1lhigi\u00e9n\u00e9_\u00d6n\u00e9letrajz<\/strong><\/p>\n<p>K\u00e9rj\u00fck, az \u00f6n\u00e9letrajz els\u0151 fel\u00e9ben ismertesse szakmai \u00e9let\u00fatj\u00e1nak f\u0151bb \u00e1llom\u00e1sait (p\u00e9ld\u00e1ul szakmai karrierj\u00e9nek alakul\u00e1s\u00e1t tanulm\u00e1nyaival, v\u00e9gzetts\u00e9geivel \u00e9s munkahelyei felsorol\u00e1s\u00e1val, \u00e9vsz\u00e1mokkal, esetleges \u00f6nk\u00e9ntes tev\u00e9kenys\u00e9geit). K\u00e9rj\u00fck, az \u00f6n\u00e9letrajz m\u00e1sodik fel\u00e9ben szem\u00e9lyes \u00e9let\u00fatj\u00e1nak f\u0151bb \u00e1llom\u00e1sait is \u00edrja bele, \u00edgy mutassa be mag\u00e1t. Az \u00f6n\u00e9letrajz \u00f6sszess\u00e9g\u00e9ben 2-3 oldaln\u00e1l ne legyen hosszabb.<\/p>\n<p><strong>3)<\/strong>\u00a0<strong>motiv\u00e1ci\u00f3s lev\u00e9l:<\/strong><\/p>\n<p><strong>A k\u00f6vetkez\u0151k\u00e9ppen nevezze el (f\u00e1jln\u00e9v): Vezet\u00e9kn\u00e9v_Keresztn\u00e9v_Ment\u00e1lhigi\u00e9n\u00e9_Motiv\u00e1ci\u00f3s lev\u00e9l<\/strong><\/p>\n<ul>\n<li>K\u00e9rj\u00fck, kb. egy-k\u00e9t oldalban fogalmazza meg, mi\u00e9rt jelentkezik a k\u00e9pz\u00e9sre. Az al\u00e1bbi k\u00e9rd\u00e9sek seg\u00edts\u00e9g\u00fcl szolg\u00e1lhatnak a megfogalmaz\u00e1sban:\n<ol>\n<li>Honnan hallott a k\u00e9pz\u00e9sr\u0151l? Milyen elk\u00e9pzel\u00e9sei vannak r\u00f3la?<\/li>\n<li>Eddigi szakmai-szem\u00e9lyes \u00e9let\u00fatj\u00e1ba megl\u00e1t\u00e1sa szerint hogyan illeszkedne ez a k\u00e9pz\u00e9s?<\/li>\n<li>Milyen tervei vannak a k\u00e9pz\u00e9sen elsaj\u00e1t\u00edtott ismeretek \u00e9s k\u00e9szs\u00e9gek k\u00e9s\u0151bbi hasznos\u00edt\u00e1s\u00e1ra?<\/li>\n<li>K\u00e9rj\u00fck, ismertessen egy t\u00f6rt\u00e9netet vagy esetet max. egy oldalban, ami alapj\u00e1n \u00fagy gondolta, hogy jelentkezni szeretne k\u00e9pz\u00e9s\u00fcnkre. Amennyiben vannak ehhez kapcsol\u00f3d\u00f3an k\u00e9rd\u00e9sei, dilemm\u00e1i, \u00e9s azokat megoszthat\u00f3nak tartja, azokat is \u00edrja le.\u00a0<\/li>\n<\/ol>\n<\/li>\n<\/ul>\n<p><strong>4) <a href=\"https:\/\/semmelweis.hu\/mental\/files\/2026\/01\/EKK_MHI_adatkezelesi_tajekoztato_felveteli_mental_sztk-honlapra.pdf\">adatkezel\u00e9si \u2013 GDPR \u2013 nyilatkozatok<\/a><\/strong><\/p>\n<div class=\"WordSection1\">\n<div id=\"GroupWiseSection_1646814149000_bone.veronika@public.semmelweis-univ.hu_17475A0119BF0000AA66000000000000_\" class=\"GroupWiseMessageBody active\">\n<div dir=\"ltr\">\n<div dir=\"ltr\">\n<p><strong>FELV\u00c9TELI ELJ\u00c1R\u00c1S:<\/strong><\/p>\n<p>A felv\u00e9teli elj\u00e1r\u00e1s 2 l\u00e9pcs\u0151s:<\/p>\n<ol>\n<li>l\u00e9pcs\u0151: \u00cdr\u00e1sbeli anyagok (be\u00e9rkezett \u00f6n\u00e9letrajz \u00e9s motiv\u00e1ci\u00f3s lev\u00e9l) \u00e9rt\u00e9kel\u00e9se.\u00a0<\/li>\n<li>l\u00e9pcs\u0151: Sz\u00f3beli felv\u00e9teli elj\u00e1r\u00e1s (egy\u00e9ni \u00e9s csoportos).<\/li>\n<\/ol>\n<p><strong>A sz\u00f3beli felv\u00e9teli vizsg\u00e1kra v\u00e1rhat\u00f3an azokat h\u00edvjuk be, akik a bek\u00fcld\u00f6tt \u00edr\u00e1sos anyagiakra (szakmai \u00f6n\u00e9letrajz, motiv\u00e1ci\u00f3s lev\u00e9l) legal\u00e1bb 30 pontot kaptak.<\/strong><\/p>\n<p>A sz\u00f3beli felv\u00e9teli vizsg\u00e1k 2026. tavasz\u00e1n (m\u00e1jus 5. \u00e9s j\u00fanius 5. k\u00f6z\u00f6tt) lesznek, a pontos id\u0151pontr\u00f3l \u00e9s helysz\u00ednr\u0151l a kialak\u00edtott profilban megadott e-mailre k\u00fcld\u00f6tt lev\u00e9lben \u00e9rtes\u00edtj\u00fck a jelentkez\u0151ket. K\u00e9rj\u00fck, hogy ellen\u0151rizz\u00e9k le azt, nem ker\u00fclt-e spambe az \u00e9rtes\u00edt\u00e9s.\u00a0<\/p>\n<p>A kijel\u00f6lt felv\u00e9teli napon a d\u00e9lel\u0151tt folyam\u00e1n egy 30 perces szem\u00e9lyes elbesz\u00e9lget\u00e9sre sz\u00fcks\u00e9ges k\u00e9sz\u00fclni, d\u00e9lut\u00e1n pedig csoportos besz\u00e9lget\u00e9s keretein bel\u00fcl ismerked\u00fcnk meg a jelentkez\u0151kkel. V\u00e1rhat\u00f3 id\u0151tartama: 9.00-16.30.<\/p>\n<\/div>\n<\/div>\n<\/div>\n<p>A felv\u00e9teli eredm\u00e9nyek v\u00e1rhat\u00f3 id\u0151pontja: 2026. augusztus 15.<\/p>\n<p>Beiratkoz\u00e1ssal kapcsolatos inform\u00e1ci\u00f3kat a Tanulm\u00e1nyi Oszt\u00e1ly fog k\u00fcldeni augusztus folyam\u00e1n.<\/p>\n<\/div>\n","protected":false},"excerpt":{"rendered":"<p>A Ment\u00e1lhigi\u00e9n\u00e9 szakir\u00e1ny\u00fa tov\u00e1bbk\u00e9pz\u00e9s felv\u00e9teli t\u00e1j\u00e9koztat\u00f3ja \u00c1ltal\u00e1nos inform\u00e1ci\u00f3k: A 2026. szeptember\u00e9ben indul\u00f3 k\u00e9pz\u00e9s\u00fcnkre a jelentkez\u00e9s m\u00e1rcius 15-\u00e9n lez\u00e1rult. P\u00f3tjelentkez\u00e9st nem tartunk. \u00a0 A jelentkez\u00e9si anyagok feldolgoz\u00e1s\u00e1t elkezdt\u00fck. \u00a0 A sz\u00f3beli felv\u00e9teliket m\u00e1jus 4. \u00e9s j\u00fanius 4. k\u00f6z\u00f6tt tartjuk. Akiket sz\u00f3beli elbesz\u00e9lget\u00e9sre h\u00edvunk, \u0151ket az \u00e1prilis v\u00e9g\u00e9t\u0151l j\u00fanius elej\u00e9ig tart\u00f3 id\u0151szakban fogjuk \u00e9rtes\u00edteni\u00a0a\u00a0felv\u00e9teli pontos id\u0151pontj\u00e1r\u00f3l \u00e9s &hellip;<\/p>\n","protected":false},"author":101614,"featured_media":0,"parent":1275,"menu_order":5,"comment_status":"closed","ping_status":"closed","template":"","meta":{"_acf_changed":false,"footnotes":""},"categories":[],"tags":[],"class_list":["post-74","page","type-page","status-publish","hentry"],"acf":[],"_links":{"self":[{"href":"https:\/\/semmelweis.hu\/mental\/wp-json\/wp\/v2\/pages\/74","targetHints":{"allow":["GET"]}}],"collection":[{"href":"https:\/\/semmelweis.hu\/mental\/wp-json\/wp\/v2\/pages"}],"about":[{"href":"https:\/\/semmelweis.hu\/mental\/wp-json\/wp\/v2\/types\/page"}],"author":[{"embeddable":true,"href":"https:\/\/semmelweis.hu\/mental\/wp-json\/wp\/v2\/users\/101614"}],"replies":[{"embeddable":true,"href":"https:\/\/semmelweis.hu\/mental\/wp-json\/wp\/v2\/comments?post=74"}],"version-history":[{"count":17,"href":"https:\/\/semmelweis.hu\/mental\/wp-json\/wp\/v2\/pages\/74\/revisions"}],"predecessor-version":[{"id":9229,"href":"https:\/\/semmelweis.hu\/mental\/wp-json\/wp\/v2\/pages\/74\/revisions\/9229"}],"up":[{"embeddable":true,"href":"https:\/\/semmelweis.hu\/mental\/wp-json\/wp\/v2\/pages\/1275"}],"wp:attachment":[{"href":"https:\/\/semmelweis.hu\/mental\/wp-json\/wp\/v2\/media?parent=74"}],"wp:term":[{"taxonomy":"category","embeddable":true,"href":"https:\/\/semmelweis.hu\/mental\/wp-json\/wp\/v2\/categories?post=74"},{"taxonomy":"post_tag","embeddable":true,"href":"https:\/\/semmelweis.hu\/mental\/wp-json\/wp\/v2\/tags?post=74"}],"curies":[{"name":"wp","href":"https:\/\/api.w.org\/{rel}","templated":true}]}}