{"id":73,"date":"2018-06-13T11:48:27","date_gmt":"2018-06-13T09:48:27","guid":{"rendered":"http:\/\/semmelweis.hu\/mental\/?page_id=73"},"modified":"2026-02-19T14:28:52","modified_gmt":"2026-02-19T13:28:52","slug":"kontaktszemelyek","status":"publish","type":"page","link":"https:\/\/semmelweis.hu\/mental\/szakiranyu-kepzesek\/mentalhigiene-tovabbkepzes\/kontaktszemelyek\/","title":{"rendered":"Kontaktszem\u00e9lyek"},"content":{"rendered":"<p><strong>A ment\u00e1lhigi\u00e9n\u00e9 szakir\u00e1ny\u00fa tov\u00e1bbk\u00e9pz\u00e9si szak el\u00e9rhet\u0151s\u00e9gei:<\/strong><\/p>\n<p><strong>Dr. Asztalos Bernadett <\/strong>szakcsoportvezet\u0151<\/p>\n<p><span style=\"font-size: 1rem\">E-mail: <\/span><span style=\"color: #0000ff\"><a href=\"mailto:asztalos.bernadett@public.semmelweis-univ.hu\">(<\/a><a href=\"mailto:asztalos.bernadett@semmelweis.hu\" target=\"_blank\" rel=\"noopener\">asztalos.bernadett@semmelweis.hu<\/a><a href=\"mailto:asztalos.bernadett@public.semmelweis-univ.hu\">)<\/a><\/span><\/p>\n<p>Tel.: (+36\/1) 459-1500\/ 56540 mell\u00e9k \u00a0<\/p>\n<p><strong>Dr. Semsey G\u00e1bor <\/strong>\u00a0<\/p>\n<p><span style=\"font-size: 1rem\">E-mail: <\/span><span style=\"color: #0000ff\"><a href=\"mailto:semsey.gabor@public.semmelweis-univ.hu\">(<\/a><a href=\"mailto:semsey.gabor@semmelweis.hu\" target=\"_blank\" rel=\"noopener\">semsey.gabor@semmelweis.hu<\/a><a href=\"mailto:semsey.gabor@public.semmelweis-univ.hu\">)<\/a><\/span><\/p>\n<p>Tel.: (+36\/1) 459-1500\/ 56529 mell\u00e9k \u00a0<\/p>\n<p><strong>Dr. Papp Zsuzsanna Katalin<\/strong><\/p>\n<p><span style=\"font-size: 1rem\">E-mail:<span style=\"color: #0000ff\"> (<a href=\"mailto:papp.zsuzsa@semmelweis.hu\" target=\"_blank\" rel=\"noopener\">papp.zsuzsa@semmelweis.hu<\/a>)<\/span><\/span><\/p>\n<p>Tel.: (+36\/1) 459-1500\/ 56530 mell\u00e9k<\/p>\n<p>&#8212;<\/p>\n<div><b>F\u00fcl\u00f6pn\u00e9 Fej\u0151s Henriett <\/b>oktat\u00e1sszervez\u0151<\/div>\n<div>\u00a0<\/div>\n<div><span style=\"font-size: 1rem\">E-mail:<\/span><span style=\"color: #0000ff\"> (<a href=\"mailto:fulop.henriett@semmelweis.hu\" target=\"_blank\" rel=\"noopener\">fulop.henriett@semmelweis.hu<\/a>)<\/span><\/div>\n<div>\u00a0<\/div>\n<div>Tel.: (+36\/1) 459-1500\/ 56523 mell\u00e9k<\/div>\n<div>\u00a0<\/div>\n<div><strong>M\u00e9sz\u00e1ros \u00c9va<\/strong> tanulm\u00e1nyi \u00fcgyint\u00e9z\u0151<\/div>\n<div>\u00a0<\/div>\n<div>E-mail: <span style=\"color: #0000ff\">(<a href=\"mailto:meszaros.eva@semmelweis.hu\">meszaros.eva@semmelweis.hu<\/a>)<\/span><\/div>\n<div>\u00a0<\/div>\n<div>Tel.: (+36\/1) 459-1500\/ 56545 mell\u00e9k<\/div>\n<div>\n<hr \/>\n<p><strong>Tov\u00e1bbi inform\u00e1ci\u00f3k a ment\u00e1lhigi\u00e9n\u00e9 szakir\u00e1ny\u00fa tov\u00e1bbk\u00e9pz\u00e9si szakr\u00f3l:<\/strong><\/p>\n<ul class=\"children\" style=\"list-style-type: square\">\n<li class=\"page_item page-item-10\"><a href=\"https:\/\/semmelweis.hu\/mental\/szakiranyu-kepzesek\/mentalhigiene-tovabbkepzes\/kepzes-bemutatasa\/\">K\u00e9pz\u00e9s bemutat\u00e1sa<\/a><\/li>\n<li class=\"page_item page-item-71\"><a href=\"https:\/\/semmelweis.hu\/mental\/szakiranyu-kepzesek\/mentalhigiene-tovabbkepzes\/a-kepzes-tortenete\/\">A k\u00e9pz\u00e9s t\u00f6rt\u00e9nete<\/a><\/li>\n<li class=\"page_item page-item-72\"><a href=\"https:\/\/semmelweis.hu\/mental\/szakiranyu-kepzesek\/mentalhigiene-tovabbkepzes\/tanulmanyi-program\/\">Tanulm\u00e1nyi program<\/a><\/li>\n<li class=\"page_item page-item-75\"><a href=\"https:\/\/semmelweis.hu\/mental\/szakiranyu-kepzesek\/mentalhigiene-tovabbkepzes\/alumni\/\">Antropos Ment\u00e1lhygi\u00e9n\u00e9s Egyes\u00fclet<\/a><\/li>\n<\/ul>\n<\/div>\n","protected":false},"excerpt":{"rendered":"<p>A ment\u00e1lhigi\u00e9n\u00e9 szakir\u00e1ny\u00fa tov\u00e1bbk\u00e9pz\u00e9si szak el\u00e9rhet\u0151s\u00e9gei: Dr. Asztalos Bernadett szakcsoportvezet\u0151 E-mail: <a href=\"mailto:asztalos.bernadett@public.semmelweis-univ.hu\">(<\/a> <a href=\"mailto:asztalos.bernadett@semmelweis.hu\" target=\"_blank\" rel=\"noopener\">asztalos.bernadett@semmelweis.hu<\/a> <a href=\"mailto:asztalos.bernadett@public.semmelweis-univ.hu\">)<\/a> Tel.: (+36\/1) 459-1500\/ 56540 mell\u00e9k \u00a0 Dr. Semsey G\u00e1bor \u00a0 E-mail: <a href=\"mailto:semsey.gabor@public.semmelweis-univ.hu\">(<\/a> <a href=\"mailto:semsey.gabor@semmelweis.hu\" target=\"_blank\" rel=\"noopener\">semsey.gabor@semmelweis.hu<\/a> <a href=\"mailto:semsey.gabor@public.semmelweis-univ.hu\">)<\/a> Tel.: (+36\/1) 459-1500\/ 56529 mell\u00e9k \u00a0 Dr. Papp Zsuzsanna Katalin E-mail: ( <a href=\"mailto:papp.zsuzsa@semmelweis.hu\" target=\"_blank\" rel=\"noopener\">papp.zsuzsa@semmelweis.hu<\/a> ) Tel.: (+36\/1) 459-1500\/ 56530 mell\u00e9k &#8212; F\u00fcl\u00f6pn\u00e9 Fej\u0151s Henriett oktat\u00e1sszervez\u0151 \u00a0 E-mail: ( <a href=\"mailto:fulop.henriett@semmelweis.hu\" target=\"_blank\" rel=\"noopener\">fulop.henriett@semmelweis.hu<\/a> ) \u00a0 Tel.: (+36\/1) 459-1500\/ 56523 mell\u00e9k &hellip;<\/p>\n","protected":false},"author":101614,"featured_media":0,"parent":1275,"menu_order":4,"comment_status":"closed","ping_status":"closed","template":"","meta":{"_acf_changed":false,"footnotes":""},"categories":[],"tags":[],"class_list":["post-73","page","type-page","status-publish","hentry"],"acf":[],"_links":{"self":[{"href":"https:\/\/semmelweis.hu\/mental\/wp-json\/wp\/v2\/pages\/73","targetHints":{"allow":["GET"]}}],"collection":[{"href":"https:\/\/semmelweis.hu\/mental\/wp-json\/wp\/v2\/pages"}],"about":[{"href":"https:\/\/semmelweis.hu\/mental\/wp-json\/wp\/v2\/types\/page"}],"author":[{"embeddable":true,"href":"https:\/\/semmelweis.hu\/mental\/wp-json\/wp\/v2\/users\/101614"}],"replies":[{"embeddable":true,"href":"https:\/\/semmelweis.hu\/mental\/wp-json\/wp\/v2\/comments?post=73"}],"version-history":[{"count":11,"href":"https:\/\/semmelweis.hu\/mental\/wp-json\/wp\/v2\/pages\/73\/revisions"}],"predecessor-version":[{"id":9047,"href":"https:\/\/semmelweis.hu\/mental\/wp-json\/wp\/v2\/pages\/73\/revisions\/9047"}],"up":[{"embeddable":true,"href":"https:\/\/semmelweis.hu\/mental\/wp-json\/wp\/v2\/pages\/1275"}],"wp:attachment":[{"href":"https:\/\/semmelweis.hu\/mental\/wp-json\/wp\/v2\/media?parent=73"}],"wp:term":[{"taxonomy":"category","embeddable":true,"href":"https:\/\/semmelweis.hu\/mental\/wp-json\/wp\/v2\/categories?post=73"},{"taxonomy":"post_tag","embeddable":true,"href":"https:\/\/semmelweis.hu\/mental\/wp-json\/wp\/v2\/tags?post=73"}],"curies":[{"name":"wp","href":"https:\/\/api.w.org\/{rel}","templated":true}]}}