{"id":72,"date":"2018-06-13T11:43:04","date_gmt":"2018-06-13T09:43:04","guid":{"rendered":"http:\/\/semmelweis.hu\/mental\/?page_id=72"},"modified":"2026-02-09T15:55:55","modified_gmt":"2026-02-09T14:55:55","slug":"tanulmanyi-program","status":"publish","type":"page","link":"https:\/\/semmelweis.hu\/mental\/szakiranyu-kepzesek\/mentalhigiene-tovabbkepzes\/tanulmanyi-program\/","title":{"rendered":"Tanulm\u00e1nyi program"},"content":{"rendered":"<p><strong>\u00a0A ment\u00e1lhigi\u00e9n\u00e9 szakir\u00e1ny\u00fa tov\u00e1bbk\u00e9pz\u00e9si szak tanulm\u00e1nyi programja<\/strong><\/p>\n<p>T\u00e1j\u00e9koztat\u00e1sul a jelentkez\u0151knek:<\/p>\n<p>a 2026-27-es tan\u00e9v k\u00e9pz\u00e9si alkalmai (p\u00e9ntek-szombati napokon):<\/p>\n<table style=\"width: 53.2341%\" width=\"349\">\n<tbody>\n<tr>\n<td style=\"width: 387.406px\"><strong>2026. \u0151szi f\u00e9l\u00e9v<\/strong><\/td>\n<td style=\"width: 10.6406px\">\u00a0<\/td>\n<td style=\"width: 333.984px\"><strong>2027. tavaszi f\u00e9l\u00e9v<\/strong><\/td>\n<\/tr>\n<tr>\n<td style=\"width: 387.406px\">2026. szeptember 18-19.<\/td>\n<td style=\"width: 10.6406px\">\u00a0<\/td>\n<td style=\"width: 333.984px\">2027. febru\u00e1r 12-13.<\/td>\n<\/tr>\n<tr>\n<td style=\"width: 387.406px\">2026. okt\u00f3ber 9-10.<\/td>\n<td style=\"width: 10.6406px\">\u00a0<\/td>\n<td style=\"width: 333.984px\">2027. m\u00e1rcius 5-6.<\/td>\n<\/tr>\n<tr>\n<td style=\"width: 387.406px\">2026. november 6-7.<\/td>\n<td style=\"width: 10.6406px\">\u00a0<\/td>\n<td style=\"width: 333.984px\">2027. \u00e1prilis 9-10.<\/td>\n<\/tr>\n<tr>\n<td style=\"width: 387.406px\">2026. november 27-28.<\/td>\n<td style=\"width: 10.6406px\">\u00a0<\/td>\n<td style=\"width: 333.984px\">2027. \u00e1prilis 23-24.<\/td>\n<\/tr>\n<tr>\n<td style=\"width: 387.406px\">2026. december 18-19.<\/td>\n<td style=\"width: 10.6406px\">\u00a0<\/td>\n<td style=\"width: 333.984px\">2027. m\u00e1jus 21-22.<\/td>\n<\/tr>\n<\/tbody>\n<\/table>\n<p>Reggel 8:00-9:30 \u00f3rai kezd\u00e9sre \u00e9s este 17:00-19:30 \u00f3rai befejez\u00e9sre kell sz\u00e1m\u00edtani.<\/p>\n<p><strong>Kedves jelenlegi \u00e9s leend\u0151, \u00e9rdekl\u0151d\u0151 Hallgat\u00f3ink!<\/strong><\/p>\n<p style=\"text-align: justify\">Az al\u00e1bbi linken\u00a0tal\u00e1lhat\u00f3 dokumentum\u00a0<strong>csak \u00e1ltal\u00e1nos t\u00e1j\u00e9koztat\u00e1st ny\u00fajt<\/strong> a 2024-2026 \u00e9vfolyam tanulm\u00e1nyi program r\u00e9szleteir\u0151l: az egyes st\u00fadiumokr\u00f3l \u00e9s azok tartalm\u00e1r\u00f3l; a k\u00f6vetelm\u00e9nyekr\u0151l, a jelenl\u00e9ti k\u00f6telezetts\u00e9gekr\u0151l \u00e9s m\u00e1s fontos tanulm\u00e1nyi k\u00e9rd\u00e9sekr\u0151l.<\/p>\n<p><a href=\"https:\/\/semmelweis.hu\/mental\/files\/2025\/12\/mentalhigiene_tanulmanyi-tajekoztato_2024_2026_honlap-2025.12.03.pdf\" target=\"_blank\" rel=\"noopener\"><strong>Tanulm\u00e1nyi t\u00e1j\u00e9koztat\u00f3 2024-2026<\/strong><\/a><\/p>\n<p><span style=\"color: #333399\"><a href=\"https:\/\/semmelweis.hu\/mental\/files\/2025\/10\/A-mesterseges-intelligencia-hasznalatanak-elvei.pdf\"><strong>T\u00e1j\u00e9koztat\u00f3 a mesters\u00e9ges intelligencia haszn\u00e1lat\u00e1r\u00f3l\u00a0<\/strong><\/a><\/span><\/p>\n<div class=\"fontos_div w-100\">\n<p style=\"text-align: justify\"><strong>FIGYELEM! FONTOS! Az adott f\u00e9l\u00e9vi tant\u00e1rgyak szakirodalmaira, pontos k\u00f6vetelm\u00e9nyeire \u00e9s t\u00e9telsoraira vonatkoz\u00f3 inform\u00e1ci\u00f3kr\u00f3l mindig egy bels\u0151 fel\u00fcletr\u0151l el\u00e9rhet\u0151, aktu\u00e1lis f\u00e9l\u00e9v eleji h\u00edrlev\u00e9lb\u0151l tudnak \u00e9rtes\u00fclni felvett hallgat\u00f3ink!<\/strong><\/p>\n<\/div>\n<hr \/>\n<p><strong>A kor\u00e1bbi \u00e9vfolyamok tanulm\u00e1nyi- \u00e9s szakdolgozati t\u00e1j\u00e9koztat\u00f3ja az al\u00e1bbi linkekr\u0151l let\u00f6lthet\u0151:<\/strong><\/p>\n<ul>\n<li><a href=\"https:\/\/semmelweis.hu\/mental\/files\/2022\/09\/mentalhigiene_tanulmanyi-tajekoztato_2022_2024.pdf\" target=\"_blank\" rel=\"noopener\">Tanulm\u00e1nyi t\u00e1j\u00e9koztat\u00f3 2022-2024<\/a><\/li>\n<li><a href=\"https:\/\/semmelweis.hu\/mental\/files\/2019\/09\/mh_Tant\u00e1rgyi-programok-2010-2012.pdf\" target=\"_blank\" rel=\"noopener\">Tanulm\u00e1nyi t\u00e1j\u00e9koztat\u00f3 2010-2012<\/a><\/li>\n<li><a href=\"https:\/\/semmelweis.hu\/mental\/files\/2019\/09\/mental_kisfuzet-2010_2012_2010julius2.pdf\" target=\"_blank\" rel=\"noopener\">Tanulm\u00e1nyi t\u00e1j\u00e9koztat\u00f3 \u00e9s szakdolgozati t\u00e1j\u00e9koztat\u00f3 2010-2012<\/a><\/li>\n<li><a href=\"https:\/\/semmelweis.hu\/mental\/files\/2019\/09\/mh_Tant\u00e1rgyi-programok-2012-2014.pdf\" target=\"_blank\" rel=\"noopener\">Tanulm\u00e1nyi t\u00e1j\u00e9koztat\u00f3 2012-2014<\/a><\/li>\n<li><a href=\"https:\/\/semmelweis.hu\/mental\/files\/2019\/09\/mental_kisfuzet-2012_2014-j\u00fanius-25.kor\u00e1bban-kik\u00fcld\u00f6tt.pdf\" target=\"_blank\" rel=\"noopener\">Tanulm\u00e1nyi t\u00e1j\u00e9koztat\u00f3 \u00e9s szakdolgozati t\u00e1j\u00e9koztat\u00f3 2012-2014<\/a><\/li>\n<li><a href=\"https:\/\/semmelweis.hu\/mental\/files\/2019\/09\/mh_Tant\u00e1rgyi-programok-2014-2016.pdf\" target=\"_blank\" rel=\"noopener\">Tanulm\u00e1nyi t\u00e1j\u00e9koztat\u00f3 2012-2014<\/a><\/li>\n<li><a href=\"https:\/\/semmelweis.hu\/mental\/files\/2019\/09\/mental_kisfuzet-2014_16-08-07.pdf\" target=\"_blank\" rel=\"noopener\">Tanulm\u00e1nyi t\u00e1j\u00e9koztat\u00f3 \u00e9s szakdolgozati t\u00e1j\u00e9koztat\u00f3 2014-2016<\/a><\/li>\n<li><a href=\"https:\/\/semmelweis.hu\/mental\/files\/2019\/09\/mh_Mentalhigiene_mintatanterv_KKK_honlapra_2016-2018.pdf\" target=\"_blank\" rel=\"noopener\">Tanulm\u00e1nyi t\u00e1j\u00e9koztat\u00f3 \u00e9s szakdolgozati t\u00e1j\u00e9koztat\u00f3 2016-2018<\/a><\/li>\n<li><a href=\"https:\/\/semmelweis.hu\/mental\/files\/2020\/07\/mentalhigiene_SZTSZ_tanterv_tantargyiprogramok_mintatanterv_2018_04_oldalszamokkal_honlapra.pdf\" target=\"_blank\" rel=\"noopener\">Tanulm\u00e1nyi t\u00e1j\u00e9koztat\u00f3 2018-2020<\/a><\/li>\n<li><a href=\"https:\/\/semmelweis.hu\/mental\/files\/2020\/07\/mh_97_1_mellEKK_mentalhigiene_tanulmanyi_tajekoztato_2020_KT_v\u00e9gleges_beadott.pdf\" target=\"_blank\" rel=\"noopener\">Tanulm\u00e1nyi t\u00e1j\u00e9koztat\u00f3 2020-2022<\/a><\/li>\n<\/ul>\n<hr \/>\n<p><strong>Tov\u00e1bbi inform\u00e1ci\u00f3k a ment\u00e1lhigi\u00e9n\u00e9 szakir\u00e1ny\u00fa tov\u00e1bbk\u00e9pz\u00e9si szakr\u00f3l:<\/strong><\/p>\n<ul class=\"children\" style=\"list-style-type: square\">\n<li class=\"page_item page-item-10\"><a href=\"https:\/\/semmelweis.hu\/mental\/szakiranyu-kepzesek\/mentalhigiene-tovabbkepzes\/kepzes-bemutatasa\/\">K\u00e9pz\u00e9s bemutat\u00e1sa<\/a><\/li>\n<li class=\"page_item page-item-71\"><a href=\"https:\/\/semmelweis.hu\/mental\/szakiranyu-kepzesek\/mentalhigiene-tovabbkepzes\/a-kepzes-tortenete\/\">A k\u00e9pz\u00e9s t\u00f6rt\u00e9nete<\/a><\/li>\n<li class=\"page_item page-item-73\"><a href=\"https:\/\/semmelweis.hu\/mental\/szakiranyu-kepzesek\/mentalhigiene-tovabbkepzes\/kontaktszemelyek\/\">Kontaktszem\u00e9lyek<\/a><\/li>\n<li class=\"page_item page-item-75\"><a href=\"https:\/\/semmelweis.hu\/mental\/szakiranyu-kepzesek\/mentalhigiene-tovabbkepzes\/alumni\/\">Antropos Ment\u00e1lhygi\u00e9n\u00e9s Egyes\u00fclet<\/a><\/li>\n<\/ul>\n","protected":false},"excerpt":{"rendered":"<p>\u00a0A ment\u00e1lhigi\u00e9n\u00e9 szakir\u00e1ny\u00fa tov\u00e1bbk\u00e9pz\u00e9si szak tanulm\u00e1nyi programja T\u00e1j\u00e9koztat\u00e1sul a jelentkez\u0151knek: a 2026-27-es tan\u00e9v k\u00e9pz\u00e9si alkalmai (p\u00e9ntek-szombati napokon): 2026. \u0151szi f\u00e9l\u00e9v \u00a0 2027. tavaszi f\u00e9l\u00e9v 2026. szeptember 18-19. \u00a0 2027. febru\u00e1r 12-13. 2026. okt\u00f3ber 9-10. \u00a0 2027. m\u00e1rcius 5-6. 2026. november 6-7. \u00a0 2027. \u00e1prilis 9-10. 2026. november 27-28. \u00a0 2027. \u00e1prilis 23-24. 2026. december 18-19. &hellip;<\/p>\n","protected":false},"author":101614,"featured_media":0,"parent":1275,"menu_order":3,"comment_status":"closed","ping_status":"closed","template":"","meta":{"_acf_changed":false,"footnotes":""},"categories":[],"tags":[],"class_list":["post-72","page","type-page","status-publish","hentry"],"acf":[],"_links":{"self":[{"href":"https:\/\/semmelweis.hu\/mental\/wp-json\/wp\/v2\/pages\/72","targetHints":{"allow":["GET"]}}],"collection":[{"href":"https:\/\/semmelweis.hu\/mental\/wp-json\/wp\/v2\/pages"}],"about":[{"href":"https:\/\/semmelweis.hu\/mental\/wp-json\/wp\/v2\/types\/page"}],"author":[{"embeddable":true,"href":"https:\/\/semmelweis.hu\/mental\/wp-json\/wp\/v2\/users\/101614"}],"replies":[{"embeddable":true,"href":"https:\/\/semmelweis.hu\/mental\/wp-json\/wp\/v2\/comments?post=72"}],"version-history":[{"count":14,"href":"https:\/\/semmelweis.hu\/mental\/wp-json\/wp\/v2\/pages\/72\/revisions"}],"predecessor-version":[{"id":8958,"href":"https:\/\/semmelweis.hu\/mental\/wp-json\/wp\/v2\/pages\/72\/revisions\/8958"}],"up":[{"embeddable":true,"href":"https:\/\/semmelweis.hu\/mental\/wp-json\/wp\/v2\/pages\/1275"}],"wp:attachment":[{"href":"https:\/\/semmelweis.hu\/mental\/wp-json\/wp\/v2\/media?parent=72"}],"wp:term":[{"taxonomy":"category","embeddable":true,"href":"https:\/\/semmelweis.hu\/mental\/wp-json\/wp\/v2\/categories?post=72"},{"taxonomy":"post_tag","embeddable":true,"href":"https:\/\/semmelweis.hu\/mental\/wp-json\/wp\/v2\/tags?post=72"}],"curies":[{"name":"wp","href":"https:\/\/api.w.org\/{rel}","templated":true}]}}