{"id":7088,"date":"2024-04-12T12:22:16","date_gmt":"2024-04-12T10:22:16","guid":{"rendered":"https:\/\/semmelweis.hu\/mental\/?page_id=7088"},"modified":"2024-10-07T11:09:49","modified_gmt":"2024-10-07T09:09:49","slug":"unimatter-kutatas","status":"publish","type":"page","link":"https:\/\/semmelweis.hu\/mental\/kutatas-fejlesztes\/aktualis-kutatasok\/unimatter-kutatas\/","title":{"rendered":"UniMatter kutat\u00e1s"},"content":{"rendered":"<h4><span style=\"font-size: 12pt\"><img loading=\"lazy\" decoding=\"async\" class=\"wp-image-7090 alignright\" style=\"color: #1e2326;font-family: 'PT serif', serif;font-size: 1rem\" src=\"https:\/\/semmelweis.hu\/mental\/files\/2024\/04\/euniwell-logo-300x108.png\" alt=\"\" width=\"197\" height=\"71\" srcset=\"https:\/\/semmelweis.hu\/mental\/files\/2024\/04\/euniwell-logo-300x108.png 300w, https:\/\/semmelweis.hu\/mental\/files\/2024\/04\/euniwell-logo.png 331w\" sizes=\"auto, (max-width: 197px) 100vw, 197px\" \/><\/span><\/h4>\n<p><span style=\"font-weight: 400\">UNIMATTER &#8211; <\/span><b>Az egyetemist\u00e1k sz\u00e1m\u00edtanak!\u00a0<\/b><\/p>\n<p><a href=\"https:\/\/www.euniwell.eu\/what-we-offer\/seed-funding-programme\/projects-of-the-fifth-seed-funding-call\/unimatter-improving-students-well-being-and-academic-success\" target=\"_blank\" rel=\"noopener\"><b>EUniWell Seed Funding nemzetk\u00f6zi egyetemi well-being projekt 2023\/24<\/b><\/a><\/p>\n<p><b>C\u00e9lok:\u00a0<\/b><\/p>\n<p>A projekt f\u0151 c\u00e9lja egy sz\u00e9lesk\u00f6r\u0171, a Semmelweis Egyetem minden kar\u00e1ra \u00e9s \u00e9vfolyam\u00e1ra kiterjed\u0151 <strong>hallgat\u00f3i j\u00f3ll\u00e9t felm\u00e9r\u00e9s<\/strong>.<\/p>\n<h3 style=\"text-align: right\"><span style=\"color: #ff00ff\"><a href=\"https:\/\/emk.semmelweis.hu\/mentalsurvey\/index.php\/527424?lang=hu\" target=\"_blank\" rel=\"noopener\">\u21d2 <\/a><strong><a href=\"https:\/\/emk.semmelweis.hu\/mentalsurvey\/index.php\/283948?lang=hu\" target=\"_blank\" rel=\"noopener\">Kit\u00f6lt\u00f6m a k\u00e9rd\u0151\u00edvet<\/a><\/strong><\/span><\/h3>\n<div class=\"fontos_div\">\n<h5><span style=\"font-size: 12pt;color: #ff00ff\"><em>Friss h\u00edrek 2024.08.30.: A k\u00e9rd\u0151\u00edv kit\u00f6lt\u00e9s\u00e9t a 2024\/25 \u0151szi f\u00e9l\u00e9vben is megnyitottuk.<\/em><em> A<\/em><em>\u00a0k\u00e9rd\u0151\u00edv 2024. <\/em><\/span><em style=\"color: #ff00ff;font-size: 12pt;background-color: transparent\">okt\u00f3ber 31-ig el\u00e9rhet\u0151.<\/em><\/h5>\n<\/div>\n<h5>SZ\u00c1M\u00cdTOK-E?<\/h5>\n<p>A kutat\u00e1s f\u0151 f\u00f3kusz\u00e1t \u00e9s \u00fajszer\u0171s\u00e9g\u00e9t az <em><strong>\u00e9szlelt t\u00e1rsas jelent\u0151s\u00e9g, fontoss\u00e1g<\/strong><\/em> (perceived mattering) vizsg\u00e1lata adja. Ez a pszichol\u00f3giai jellemz\u0151 az egy\u00e9n m\u00e1sokkal val\u00f3 kapcsolataiban meg\u00e9lt szem\u00e9lyes fontoss\u00e1g\u00e1t fejezi ki, p\u00e9ld\u00e1ul hogy \u00e9rzi, hogy tudnak r\u00f3la, gondolnak r\u00e1, sz\u00e1m\u00edt m\u00e1soknak. Az \u00e9szlelt t\u00e1rsas fontoss\u00e1g a pszichoszoci\u00e1lis j\u00f3ll\u00e9t, a pozit\u00edv \u00f6n\u00e9rt\u00e9kel\u00e9s \u00e9s a jobb akad\u00e9miai boldogul\u00e1s egyik fontos t\u00e9nyez\u0151je.<\/p>\n<p>Sz\u00e1m\u00edt a hallgat\u00f3k lelki \u00e1llapota, j\u00f3ll\u00e9te. A k\u00e9s\u0151bbi t\u00e1mogat\u00f3 rendszerek kialak\u00edt\u00e1s\u00e1t meghat\u00e1rozz\u00e1k a mostani kutat\u00e1sb\u00f3l kapott eredm\u00e9nyek. Sz\u00e1m\u00edtunk a v\u00e1laszaitokra, v\u00e9lem\u00e9nyetekre!<\/p>\n<h5>HOGY VAGYOK, MIKOR J\u00d3L VAGYOK?<\/h5>\n<p>Az online k\u00e9rd\u0151\u00edv f\u0151bb k\u00e9rd\u00e9sk\u00f6rei:<\/p>\n<ul>\n<li>szubjekt\u00edv meg\u00e9lt j\u00f3ll\u00e9t<\/li>\n<li>pszichoszoci\u00e1lis eg\u00e9szs\u00e9gmutat\u00f3k<\/li>\n<li>\u00e9szlelt fontoss\u00e1g<\/li>\n<li>\u00f6n\u00e9rt\u00e9kel\u00e9s<\/li>\n<li>vizsgaszorong\u00e1s, halogat\u00e1s<\/li>\n<li>t\u00e1rsas kapcsolatokban meg\u00e9lt pozit\u00edv \u00e9rz\u00e9sek<\/li>\n<\/ul>\n<p>A c\u00e9l ezzel felm\u00e9rni, mely pszichoszoci\u00e1lis t\u00e9nyez\u0151k seg\u00edtik a hallgat\u00f3kat a magasabb szubjekt\u00edv j\u00f3ll\u00e9t \u00e9s jobb akad\u00e9miai teljes\u00edtm\u00e9ny el\u00e9r\u00e9s\u00e9ben.<\/p>\n<p style=\"text-align: center\"><span style=\"color: #3366ff\"><strong><em>A k\u00e9rd\u0151\u00edves kutat\u00e1sban r\u00e9szt vev\u0151k k\u00f6z\u00f6tt t\u00e9m\u00e1hoz illeszked\u0151 aj\u00e1nd\u00e9kokat sorsolunk ki: 27 f\u00e9r\u0151helyet aj\u00e1nlunk fel k\u00fcl\u00f6nb\u00f6z\u0151 \u00f6nismereti foglalkoz\u00e1sokra. A sorsol\u00e1son val\u00f3 r\u00e9szv\u00e9telt a k\u00e9rd\u0151\u00edv kit\u00f6lt\u00e9se sor\u00e1n jelezheted. A programok a 2024\/25-\u00f6s tan\u00e9v \u0151szi szemeszter\u00e9ben ker\u00fclnek megval\u00f3s\u00edt\u00e1sra.\u00a0<\/em><\/strong><\/span><\/p>\n<div class=\"x_x_x_elementToProof\" style=\"text-align: center\"><span style=\"color: #3366ff\"><strong><em>2&#215;6 f\u0151 &#8211; 2 \u00f3r\u00e1s m\u0171v\u00e9szetter\u00e1pi\u00e1s foglalkoz\u00e1s (magyar nyelven)<\/em><\/strong><\/span><\/div>\n<div class=\"x_x_x_elementToProof\" style=\"text-align: center\"><span style=\"color: #3366ff\"><strong><em>10 f\u0151 &#8211;\u00a0 4 \u00f3r\u00e1s pszichodr\u00e1ma alap\u00fa \u00f6nismereti foglalkoz\u00e1s (magyar nyelven)<\/em><\/strong><\/span><\/div>\n<div class=\"x_x_x_elementToProof\" style=\"text-align: center\"><span style=\"color: #3366ff\"><strong><em>10 f\u0151 &#8211;\u00a0 4 \u00f3r\u00e1s \u00e9lm\u00e9nyter\u00e1pi\u00e1s alap\u00fa \u00f6nismereti foglalkoz\u00e1s (angol nyelven)<\/em><\/strong><\/span><\/div>\n<div class=\"x_x_x_elementToProof\" style=\"text-align: center\"><span style=\"color: #3366ff\"><strong><em>5 f\u0151\u00a0 &#8211; 3 alkalmas egy\u00e9ni konzult\u00e1ci\u00f3 &#8211; egy\u00e9ni v\u00e1laszt\u00e1s szerint seg\u00edt\u0151 besz\u00e9lget\u00e9s, pszichol\u00f3giai konzult\u00e1ci\u00f3, p\u00e1rkapcsolati konzult\u00e1ci\u00f3(magyar vagy angol nyelven), szuperv\u00edzi\u00f3<\/em><\/strong><\/span><\/div>\n<p style=\"text-align: center\">\u00a0<\/p>\n<p>&nbsp;<\/p>\n<h5>A PROJEKT MENETE<\/h5>\n<p><strong>1. Az online k\u00e9rd\u0151\u00edves adatfelv\u00e9tel<\/strong> <strong>tervezett ideje: 2024. m\u00e1jus-okt\u00f3ber <\/strong>(c\u00e9lcsoport: teljes SE hallgat\u00f3i k\u00f6z\u00f6ss\u00e9g)<\/p>\n<p><span style=\"font-size: 10pt\">KVANTITAT\u00cdV KUTAT\u00c1S: C\u00c9LJA A HALLGAT\u00d3K K\u00d6R\u00c9BEN MIN\u00c9L SZ\u00c9LESEBB K\u00d6RBEN T\u00d6RT\u00c9N\u0150 \u00c1LLAPOTFELM\u00c9R\u00c9S<span style=\"color: #ff00ff\">. <a href=\"https:\/\/emk.semmelweis.hu\/mentalsurvey\/index.php\/283948?lang=hu\">Kit\u00f6lt\u00f6m a k\u00e9rd\u0151\u00edvet<\/a><\/span><\/span><\/p>\n<p><strong>2. A f\u00f3kuszcsoportos interj\u00fak tervezett ideje: 2024. szeptember 20. <span style=\"font-size: 12pt\">(13:00-16:00)<\/span>, szeptember 23. ENG <span style=\"font-size: 12pt\">(14:00-17:00)<\/span>, okt\u00f3ber 1. magyar vagy angol nyelven <span style=\"font-size: 12pt\">(17:00-20),<span style=\"color: #ff00ff;font-size: 14pt\"> okt\u00f3ber 3. magyar nyelven (14:00-16). okt\u00f3ber 4. magyar nyelven (9:00-12:00)<\/span><\/span><\/strong><\/p>\n<p><span style=\"font-size: 10pt\">KVALITAT\u00cdV KUTAT\u00c1S: C\u00c9LJA A K\u00c9RD\u0150\u00cdVES FORM\u00c1BAN NEM MEGISMERHET\u0150 T\u00c9NYEZ\u0150K K\u00d6Z\u00d6S FELT\u00c1R\u00c1SA. <a href=\"https:\/\/forms.gle\/V416ThsSjQx7ukwf7\" target=\"_blank\" rel=\"noopener\"><span style=\"color: #ff00ff\">jelentkeztem az interj\u00fara\u00a0<\/span><\/a><\/span><\/p>\n<p style=\"padding-left: 120px\"><span style=\"font-size: 10pt\"><em>Mit jelent a f\u00f3kuszcsoportos interj\u00fa?\u00a0Egy olyan nyitott, k\u00f6tetlen, moder\u00e1lt besz\u00e9lget\u00e9s, ahol 6-8 r\u00e9sztvev\u0151 megoszthatja a v\u00e9lem\u00e9ny\u00e9t adott t\u00e9m\u00e1ban. A mi eset\u00fcnkben ez a t\u00e9ma az egyetemi vagy egyetemen k\u00edv\u00fcli t\u00e1rsas kapcsolatainkban meg\u00e9lt fontoss\u00e1g meg\u00e9l\u00e9se.\u00a0 A kutat\u00e1s sor\u00e1n a besz\u00e9lget\u00e9seket hangfelv\u00e9telre r\u00f6gz\u00edtj\u00fck \u00e9s a megjelen\u0151 t\u00e9m\u00e1kat elemezz\u00fck. A f\u00f3kuszcsoport \u00e9rt\u00e9kes forr\u00e1sa a kvalitat\u00edv kutat\u00e1soknak.\u00a0\u00a0<\/em><\/span><\/p>\n<p><strong>3. J\u00f3ll\u00e9tet t\u00e1mogat\u00f3 workshop tervezett ideje: 2024. szeptember 20. <span style=\"font-size: 12pt\">magyar nyelven<\/span> <span style=\"font-size: 12pt\">(9:00-12:00)<\/span>, szeptember 27. <span style=\"font-size: 12pt\">angol nyelven<\/span> <span style=\"font-size: 12pt\">(13:00-16:00), <span style=\"font-size: 14pt\">okt\u00f3ber 3.<\/span> magyar nyelven (14:00-17.00)<\/span><\/strong><\/p>\n<p><span style=\"font-size: 10pt\">T\u00c1MOGAT\u00d3 INTERVENCI\u00d3: C\u00c9LJA AZ INTERVENCI\u00d3K ELKEZD\u00c9SE, AZOK HAT\u00c9KONYS\u00c1GM\u00c9R\u00c9S\u00c9NEK ELIND\u00cdT\u00c1SA. <span style=\"color: #ff00ff\"><a href=\"https:\/\/forms.gle\/V416ThsSjQx7ukwf7\" target=\"_blank\" rel=\"noopener\">jelentkezem a workshopra<\/a><\/span><\/span><\/p>\n<div class=\"x_elementToProof\" style=\"padding-left: 120px\"><span style=\"font-size: 10pt\"><em>Mi t\u00f6rt\u00e9nik a workshopon?\u00a0F\u0151leg besz\u00e9lget\u00fcnk, de interakt\u00edv tr\u00e9ning eszk\u00f6z\u00f6kkel azt j\u00e1rjuk k\u00f6r\u00fcl, hogy ki mit\u0151l \u00e9rzi j\u00f3l mag\u00e1t egy k\u00f6z\u00f6ss\u00e9gben. C\u00e9lunk egy j\u00f3 hangulat\u00fa, felszabad\u00edt\u00f3, \u00f6nismeretet \u00e9s \u00f6nreflexi\u00f3t t\u00e1mogat\u00f3 alkalom. \u00a0 Sz\u00e1mokban:10-12 hallgat\u00f3 + 2 ment\u00e1lhigi\u00e9n\u00e9s\/pszichol\u00f3gus v\u00e9gzetts\u00e9g\u0171 csoportvezet\u0151 2&#215;90 percben\u00a0<\/em><\/span><\/div>\n<div class=\"x_elementToProof\">\u00a0<\/div>\n<p><strong>4. Adatelemz\u00e9s: 2024. j\u00falius-okt\u00f3ber<\/strong><\/p>\n<p>Els\u0151dleges elemz\u00e9sek: C\u00e9l, hogy a nemzetk\u00f6zi partnerekkel egy\u00fctt megismerj\u00fck a kutat\u00e1s legfontosabb els\u0151dleges eredm\u00e9nyeit, valid\u00e1ljuk a fontoss\u00e1g m\u00e9r\u0151eszk\u00f6z\u00f6ket, felm\u00e9rj\u00fck az \u00e1ltal\u00e1nos j\u00f3ll\u00e9t mutat\u00f3kat \u00e9s ezek alapj\u00e1n meghat\u00e1rozzuk a legfontosabb intervenci\u00f3kat ig\u00e9nyl\u0151 ter\u00fcleteket<\/p>\n<p><strong>5. Eredm\u00e9nyek ismertet\u00e9se: 2024. augusztus &#8211; szeptember<\/strong><\/p>\n<p>Els\u0151dleges elemz\u00e9sek ismertet\u00e9se: az\u00a0 Semmelweis Ny\u00e1ri Egyetem folyam\u00e1n az eredm\u00e9nyeket elkezdj\u00fck ismertetni az \u00e9rintettekkel. Ezut\u00e1n a honlapon is elkezdj\u00fck a r\u00f6vid, k\u00f6z\u00e9rthet\u0151 t\u00e1j\u00e9koztat\u00e1st, hogy a di\u00e1kok maguk is megismerhess\u00e9k az eredm\u00e9nyeket.<\/p>\n<p><strong>6. Projekt m\u00e1sodik f\u00e1zis: 2024. szeptembert\u0151l<\/strong><\/p>\n<p>A projekt c\u00e9lja, hogy mindezek ismeret\u00e9ben val\u00f3s t\u00e1mogat\u00f3 l\u00e9p\u00e9sek sz\u00fclessenek a di\u00e1kok j\u00f3ll\u00e9te \u00e9rdek\u00e9ben. A k\u00f6z\u00f6s \u00e1tbesz\u00e9l\u00e9st k\u00f6vet\u0151en teh\u00e1t a konkr\u00e9t intervenci\u00f3k, \u00e9s rendszerek ki\u00e9p\u00edt\u00e9se a 2024\/2025 \u0151szi f\u00e9l\u00e9vt\u0151l kezd\u0151dik el.<\/p>\n<p>&nbsp;<\/p>\n<h5>NEMZETK\u00d6ZI EGY\u00dcTTM\u0170K\u00d6D\u00c9S<\/h5>\n<p>A kutat\u00e1s r\u00e9sze egy nemzetk\u00f6zi kutat\u00e1si egy\u00fcttm\u0171k\u00f6d\u00e9snek, \u00edgy a fenti k\u00e9rd\u00e9seket t\u00f6bb eur\u00f3pai fels\u0151oktat\u00e1si int\u00e9zm\u00e9nyre \u00f6sszes\u00edtve is megvizsg\u00e1ljuk.<\/p>\n<p>A projektben r\u00e9szt vev\u0151 partnerint\u00e9zm\u00e9nyek:<\/p>\n<ul>\n<li>Birminghami Egyetem<\/li>\n<li>Firenzei Egyetem<\/li>\n<li>Linnaeus Egyetem<\/li>\n<li>Nantes Egyetem<\/li>\n<li>Semmelweis Egyetem<\/li>\n<\/ul>\n<p>Az UniMatter program EUniWell Projekt koordin\u00e1tora: Camilla Matera, Firenzei Egyetem<\/p>\n<p>A Semmelweis Egyetem projektkoordin\u00e1torai: a Ment\u00e1lhigi\u00e9n\u00e9 Int\u00e9zet\u00e9nek munkat\u00e1rsai: Dr. Pethesn\u00e9 Dr. D\u00e1vid Be\u00e1ta, Dr. Albert Fruzsina \u00e9s Dr. Papp Zsuzsanna<\/p>\n<p>\u00c9rdekl\u0151dni az al\u00e1bbi email c\u00edmen lehet: papp.zsuzsa@semmelweis.hu<\/p>\n<p><em>A kutat\u00e1st a Semmelweis Egyetem Region\u00e1lis, Int\u00e9zm\u00e9nyi Tudom\u00e1nyis \u00e9s Kutat\u00e1setikai Bizotts\u00e1ga hagyta j\u00f3v\u00e1 (SE RKEB 259\/2023).<\/em><\/p>\n<h5>\u00a0<\/h5>\n<div class=\"fontos_div\">\n<h5><em style=\"color: #ff00ff;font-size: 12pt;background-color: transparent\">A tavaszi f\u00e9l\u00e9v r\u00e9sztvev\u0151i k\u00f6z\u00f6tt 17 nyerem\u00e9nyt sorsoltunk ki. A k\u00f6vetkez\u0151 sorsol\u00e1s okt\u00f3berben lesz.<\/em><\/h5>\n<h5><em style=\"color: #ff00ff;font-size: 12pt;background-color: transparent\">H\u00e1romalkalmas egy\u00e9ni konzult\u00e1ci\u00f3t nyertek: <\/em><em style=\"color: #993300;font-size: 12pt;background-color: transparent;font-weight: normal\"><span style=\"color: #000000\">ANKA672, DOKA773, DO\u00c9V424, ANJU794, \u00c1G\u00c1G016<\/span><\/em><\/h5>\n<h5><span style=\"font-size: 12pt\"><em><span style=\"color: #ff00ff\">K\u00e9t\u00f3r\u00e1s m\u0171v\u00e9szetter\u00e1pi\u00e1s fogallkoz\u00e1st nyertek<\/span>: <\/em><em style=\"background-color: transparent\">SZMA455, BOEM380, DOZS840, LESI158, LIGA549, ERER642, BRDA 860, LIKA637, KAKA781, ZSED022, LIED584, REJU88<\/em><\/span><\/h5>\n<h6><em style=\"background-color: transparent;color: #ff00ff;font-size: 12pt\">A nyertesek jelentkez\u00e9s\u00e9t emailben v\u00e1rjuk:\u00a0papp.zsuzsa@semmelweis.hu<\/em><\/h6>\n<p><span style=\"font-size: 12pt\">A sorsol\u00e1s megtekinthet\u0151 Instagram oldalunkon: \u00a0https:\/\/www.\u00a0<em>instagram<\/em>.com\/<em>unimattersemmelweis<\/em>\/\u00a0<\/span><\/p>\n<\/div>\n<p>&nbsp;<\/p>\n","protected":false},"excerpt":{"rendered":"<p>UNIMATTER &#8211; Az egyetemist\u00e1k sz\u00e1m\u00edtanak!\u00a0 <a href=\"https:\/\/www.euniwell.eu\/what-we-offer\/seed-funding-programme\/projects-of-the-fifth-seed-funding-call\/unimatter-improving-students-well-being-and-academic-success\" target=\"_blank\" rel=\"noopener\">EUniWell Seed Funding nemzetk\u00f6zi egyetemi well-being projekt 2023\/24<\/a> C\u00e9lok:\u00a0 A projekt f\u0151 c\u00e9lja egy sz\u00e9lesk\u00f6r\u0171, a Semmelweis Egyetem minden kar\u00e1ra \u00e9s \u00e9vfolyam\u00e1ra kiterjed\u0151 hallgat\u00f3i j\u00f3ll\u00e9t felm\u00e9r\u00e9s. <a href=\"https:\/\/emk.semmelweis.hu\/mentalsurvey\/index.php\/527424?lang=hu\" target=\"_blank\" rel=\"noopener\">\u21d2 <\/a> <a href=\"https:\/\/emk.semmelweis.hu\/mentalsurvey\/index.php\/283948?lang=hu\" target=\"_blank\" rel=\"noopener\">Kit\u00f6lt\u00f6m a k\u00e9rd\u0151\u00edvet<\/a> Friss h\u00edrek 2024.08.30.: A k\u00e9rd\u0151\u00edv kit\u00f6lt\u00e9s\u00e9t a 2024\/25 \u0151szi f\u00e9l\u00e9vben is megnyitottuk. A\u00a0k\u00e9rd\u0151\u00edv 2024. okt\u00f3ber 31-ig el\u00e9rhet\u0151. SZ\u00c1M\u00cdTOK-E? A kutat\u00e1s f\u0151 f\u00f3kusz\u00e1t \u00e9s \u00fajszer\u0171s\u00e9g\u00e9t az \u00e9szlelt t\u00e1rsas jelent\u0151s\u00e9g, fontoss\u00e1g (perceived mattering) vizsg\u00e1lata &hellip;<\/p>\n","protected":false},"author":101898,"featured_media":0,"parent":155,"menu_order":0,"comment_status":"closed","ping_status":"closed","template":"","meta":{"_acf_changed":false,"footnotes":""},"categories":[],"tags":[79,81,77],"class_list":["post-7088","page","type-page","status-publish","hentry","tag-euniwell","tag-jollet","tag-kutatas"],"acf":[],"_links":{"self":[{"href":"https:\/\/semmelweis.hu\/mental\/wp-json\/wp\/v2\/pages\/7088","targetHints":{"allow":["GET"]}}],"collection":[{"href":"https:\/\/semmelweis.hu\/mental\/wp-json\/wp\/v2\/pages"}],"about":[{"href":"https:\/\/semmelweis.hu\/mental\/wp-json\/wp\/v2\/types\/page"}],"author":[{"embeddable":true,"href":"https:\/\/semmelweis.hu\/mental\/wp-json\/wp\/v2\/users\/101898"}],"replies":[{"embeddable":true,"href":"https:\/\/semmelweis.hu\/mental\/wp-json\/wp\/v2\/comments?post=7088"}],"version-history":[{"count":10,"href":"https:\/\/semmelweis.hu\/mental\/wp-json\/wp\/v2\/pages\/7088\/revisions"}],"predecessor-version":[{"id":7450,"href":"https:\/\/semmelweis.hu\/mental\/wp-json\/wp\/v2\/pages\/7088\/revisions\/7450"}],"up":[{"embeddable":true,"href":"https:\/\/semmelweis.hu\/mental\/wp-json\/wp\/v2\/pages\/155"}],"wp:attachment":[{"href":"https:\/\/semmelweis.hu\/mental\/wp-json\/wp\/v2\/media?parent=7088"}],"wp:term":[{"taxonomy":"category","embeddable":true,"href":"https:\/\/semmelweis.hu\/mental\/wp-json\/wp\/v2\/categories?post=7088"},{"taxonomy":"post_tag","embeddable":true,"href":"https:\/\/semmelweis.hu\/mental\/wp-json\/wp\/v2\/tags?post=7088"}],"curies":[{"name":"wp","href":"https:\/\/api.w.org\/{rel}","templated":true}]}}