{"id":70,"date":"2018-06-13T11:13:57","date_gmt":"2018-06-13T09:13:57","guid":{"rendered":"http:\/\/semmelweis.hu\/mental\/?page_id=70"},"modified":"2026-03-03T06:56:59","modified_gmt":"2026-03-03T05:56:59","slug":"kontaktszemelyek-lelki-3","status":"publish","type":"page","link":"https:\/\/semmelweis.hu\/mental\/szakiranyu-kepzesek\/lelkigondozo-kepzes\/kontaktszemelyek-lelki-3\/","title":{"rendered":"Kontaktszem\u00e9lyek"},"content":{"rendered":"<p><strong>Dr. T\u00f6r\u00f6k G\u00e1bor\u00a0<\/strong>szakcsoportvezet\u0151<\/p>\n<p>E-mail:<span style=\"color: #0000ff\"><a href=\"mailto:torok.gabor@semmelweis.hu\"><strong> torok.gabor@semmelweis.hu<\/strong><\/a><\/span><\/p>\n<p>Tel.: +36-1-459-1500 \/56532 mell\u00e9k \u00a0<\/p>\n<p>&nbsp;<\/p>\n<p><strong>Dr. Jo\u00f3b M\u00e1t\u00e9\u00a0<\/strong>szakcsoportvezet\u0151 helyettes<\/p>\n<p>E-mail:<span style=\"color: #0000ff\"><a href=\"mailto:joob.mate@semmelweis.hu\"> <strong>joob.mate@semmelweis.hu<\/strong><\/a><\/span><\/p>\n<p>Tel.: +36-1-459-1500 \/56531 mell\u00e9k \u00a0<\/p>\n<p>&nbsp;<\/p>\n<p><strong>Dr. J\u00e1ray M\u00e1rton<\/strong> oktat\u00f3<\/p>\n<p>E-mail: <span style=\"color: #0000ff\"><a href=\"mailto:jaray.marton@semmelweis.hu\"><strong>jaray.marton@semmelweis.hu<\/strong><\/a><\/span><\/p>\n<p>Tel.: +36-1-459-1500 \/56535 mell\u00e9k \u00a0<\/p>\n<p>&nbsp;<\/p>\n<p><b>Dr. Szab\u00f3-J\u00e1ki Zsuzsanna<\/b> oktat\u00f3<\/p>\n<p>E-mail: <span style=\"color: #0000ff\"><a href=\"mailto:jaki.zsuzsa@semmelweis.hu\" target=\"_blank\" rel=\"noopener\"><strong>jaki.zsuzsa@semmelweis.hu<\/strong><\/a><\/span><\/p>\n<p>Tel.: +36-1-459-1500 \/56532 mell\u00e9k \u00a0<\/p>\n<p>&nbsp;<\/p>\n<p><strong>Kormos Zsuzsa <\/strong>tanulm\u00e1nyi \u00fcgyint\u00e9z\u0151<\/p>\n<p>E-mail: <span style=\"color: #0000ff\"><a href=\"mailto:csatari.aniko@semmelweis.hu\" target=\"_blank\" rel=\"noopener\"><strong>kormos.zsuzsanna@semmelweis.hu<\/strong><\/a><\/span><\/p>\n<p>Tel.: +36-20-670-1032<\/p>\n<div>\u00a0<\/div>\n<div>\n<div>\n<div><strong>Fogarasi Katalin Krisztina<\/strong> adminisztrat\u00edv koordin\u00e1tor (oktat\u00e1sszervez\u0151)<\/div>\n<div>\u00a0<\/div>\n<div>E-mail:<span style=\"color: #0000ff\"> <strong><a href=\"mailto:fogarasi.katalin.krisztina@semmelweis.hu\" target=\"_blank\" rel=\"noopener\">fogarasi.katalin.krisztina@semmelweis.hu<\/a><\/strong><\/span><\/div>\n<div>\u00a0<\/div>\n<div>Tel: +36-20-663-2398<\/div>\n<\/div>\n<\/div>\n","protected":false},"excerpt":{"rendered":"<p>Dr. T\u00f6r\u00f6k G\u00e1bor\u00a0szakcsoportvezet\u0151 E-mail: <a href=\"mailto:torok.gabor@semmelweis.hu\"> torok.gabor@semmelweis.hu<\/a> Tel.: +36-1-459-1500 \/56532 mell\u00e9k \u00a0 &nbsp; Dr. Jo\u00f3b M\u00e1t\u00e9\u00a0szakcsoportvezet\u0151 helyettes E-mail: <a href=\"mailto:joob.mate@semmelweis.hu\"> joob.mate@semmelweis.hu<\/a> Tel.: +36-1-459-1500 \/56531 mell\u00e9k \u00a0 &nbsp; Dr. J\u00e1ray M\u00e1rton oktat\u00f3 E-mail: <a href=\"mailto:jaray.marton@semmelweis.hu\">jaray.marton@semmelweis.hu<\/a> Tel.: +36-1-459-1500 \/56535 mell\u00e9k \u00a0 &nbsp; Dr. Szab\u00f3-J\u00e1ki Zsuzsanna oktat\u00f3 E-mail: <a href=\"mailto:jaki.zsuzsa@semmelweis.hu\" target=\"_blank\" rel=\"noopener\">jaki.zsuzsa@semmelweis.hu<\/a> Tel.: +36-1-459-1500 \/56532 mell\u00e9k \u00a0 &nbsp; Kormos Zsuzsa tanulm\u00e1nyi \u00fcgyint\u00e9z\u0151 E-mail: <a href=\"mailto:csatari.aniko@semmelweis.hu\" target=\"_blank\" rel=\"noopener\">kormos.zsuzsanna@semmelweis.hu<\/a> Tel.: +36-20-670-1032 \u00a0 Fogarasi Katalin Krisztina adminisztrat\u00edv &hellip;<\/p>\n","protected":false},"author":101614,"featured_media":0,"parent":1218,"menu_order":5,"comment_status":"closed","ping_status":"closed","template":"","meta":{"_acf_changed":false,"footnotes":""},"categories":[],"tags":[],"class_list":["post-70","page","type-page","status-publish","hentry"],"acf":[],"_links":{"self":[{"href":"https:\/\/semmelweis.hu\/mental\/wp-json\/wp\/v2\/pages\/70","targetHints":{"allow":["GET"]}}],"collection":[{"href":"https:\/\/semmelweis.hu\/mental\/wp-json\/wp\/v2\/pages"}],"about":[{"href":"https:\/\/semmelweis.hu\/mental\/wp-json\/wp\/v2\/types\/page"}],"author":[{"embeddable":true,"href":"https:\/\/semmelweis.hu\/mental\/wp-json\/wp\/v2\/users\/101614"}],"replies":[{"embeddable":true,"href":"https:\/\/semmelweis.hu\/mental\/wp-json\/wp\/v2\/comments?post=70"}],"version-history":[{"count":11,"href":"https:\/\/semmelweis.hu\/mental\/wp-json\/wp\/v2\/pages\/70\/revisions"}],"predecessor-version":[{"id":9088,"href":"https:\/\/semmelweis.hu\/mental\/wp-json\/wp\/v2\/pages\/70\/revisions\/9088"}],"up":[{"embeddable":true,"href":"https:\/\/semmelweis.hu\/mental\/wp-json\/wp\/v2\/pages\/1218"}],"wp:attachment":[{"href":"https:\/\/semmelweis.hu\/mental\/wp-json\/wp\/v2\/media?parent=70"}],"wp:term":[{"taxonomy":"category","embeddable":true,"href":"https:\/\/semmelweis.hu\/mental\/wp-json\/wp\/v2\/categories?post=70"},{"taxonomy":"post_tag","embeddable":true,"href":"https:\/\/semmelweis.hu\/mental\/wp-json\/wp\/v2\/tags?post=70"}],"curies":[{"name":"wp","href":"https:\/\/api.w.org\/{rel}","templated":true}]}}