{"id":7,"date":"2018-06-08T00:00:00","date_gmt":"2018-06-07T22:00:00","guid":{"rendered":"http:\/\/semmelweis.hu\/mental\/kepzes-bemutatasa\/"},"modified":"2026-03-10T09:17:26","modified_gmt":"2026-03-10T08:17:26","slug":"kepzes-bemutatasa","status":"publish","type":"page","link":"https:\/\/semmelweis.hu\/mental\/mesterkepzesek\/szocialis-munka\/kepzes-bemutatasa\/","title":{"rendered":"K\u00e9pz\u00e9s bemutat\u00e1sa"},"content":{"rendered":"<h6 style=\"text-align: justify\"><strong>Szoci\u00e1lis munka mesterk\u00e9pz\u00e9si szak <\/strong><\/h6>\n<p style=\"text-align: justify\">A\u00a0szoci\u00e1lis munka mesterk\u00e9pz\u00e9si szak els\u0151sorban alapdiplom\u00e1val (f\u0151iskolai vagy BA) rendelkez\u0151 szoci\u00e1lis munk\u00e1sokat \u00e9s szoci\u00e1lpedag\u00f3gusokat k\u00e9sz\u00edt fel a szoci\u00e1lis munka professzion\u00e1lisabb v\u00e9gz\u00e9s\u00e9re.<\/p>\n<p style=\"text-align: justify\">A k\u00e9pz\u00e9s specifikuma a csal\u00e1ddal \u00f6sszef\u00fcgg\u0151 szoci\u00e1lis k\u00e9rd\u00e9sek t\u00f6bbszempont\u00fa megk\u00f6zel\u00edt\u00e9se \u00e9s az eddig megszerzett tud\u00e1s \u00e9s tapasztalat rendszerszeml\u00e9let\u0171 integr\u00e1ci\u00f3ja. Fontosnak tartjuk az \u00e9rt\u00e9kk\u00f6zpont\u00fa szeml\u00e9letet \u00e9s annak er\u0151forr\u00e1sk\u00e9nt val\u00f3 felhaszn\u00e1l\u00e1s\u00e1t.<\/p>\n<p style=\"text-align: justify\"><strong>Curriculum 2.0<\/strong><\/p>\n<p style=\"text-align: justify\">A k\u00e9pz\u00e9s \u00e1tdolgozott mintatanterv\u00e9nek f\u0151bb c\u00e9lkit\u0171z\u00e9sei a K\u00e9pz\u00e9si \u00e9s kimeneti k\u00f6vetelm\u00e9nyekhez igazodva el\u0151seg\u00edteni a hallgat\u00f3k szakmai fejl\u0151d\u00e9s\u00e9t az al\u00e1bbi ter\u00fcleteken: seg\u00edt\u0151k j\u00f3ll\u00e9te; szoci\u00e1lis munka m\u00f3dszereinek \u00e9s eszk\u00f6zeinek professzion\u00e1lis haszn\u00e1lata; szolg\u00e1ltat\u00e1sfejleszt\u00e9s \u00e9s innov\u00e1ci\u00f3.<\/p>\n<p style=\"text-align: justify\">A 2021-ben indult curriculumfejleszt\u00e9si folyamat azt c\u00e9lozta meg, hogy a szoci\u00e1lis munka mesterk\u00e9pz\u00e9s k\u00e9pz\u00e9si tartalmait \u00e9s oktat\u00e1si m\u00f3dszertan\u00e1t a t\u00e1rsadalmi \u00e9s technol\u00f3giai v\u00e1ltoz\u00e1sokhoz, a szoci\u00e1lis szakma sz\u00fcks\u00e9gleteihez \u00e9s a hallgat\u00f3i ig\u00e9nyekhez igaz\u00edtsuk. Az \u00e1tdolgoz\u00e1s c\u00e9lja tov\u00e1bb\u00e1, hogy a hallgat\u00f3k sz\u00e1m\u00e1ra egy\u00e9rtelm\u0171bb, \u00e1tl\u00e1that\u00f3bb legyen a k\u00e9pz\u00e9si folyamat \u00e9s a tant\u00e1rgyak kapcsol\u00f3d\u00e1sa.<\/p>\n<p style=\"text-align: justify\">A k\u00e9pz\u00e9s oktat\u00f3ival, v\u00e9gzett hallgat\u00f3kkal \u00e9s a szakmai k\u00e9pvisel\u0151ivel egy\u00fcttm\u0171k\u00f6dve fogalmaztuk meg a k\u00e9pz\u00e9s hangs\u00falyait \u00e9s ir\u00e1nyait, \u00edgy a szoci\u00e1lis munka mesterk\u00e9pz\u00e9s \u00faj mintatanterve a k\u00e9pz\u00e9si- \u00e9s kimeneti k\u00f6vetelm\u00e9nyek figyelembe v\u00e9tel\u00e9vel a k\u00f6vetkez\u0151 h\u00e1rom pill\u00e9re \u00e9p\u00fcl.<\/p>\n<ul style=\"text-align: justify\">\n<li><strong>A szoci\u00e1lis munk\u00e1s j\u00f3ll\u00e9te:<\/strong> \u00f6nismeret, szakmai identit\u00e1s, szakmai reflexi\u00f3, szakmai felel\u0151ss\u00e9g. K\u00e9pz\u00e9si c\u00e9l: a hallgat\u00f3k tudatosabb szakmai jelenl\u00e9ttel v\u00e9gzik munk\u00e1jukat, identit\u00e1sukban meger\u0151s\u00f6dve \u00e9s magasabb szint\u0171 reflexi\u00f3val gyakorolj\u00e1k hivat\u00e1sukat.<\/li>\n<li><strong>A szoci\u00e1lis munka m\u00f3dszerei:<\/strong> szem\u00e9lyk\u00f6zpont\u00fa szeml\u00e9let, resztorat\u00edv szeml\u00e9let, kapcsolath\u00e1l\u00f3zati megk\u00f6zel\u00edt\u00e9s. K\u00e9pz\u00e9si c\u00e9l: a hallgat\u00f3k megismerkednek a h\u00e1rom szeml\u00e9lettel \u00e9s ezekhez tartoz\u00f3 m\u00f3dszerekkel, technik\u00e1kkal. Seg\u00edti a m\u00e1r haszn\u00e1lt m\u00f3dszerek, eszk\u00f6z\u00f6k beazonos\u00edt\u00e1s\u00e1ban \u00e9s a tudatos haszn\u00e1lat kialak\u00edt\u00e1s\u00e1ban.<\/li>\n<li><strong>A szoci\u00e1lis szolg\u00e1ltat\u00e1sok fejleszt\u00e9se, innov\u00e1ci\u00f3.<\/strong> K\u00e9pz\u00e9si c\u00e9l: a hallgat\u00f3k elsaj\u00e1t\u00edtj\u00e1k a projektszeml\u00e9let alapjait \u00e9s saj\u00e1t szakmai k\u00f6rnyezet\u00fckben hasznos\u00edtva innov\u00e1ci\u00f3t kezdem\u00e9nyezhetnek.<\/li>\n<\/ul>\n<p style=\"text-align: justify\">A <strong>mintatanterv<\/strong> fel\u00e9p\u00edt\u00e9s\u00e9ben egyr\u00e9szt \u00e9rv\u00e9nyes\u00fcl az eml\u00edtett pill\u00e9rek alapj\u00e1n val\u00f3 tagoz\u00f3d\u00e1s, valamint egyes t\u00e9m\u00e1k (pl: csal\u00e1d) k\u00fcl\u00f6nb\u00f6z\u0151 szempont\u00fa feldolgoz\u00e1sa p\u00e1rhuzamosan jelenik meg az egyes pill\u00e9rekn\u00e9l. A tant\u00e1rgyak \u00f6sszehangolts\u00e1g\u00e1ra \u00e9s \u00f6sszekapcsol\u00f3d\u00e1s\u00e1ra nagy hangs\u00falyt fektett\u00fcnk, annak \u00e9rdek\u00e9ben, hogy a k\u00e9pz\u00e9si tartalmak egys\u00e9ges keretben \u00e9s szeml\u00e9letben ker\u00fcljenek t\u00e1rgyal\u00e1sra.<\/p>\n<p style=\"text-align: justify\">A Szolg\u00e1ltat\u00e1sfejleszt\u00e9si projekt t\u00e1rgyhoz p\u00e9ld\u00e1ul t\u00f6bb t\u00e1rgy (Kutat\u00e1sm\u00f3dszertan, Szakmai gyakorlat 2., Szakmai kommunik\u00e1ci\u00f3 2.) is kapcsol\u00f3dik, melyek a projekt f\u0151 \u00edv\u00e9re \u00e9p\u00fclnek \u00e9s seg\u00edtik a folyamatot.<\/p>\n<p style=\"text-align: justify\">A tananyagfejleszt\u00e9sek f\u0151 c\u00e9ljak\u00e9nt a gyakorlatorient\u00e1lt, innovat\u00edv k\u00e9pz\u00e9si tartalmak kialak\u00edt\u00e1s\u00e1t, valamint az \u00e9lm\u00e9nyalap\u00fa \u00e9s interakt\u00edv pedag\u00f3giai m\u00f3dszertan b\u0151vebb kihaszn\u00e1l\u00e1s\u00e1t fogalmaztuk meg. A m\u00f3dszerek tekintet\u00e9ben elk\u00f6telezettek vagyunk a participat\u00edv oktat\u00e1si m\u00f3dszerek \u00e9s az \u00e9lm\u00e9nypedag\u00f3giai eszk\u00f6z\u00f6k mellett, valamint fontosnak tartjuk a projektm\u00f3dszer beemel\u00e9s\u00e9t az oktat\u00e1sba.<\/p>\n<div class=\"fontos_div w-100\">\n<p style=\"text-align: justify\">A v\u00e9gzett hallgat\u00f3k megfelel\u0151 ismeretekkel rendelkeznek tanulm\u00e1nyaik doktori k\u00e9pz\u00e9s keret\u00e9ben t\u00f6rt\u00e9n\u0151 folytat\u00e1s\u00e1ra.<\/p>\n<\/div>\n<hr \/>\n<p><strong>Tov\u00e1bbi inform\u00e1ci\u00f3k a szoci\u00e1lis munka mesterk\u00e9pz\u00e9si szakr\u00f3l<\/strong><\/p>\n<ul class=\"children\" style=\"list-style-type: square\">\n<li class=\"page_item page-item-59\"><strong><a href=\"https:\/\/semmelweis.hu\/mental\/mesterkepzesek\/szocialis-munka\/tanulmanyi-program\/\" target=\"_blank\" rel=\"noopener\">Tanulm\u00e1nyi program<\/a><\/strong><\/li>\n<li class=\"page_item page-item-60\"><strong><a href=\"https:\/\/semmelweis.hu\/mental\/mesterkepzesek\/szocialis-munka\/kontaktszemelyek\/\" target=\"_blank\" rel=\"noopener\">Kontaktszem\u00e9lyek<\/a><\/strong><\/li>\n<li class=\"page_item page-item-61\"><strong><a href=\"https:\/\/semmelweis.hu\/mental\/mesterkepzesek\/szocialis-munka\/felvetel-a-kepzesre\/\" target=\"_blank\" rel=\"noopener\">Felv\u00e9tel a k\u00e9pz\u00e9sre<\/a><\/strong><\/li>\n<li class=\"page_item page-item-3341\"><strong><a href=\"https:\/\/semmelweis.hu\/mental\/mesterkepzesek\/szocialis-munka\/praktikus-informaciok\/\">Praktikus inform\u00e1ci\u00f3k felv\u00e9teliz\u0151knek<\/a><\/strong><\/li>\n<li class=\"page_item page-item-3721\"><strong><a href=\"https:\/\/semmelweis.hu\/mental\/mesterkepzesek\/szocialis-munka\/aktualis-tajekoztatok-hallgatoknak\/\" target=\"_blank\" rel=\"noopener\">Aktu\u00e1lis t\u00e1j\u00e9koztat\u00f3k hallgat\u00f3knak<\/a><\/strong><\/li>\n<\/ul>\n","protected":false},"excerpt":{"rendered":"<p>Szoci\u00e1lis munka mesterk\u00e9pz\u00e9si szak A\u00a0szoci\u00e1lis munka mesterk\u00e9pz\u00e9si szak els\u0151sorban alapdiplom\u00e1val (f\u0151iskolai vagy BA) rendelkez\u0151 szoci\u00e1lis munk\u00e1sokat \u00e9s szoci\u00e1lpedag\u00f3gusokat k\u00e9sz\u00edt fel a szoci\u00e1lis munka professzion\u00e1lisabb v\u00e9gz\u00e9s\u00e9re. A k\u00e9pz\u00e9s specifikuma a csal\u00e1ddal \u00f6sszef\u00fcgg\u0151 szoci\u00e1lis k\u00e9rd\u00e9sek t\u00f6bbszempont\u00fa megk\u00f6zel\u00edt\u00e9se \u00e9s az eddig megszerzett tud\u00e1s \u00e9s tapasztalat rendszerszeml\u00e9let\u0171 integr\u00e1ci\u00f3ja. Fontosnak tartjuk az \u00e9rt\u00e9kk\u00f6zpont\u00fa szeml\u00e9letet \u00e9s annak er\u0151forr\u00e1sk\u00e9nt val\u00f3 felhaszn\u00e1l\u00e1s\u00e1t. Curriculum &hellip;<\/p>\n","protected":false},"author":101265,"featured_media":0,"parent":1122,"menu_order":1,"comment_status":"closed","ping_status":"closed","template":"","meta":{"_acf_changed":false,"footnotes":""},"categories":[],"tags":[124,122],"class_list":["post-7","page","type-page","status-publish","hentry","tag-mesterkepzes","tag-szocialis-munka"],"acf":[],"_links":{"self":[{"href":"https:\/\/semmelweis.hu\/mental\/wp-json\/wp\/v2\/pages\/7","targetHints":{"allow":["GET"]}}],"collection":[{"href":"https:\/\/semmelweis.hu\/mental\/wp-json\/wp\/v2\/pages"}],"about":[{"href":"https:\/\/semmelweis.hu\/mental\/wp-json\/wp\/v2\/types\/page"}],"author":[{"embeddable":true,"href":"https:\/\/semmelweis.hu\/mental\/wp-json\/wp\/v2\/users\/101265"}],"replies":[{"embeddable":true,"href":"https:\/\/semmelweis.hu\/mental\/wp-json\/wp\/v2\/comments?post=7"}],"version-history":[{"count":11,"href":"https:\/\/semmelweis.hu\/mental\/wp-json\/wp\/v2\/pages\/7\/revisions"}],"predecessor-version":[{"id":9119,"href":"https:\/\/semmelweis.hu\/mental\/wp-json\/wp\/v2\/pages\/7\/revisions\/9119"}],"up":[{"embeddable":true,"href":"https:\/\/semmelweis.hu\/mental\/wp-json\/wp\/v2\/pages\/1122"}],"wp:attachment":[{"href":"https:\/\/semmelweis.hu\/mental\/wp-json\/wp\/v2\/media?parent=7"}],"wp:term":[{"taxonomy":"category","embeddable":true,"href":"https:\/\/semmelweis.hu\/mental\/wp-json\/wp\/v2\/categories?post=7"},{"taxonomy":"post_tag","embeddable":true,"href":"https:\/\/semmelweis.hu\/mental\/wp-json\/wp\/v2\/tags?post=7"}],"curies":[{"name":"wp","href":"https:\/\/api.w.org\/{rel}","templated":true}]}}