{"id":69,"date":"2018-06-13T10:56:59","date_gmt":"2018-06-13T08:56:59","guid":{"rendered":"http:\/\/semmelweis.hu\/mental\/?page_id=69"},"modified":"2025-06-04T10:23:04","modified_gmt":"2025-06-04T08:23:04","slug":"felvetel-a-kepzesre","status":"publish","type":"page","link":"https:\/\/semmelweis.hu\/mental\/szakiranyu-kepzesek\/lelkigondozo-kepzes\/felvetel-a-kepzesre\/","title":{"rendered":"Felv\u00e9tel a k\u00e9pz\u00e9sre"},"content":{"rendered":"<p style=\"text-align: justify\"><span style=\"color: #800080\"><strong>A 2025 szeptember\u00e9ben indul\u00f3 \u00e9vfolyamunkra val\u00f3 jelentkez\u00e9s hat\u00e1ridej\u00e9t meghosszabb\u00edtottuk:<\/strong><strong><span style=\"font-size: 1rem;text-align: left\"> 2025. j\u00fanius 5-\u00e9ig.<\/span><\/strong><\/span><\/p>\n<p>A folyamat az al\u00e1bbi fel\u00fcleten: <a href=\"https:\/\/mhi.semmelweis.hu\/login\">https:\/\/mhi.semmelweis.hu\/login<\/a> val\u00f3 regisztr\u00e1ci\u00f3val, majd pedig a sz\u00fcks\u00e9ges dokumentumok felt\u00f6lt\u00e9s\u00e9vel t\u00f6rt\u00e9nik.<\/p>\n<p>A szem\u00e9lyes adatok megad\u00e1sa \u00e9s a k\u00e9rt dokumentumok felt\u00f6lt\u00e9se ut\u00e1n a fizet\u00e9ssel lehet v\u00e9gleges\u00edteni a jelentkez\u00e9st.<\/p>\n<p>A felv\u00e9teli\u00a0<strong>elj\u00e1r\u00e1si d\u00edj\u00a0 \u00f6sszege 8000 Ft<\/strong>, a fizet\u00e9st\u00a0a jelentkez\u00e9si fel\u00fcleten bankk\u00e1rty\u00e1val vagy utal\u00e1ssal int\u00e9zheti.<\/p>\n<p><strong>Jelentkez\u00e9shez a k\u00f6vetkez\u0151 dokumentumokra van sz\u00fcks\u00e9g:<\/strong><\/p>\n<p style=\"text-align: justify\">1) <strong>hittudom\u00e1nyi fels\u0151fok\u00fa v\u00e9gzetts\u00e9get igazol\u00f3 dokumentum m\u00e1solata<\/strong> (idegen nyelv\u0171 eset\u00e9n a hiteles\u00edtett ford\u00edt\u00e1sa is)<\/p>\n<p style=\"text-align: justify\">2) <strong>szakmai \u00f6n\u00e9letrajz <\/strong>(v\u00e9gzetts\u00e9gek, munkahelyek)<\/p>\n<p style=\"text-align: justify\">3) <strong>szem\u00e9lyes hangv\u00e9tel\u0171 \u00f6n\u00e9letrajz \u00e9s motiv\u00e1ci\u00f3s lev\u00e9l<\/strong> (bemutatkoz\u00e1sa sor\u00e1n k\u00e9rj\u00fck t\u00e9rjen ki arra, hogy mi ind\u00edtja \u00d6nt arra, hogy a tov\u00e1bbk\u00e9pz\u00e9sre jelentkezzen) (k\u00e9zzel vagy g\u00e9ppel is meg\u00edrhat\u00f3)<\/p>\n<p style=\"text-align: justify\">4) <strong>felettes \/ el\u00f6lj\u00e1r\u00f3 aj\u00e1nl\u00e1sa<\/strong> (papoknak, lelk\u00e9szeknek \u2013 p\u00fcsp\u00f6kt\u0151l; szerzeteseknek \u2013 el\u00f6lj\u00e1r\u00f3t\u00f3l; diak\u00f3nusok, hitoktat\u00f3k, vall\u00e1stan\u00e1rok k\u00f6z\u00f6ss\u00e9gvezet\u0151k \u2013 pl\u00e9b\u00e1nost\u00f3l, gy\u00fclekezet lelk\u00e9sz\u00e9t\u0151l). Legk\u00e9s\u0151bb a felv\u00e9teliig k\u00e9rj\u00fck eljuttatni.<\/p>\n<p style=\"text-align: justify\">5) <strong>f\u00e9nyk\u00e9p\u00a0<\/strong>(3 \u00e9vn\u00e9l nem r\u00e9gebbi)<\/p>\n<p><span style=\"color: #800080\">Felv\u00e9teli a k\u00f6vetkez\u0151 napokon lesz megszervezve: 2025 m\u00e1jus 19, 20 \u00e9s 21<\/span><\/p>\n<p style=\"text-align: justify\">A jelentkez\u00e9si hat\u00e1rid\u0151 lez\u00e1rul\u00e1sa ut\u00e1n (\u00e1prilis folyam\u00e1n) a jelentkez\u00e9si lapon megadott email c\u00edmre Beh\u00edv\u00f3levelet fogunk kik\u00fcldeni a felv\u00e9teli elj\u00e1r\u00e1s tov\u00e1bbi menet\u00e9r\u0151l. Ez\u00a0 tartalmazni fogja a felv\u00e9teli besz\u00e9lget\u00e9s konkr\u00e9t id\u0151pontj\u00e1t \u00e9s helysz\u00edn\u00e9t.<\/p>\n<p style=\"text-align: justify\">Tov\u00e1bbi k\u00e9rd\u00e9s eset\u00e9n forduljon hozz\u00e1nk bizalommal.<\/p>\n<p style=\"text-align: justify\">K\u00e9pz\u00e9ssel kapcsolatos tov\u00e1bbi inform\u00e1ci\u00f3k: Dr. T\u00f6r\u00f6k G\u00e1bor P\u00e1l<\/p>\n<p style=\"text-align: justify\"><a href=\"mailto:torok.gabor@semmelweis.hu\" target=\"_blank\" rel=\"noopener\">torok.gabor@semmelweis.hu<\/a> \/ Tel: +36 20 6632 389<\/p>\n<p style=\"text-align: justify\">A felv\u00e9teli elj\u00e1r\u00e1s l\u00e9nyege nem a lexik\u00e1lis tud\u00e1s m\u00e9r\u00e9se, hanem a felv\u00e9telhez sz\u00fcks\u00e9ges attit\u0171d\u00f6k vizsg\u00e1lata, mivel a k\u00e9pz\u00e9s c\u00e9lja, hogy a hallgat\u00f3 fejl\u0151dj\u00f6n seg\u00edt\u0151 foglalkoz\u00e1s\u00e1nak gyakorl\u00e1s\u00e1ban \u00e9s a csoportvezet\u0151i munk\u00e1ban.<\/p>\n<p style=\"text-align: justify\">A felv\u00e9teli pontos id\u0151pontj\u00e1r\u00f3l \u00e9s helysz\u00edn\u00e9r\u0151l a jelentkez\u0151ket a jelentkez\u00e9skor megadott e-mail c\u00edmen \u00e9rtes\u00edtj\u00fck.<\/p>\n<p style=\"text-align: justify\">A szakir\u00e1ny\u00fa tov\u00e1bbk\u00e9pz\u00e9sre jelentkez\u0151k rangsorol\u00e1sa a felv\u00e9telin szerzett pontok alapj\u00e1n t\u00f6rt\u00e9nik.<\/p>\n<p style=\"text-align: justify\">A m\u00e1rciusi hat\u00e1rid\u0151 lej\u00e1rata ut\u00e1n, az Int\u00e9zet p\u00f3tfelv\u00e9telit hirdethet meg, ny\u00e1r elej\u00e9re, amennyiben nincs kell\u0151 sz\u00e1m\u00fa alkalmas jelentkez\u0151.<\/p>\n<p style=\"text-align: justify\">A felv\u00e9telr\u0151l \u2013 az int\u00e9zm\u00e9nyi kapacit\u00e1s figyelembe v\u00e9tel\u00e9vel \u2013 a kar d\u00e9k\u00e1nja d\u00f6nt.<\/p>\n<p style=\"text-align: justify\">A d\u00f6nt\u00e9sr\u0151l a jelentkez\u0151 \u00edr\u00e1sban, felv\u00e9teli hat\u00e1rozatban kap \u00e9rtes\u00edt\u00e9st a felv\u00e9teli vizsg\u00e1k lez\u00e1rul\u00e1sa ut\u00e1n.<\/p>\n<p style=\"text-align: justify\">A felv\u00e9teli d\u00f6nt\u00e9s ellen a hat\u00e1rozat k\u00e9zhezv\u00e9tel\u00e9t\u0151l sz\u00e1m\u00edtott 15 napon bel\u00fcl a jelentkez\u0151 az Egyetem rektor\u00e1hoz c\u00edmezve fellebbez\u00e9ssel \u00e9lhet. A fellebbez\u00e9seket az Egyetem Fel\u00fclb\u00edr\u00e1lati Bizotts\u00e1ga b\u00edr\u00e1lja el.<\/p>\n<p style=\"text-align: justify\"><a>Volt hallgat\u00f3ink visszajelz\u00e9se: \u201eAz emberekre val\u00f3 r\u00e1l\u00e1t\u00e1som, hozz\u00e1\u00e1ll\u00e1som v\u00e1ltozott sok mindenben \u00e9s hiszem, hogy a csal\u00e1dom is meg a gy\u00fclekezetem is profit\u00e1lni fog abb\u00f3l, amit itt tanulhattam.\u201d \u201eNagyon gazdag\u00edt\u00f3 volt az \u00f6kumenikus csoportmunk\u00e1ban r\u00e1csod\u00e1lkozni k\u00f6z\u00f6s \u00e9rt\u00e9keinkre, felfedezni a k\u00f6z\u00f6s c\u00e9lokat, \u00e9s egym\u00e1st t\u00e1mogatni elakad\u00e1sainkban. Ebben a k\u00e9t \u00e9veben k\u00f6z\u00f6sen k\u00e9sz\u00fclt\u00fcnk embert\u00e1rsaink teljesebb megseg\u00edt\u00e9s\u00e9re.\u201d<\/a><\/p>\n<p style=\"text-align: justify\"><strong>\u00d6kumenikus k\u00e9pz\u00e9s\u00fcnket t\u00f6bb felekezet p\u00fcsp\u00f6k\u00e9nek <a href=\"https:\/\/semmelweis.hu\/mental\/files\/2021\/03\/\u00d6k\u00fcmenikus-aj\u00e1nl\u00e1s_2021.pdf\">aj\u00e1nl\u00e1s\u00e1val<\/a> hirdetj\u00fck meg.<\/strong><\/p>\n<p style=\"text-align: justify\"><strong>V\u00e9gzett hallgat\u00f3ink &#8222;aj\u00e1nl\u00e1sai&#8221; <a href=\"https:\/\/semmelweis.hu\/mental\/files\/2019\/09\/hallgatoi-ajanlas.pdf\">itt let\u00f6lthet\u0151k<\/a>.<\/strong><\/p>\n<p style=\"text-align: justify\" align=\"center\"><strong>T\u00e1j\u00e9koztat\u00e1s a felv\u00e9teli elj\u00e1r\u00e1smenetr\u0151l, az oldal alj\u00e1n a &#8222;Csatolt dokumentumok&#8221; k\u00f6z\u00fcl let\u00f6lthet\u0151.\u00a0<\/strong><\/p>\n<p style=\"text-align: justify\">\u00a0<\/p>\n<div>Csatolt dokumentumok (1)<\/div>\n<ul>\n<li><a href=\"https:\/\/semmelweis.hu\/mental\/files\/2019\/09\/lg-tajekoztato-felv\u00e9teli-elj\u00e1r\u00e1s-\u00e9rt\u00e9kel\u00e9si-szempontok.doc\">T\u00e1j\u00e9koztat\u00f3-felv\u00e9teli elj\u00e1r\u00e1sr\u00f3l &#8211; jelentkez\u0151knek<\/a><\/li>\n<\/ul>\n","protected":false},"excerpt":{"rendered":"<p>A 2025 szeptember\u00e9ben indul\u00f3 \u00e9vfolyamunkra val\u00f3 jelentkez\u00e9s hat\u00e1ridej\u00e9t meghosszabb\u00edtottuk: 2025. j\u00fanius 5-\u00e9ig. A folyamat az al\u00e1bbi fel\u00fcleten: <a href=\"https:\/\/mhi.semmelweis.hu\/login\">https:\/\/mhi.semmelweis.hu\/login<\/a> val\u00f3 regisztr\u00e1ci\u00f3val, majd pedig a sz\u00fcks\u00e9ges dokumentumok felt\u00f6lt\u00e9s\u00e9vel t\u00f6rt\u00e9nik. A szem\u00e9lyes adatok megad\u00e1sa \u00e9s a k\u00e9rt dokumentumok felt\u00f6lt\u00e9se ut\u00e1n a fizet\u00e9ssel lehet v\u00e9gleges\u00edteni a jelentkez\u00e9st. A felv\u00e9teli\u00a0elj\u00e1r\u00e1si d\u00edj\u00a0 \u00f6sszege 8000 Ft, a fizet\u00e9st\u00a0a jelentkez\u00e9si fel\u00fcleten bankk\u00e1rty\u00e1val vagy utal\u00e1ssal &hellip;<\/p>\n","protected":false},"author":101614,"featured_media":0,"parent":1218,"menu_order":4,"comment_status":"closed","ping_status":"closed","template":"","meta":{"_acf_changed":false,"footnotes":""},"categories":[],"tags":[],"class_list":["post-69","page","type-page","status-publish","hentry"],"acf":[],"_links":{"self":[{"href":"https:\/\/semmelweis.hu\/mental\/wp-json\/wp\/v2\/pages\/69","targetHints":{"allow":["GET"]}}],"collection":[{"href":"https:\/\/semmelweis.hu\/mental\/wp-json\/wp\/v2\/pages"}],"about":[{"href":"https:\/\/semmelweis.hu\/mental\/wp-json\/wp\/v2\/types\/page"}],"author":[{"embeddable":true,"href":"https:\/\/semmelweis.hu\/mental\/wp-json\/wp\/v2\/users\/101614"}],"replies":[{"embeddable":true,"href":"https:\/\/semmelweis.hu\/mental\/wp-json\/wp\/v2\/comments?post=69"}],"version-history":[{"count":13,"href":"https:\/\/semmelweis.hu\/mental\/wp-json\/wp\/v2\/pages\/69\/revisions"}],"predecessor-version":[{"id":7923,"href":"https:\/\/semmelweis.hu\/mental\/wp-json\/wp\/v2\/pages\/69\/revisions\/7923"}],"up":[{"embeddable":true,"href":"https:\/\/semmelweis.hu\/mental\/wp-json\/wp\/v2\/pages\/1218"}],"wp:attachment":[{"href":"https:\/\/semmelweis.hu\/mental\/wp-json\/wp\/v2\/media?parent=69"}],"wp:term":[{"taxonomy":"category","embeddable":true,"href":"https:\/\/semmelweis.hu\/mental\/wp-json\/wp\/v2\/categories?post=69"},{"taxonomy":"post_tag","embeddable":true,"href":"https:\/\/semmelweis.hu\/mental\/wp-json\/wp\/v2\/tags?post=69"}],"curies":[{"name":"wp","href":"https:\/\/api.w.org\/{rel}","templated":true}]}}