{"id":68,"date":"2018-06-13T10:30:37","date_gmt":"2018-06-13T08:30:37","guid":{"rendered":"http:\/\/semmelweis.hu\/mental\/?page_id=68"},"modified":"2024-08-26T16:02:18","modified_gmt":"2024-08-26T14:02:18","slug":"tanulmanyi-program","status":"publish","type":"page","link":"https:\/\/semmelweis.hu\/mental\/szakiranyu-kepzesek\/lelkigondozo-kepzes\/tanulmanyi-program\/","title":{"rendered":"Tanulm\u00e1nyi program"},"content":{"rendered":"<p><strong>Tantervek \u00e9s tant\u00e1rgyi programok:<\/strong> A Ment\u00e1lhigi\u00e9n\u00e9s Lelkigondoz\u00f3 Szakir\u00e1ny\u00fa Tov\u00e1bbk\u00e9pz\u00e9si Szak\u00a0<strong>2023-2025 \u00e9vfolyam\u00e1nak elfogadott tanterve \u00e9s tant\u00e1rgyi programja<\/strong>\u00a0let\u00f6lthet\u0151\u00a0<strong>az al\u00e1bbi linken<\/strong>. A dokumentum t\u00e1j\u00e9koztat\u00e1st ny\u00fajt a tanulm\u00e1nyi program r\u00e9szleteir\u0151l: az egyes st\u00fadiumokr\u00f3l \u00e9s azok tartalm\u00e1r\u00f3l; a k\u00f6vetelm\u00e9nyekr\u0151l, a jelenl\u00e9ti k\u00f6telezetts\u00e9gekr\u0151l \u00e9s m\u00e1s fontos tanulm\u00e1nyi k\u00e9rd\u00e9sekr\u0151l. <strong>De az adott f\u00e9l\u00e9vi tant\u00e1rgyak szakirodalmaira, pontos k\u00f6vetelm\u00e9nyeire \u00e9s t\u00e9telsoraira vonatkoz\u00f3 inform\u00e1ci\u00f3kr\u00f3l a jelenlegi hallgat\u00f3ink mindig az aktu\u00e1lis f\u00e9l\u00e9v eleji h\u00edrlev\u00e9lb\u0151l tudnak \u00e9rtes\u00fclni.<\/strong><\/p>\n<p><strong>Link (<a href=\"https:\/\/semmelweis.hu\/mental\/files\/2024\/08\/Lelkigondozo-tanulmanyi-tajekoztato-2023.pdf\" target=\"_blank\" rel=\"noopener\">Tanulm\u00e1nyi t\u00e1j\u00e9koztat\u00f3 2023-2025<\/a><\/strong><strong>)<\/strong> Friss\u00edtve: 2024.08.26.<\/p>\n<p><strong>A\u00a0kor\u00e1bbi \u00e9vfolyamok\u00a0<\/strong>tanulm\u00e1nyi &#8211; \u00e9s szakdolgozati t\u00e1j\u00e9koztat\u00f3ja a &#8222;Csatolt dokumentumok&#8221;-b\u00f3l let\u00f6lthet\u0151. Tanulm\u00e1nyi \u00fcgyekben koll\u00e9g\u00e1ink az al\u00e1bbi oldalon tal\u00e1lhat\u00f3 id\u0151pontokban \u00e9s el\u00e9rhet\u0151s\u00e9geken \u00e1llnak rendelkez\u00e9s\u00fckre: <a href=\"https:\/\/semmelweis.hu\/mental\/tanulmanyi-ugyek\/ugyintezes-es-elerhetoseg\/\">\u00dcgyint\u00e9z\u00e9s \u00e9s el\u00e9rhet\u0151s\u00e9g<\/a><\/p>\n<p>Csatolt dokumentumok (9):<\/p>\n<ul>\n<li style=\"list-style-type: none\">\n<ul>\n<li><a href=\"https:\/\/semmelweis.hu\/mental\/files\/2021\/04\/2021_2023_mentalhigienes_lelkigondozo_tanulmanyi_tajekoztato.pdf\">Tanulm\u00e1nyi t\u00e1j\u00e9koztat\u00f3 2021-2023<\/a><\/li>\n<li><a href=\"https:\/\/semmelweis.hu\/mental\/files\/2019\/09\/LELKI-kisfuzet-2008-11-v\u00e9gleg.pdf\">Tanulm\u00e1nyi t\u00e1j\u00e9koztat\u00f3 2008-2011<\/a><\/li>\n<li><a href=\"https:\/\/semmelweis.hu\/mental\/files\/2019\/09\/lelki-z\u00e1r\u00f3dolgozati-kisf\u00fczet-2008-2011.pdf\">Tanulm\u00e1nyi t\u00e1j\u00e9koztat\u00f3 2008-2011<\/a><\/li>\n<li><a href=\"https:\/\/semmelweis.hu\/mental\/files\/2019\/09\/lelki_Tant\u00e1rgyi-le\u00edr\u00e1s_2011-2013.pdf\">Tanulm\u00e1nyi t\u00e1j\u00e9koztat\u00f3 2011-2013<\/a><\/li>\n<li><a href=\"https:\/\/semmelweis.hu\/mental\/files\/2019\/09\/lelki-kisfuzet-2011-13-vegleges.pdf\">Tanulm\u00e1nyi t\u00e1j\u00e9koztat\u00f3 2011-2013<\/a><\/li>\n<li><a href=\"https:\/\/semmelweis.hu\/mental\/files\/2019\/09\/lelki-zarodolgozati-kisf\u00fczet-2011-13_v\u00e9gleges.pdf\">Tanulm\u00e1nyi t\u00e1j\u00e9koztat\u00f3 2011-2013<\/a><\/li>\n<li><a href=\"https:\/\/semmelweis.hu\/mental\/files\/2019\/09\/Kisf\u00fczet_lelki_2013_15.pdf\">Tanulm\u00e1nyi- \u00e9s szakdolgozati t\u00e1j\u00e9koztat\u00f3 2013-2015<\/a><\/li>\n<li><a href=\"https:\/\/semmelweis.hu\/mental\/files\/2019\/09\/lelki_Tant\u00e1rgyi-le\u00edr\u00e1s_2015-2017.pdf\">Tanulm\u00e1nyi t\u00e1j\u00e9koztat\u00f3 2015-2017<\/a><\/li>\n<li><a href=\"https:\/\/semmelweis.hu\/mental\/files\/2019\/09\/lelki_Tant\u00e1rgyi-le\u00edr\u00e1s_2015-2017-1.pdf\">Tanulm\u00e1nyi- \u00e9s szakdolgozati t\u00e1j\u00e9koztat\u00f3 2015-2017<\/a><\/li>\n<li><span style=\"color: #000080\"><a href=\"https:\/\/semmelweis.hu\/mental\/files\/2019\/09\/lelki_2019-21_kisf\u00fczet.pdf\" target=\"_blank\" rel=\"noopener noreferrer\">Tanulm\u00e1nyi t\u00e1j\u00e9koztat\u00f3 2019-2021<\/a><\/span><\/li>\n<\/ul>\n<\/li>\n<\/ul>\n","protected":false},"excerpt":{"rendered":"<p>Tantervek \u00e9s tant\u00e1rgyi programok: A Ment\u00e1lhigi\u00e9n\u00e9s Lelkigondoz\u00f3 Szakir\u00e1ny\u00fa Tov\u00e1bbk\u00e9pz\u00e9si Szak\u00a02023-2025 \u00e9vfolyam\u00e1nak elfogadott tanterve \u00e9s tant\u00e1rgyi programja\u00a0let\u00f6lthet\u0151\u00a0az al\u00e1bbi linken. A dokumentum t\u00e1j\u00e9koztat\u00e1st ny\u00fajt a tanulm\u00e1nyi program r\u00e9szleteir\u0151l: az egyes st\u00fadiumokr\u00f3l \u00e9s azok tartalm\u00e1r\u00f3l; a k\u00f6vetelm\u00e9nyekr\u0151l, a jelenl\u00e9ti k\u00f6telezetts\u00e9gekr\u0151l \u00e9s m\u00e1s fontos tanulm\u00e1nyi k\u00e9rd\u00e9sekr\u0151l. De az adott f\u00e9l\u00e9vi tant\u00e1rgyak szakirodalmaira, pontos k\u00f6vetelm\u00e9nyeire \u00e9s t\u00e9telsoraira vonatkoz\u00f3 inform\u00e1ci\u00f3kr\u00f3l a &hellip;<\/p>\n","protected":false},"author":101614,"featured_media":0,"parent":1218,"menu_order":3,"comment_status":"closed","ping_status":"closed","template":"","meta":{"_acf_changed":false,"footnotes":""},"categories":[],"tags":[],"class_list":["post-68","page","type-page","status-publish","hentry"],"acf":[],"_links":{"self":[{"href":"https:\/\/semmelweis.hu\/mental\/wp-json\/wp\/v2\/pages\/68","targetHints":{"allow":["GET"]}}],"collection":[{"href":"https:\/\/semmelweis.hu\/mental\/wp-json\/wp\/v2\/pages"}],"about":[{"href":"https:\/\/semmelweis.hu\/mental\/wp-json\/wp\/v2\/types\/page"}],"author":[{"embeddable":true,"href":"https:\/\/semmelweis.hu\/mental\/wp-json\/wp\/v2\/users\/101614"}],"replies":[{"embeddable":true,"href":"https:\/\/semmelweis.hu\/mental\/wp-json\/wp\/v2\/comments?post=68"}],"version-history":[{"count":11,"href":"https:\/\/semmelweis.hu\/mental\/wp-json\/wp\/v2\/pages\/68\/revisions"}],"predecessor-version":[{"id":7365,"href":"https:\/\/semmelweis.hu\/mental\/wp-json\/wp\/v2\/pages\/68\/revisions\/7365"}],"up":[{"embeddable":true,"href":"https:\/\/semmelweis.hu\/mental\/wp-json\/wp\/v2\/pages\/1218"}],"wp:attachment":[{"href":"https:\/\/semmelweis.hu\/mental\/wp-json\/wp\/v2\/media?parent=68"}],"wp:term":[{"taxonomy":"category","embeddable":true,"href":"https:\/\/semmelweis.hu\/mental\/wp-json\/wp\/v2\/categories?post=68"},{"taxonomy":"post_tag","embeddable":true,"href":"https:\/\/semmelweis.hu\/mental\/wp-json\/wp\/v2\/tags?post=68"}],"curies":[{"name":"wp","href":"https:\/\/api.w.org\/{rel}","templated":true}]}}