{"id":6724,"date":"2023-10-25T13:03:32","date_gmt":"2023-10-25T11:03:32","guid":{"rendered":"https:\/\/semmelweis.hu\/mental\/?page_id=6724"},"modified":"2026-02-25T12:56:08","modified_gmt":"2026-02-25T11:56:08","slug":"tanulmanyi-tajekoztato","status":"publish","type":"page","link":"https:\/\/semmelweis.hu\/mental\/szakiranyu-kepzesek\/laktacios-szaktanacsado\/tanulmanyi-tajekoztato\/","title":{"rendered":"Tanulm\u00e1nyi t\u00e1j\u00e9koztat\u00f3, szakdolgozati t\u00e1j\u00e9koztat\u00f3, k\u00e9pz\u00e9si alkalmak"},"content":{"rendered":"<p><strong>Lakt\u00e1ci\u00f3s Szaktan\u00e1csad\u00f3 Szakir\u00e1ny\u00fa Tov\u00e1bbk\u00e9pz\u00e9si Szak<\/strong><\/p>\n<p><a href=\"https:\/\/semmelweis.hu\/mental\/files\/2026\/02\/SE_EKK_MHI_Laktacio_tanulmanyi_tajekoztato_2025_2027_KT.pdf\">Tanulm\u00e1nyi t\u00e1j\u00e9koztat\u00f3 2025. \u0151sz<\/a><\/p>\n<p><a href=\"https:\/\/semmelweis.hu\/mental\/files\/2026\/02\/Szakdolgozati-tajekoztato-2025marcius.pdf\">Szakdolgozati t\u00e1j\u00e9koztat\u00f3 2025.<\/a><\/p>\n<p>A szakdolgozat lead\u00e1s\u00e1nak hat\u00e1rideje a janu\u00e1ri tervezett z\u00e1r\u00f3vizsga el\u0151tt minden \u00e9v november 30., a m\u00e1jusi-j\u00faniusi z\u00e1r\u00f3vizsga el\u0151tt \u00e1prilis 20.\u00a0<\/p>\n<hr \/>\n<p><strong>A 2025-26. tan\u00e9v k\u00e9pz\u00e9si id\u0151pontjai:<\/strong><\/p>\n<p>&nbsp;<\/p>\n<p><strong>15. \u00e9vfolyam:<\/strong><\/p>\n<table style=\"width: 55.2944%\" width=\"339\">\n<tbody>\n<tr>\n<td style=\"width: 49.2619%\" width=\"145\"><strong>\u0150szi f\u00e9l\u00e9v<\/strong><\/td>\n<td style=\"width: 6.28154%\" width=\"64\">\u00a0<\/td>\n<td style=\"width: 251.869%\" width=\"130\"><strong>Tavaszi f\u00e9l\u00e9v<\/strong><\/td>\n<\/tr>\n<tr>\n<td style=\"width: 49.2619%\">\u00a0<\/td>\n<td style=\"width: 6.28154%\">\u00a0<\/td>\n<td style=\"width: 251.869%\">\u00a0<\/td>\n<\/tr>\n<tr>\n<td style=\"width: 49.2619%\">2025. okt\u00f3ber 3-4.<\/td>\n<td style=\"width: 6.28154%\">\u00a0<\/td>\n<td style=\"width: 251.869%\">2026. febru\u00e1r 13-14.<\/td>\n<\/tr>\n<tr>\n<td style=\"width: 49.2619%\">\u00a0<\/td>\n<td style=\"width: 6.28154%\">\u00a0<\/td>\n<td style=\"width: 251.869%\">\u00a0<\/td>\n<\/tr>\n<tr>\n<td style=\"width: 49.2619%\">2025. november 7-8.<\/td>\n<td style=\"width: 6.28154%\">\u00a0<\/td>\n<td style=\"width: 251.869%\">2026. m\u00e1rcius 13-14.<\/td>\n<\/tr>\n<tr>\n<td style=\"width: 49.2619%\">\u00a0<\/td>\n<td style=\"width: 6.28154%\">\u00a0<\/td>\n<td style=\"width: 251.869%\">\u00a0<\/td>\n<\/tr>\n<tr>\n<td style=\"width: 49.2619%\">2025. november 21-22.<\/td>\n<td style=\"width: 6.28154%\">\u00a0<\/td>\n<td style=\"width: 251.869%\">2026. \u00e1prilis 10-11.<\/td>\n<\/tr>\n<tr>\n<td style=\"width: 49.2619%\">\u00a0<\/td>\n<td style=\"width: 6.28154%\">\u00a0<\/td>\n<td style=\"width: 251.869%\">\u00a0<\/td>\n<\/tr>\n<tr>\n<td style=\"width: 49.2619%\">2025. december 12-13.<\/td>\n<td style=\"width: 6.28154%\">\u00a0<\/td>\n<td style=\"width: 251.869%\">2026. m\u00e1jus 8-9.<\/td>\n<\/tr>\n<\/tbody>\n<\/table>\n<p>A tan\u00e9v rendje <a href=\"https:\/\/semmelweis.hu\/ekk\/esemenyek\/\" target=\"_blank\" rel=\"noopener\">ITT<\/a> el\u00e9rhet\u0151.<\/p>\n<p><strong>16. \u00e9vfolyam (\u00faj \u00e9vfolyam)<\/strong><\/p>\n<table>\n<tbody>\n<tr>\n<td style=\"width: 49.2619%\" width=\"145\"><strong>\u0150szi f\u00e9l\u00e9v<\/strong><\/td>\n<\/tr>\n<tr>\n<td style=\"width: 49.2619%\">\u00a0<\/td>\n<\/tr>\n<tr>\n<td style=\"width: 49.2619%\">2026. okt\u00f3ber 9-10.<\/td>\n<\/tr>\n<tr>\n<td style=\"width: 49.2619%\">\u00a0<\/td>\n<\/tr>\n<tr>\n<td style=\"width: 49.2619%\">2026. november 6-7.<\/td>\n<\/tr>\n<tr>\n<td style=\"width: 49.2619%\">\u00a0<\/td>\n<\/tr>\n<tr>\n<td style=\"width: 49.2619%\">2026. november 27-28.<\/td>\n<\/tr>\n<tr>\n<td style=\"width: 49.2619%\">\u00a0<\/td>\n<\/tr>\n<tr>\n<td style=\"width: 49.2619%\">2026. december 4-5.<\/td>\n<\/tr>\n<\/tbody>\n<\/table>\n<p>&nbsp;<\/p>\n<hr \/>\n<p><strong>Tov\u00e1bbi inform\u00e1ci\u00f3k a\u00a0lakt\u00e1ci\u00f3s szaktan\u00e1csad\u00f3 szakir\u00e1ny\u00fa tov\u00e1bbk\u00e9pz\u00e9si szakr\u00f3l:<\/strong><\/p>\n<ul class=\"children\" style=\"list-style-type: square\">\n<li class=\"page_item page-item-78\"><a href=\"https:\/\/semmelweis.hu\/mental\/szakiranyu-kepzesek\/laktacios-szaktanacsado\/a-kepzes-bemutatasa\/\">A k\u00e9pz\u00e9s bemutat\u00e1sa<\/a><\/li>\n<li class=\"page_item page-item-77\"><a href=\"https:\/\/semmelweis.hu\/mental\/szakiranyu-kepzesek\/laktacios-szaktanacsado\/felveteli-tajekoztato\/\">Felv\u00e9teli t\u00e1j\u00e9koztat\u00f3<\/a><\/li>\n<li class=\"page_item page-item-79\"><a href=\"https:\/\/semmelweis.hu\/mental\/szakiranyu-kepzesek\/laktacios-szaktanacsado\/kik-a-laktacios-szaktanacsadok\/\">Kik a \u2018lakt\u00e1ci\u00f3s szaktan\u00e1csad\u00f3k\u2019?<\/a><\/li>\n<li class=\"page_item page-item-7429\"><a href=\"https:\/\/semmelweis.hu\/mental\/szakiranyu-kepzesek\/laktacios-szaktanacsado\/laktacios-konferencia-2025-januar-17-18\/\">Lakt\u00e1ci\u00f3s konferencia 2025. janu\u00e1r 17-18.<\/a><\/li>\n<li class=\"page_item page-item-80\"><a href=\"https:\/\/semmelweis.hu\/mental\/szakiranyu-kepzesek\/laktacios-szaktanacsado\/tudaselemek-es-ismeretek\/\">Tud\u00e1selemek \u00e9s ismeretek<\/a><\/li>\n<li class=\"page_item page-item-81\"><a href=\"https:\/\/semmelweis.hu\/mental\/szakiranyu-kepzesek\/laktacios-szaktanacsado\/szakkepzettseg-alkalmazas\/\">Szakk\u00e9pzetts\u00e9g alkalmaz\u00e1s<\/a><\/li>\n<li class=\"page_item page-item-2761\"><a href=\"https:\/\/semmelweis.hu\/mental\/szakiranyu-kepzesek\/laktacios-szaktanacsado\/ibclc-vizsgajelentkezes\/\">IBCLC vizsgajelentkez\u00e9s<\/a><\/li>\n<li class=\"page_item page-item-83\"><a href=\"https:\/\/semmelweis.hu\/mental\/szakiranyu-kepzesek\/laktacios-szaktanacsado\/kontaktszemelyek\/\">Kontaktszem\u00e9lyek<\/a><\/li>\n<\/ul>\n","protected":false},"excerpt":{"rendered":"<p>Lakt\u00e1ci\u00f3s Szaktan\u00e1csad\u00f3 Szakir\u00e1ny\u00fa Tov\u00e1bbk\u00e9pz\u00e9si Szak <a href=\"https:\/\/semmelweis.hu\/mental\/files\/2026\/02\/SE_EKK_MHI_Laktacio_tanulmanyi_tajekoztato_2025_2027_KT.pdf\">Tanulm\u00e1nyi t\u00e1j\u00e9koztat\u00f3 2025. \u0151sz<\/a> <a href=\"https:\/\/semmelweis.hu\/mental\/files\/2026\/02\/Szakdolgozati-tajekoztato-2025marcius.pdf\">Szakdolgozati t\u00e1j\u00e9koztat\u00f3 2025.<\/a> A szakdolgozat lead\u00e1s\u00e1nak hat\u00e1rideje a janu\u00e1ri tervezett z\u00e1r\u00f3vizsga el\u0151tt minden \u00e9v november 30., a m\u00e1jusi-j\u00faniusi z\u00e1r\u00f3vizsga el\u0151tt \u00e1prilis 20.\u00a0 A 2025-26. tan\u00e9v k\u00e9pz\u00e9si id\u0151pontjai: &nbsp; 15. \u00e9vfolyam: \u0150szi f\u00e9l\u00e9v \u00a0 Tavaszi f\u00e9l\u00e9v \u00a0 \u00a0 \u00a0 2025. okt\u00f3ber 3-4. \u00a0 2026. febru\u00e1r 13-14. \u00a0 \u00a0 \u00a0 2025. november 7-8. \u00a0 2026. &hellip;<\/p>\n","protected":false},"author":101898,"featured_media":0,"parent":11,"menu_order":6,"comment_status":"closed","ping_status":"closed","template":"","meta":{"_acf_changed":false,"footnotes":""},"categories":[],"tags":[],"class_list":["post-6724","page","type-page","status-publish","hentry"],"acf":[],"_links":{"self":[{"href":"https:\/\/semmelweis.hu\/mental\/wp-json\/wp\/v2\/pages\/6724","targetHints":{"allow":["GET"]}}],"collection":[{"href":"https:\/\/semmelweis.hu\/mental\/wp-json\/wp\/v2\/pages"}],"about":[{"href":"https:\/\/semmelweis.hu\/mental\/wp-json\/wp\/v2\/types\/page"}],"author":[{"embeddable":true,"href":"https:\/\/semmelweis.hu\/mental\/wp-json\/wp\/v2\/users\/101898"}],"replies":[{"embeddable":true,"href":"https:\/\/semmelweis.hu\/mental\/wp-json\/wp\/v2\/comments?post=6724"}],"version-history":[{"count":12,"href":"https:\/\/semmelweis.hu\/mental\/wp-json\/wp\/v2\/pages\/6724\/revisions"}],"predecessor-version":[{"id":9056,"href":"https:\/\/semmelweis.hu\/mental\/wp-json\/wp\/v2\/pages\/6724\/revisions\/9056"}],"up":[{"embeddable":true,"href":"https:\/\/semmelweis.hu\/mental\/wp-json\/wp\/v2\/pages\/11"}],"wp:attachment":[{"href":"https:\/\/semmelweis.hu\/mental\/wp-json\/wp\/v2\/media?parent=6724"}],"wp:term":[{"taxonomy":"category","embeddable":true,"href":"https:\/\/semmelweis.hu\/mental\/wp-json\/wp\/v2\/categories?post=6724"},{"taxonomy":"post_tag","embeddable":true,"href":"https:\/\/semmelweis.hu\/mental\/wp-json\/wp\/v2\/tags?post=6724"}],"curies":[{"name":"wp","href":"https:\/\/api.w.org\/{rel}","templated":true}]}}