{"id":66,"date":"2018-06-12T16:21:39","date_gmt":"2018-06-12T14:21:39","guid":{"rendered":"http:\/\/semmelweis.hu\/mental\/?page_id=66"},"modified":"2026-02-05T16:18:04","modified_gmt":"2026-02-05T15:18:04","slug":"felvetel-a-kepzesre-csalad-2","status":"publish","type":"page","link":"https:\/\/semmelweis.hu\/mental\/mesterkepzesek\/interdiszciplinaris-csaladtudomany\/felvetel-a-kepzesre-csalad-2\/","title":{"rendered":"Felv\u00e9tel a k\u00e9pz\u00e9sre"},"content":{"rendered":"<h6 style=\"text-align: justify\"><strong>Felv\u00e9teli inform\u00e1ci\u00f3k az interdiszciplin\u00e1ris csal\u00e1dtudom\u00e1nyi mesterk\u00e9pz\u00e9si szakkal kapcsolatban<\/strong><\/h6>\n<div class=\"keretes w-100\">\n<p><strong>Online ny\u00edlt nap a Szoci\u00e1lis munka \u00e9s az Interdiszciplin\u00e1ris csal\u00e1dtudom\u00e1nyi mesterk\u00e9pz\u00e9seinkr\u0151l:<br \/><\/strong>Id\u0151pont: 2026. janu\u00e1r 19. (h\u00e9tf\u0151) 16:00\u201317:30.<br \/>Helysz\u00edn:<strong>\u00a0<a href=\"https:\/\/semmelweis.zoom.us\/j\/94764938026\" target=\"_blank\" rel=\"noopener\">Ide kattintva tud becsatlakozni az esem\u00e9nyre.<\/a><\/strong><\/p>\n<\/div>\n<table style=\"width: 100%;border-collapse: collapse;border-style: groove;border-color: #000000\">\n<tbody>\n<tr>\n<td style=\"width: 1374px\">\n<p style=\"text-align: justify\"><strong>A felvi.hu honlapon val\u00f3 jelentkez\u00e9s meger\u0151s\u00edt\u00e9se az int\u00e9zeti jelentkez\u00e9si fel\u00fcleten, a\u00a0<a href=\"https:\/\/mhi.semmelweis.hu\/login\" target=\"_blank\" rel=\"noopener\">https:\/\/mhi.semmelweis.hu\/login<\/a> oldalon val\u00f3 bejelentkez\u00e9ssel t\u00f6rt\u00e9nik! A felvi.hu jelentkez\u00e9si adatainak feldolgoz\u00e1sa \u00e9s a jelentkez\u00e9si fel\u00fclet megnyit\u00e1sa ut\u00e1n \u00e1prilis elej\u00e9n e-mailben is fogjuk t\u00e1j\u00e9koztatni a jelentkez\u0151ket.<\/strong><\/p>\n<p style=\"text-align: justify\">A felvi.hu-n val\u00f3 jelentkez\u00e9s lez\u00e1rul\u00e1s\u00e1t k\u00f6vet\u0151en a jelentkez\u0151k adataikkal a felvi.hu honlapr\u00f3l \u00e1tker\u00fclnek az int\u00e9zeti jelentkez\u00e9si fel\u00fcletre, ez\u00e9rt regisztr\u00e1ci\u00f3ra m\u00e1r nem lesz sz\u00fcks\u00e9g. Bel\u00e9pni a <strong>felvi.hu-n megadott e-mail c\u00edmmel<\/strong>\u00a0\u00e9s az\u00a0<strong><em>\u201eElfelejtette a jelszav\u00e1t?\u201d<\/em><\/strong> lehet\u0151s\u00e9gre val\u00f3 kattint\u00e1ssal lehets\u00e9ges.<\/p>\n<p style=\"text-align: justify\">A szem\u00e9lyes adatok ellen\u0151rz\u00e9se ut\u00e1n a fizet\u00e9ssel lehet v\u00e9gleges\u00edteni a jelentkez\u00e9st, a befizet\u00e9s hat\u00e1rideje: <strong>2026. \u00e1prilis 15.\u00a0<\/strong><\/p>\n<p style=\"text-align: justify\">A felv\u00e9teli\u00a0<strong>elj\u00e1r\u00e1si d\u00edj\u00a0 \u00f6sszege 4000 Ft<\/strong>, a fizet\u00e9st\u00a0a jelentkez\u00e9si fel\u00fcleten bankk\u00e1rty\u00e1val vagy utal\u00e1ssal int\u00e9zheti.<\/p>\n<p style=\"text-align: justify\">A sz\u00f3beli felv\u00e9telik id\u0151pontja: <strong>\u00e1prilis 21. kedd \u00e9s \u00e1prilis 24. p\u00e9ntek k\u00f6z\u00f6tti napok lesznek<\/strong>, a felv\u00e9teli napr\u00f3l \u00e9s a bizotts\u00e1gokba val\u00f3 beoszt\u00e1sr\u00f3l beh\u00edv\u00f3levelet k\u00fcld\u00fcnk.<\/p>\n<\/td>\n<\/tr>\n<\/tbody>\n<\/table>\n<p style=\"text-align: justify\">A Semmelweis Egyetem Ment\u00e1lhigi\u00e9n\u00e9 Int\u00e9zete <span style=\"color: #0000ff\"><strong>Interdiszciplin\u00e1ris csal\u00e1dtudom\u00e1nyi mesterk\u00e9pz\u00e9st<\/strong><\/span> hirdet 2026. szeptember\u00e9t\u0151l. A k\u00e9pz\u00e9st <strong>levelez\u0151<\/strong>\u00a0tagozaton\u00a0<strong>\u00e1llami \u00f6szt\u00f6nd\u00edjas<\/strong>\u00a0\u00e9s\u00a0<strong>\u00f6nk\u00f6lts\u00e9ges<\/strong> form\u00e1ban ind\u00edtjuk.\u00a0<\/p>\n<div id=\"GroupWiseSection_1624255936000_bone.veronika@public.semmelweis-univ.hu_17475A0119BF0000AA66000000000000_\" class=\"GroupWiseMessageBody\">\n<div>\u00a0<\/div>\n<\/div>\n<p><a href=\"https:\/\/semmelweis.hu\/mental\/files\/2021\/01\/b\u00e9lyegk\u00e9p-honlapra-e1612438377175.jpg\"><img loading=\"lazy\" decoding=\"async\" class=\"wp-image-4103 aligncenter\" src=\"https:\/\/semmelweis.hu\/mental\/files\/2021\/01\/b\u00e9lyegk\u00e9p-honlapra-e1612438377175.jpg\" alt=\"\" width=\"232\" height=\"176\" \/><\/a><\/p>\n<hr \/>\n<p style=\"text-align: left\"><strong>\u00c1LTAL\u00c1NOS TUDNIVAL\u00d3K R\u00d6VIDEN<\/strong><\/p>\n<p style=\"text-align: justify\"><strong>Szakfelel\u0151s:<\/strong> Dr. D\u00e1vid Be\u00e1ta, Ph. D. egyetemi tan\u00e1r, int\u00e9zetigazgat\u00f3<\/p>\n<p style=\"text-align: justify\"><strong>Szakcsoportvezet\u0151:<\/strong> Dr. B\u00f3n\u00e9 Veronika, tudom\u00e1nyos munkat\u00e1rs<\/p>\n<p style=\"text-align: justify\"><strong>A mesterk\u00e9pz\u00e9si szak megnevez\u00e9se<\/strong>: interdiszciplin\u00e1ris csal\u00e1dtudom\u00e1ny (Interdisciplinary Family Studies)<\/p>\n<p style=\"text-align: justify\"><strong style=\"font-size: 1rem\">K\u00e9pz\u00e9si ter\u00fclet<\/strong><span style=\"font-size: 1rem\">: t\u00e1rsadalomtudom\u00e1ny<\/span><\/p>\n<p style=\"text-align: justify\"><strong style=\"font-size: 1rem\">A k\u00e9pz\u00e9si id\u0151 f\u00e9l\u00e9vekben: <\/strong><span style=\"font-size: 1rem\">4 f\u00e9l\u00e9v<\/span><\/p>\n<p><strong>K\u00e9pz\u00e9si napok:<\/strong> f\u00e9l\u00e9vente 5 k\u00e9pz\u00e9si alkalom, minden alkalommal 2 napon (h\u00e9tf\u0151 \u00e9s kedd)<\/p>\n<p style=\"text-align: justify\"><strong>\u00d6nk\u00f6lts\u00e9g \u00f6sszege (amennyiben nem \u00e1llami \u00f6szt\u00f6nd\u00edjas):<\/strong> 420 000 Ft\/f\u00e9l\u00e9v<\/p>\n<div style=\"text-align: justify\">Az Interdiszciplin\u00e1ris csal\u00e1dtudom\u00e1nyi k\u00e9pz\u00e9s nem csal\u00e1dter\u00e1pi\u00e1s k\u00e9pz\u00e9s, illetve nem kapcsol\u00f3dik a kor\u00e1bbi csal\u00e1dtudom\u00e1nyi k\u00e9pz\u00e9shez.<\/div>\n<div style=\"text-align: justify\">Ez egy <strong>elm\u00e9leti jelleg\u0171<\/strong>, <strong>t\u00e1rsadalom- \u00e9s viselked\u00e9studom\u00e1nyi mesterk\u00e9pz\u00e9s<\/strong>. A jelentkez\u0151k alapv\u00e9gzetts\u00e9g\u00e9re \u00e9p\u00edtve haszn\u00e1lhat\u00f3 a szoci\u00e1lis, ill. eg\u00e9szs\u00e9g\u00fcgyi ell\u00e1t\u00f3rendszerben, att\u00f3l f\u00fcggetlen\u00fcl pedig miniszt\u00e9riumokban, a csal\u00e1dokkal foglalkoz\u00f3 m\u00e1s int\u00e9zm\u00e9nyekben, lehet\u0151v\u00e9 teszi a doktori k\u00e9pz\u00e9sben a r\u00e9szv\u00e9telt, mivel a hallgat\u00f3kat k\u00e9pess\u00e9 teszi &#8222;a csal\u00e1dok vizsg\u00e1lat\u00e1ra f\u00f3kusz\u00e1l\u00f3 tudom\u00e1nyos tev\u00e9kenys\u00e9gre, kutat\u00e1sra \u00e9s oktat\u00e1sra, k\u00fcl\u00f6n\u00f6s tekintettel a csal\u00e1dpolitikai tervez\u00e9sre \u00e9s elemz\u00e9sre.&#8221;<\/div>\n<div style=\"text-align: justify\"><strong>Az Interdiszciplin\u00e1ris csal\u00e1dtudom\u00e1nyi k\u00e9pz\u00e9s nem jogos\u00edt fel intervenci\u00f3s szem\u00e9lyes munk\u00e1ra, csak h\u00e1tt\u00e9rtud\u00e1st ad.<\/strong><\/div>\n<hr \/>\n<p style=\"text-align: center\"><strong>A FELV\u00c9TELI ELJ\u00c1R\u00c1S MENETE<\/strong><\/p>\n<p style=\"text-align: justify\"><strong>Felv\u00e9teli k\u00f6vetelm\u00e9ny: <\/strong>A k\u00f6vetelm\u00e9nyek, t\u00e9mak\u00f6r\u00f6k \u00e9s a felk\u00e9sz\u00fcl\u00e9shez sz\u00fcks\u00e9ges szakirodalmi lista <a href=\"https:\/\/semmelweis.hu\/mental\/files\/2026\/02\/2026_CsaladtumanyMA_FELVETELI-KOVETELMENYEK-TEMAKOROK-ES-SZAKIRODALMI-LISTA-1-1.pdf\" target=\"_blank\" rel=\"noopener noreferrer\"><span style=\"color: #000080\"><strong>ide kattintva \u00e9rhet\u0151 el.<\/strong><\/span><\/a><\/p>\n<p style=\"text-align: justify\">A felv\u00e9teli besz\u00e9lget\u00e9sen a jelentkez\u0151 bemutatja szakmai \u00e9let\u00fatj\u00e1t \u00e9s jelentkez\u00e9si motiv\u00e1ci\u00f3j\u00e1t, illetve a megadott t\u00e9mak\u00f6r\u00f6k k\u00f6z\u00fcl a felv\u00e9teli bizotts\u00e1g tagjai \u00e1ltal v\u00e1lasztott t\u00e9m\u00e1val kapcsolatban ismerteti gondolatait. A felv\u00e9teli besz\u00e9lget\u00e9sre felk\u00e9sz\u00fcl\u00e9shez rendelkez\u00e9sre \u00e1ll egy el\u0151re megadott szakirodalom-lista (ld. fenti linken). A felv\u00e9teli szempontja annak felt\u00e9rk\u00e9pez\u00e9se, hogy a felv\u00e9teliz\u0151 hogyan gondolkodik az al\u00e1bbi k\u00e9rd\u00e9sk\u00f6r\u00f6kr\u0151l olvasm\u00e1nyai \u00e9s tapasztalatai alapj\u00e1n. Mit gondol, milyen kih\u00edv\u00e1sok, dilemm\u00e1k vet\u0151dnek ma fel a t\u00e9mak\u00f6r kapcs\u00e1n, \u00e9s ezekre milyen egy\u00e9ni, csal\u00e1di \u00e9s t\u00e1rsadalmi v\u00e1laszokat ismer, tapasztal. Tov\u00e1bbi inform\u00e1ci\u00f3k\u00e9rt k\u00e9rj\u00fck kattintson a fenti linkre.<\/p>\n<p><span style=\"color: #ff0000\"><strong>A jelentkez\u00e9s hat\u00e1rideje: 2026. febru\u00e1r 15.\u00a0<\/strong><\/span><\/p>\n<p style=\"text-align: justify\"><span style=\"color: #000000\"><strong>A felvi.hu honlapon val\u00f3 jelentkez\u00e9s meger\u0151s\u00edt\u00e9se az int\u00e9zeti jelentkez\u00e9si fel\u00fcleten, a <span style=\"color: #ff0000\"><a href=\"https:\/\/mhi.semmelweis.hu\/login\">https:\/\/mhi.semmelweis.hu\/login<\/a> <\/span>oldalon val\u00f3 bejelentkez\u00e9ssel t\u00f6rt\u00e9nik! <\/strong><\/span><\/p>\n<p style=\"text-align: justify\">A jelentkez\u0151k adataikkal a felvi.hu honlapr\u00f3l \u00e1tker\u00fcltek az int\u00e9zeti jelentkez\u00e9si fel\u00fcletre, ez\u00e9rt regisztr\u00e1ci\u00f3ra m\u00e1r nincs sz\u00fcks\u00e9g. Bel\u00e9pni a <strong>felvi.hu-n megadott e-mail c\u00edmmel<\/strong> \u00e9s az <strong><em>\u201eElfelejtette a jelszav\u00e1t?\u201d<\/em><\/strong> lehet\u0151s\u00e9gre val\u00f3 kattint\u00e1ssal lehets\u00e9ges.<\/p>\n<p style=\"text-align: justify\">A szem\u00e9lyes adatok ellen\u0151rz\u00e9se \u00e9s a k\u00e9rt dokumentumok felt\u00f6lt\u00e9se ut\u00e1n a fizet\u00e9ssel lehet v\u00e9gleges\u00edteni a jelentkez\u00e9st, a befizet\u00e9s hat\u00e1rideje: <strong>2026. \u00e1prilis 15.\u00a0<\/strong><\/p>\n<p style=\"text-align: justify\">A felv\u00e9teli <strong>elj\u00e1r\u00e1si d\u00edj\u00a0 \u00f6sszege 4000 Ft<\/strong>, a fizet\u00e9st<span style=\"font-size: 1rem\"> a jelentkez\u00e9si fel\u00fcleten bankk\u00e1rty\u00e1val vagy utal\u00e1ssal int\u00e9zheti.<\/span><\/p>\n<p><strong>Sz\u00f3beli felv\u00e9teli id\u0151pontja:<\/strong> <strong>2026. \u00e1prilis folyam\u00e1n<\/strong>, a jelentkez\u0151ket a felv\u00e9teli pontos id\u0151pontj\u00e1r\u00f3l \u00e9s helysz\u00edn\u00e9r\u0151l lev\u00e9lben \u00e9rtes\u00edtj\u00fck.<\/p>\n<p><strong>A felv\u00e9teli id\u0151tartama:<\/strong> 20-40 perc<\/p>\n<p><strong>Felv\u00e9teli pontok:<\/strong><br \/>\u00a0&#8211; szakmai \u00e9s motiv\u00e1ci\u00f3s besz\u00e9lget\u00e9s: 95 pont<\/p>\n<p><strong>T\u00f6bbletpontok:<\/strong> \u00a0maximum 5 t\u00f6bbletpont adhat\u00f3.<br \/>\u00a0&#8211; 1. nyelvvizsga \/ fels\u0151fok\u00fa (C1) komplex: 1 pont<br \/>\u00a0&#8211; 2. nyelvvizsga \/ k\u00f6z\u00e9pfok\u00fa (B2): 1 pont<br \/>\u00a0&#8211; OTDK helyez\u00e9s: 1 pont<br \/>\u00a0&#8211; szakmai publik\u00e1ci\u00f3: 1-3 pont<\/p>\n<p>Es\u00e9lyegyenl\u0151s\u00e9gi maxim\u00e1lis pont: 1 pont<br \/>\u00a0\u00a0\u00a0 &#8211; fogyat\u00e9koss\u00e1g: 1 pont<br \/>\u00a0\u00a0\u00a0 &#8211; gyermekgondoz\u00e1s: 1 pont<br \/>\u00a0\u00a0\u00a0 &#8211; h\u00e1tr\u00e1nyos\/halmozottan h\u00e1tr\u00e1nyos helyzet: 1 pont<\/p>\n<p>A Bizotts\u00e1g d\u00f6nt\u00e9s\u00e9r\u0151l elektronikusan \u00e9s postai \u00faton \u00e9rtes\u00edt\u00fcnk minden jelentkez\u0151t.<\/p>\n<hr \/>\n<p style=\"text-align: left\"><strong>EL\u0150ZM\u00c9NYK\u00c9NT ELFOGADHAT\u00d3 SZAKOK<\/strong><\/p>\n<p style=\"text-align: justify\"><strong style=\"font-size: 1rem\">A mesterk\u00e9pz\u00e9sbe t\u00f6rt\u00e9n\u0151 bel\u00e9p\u00e9sn\u00e9l el\u0151zm\u00e9nyk\u00e9nt elfogadott szakok:<\/strong><\/p>\n<p style=\"text-align: justify\"><strong>1. Teljes kredit\u00e9rt\u00e9k besz\u00e1m\u00edt\u00e1s\u00e1val vehet\u0151 figyelembe: <\/strong>a t\u00e1rsadalomtudom\u00e1nyi k\u00e9pz\u00e9si ter\u00fcletr\u0151l a szoci\u00e1lis munka, szoci\u00e1lpedag\u00f3gia, kultur\u00e1lis antropol\u00f3gia, szociol\u00f3gia, t\u00e1rsadalmi tanulm\u00e1nyok.<\/p>\n<p style=\"text-align: justify\"><strong>2. A 4. pontban <\/strong>(ld. lejjebb)<strong> meghat\u00e1rozott kreditek teljes\u00edt\u00e9s\u00e9vel els\u0151sorban sz\u00e1m\u00edt\u00e1sba vehet\u0151: <\/strong><\/p>\n<p style=\"text-align: justify\">&#8211; a pedag\u00f3gusk\u00e9pz\u00e9s k\u00e9pz\u00e9si ter\u00fclet szakjai,<\/p>\n<p style=\"text-align: justify\">&#8211; a b\u00f6lcs\u00e9szettudom\u00e1ny k\u00e9pz\u00e9si ter\u00fclet pszichol\u00f3gia, pedag\u00f3gia, andrag\u00f3gia, n\u00e9prajz alapk\u00e9pz\u00e9si szakjai;<\/p>\n<p style=\"text-align: justify\">&#8211; a t\u00e1rsadalomtudom\u00e1ny k\u00e9pz\u00e9si ter\u00fclet tov\u00e1bbi (4.1. pontban nem eml\u00edtett) alapk\u00e9pz\u00e9si szakjai;<\/p>\n<p style=\"text-align: justify\">&#8211; az orvos- \u00e9s eg\u00e9szs\u00e9gtudom\u00e1nyi k\u00e9pz\u00e9si ter\u00fcletr\u0151l eg\u00e9szs\u00e9g\u00fcgyi gondoz\u00e1s \u00e9s prevenci\u00f3 alapk\u00e9pz\u00e9si szak v\u00e9d\u0151n\u0151 szakir\u00e1nya.<\/p>\n<p style=\"text-align: justify\">&#8211; a gazdas\u00e1gtudom\u00e1nyok k\u00e9pz\u00e9si ter\u00fclet alkalmazott k\u00f6zgazdas\u00e1gtan, gazdas\u00e1gelemz\u00e9s, k\u00f6zszolg\u00e1lati, gazd\u00e1lkod\u00e1si \u00e9s menedzsment, emberi er\u0151forr\u00e1sok alapk\u00e9pz\u00e9si szakjai<\/p>\n<p style=\"text-align: justify\">&#8211; valamint a jogi k\u00e9pz\u00e9si ter\u00fclet osztatlan jog\u00e1sz szakja.<\/p>\n<p style=\"text-align: justify\"><strong>3. A 4. pontban <\/strong>(ld. lejjebb)<strong> meghat\u00e1rozott kreditek teljes\u00edt\u00e9s\u00e9vel vehet\u0151k figyelembe tov\u00e1bb\u00e1: <\/strong>azok az alapk\u00e9pz\u00e9si \u00e9s mesterk\u00e9pz\u00e9si szakok, illetve a fels\u0151oktat\u00e1sr\u00f3l sz\u00f3l\u00f3 1993. \u00e9vi LXXX. t\u00f6rv\u00e9ny szerinti szakok, amelyeket a kredit meg\u00e1llap\u00edt\u00e1s\u00e1nak alapj\u00e1ul szolg\u00e1l\u00f3 ismeretek \u00f6sszevet\u00e9se alapj\u00e1n a fels\u0151oktat\u00e1si int\u00e9zm\u00e9ny kredit\u00e1tviteli bizotts\u00e1ga elfogad.<\/p>\n<p style=\"text-align: justify\"><strong>4. A\u00a0 fenti, 2. \u00e9s 3. pontban megadott oklev\u00e9llel rendelkez\u0151k eset\u00e9n a mesterk\u00e9pz\u00e9si k\u00e9pz\u00e9si ciklusba val\u00f3 bel\u00e9p\u00e9s minim\u00e1lis felt\u00e9telei:<\/strong><\/p>\n<p style=\"text-align: justify\">A mesterk\u00e9pz\u00e9sbe val\u00f3 bel\u00e9p\u00e9shez a kor\u00e1bbi tanulm\u00e1nyok alapj\u00e1n sz\u00fcks\u00e9ges minim\u00e1lis kreditek sz\u00e1ma 30 kredit az al\u00e1bbi ter\u00fcletek szerint:<\/p>\n<p style=\"text-align: justify\">pszichol\u00f3giai ismeretek legal\u00e1bb 10 kredit,<\/p>\n<p style=\"text-align: justify\">t\u00e1rsadalomtudom\u00e1nyi ismeretek legal\u00e1bb 20 kredit.<\/p>\n<p style=\"text-align: justify\">A felsorolt ismeretek megszerz\u00e9se a k\u00e9pz\u00e9ssel p\u00e1rhuzamosan, de legk\u00e9s\u0151bb a m\u00e1sodik f\u00e9l\u00e9v v\u00e9g\u00e9ig teljes\u00edthet\u0151.<\/p>\n<p style=\"text-align: justify\"><strong>A 2. \u00e9s 3. pontban megadott oklev\u00e9llel rendelkez\u0151knek \u00fan. kreditelismer\u00e9si k\u00e9rv\u00e9nyt<\/strong> sz\u00fcks\u00e9ges beny\u00fajtani.<\/p>\n<p style=\"text-align: justify\">A k\u00e9rv\u00e9ny a kit\u00f6lt\u00e9si \u00fatmutat\u00f3val egy\u00fctt el\u00e9rhet\u0151 <a href=\"https:\/\/semmelweis.hu\/mental\/files\/2026\/02\/CsaladMA_kreditelismeresi-kerveny_2026_aprilis_26.docx\" target=\"_blank\" rel=\"noopener\"><strong>ide kattintva Word-ben<\/strong><\/a>. A g\u00e9ppel kit\u00f6lt\u00f6tt k\u00e9rv\u00e9nyt <strong>Word<\/strong> form\u00e1tumban, illetve a szkennelt csatolm\u00e1nyokat <strong>el\u0151zetes egyeztet\u00e9sre 2026. \u00e1prilis 26-ig sz\u00fcks\u00e9ges elk\u00fcldeni<\/strong> <strong>Dr. B\u00f3n\u00e9 Veronika<\/strong> szakcsoportvezet\u0151 r\u00e9sz\u00e9re <strong>e-mailben:<\/strong> <a href=\"mailto:bone.veronika@semmelweis.hu\"><strong>bone.veronika@semmelweis.hu<\/strong><\/a><\/p>\n<p style=\"text-align: justify\"><strong>Az el\u0151zetes egyeztet\u00e9s ut\u00e1n<\/strong> pedig al\u00e1\u00edrva, <strong>postai \u00faton is<\/strong> <strong>sz\u00fcks\u00e9ges elk\u00fcldeni<\/strong> a k\u00e9rv\u00e9nyt \u00e9s a mell\u00e9kleteket is:<\/p>\n<p>Semmelweis Egyetem EKK Ment\u00e1lhigi\u00e9n\u00e9 Int\u00e9zet<\/p>\n<p>Dr. B\u00f3n\u00e9 Veronika<\/p>\n<p>1428 Budapest, Pf. 2.<\/p>\n<p>(K\u00e9rj\u00fck, \u00edrja r\u00e1 a bor\u00edt\u00e9kra, hogy \u201ebizalmas\u201d.)<\/p>\n<p style=\"text-align: justify\">Ha a jelentkez\u0151 nem rendelkezik teljes kredit\u00e9rt\u00e9k\u0171 oklev\u00e9llel, \u00fagy a megjel\u00f6lt fels\u0151oktat\u00e1si int\u00e9zm\u00e9nyn\u00e9l \u00fan. el\u0151zetes kreditelismer\u00e9si elj\u00e1r\u00e1st kell kezdem\u00e9nyeznie. R\u00e9szletes inform\u00e1ci\u00f3k az \u00e9rintett int\u00e9zm\u00e9nyekt\u0151l k\u00e9rhet\u0151k.\u00a0<\/p>\n<p>Kreditelismer\u00e9si hat\u00e1rozattal nem rendelkez\u0151 jelentkez\u0151k sikeres sz\u00f3beli vizsga eset\u00e9n sem nyerhetnek felv\u00e9telt.<\/p>\n<hr \/>\n<p><strong>Tov\u00e1bbi inform\u00e1ci\u00f3k az interdiszciplin\u00e1ris csal\u00e1dtudom\u00e1nyi mesterk\u00e9pz\u00e9si szakr\u00f3l<\/strong><\/p>\n<ul class=\"children\" style=\"list-style-type: square\">\n<li class=\"page_item page-item-62 current_page_item\"><a href=\"https:\/\/semmelweis.hu\/mental\/mesterkepzesek\/interdiszciplinaris-csaladtudomany\/kepzes-bemutatasa\/\" target=\"_blank\" rel=\"noopener\">K\u00e9pz\u00e9s bemutat\u00e1sa<\/a><\/li>\n<li class=\"page_item page-item-63\"><a href=\"https:\/\/semmelweis.hu\/mental\/mesterkepzesek\/interdiszciplinaris-csaladtudomany\/tanulmanyi-program\/\" target=\"_blank\" rel=\"noopener\">Tanulm\u00e1nyi program<\/a><\/li>\n<li class=\"page_item page-item-64\"><a href=\"https:\/\/semmelweis.hu\/mental\/mesterkepzesek\/interdiszciplinaris-csaladtudomany\/kontaktszemelyek\/\" target=\"_blank\" rel=\"noopener\">Kontaktszem\u00e9lyek<\/a><\/li>\n<li class=\"page_item page-item-65\"><a href=\"https:\/\/semmelweis.hu\/mental\/mesterkepzesek\/interdiszciplinaris-csaladtudomany\/hasznos-informaciok\/\" target=\"_blank\" rel=\"noopener\">Hasznos inform\u00e1ci\u00f3k<\/a><\/li>\n<li class=\"page_item page-item-6519\"><a href=\"https:\/\/semmelweis.hu\/mental\/mesterkepzesek\/interdiszciplinaris-csaladtudomany\/aktualis\/\" target=\"_blank\" rel=\"noopener\">Aktu\u00e1lis<\/a><\/li>\n<\/ul>\n","protected":false},"excerpt":{"rendered":"<p>Felv\u00e9teli inform\u00e1ci\u00f3k az interdiszciplin\u00e1ris csal\u00e1dtudom\u00e1nyi mesterk\u00e9pz\u00e9si szakkal kapcsolatban Online ny\u00edlt nap a Szoci\u00e1lis munka \u00e9s az Interdiszciplin\u00e1ris csal\u00e1dtudom\u00e1nyi mesterk\u00e9pz\u00e9seinkr\u0151l:Id\u0151pont: 2026. janu\u00e1r 19. (h\u00e9tf\u0151) 16:00\u201317:30.Helysz\u00edn:\u00a0 <a href=\"https:\/\/semmelweis.zoom.us\/j\/94764938026\" target=\"_blank\" rel=\"noopener\">Ide kattintva tud becsatlakozni az esem\u00e9nyre.<\/a> A felvi.hu honlapon val\u00f3 jelentkez\u00e9s meger\u0151s\u00edt\u00e9se az int\u00e9zeti jelentkez\u00e9si fel\u00fcleten, a\u00a0 <a href=\"https:\/\/mhi.semmelweis.hu\/login\" target=\"_blank\" rel=\"noopener\">https:\/\/mhi.semmelweis.hu\/login<\/a> oldalon val\u00f3 bejelentkez\u00e9ssel t\u00f6rt\u00e9nik! A felvi.hu jelentkez\u00e9si adatainak feldolgoz\u00e1sa \u00e9s a jelentkez\u00e9si fel\u00fclet megnyit\u00e1sa ut\u00e1n \u00e1prilis elej\u00e9n e-mailben is fogjuk &hellip;<\/p>\n","protected":false},"author":101614,"featured_media":0,"parent":8,"menu_order":5,"comment_status":"closed","ping_status":"closed","template":"","meta":{"_acf_changed":false,"footnotes":""},"categories":[],"tags":[],"class_list":["post-66","page","type-page","status-publish","hentry"],"acf":[],"_links":{"self":[{"href":"https:\/\/semmelweis.hu\/mental\/wp-json\/wp\/v2\/pages\/66","targetHints":{"allow":["GET"]}}],"collection":[{"href":"https:\/\/semmelweis.hu\/mental\/wp-json\/wp\/v2\/pages"}],"about":[{"href":"https:\/\/semmelweis.hu\/mental\/wp-json\/wp\/v2\/types\/page"}],"author":[{"embeddable":true,"href":"https:\/\/semmelweis.hu\/mental\/wp-json\/wp\/v2\/users\/101614"}],"replies":[{"embeddable":true,"href":"https:\/\/semmelweis.hu\/mental\/wp-json\/wp\/v2\/comments?post=66"}],"version-history":[{"count":17,"href":"https:\/\/semmelweis.hu\/mental\/wp-json\/wp\/v2\/pages\/66\/revisions"}],"predecessor-version":[{"id":8947,"href":"https:\/\/semmelweis.hu\/mental\/wp-json\/wp\/v2\/pages\/66\/revisions\/8947"}],"up":[{"embeddable":true,"href":"https:\/\/semmelweis.hu\/mental\/wp-json\/wp\/v2\/pages\/8"}],"wp:attachment":[{"href":"https:\/\/semmelweis.hu\/mental\/wp-json\/wp\/v2\/media?parent=66"}],"wp:term":[{"taxonomy":"category","embeddable":true,"href":"https:\/\/semmelweis.hu\/mental\/wp-json\/wp\/v2\/categories?post=66"},{"taxonomy":"post_tag","embeddable":true,"href":"https:\/\/semmelweis.hu\/mental\/wp-json\/wp\/v2\/tags?post=66"}],"curies":[{"name":"wp","href":"https:\/\/api.w.org\/{rel}","templated":true}]}}