{"id":6511,"date":"2023-06-23T11:44:06","date_gmt":"2023-06-23T09:44:06","guid":{"rendered":"https:\/\/semmelweis.hu\/mental\/?page_id=6511"},"modified":"2025-05-21T16:59:07","modified_gmt":"2025-05-21T14:59:07","slug":"aktualis","status":"publish","type":"page","link":"https:\/\/semmelweis.hu\/mental\/szakiranyu-kepzesek\/lelkigondozo-kepzes\/aktualis\/","title":{"rendered":"Aktu\u00e1lis"},"content":{"rendered":"<p style=\"text-align: center\">K\u00e9pz\u00e9si napok:<\/p>\n<p>2025 \u0151szi f\u00e9l\u00e9v:<\/p>\n<p>szeptember 18-19.<br \/>okt\u00f3ber 9-10.<br \/>november 6-7.<br \/>november 27-28.<br \/>december 11-12.<\/p>\n<p>2026 tavaszi f\u00e9l\u00e9v:<\/p>\n<p>janu\u00e1r 29-30.<br \/>febru\u00e1r 19-20.<br \/>m\u00e1rcius 5-6.<br \/>m\u00e1rcius 26- 27.\u00a0<br \/>m\u00e1jus 7-8.<\/p>\n","protected":false},"excerpt":{"rendered":"<p>K\u00e9pz\u00e9si napok:<br \/>\n2025 \u0151szi f\u00e9l\u00e9v:<br \/>\nszeptember 18-19.okt\u00f3ber 9-10.november 6-7.november 27-28.december 11-12.<br \/>\n2026 tavaszi f\u00e9l\u00e9v:<br \/>\njanu\u00e1r 29-30.febru\u00e1r 19-20.m\u00e1rcius 5-6.m\u00e1rcius 26- 27.\u00a0m\u00e1jus 7-8.<\/p>\n","protected":false},"author":101843,"featured_media":0,"parent":1218,"menu_order":6,"comment_status":"closed","ping_status":"closed","template":"","meta":{"_acf_changed":false,"footnotes":""},"categories":[],"tags":[],"class_list":["post-6511","page","type-page","status-publish","hentry"],"acf":[],"_links":{"self":[{"href":"https:\/\/semmelweis.hu\/mental\/wp-json\/wp\/v2\/pages\/6511","targetHints":{"allow":["GET"]}}],"collection":[{"href":"https:\/\/semmelweis.hu\/mental\/wp-json\/wp\/v2\/pages"}],"about":[{"href":"https:\/\/semmelweis.hu\/mental\/wp-json\/wp\/v2\/types\/page"}],"author":[{"embeddable":true,"href":"https:\/\/semmelweis.hu\/mental\/wp-json\/wp\/v2\/users\/101843"}],"replies":[{"embeddable":true,"href":"https:\/\/semmelweis.hu\/mental\/wp-json\/wp\/v2\/comments?post=6511"}],"version-history":[{"count":6,"href":"https:\/\/semmelweis.hu\/mental\/wp-json\/wp\/v2\/pages\/6511\/revisions"}],"predecessor-version":[{"id":7909,"href":"https:\/\/semmelweis.hu\/mental\/wp-json\/wp\/v2\/pages\/6511\/revisions\/7909"}],"up":[{"embeddable":true,"href":"https:\/\/semmelweis.hu\/mental\/wp-json\/wp\/v2\/pages\/1218"}],"wp:attachment":[{"href":"https:\/\/semmelweis.hu\/mental\/wp-json\/wp\/v2\/media?parent=6511"}],"wp:term":[{"taxonomy":"category","embeddable":true,"href":"https:\/\/semmelweis.hu\/mental\/wp-json\/wp\/v2\/categories?post=6511"},{"taxonomy":"post_tag","embeddable":true,"href":"https:\/\/semmelweis.hu\/mental\/wp-json\/wp\/v2\/tags?post=6511"}],"curies":[{"name":"wp","href":"https:\/\/api.w.org\/{rel}","templated":true}]}}