{"id":65,"date":"2018-06-08T00:00:00","date_gmt":"2018-06-07T22:00:00","guid":{"rendered":"http:\/\/semmelweis.hu\/mental\/hasznos-informaciok-csalad\/"},"modified":"2025-12-04T16:13:25","modified_gmt":"2025-12-04T15:13:25","slug":"hasznos-informaciok","status":"publish","type":"page","link":"https:\/\/semmelweis.hu\/mental\/mesterkepzesek\/interdiszciplinaris-csaladtudomany\/hasznos-informaciok\/","title":{"rendered":"Hasznos inform\u00e1ci\u00f3k"},"content":{"rendered":"<h6 align=\"center\"><span style=\"color: #000000\"><strong>HASZNOS INFORM\u00c1CI\u00d3K HALLGAT\u00d3INK R\u00c9SZ\u00c9RE<\/strong><\/span><\/h6>\n<p align=\"center\"><span style=\"color: #000000\"><strong>HALLGAT\u00d3I KEDVEZM\u00c9NYEK<\/strong><\/span><\/p>\n<p style=\"text-align: justify\">A Semmelweis Egyetem hallgat\u00f3i \u00e9s munkat\u00e1rsai kedvezm\u00e9nyes jegyv\u00e1s\u00e1rl\u00e1sra jogosultak <a href=\"https:\/\/semmelweis.hu\/egyetemi-hallgatoknak\/szabadidos-kedvezmenyek\/#idoszakos\" target=\"_blank\" rel=\"noopener\">ezen a linken tal\u00e1lhat\u00f3 int\u00e9zm\u00e9nyekben<\/a>, amelyet a jogviszonyt igazol\u00f3 dokumentum (di\u00e1kigazolv\u00e1ny) bemutat\u00e1s\u00e1val tudnak hallgat\u00f3ink ig\u00e9nybe venni.<\/p>\n<hr \/>\n<p style=\"text-align: center\"><span style=\"color: #000000\"><strong>K\u00d6NYVT\u00c1RAK<\/strong><\/span><\/p>\n<p style=\"text-align: justify\">1. A\u00a0<strong>Semmelweis Egyetemnek<\/strong> k\u00f6zponti k\u00f6nyvt\u00e1r\u00e1t (K\u00e1lvin t\u00e9ri metr\u00f3meg\u00e1ll\u00f3n\u00e1l: Budapest 1088, Miksz\u00e1th K\u00e1lm\u00e1n t\u00e9r 5.) az egyetem hallgat\u00f3i \u00e9s oktat\u00f3i <strong>t\u00e9r\u00edt\u00e9smentesen<\/strong> l\u00e1togathatj\u00e1k. <strong>Viszont nem minden szakirodalom el\u00e9rhet\u0151 n\u00e1luk,\u00a0<\/strong>\u00edgy k\u00e9rj\u00fck hallgat\u00f3inkat, hogy beiratkoz\u00e1s el\u0151tt mindenk\u00e9ppen egyeztessenek a K\u00f6nyvt\u00e1rral az el\u00e9rhet\u0151 anyagokr\u00f3l.<\/p>\n<p style=\"text-align: justify\">A beiratkoz\u00e1shoz <strong>di\u00e1kigazolv\u00e1ny, <\/strong>vagy ha nem rendelkeznek di\u00e1kigazolv\u00e1nnyal, <strong>hallgat\u00f3i jogviszony igazol\u00e1s \u00e9s szem\u00e9lyi igazolv\u00e1ny egy\u00fcttesen sz\u00fcks\u00e9ges.<\/strong><\/p>\n<p><strong>A K\u00f6nyvt\u00e1r honlapja:\u00a0<\/strong><strong><a href=\"https:\/\/lib.semmelweis.hu\/\" target=\"_blank\" rel=\"noopener\">https:\/\/lib.semmelweis.hu\/<\/a><\/strong><\/p>\n<p>A fel\u00fcletre a hallgat\u00f3k is be tudnak jelentkezni SEKA-azonos\u00edt\u00f3juk seg\u00edts\u00e9g\u00e9vel. A k\u00f6nyvt\u00e1r \u00e1ltal el\u0151fizetett tartalmak t\u00e1vkapcsolattal is el\u00e9rhet\u0151k, a hozz\u00e1f\u00e9r\u00e9st a k\u00f6vetkez\u0151 linken lehet ig\u00e9nyelni: <a id=\"LPlnk456917\" href=\"https:\/\/lib.semmelweis.hu\/se_kk_vpn\" target=\"_blank\" rel=\"noopener noreferrer\">https:\/\/lib.semmelweis.hu\/se_kk_vpn<\/a><\/p>\n<p style=\"text-align: justify\">2.\u00a0<strong>T\u00f6bb szakirodalom<\/strong>\u00a0is el\u00e9rhet\u0151 a\u00a0<strong>Szab\u00f3 Ervin K\u00f6nyvt\u00e1rban<\/strong>\u00a0(K\u00e1lvin t\u00e9ri meg\u00e1ll\u00f3n\u00e1l: Budapest 1088, Szab\u00f3 Ervin t\u00e9r 1.). A k\u00f6nyvt\u00e1rba t\u00f6rt\u00e9n\u0151 beiratkoz\u00e1s\u00a0<strong>d\u00edjt\u00e9telhez<\/strong> k\u00f6t\u00f6tt, a honlapjukon tudnak a hallgat\u00f3k t\u00e1j\u00e9koz\u00f3dni a k\u00f6lts\u00e9gekr\u0151l, beiratkoz\u00e1si folyamatr\u00f3l, k\u00f6lcs\u00f6nz\u00e9sr\u0151l, olvas\u00f3jegyr\u0151l:<\/p>\n<p><strong>A K\u00f6nyvt\u00e1r honlapja:\u00a0<\/strong><strong><a href=\"http:\/\/fszek.hu\/\" target=\"_blank\" rel=\"noopener\">http:\/\/fszek.hu\/<\/a><\/strong><\/p>\n<p><strong>Katal\u00f3gus:<\/strong>\u00a0<a href=\"http:\/\/saman.fszek.hu\/WebPac\/CorvinaWeb\" target=\"_blank\" rel=\"noopener\">http:\/\/saman.fszek.hu\/WebPac\/CorvinaWeb<\/a><\/p>\n<p style=\"text-align: justify\">3. Az\u00a0<strong>Orsz\u00e1gos Sz\u00e9chenyi K\u00f6nyvt\u00e1rban<\/strong>\u00a0is el\u00e9rhet\u0151ek a szakirodalmak (Budai V\u00e1rnegyed: Budav\u00e1ri Palota &#8222;F&#8221; \u00e9p\u00fclet), viszont a dokumentumokat\u00a0<strong>itt csak helyben lehet olvasni<\/strong>. A beiratkoz\u00e1s pedig szint\u00e9n\u00a0<strong>d\u00edjt\u00e9telhez\u00a0<\/strong>k\u00f6t\u00f6tt, tov\u00e1bbi inform\u00e1ci\u00f3\u00e9rt k\u00e9rj\u00fck, l\u00e1togassanak el a honlapjukra:<\/p>\n<p><strong>A K\u00f6nyvt\u00e1r honlapja:\u00a0<\/strong><strong><a href=\"http:\/\/www.oszk.hu\/beiratkozas\" target=\"_blank\" rel=\"noopener\">http:\/\/www.oszk.hu\/beiratkozas<\/a><\/strong><\/p>\n<hr \/>\n<p><strong style=\"font-size: 1rem\">Az interdiszciplin\u00e1ris csal\u00e1dtudom\u00e1nyi mesterk\u00e9pz\u00e9si szakkap kapcsolatos inform\u00e1ci\u00f3k:<\/strong><\/p>\n<ul class=\"children\" style=\"list-style-type: square\">\n<li class=\"page_item page-item-62 current_page_item\"><a href=\"https:\/\/semmelweis.hu\/mental\/mesterkepzesek\/interdiszciplinaris-csaladtudomany\/kepzes-bemutatasa\/\">K\u00e9pz\u00e9s bemutat\u00e1sa<\/a><\/li>\n<li class=\"page_item page-item-63\"><a href=\"https:\/\/semmelweis.hu\/mental\/mesterkepzesek\/interdiszciplinaris-csaladtudomany\/tanulmanyi-program\/\">Tanulm\u00e1nyi program<\/a><\/li>\n<li class=\"page_item page-item-64\"><a href=\"https:\/\/semmelweis.hu\/mental\/mesterkepzesek\/interdiszciplinaris-csaladtudomany\/kontaktszemelyek\/\">Kontaktszem\u00e9lyek<\/a><\/li>\n<li class=\"page_item page-item-66\"><a href=\"https:\/\/semmelweis.hu\/mental\/mesterkepzesek\/interdiszciplinaris-csaladtudomany\/felvetel-a-kepzesre-csalad-2\/\">Felv\u00e9tel a k\u00e9pz\u00e9sre<\/a><\/li>\n<li class=\"page_item page-item-6519\"><a href=\"https:\/\/semmelweis.hu\/mental\/mesterkepzesek\/interdiszciplinaris-csaladtudomany\/aktualis\/\">Aktu\u00e1lis<\/a><\/li>\n<\/ul>\n","protected":false},"excerpt":{"rendered":"<p>HASZNOS INFORM\u00c1CI\u00d3K HALLGAT\u00d3INK R\u00c9SZ\u00c9RE HALLGAT\u00d3I KEDVEZM\u00c9NYEK A Semmelweis Egyetem hallgat\u00f3i \u00e9s munkat\u00e1rsai kedvezm\u00e9nyes jegyv\u00e1s\u00e1rl\u00e1sra jogosultak <a href=\"https:\/\/semmelweis.hu\/egyetemi-hallgatoknak\/szabadidos-kedvezmenyek\/#idoszakos\" target=\"_blank\" rel=\"noopener\">ezen a linken tal\u00e1lhat\u00f3 int\u00e9zm\u00e9nyekben<\/a> , amelyet a jogviszonyt igazol\u00f3 dokumentum (di\u00e1kigazolv\u00e1ny) bemutat\u00e1s\u00e1val tudnak hallgat\u00f3ink ig\u00e9nybe venni. K\u00d6NYVT\u00c1RAK 1. A\u00a0Semmelweis Egyetemnek k\u00f6zponti k\u00f6nyvt\u00e1r\u00e1t (K\u00e1lvin t\u00e9ri metr\u00f3meg\u00e1ll\u00f3n\u00e1l: Budapest 1088, Miksz\u00e1th K\u00e1lm\u00e1n t\u00e9r 5.) az egyetem hallgat\u00f3i \u00e9s oktat\u00f3i t\u00e9r\u00edt\u00e9smentesen l\u00e1togathatj\u00e1k. Viszont nem minden szakirodalom el\u00e9rhet\u0151 n\u00e1luk,\u00a0\u00edgy &hellip;<\/p>\n","protected":false},"author":101614,"featured_media":0,"parent":8,"menu_order":4,"comment_status":"closed","ping_status":"closed","template":"","meta":{"_acf_changed":false,"footnotes":""},"categories":[],"tags":[],"class_list":["post-65","page","type-page","status-publish","hentry"],"acf":[],"_links":{"self":[{"href":"https:\/\/semmelweis.hu\/mental\/wp-json\/wp\/v2\/pages\/65","targetHints":{"allow":["GET"]}}],"collection":[{"href":"https:\/\/semmelweis.hu\/mental\/wp-json\/wp\/v2\/pages"}],"about":[{"href":"https:\/\/semmelweis.hu\/mental\/wp-json\/wp\/v2\/types\/page"}],"author":[{"embeddable":true,"href":"https:\/\/semmelweis.hu\/mental\/wp-json\/wp\/v2\/users\/101614"}],"replies":[{"embeddable":true,"href":"https:\/\/semmelweis.hu\/mental\/wp-json\/wp\/v2\/comments?post=65"}],"version-history":[{"count":11,"href":"https:\/\/semmelweis.hu\/mental\/wp-json\/wp\/v2\/pages\/65\/revisions"}],"predecessor-version":[{"id":8443,"href":"https:\/\/semmelweis.hu\/mental\/wp-json\/wp\/v2\/pages\/65\/revisions\/8443"}],"up":[{"embeddable":true,"href":"https:\/\/semmelweis.hu\/mental\/wp-json\/wp\/v2\/pages\/8"}],"wp:attachment":[{"href":"https:\/\/semmelweis.hu\/mental\/wp-json\/wp\/v2\/media?parent=65"}],"wp:term":[{"taxonomy":"category","embeddable":true,"href":"https:\/\/semmelweis.hu\/mental\/wp-json\/wp\/v2\/categories?post=65"},{"taxonomy":"post_tag","embeddable":true,"href":"https:\/\/semmelweis.hu\/mental\/wp-json\/wp\/v2\/tags?post=65"}],"curies":[{"name":"wp","href":"https:\/\/api.w.org\/{rel}","templated":true}]}}