{"id":64,"date":"2018-06-12T16:05:09","date_gmt":"2018-06-12T14:05:09","guid":{"rendered":"http:\/\/semmelweis.hu\/mental\/?page_id=64"},"modified":"2026-01-28T16:12:22","modified_gmt":"2026-01-28T15:12:22","slug":"kontaktszemelyek","status":"publish","type":"page","link":"https:\/\/semmelweis.hu\/mental\/mesterkepzesek\/interdiszciplinaris-csaladtudomany\/kontaktszemelyek\/","title":{"rendered":"Kontaktszem\u00e9lyek"},"content":{"rendered":"<p><strong>INTERDISZCIPLIN\u00c1RIS CSAL\u00c1DTUDOM\u00c1NYI MESTERK\u00c9PZ\u00c9SI SZAK<\/strong><\/p>\n<p><strong>A k\u00e9pz\u00e9st \u00e9rint\u0151 szakmai k\u00e9rd\u00e9sekben:<\/strong><\/p>\n<p><strong>Dr. B\u00f3n\u00e9 Veronika<\/strong>\u00a0&#8211; szakcsoportvezet\u0151<\/p>\n<p><a href=\"mailto:albert.fruzsina@public.semmelweis-univ.hu\" target=\"_blank\" rel=\"noopener\">bone.veronika@semmelweis.hu<\/a><\/p>\n<blockquote class=\"wp-embedded-content\" data-secret=\"RDBeZFUeX8\"><p><a href=\"https:\/\/semmelweis.hu\/mental\/2026\/01\/20\/a-csalad-nem-valsagban-van-hanem-valtozik-interju-dr-bone-veronikaval-az-interdiszciplinaris-csaladtudomany-mesterkepzesi-szak-szakcsoportvezetojevel\/\">\u201eA csal\u00e1d nem v\u00e1ls\u00e1gban van, hanem v\u00e1ltozik.\u201d &#8211; Interj\u00fa Dr. B\u00f3n\u00e9 Veronik\u00e1val, az interdiszciplin\u00e1ris csal\u00e1dtudom\u00e1ny mesterk\u00e9pz\u00e9si szak szakcsoportvezet\u0151j\u00e9vel<\/a><\/p><\/blockquote>\n<p><iframe loading=\"lazy\" class=\"wp-embedded-content\" sandbox=\"allow-scripts\" security=\"restricted\" style=\"position: absolute; visibility: hidden;\" title=\"&#8220;\u201eA csal\u00e1d nem v\u00e1ls\u00e1gban van, hanem v\u00e1ltozik.\u201d &#8211; Interj\u00fa Dr. B\u00f3n\u00e9 Veronik\u00e1val, az interdiszciplin\u00e1ris csal\u00e1dtudom\u00e1ny mesterk\u00e9pz\u00e9si szak szakcsoportvezet\u0151j\u00e9vel&#8221; &#8212; Ment\u00e1lhigi\u00e9n\u00e9 Int\u00e9zet\" src=\"https:\/\/semmelweis.hu\/mental\/2026\/01\/20\/a-csalad-nem-valsagban-van-hanem-valtozik-interju-dr-bone-veronikaval-az-interdiszciplinaris-csaladtudomany-mesterkepzesi-szak-szakcsoportvezetojevel\/embed\/#?secret=RVTYRDbmuP#?secret=RDBeZFUeX8\" data-secret=\"RDBeZFUeX8\" width=\"600\" height=\"338\" frameborder=\"0\" marginwidth=\"0\" marginheight=\"0\" scrolling=\"no\"><\/iframe><\/p>\n<p><strong>Felv\u00e9telivel, kreditelismertet\u00e9ssel kapcsolatban:<\/strong><\/p>\n<p><strong>Nagy-Bozsoky Anna<\/strong>\u00a0&#8211; oktat\u00e1sszervez\u0151<\/p>\n<p><a href=\"mailto:nagy.bozsoky.anna@semmelweis.hu\" target=\"_blank\" rel=\"noopener\">nagy.bozsoky.anna@semmelweis.hu<\/a><\/p>\n<p><strong>Tanulm\u00e1nyokat \u00e9rint\u0151 \u00fcgyekben<\/strong>\u00a0(Neptun, jogviszony \u2013 hallgat\u00f3i st\u00e1tusz, tant\u00e1rgyak, vizsg\u00e1k, k\u00e9relmek, p\u00e9nz\u00fcgyek):<\/p>\n<p><strong>M\u00e9sz\u00e1ros \u00c9va<\/strong>\u00a0&#8211; tanulm\u00e1nyi \u00fcgyint\u00e9z\u0151<\/p>\n<p><a href=\"mailto:meszaros.eva@semmelweis.hu\" target=\"_blank\" rel=\"noopener\">meszaros.eva@semmelweis.hu<\/a><\/p>\n<hr \/>\n<p><strong>Tov\u00e1bbi inform\u00e1ci\u00f3k az interdiszciplin\u00e1ris csal\u00e1dtudom\u00e1nyi mesterk\u00e9pz\u00e9si szakr\u00f3l<\/strong><\/p>\n<ul class=\"children\" style=\"list-style-type: square\">\n<li class=\"page_item page-item-62\"><strong><a href=\"https:\/\/semmelweis.hu\/mental\/mesterkepzesek\/interdiszciplinaris-csaladtudomany\/kepzes-bemutatasa\/\">K\u00e9pz\u00e9s bemutat\u00e1sa<\/a><\/strong><\/li>\n<li class=\"page_item page-item-63\"><strong><a href=\"https:\/\/semmelweis.hu\/mental\/mesterkepzesek\/interdiszciplinaris-csaladtudomany\/tanulmanyi-program\/\">Tanulm\u00e1nyi program<\/a><\/strong><\/li>\n<li class=\"page_item page-item-65\"><strong><a href=\"https:\/\/semmelweis.hu\/mental\/mesterkepzesek\/interdiszciplinaris-csaladtudomany\/hasznos-informaciok\/\">Hasznos inform\u00e1ci\u00f3k<\/a><\/strong><\/li>\n<li class=\"page_item page-item-66\"><strong><a href=\"https:\/\/semmelweis.hu\/mental\/mesterkepzesek\/interdiszciplinaris-csaladtudomany\/felvetel-a-kepzesre-csalad-2\/\">Felv\u00e9tel a k\u00e9pz\u00e9sre<\/a><\/strong><\/li>\n<li class=\"page_item page-item-6519\"><strong><a href=\"https:\/\/semmelweis.hu\/mental\/mesterkepzesek\/interdiszciplinaris-csaladtudomany\/aktualis\/\">Aktu\u00e1lis<\/a><\/strong><\/li>\n<\/ul>\n","protected":false},"excerpt":{"rendered":"<p>INTERDISZCIPLIN\u00c1RIS CSAL\u00c1DTUDOM\u00c1NYI MESTERK\u00c9PZ\u00c9SI SZAK<br \/>\nA k\u00e9pz\u00e9st \u00e9rint\u0151 szakmai k\u00e9rd\u00e9sekben:<br \/>\nDr. B\u00f3n\u00e9 Veronika\u00a0&#8211; szakcsoportvezet\u0151<br \/>\n<a href=\"mailto:albert.fruzsina@public.semmelweis-univ.hu\" target=\"_blank\" rel=\"noopener\">bone.veronika@semmelweis.hu<\/a><br \/>\n<a href=\"https:\/\/semmelweis.hu\/mental\/2026\/01\/20\/a-csalad-nem-valsagban-van-hanem-valtozik-interju-dr-bone-veronikaval-az-interdiszciplinaris-csaladtudomany-mesterkepzesi-szak-szakcsoportvezetojevel\/\">\u201eA csal\u00e1d nem v\u00e1ls\u00e1gban van, hanem v\u00e1ltozik.\u201d &#8211; Interj\u00fa Dr. B\u00f3n\u00e9 Veronik\u00e1val, az interdiszciplin\u00e1ris csal\u00e1dtudom\u00e1ny mesterk\u00e9pz\u00e9si szak szakcsoportvezet\u0151j\u00e9vel<\/a><\/p>\n<p>Felv\u00e9telivel, kreditelismertet\u00e9ssel kapcsolatban:<br \/>\nNagy-Bozsoky Anna\u00a0&#8211; oktat\u00e1sszervez\u0151<br \/>\n<a href=\"mailto:nagy.bozsoky.anna@semmelweis.hu\" target=\"_blank\" rel=\"noopener\">nagy.bozsoky.anna@semmelweis.hu<\/a><br \/>\nTanulm\u00e1nyokat \u00e9rint\u0151 \u00fcgyekben\u00a0(Neptun, jogviszony \u2013 hallgat\u00f3i st\u00e1tusz, tant\u00e1rgyak, vizsg\u00e1k, k\u00e9relmek, p\u00e9nz\u00fcgyek):<br \/>\nM\u00e9sz\u00e1ros \u00c9va\u00a0&#8211; tanulm\u00e1nyi \u00fcgyint\u00e9z\u0151<br \/>\n<a href=\"mailto:meszaros.eva@semmelweis.hu\" target=\"_blank\" rel=\"noopener\">meszaros.eva@semmelweis.hu<\/a><\/p>\n<p>Tov\u00e1bbi inform\u00e1ci\u00f3k az interdiszciplin\u00e1ris csal\u00e1dtudom\u00e1nyi mesterk\u00e9pz\u00e9si szakr\u00f3l<\/p>\n<p><a href=\"https:\/\/semmelweis.hu\/mental\/mesterkepzesek\/interdiszciplinaris-csaladtudomany\/kepzes-bemutatasa\/\">K\u00e9pz\u00e9s bemutat\u00e1sa<\/a><br \/>\n<a href=\"https:\/\/semmelweis.hu\/mental\/mesterkepzesek\/interdiszciplinaris-csaladtudomany\/tanulmanyi-program\/\">Tanulm\u00e1nyi program<\/a><br \/>\n<a href=\"https:\/\/semmelweis.hu\/mental\/mesterkepzesek\/interdiszciplinaris-csaladtudomany\/hasznos-informaciok\/\">Hasznos inform\u00e1ci\u00f3k<\/a><br \/>\n<a href=\"https:\/\/semmelweis.hu\/mental\/mesterkepzesek\/interdiszciplinaris-csaladtudomany\/felvetel-a-kepzesre-csalad-2\/\">Felv\u00e9tel a k\u00e9pz\u00e9sre<\/a><br \/>\n<a href=\"https:\/\/semmelweis.hu\/mental\/mesterkepzesek\/interdiszciplinaris-csaladtudomany\/aktualis\/\">Aktu\u00e1lis<\/a><\/p>\n","protected":false},"author":101614,"featured_media":0,"parent":8,"menu_order":3,"comment_status":"closed","ping_status":"closed","template":"","meta":{"_acf_changed":false,"footnotes":""},"categories":[],"tags":[],"class_list":["post-64","page","type-page","status-publish","hentry"],"acf":[],"_links":{"self":[{"href":"https:\/\/semmelweis.hu\/mental\/wp-json\/wp\/v2\/pages\/64","targetHints":{"allow":["GET"]}}],"collection":[{"href":"https:\/\/semmelweis.hu\/mental\/wp-json\/wp\/v2\/pages"}],"about":[{"href":"https:\/\/semmelweis.hu\/mental\/wp-json\/wp\/v2\/types\/page"}],"author":[{"embeddable":true,"href":"https:\/\/semmelweis.hu\/mental\/wp-json\/wp\/v2\/users\/101614"}],"replies":[{"embeddable":true,"href":"https:\/\/semmelweis.hu\/mental\/wp-json\/wp\/v2\/comments?post=64"}],"version-history":[{"count":15,"href":"https:\/\/semmelweis.hu\/mental\/wp-json\/wp\/v2\/pages\/64\/revisions"}],"predecessor-version":[{"id":8870,"href":"https:\/\/semmelweis.hu\/mental\/wp-json\/wp\/v2\/pages\/64\/revisions\/8870"}],"up":[{"embeddable":true,"href":"https:\/\/semmelweis.hu\/mental\/wp-json\/wp\/v2\/pages\/8"}],"wp:attachment":[{"href":"https:\/\/semmelweis.hu\/mental\/wp-json\/wp\/v2\/media?parent=64"}],"wp:term":[{"taxonomy":"category","embeddable":true,"href":"https:\/\/semmelweis.hu\/mental\/wp-json\/wp\/v2\/categories?post=64"},{"taxonomy":"post_tag","embeddable":true,"href":"https:\/\/semmelweis.hu\/mental\/wp-json\/wp\/v2\/tags?post=64"}],"curies":[{"name":"wp","href":"https:\/\/api.w.org\/{rel}","templated":true}]}}