{"id":6297,"date":"2023-02-28T12:04:53","date_gmt":"2023-02-28T11:04:53","guid":{"rendered":"https:\/\/semmelweis.hu\/mental\/?page_id=6297"},"modified":"2026-03-02T10:45:15","modified_gmt":"2026-03-02T09:45:15","slug":"kontaktszemelyek","status":"publish","type":"page","link":"https:\/\/semmelweis.hu\/mental\/szakiranyu-kepzesek\/munkahelyi-mentalhigiene-szakiranyu-tovabbkepzes\/kontaktszemelyek\/","title":{"rendered":"Kontaktszem\u00e9lyek"},"content":{"rendered":"<p><strong><a href=\"https:\/\/semmelweis.hu\/mental\/szakiranyu-kepzesek\/munkahelyi-mentalhigiene-szakiranyu-tovabbkepzes\/\" target=\"_blank\" rel=\"noopener\">Munkahelyi ment\u00e1lhigi\u00e9n\u00e9 szakir\u00e1ny\u00fa tov\u00e1bbk\u00e9pz\u00e9s<\/a> kontaktszem\u00e9lyei<\/strong><\/p>\n<p><strong>A k\u00e9pz\u00e9st \u00e9rint\u0151 szakmai k\u00e9rd\u00e9sekben:<\/strong><\/p>\n<p><strong>Dr. T\u00e9senyi Timea<\/strong>\u00a0\u2013 szakcsoportvezet\u0151<\/p>\n<p><a href=\"mailto:tesenyi.timea@public.semmelweis-univ.hu\" target=\"_blank\" rel=\"noopener\">tesenyi.timea@semmelweis.hu<\/a><\/p>\n<p><strong>Bolev\u00e1cz \u00c1gnes &#8211; <\/strong>szakcsoportvezet\u0151 helyettes<\/p>\n<p><a href=\"mailto:bolevacz.agnes@ext.semmelweis.hu\" target=\"_blank\" rel=\"noopener\">bolevacz.agnes@ext.semmelweis.hu<\/a><\/p>\n<p><strong>A felv\u00e9telivel kapcsolatosan, valamint a k\u00e9pz\u00e9st \u00e9rint\u0151 praktikus k\u00e9rd\u00e9sekben:<\/strong><\/p>\n<p><strong>Nagy-Bozsoky Anna<\/strong>\u00a0\u2013 oktat\u00e1sszervez\u0151<\/p>\n<p><a href=\"mailto:nagy.bozsoky.anna@semmelweis.hu\" target=\"_blank\" rel=\"noopener\">nagy.bozsoky.anna@semmelweis.hu<\/a><\/p>\n<p>+36 20 666 3622<\/p>\n<p><strong>Beiratkoz\u00e1s, tanulm\u00e1nyi \u00fcgyek, Neptunnal kapcsolatos \u00fcgyint\u00e9z\u00e9s:<\/strong><\/p>\n<p><strong>Kormos Zsuzsa \u2013\u00a0<\/strong>tanulm\u00e1nyi \u00fcgyint\u00e9z\u0151<\/p>\n<p>E-mail:\u00a0<a href=\"mailto:csatari.aniko@semmelweis.hu\" target=\"_blank\" rel=\"noopener\"><strong>kormos.zsuzsanna@semmelweis.hu<\/strong><\/a><\/p>\n<p>Tel.: +36 20 6701032<\/p>\n<p>&nbsp;<\/p>\n","protected":false},"excerpt":{"rendered":"<p><a href=\"https:\/\/semmelweis.hu\/mental\/szakiranyu-kepzesek\/munkahelyi-mentalhigiene-szakiranyu-tovabbkepzes\/\" target=\"_blank\" rel=\"noopener\">Munkahelyi ment\u00e1lhigi\u00e9n\u00e9 szakir\u00e1ny\u00fa tov\u00e1bbk\u00e9pz\u00e9s<\/a> kontaktszem\u00e9lyei<br \/>\nA k\u00e9pz\u00e9st \u00e9rint\u0151 szakmai k\u00e9rd\u00e9sekben:<br \/>\nDr. T\u00e9senyi Timea\u00a0\u2013 szakcsoportvezet\u0151<br \/>\n<a href=\"mailto:tesenyi.timea@public.semmelweis-univ.hu\" target=\"_blank\" rel=\"noopener\">tesenyi.timea@semmelweis.hu<\/a><br \/>\nBolev\u00e1cz \u00c1gnes &#8211; szakcsoportvezet\u0151 helyettes<br \/>\n<a href=\"mailto:bolevacz.agnes@ext.semmelweis.hu\" target=\"_blank\" rel=\"noopener\">bolevacz.agnes@ext.semmelweis.hu<\/a><br \/>\nA felv\u00e9telivel kapcsolatosan, valamint a k\u00e9pz\u00e9st \u00e9rint\u0151 praktikus k\u00e9rd\u00e9sekben:<br \/>\nNagy-Bozsoky Anna\u00a0\u2013 oktat\u00e1sszervez\u0151<br \/>\n<a href=\"mailto:nagy.bozsoky.anna@semmelweis.hu\" target=\"_blank\" rel=\"noopener\">nagy.bozsoky.anna@semmelweis.hu<\/a><br \/>\n+36 20 666 3622<br \/>\nBeiratkoz\u00e1s, tanulm\u00e1nyi \u00fcgyek, Neptunnal kapcsolatos \u00fcgyint\u00e9z\u00e9s:<br \/>\nKormos Zsuzsa \u2013\u00a0tanulm\u00e1nyi \u00fcgyint\u00e9z\u0151<br \/>\nE-mail:\u00a0<a href=\"mailto:csatari.aniko@semmelweis.hu\" target=\"_blank\" rel=\"noopener\">kormos.zsuzsanna@semmelweis.hu<\/a><br \/>\nTel.: +36 20 6701032<br \/>\n&nbsp;<\/p>\n","protected":false},"author":102011,"featured_media":0,"parent":6147,"menu_order":3,"comment_status":"closed","ping_status":"closed","template":"","meta":{"_acf_changed":false,"footnotes":""},"categories":[],"tags":[],"class_list":["post-6297","page","type-page","status-publish","hentry"],"acf":[],"_links":{"self":[{"href":"https:\/\/semmelweis.hu\/mental\/wp-json\/wp\/v2\/pages\/6297","targetHints":{"allow":["GET"]}}],"collection":[{"href":"https:\/\/semmelweis.hu\/mental\/wp-json\/wp\/v2\/pages"}],"about":[{"href":"https:\/\/semmelweis.hu\/mental\/wp-json\/wp\/v2\/types\/page"}],"author":[{"embeddable":true,"href":"https:\/\/semmelweis.hu\/mental\/wp-json\/wp\/v2\/users\/102011"}],"replies":[{"embeddable":true,"href":"https:\/\/semmelweis.hu\/mental\/wp-json\/wp\/v2\/comments?post=6297"}],"version-history":[{"count":10,"href":"https:\/\/semmelweis.hu\/mental\/wp-json\/wp\/v2\/pages\/6297\/revisions"}],"predecessor-version":[{"id":9072,"href":"https:\/\/semmelweis.hu\/mental\/wp-json\/wp\/v2\/pages\/6297\/revisions\/9072"}],"up":[{"embeddable":true,"href":"https:\/\/semmelweis.hu\/mental\/wp-json\/wp\/v2\/pages\/6147"}],"wp:attachment":[{"href":"https:\/\/semmelweis.hu\/mental\/wp-json\/wp\/v2\/media?parent=6297"}],"wp:term":[{"taxonomy":"category","embeddable":true,"href":"https:\/\/semmelweis.hu\/mental\/wp-json\/wp\/v2\/categories?post=6297"},{"taxonomy":"post_tag","embeddable":true,"href":"https:\/\/semmelweis.hu\/mental\/wp-json\/wp\/v2\/tags?post=6297"}],"curies":[{"name":"wp","href":"https:\/\/api.w.org\/{rel}","templated":true}]}}