{"id":6207,"date":"2023-02-15T13:02:01","date_gmt":"2023-02-15T12:02:01","guid":{"rendered":"https:\/\/semmelweis.hu\/mental\/?page_id=6207"},"modified":"2025-12-04T11:37:46","modified_gmt":"2025-12-04T10:37:46","slug":"tanulmanyi-program","status":"publish","type":"page","link":"https:\/\/semmelweis.hu\/mental\/szakiranyu-kepzesek\/munkahelyi-mentalhigiene-szakiranyu-tovabbkepzes\/tanulmanyi-program\/","title":{"rendered":"Tanulm\u00e1nyi program"},"content":{"rendered":"<p><a href=\"https:\/\/semmelweis.hu\/mental\/szakiranyu-kepzesek\/munkahelyi-mentalhigiene-szakiranyu-tovabbkepzes\/\" target=\"_blank\" rel=\"noopener\"><strong>Munkahelyi ment\u00e1lhigi\u00e9n\u00e9 szakir\u00e1ny\u00fa tov\u00e1bbk\u00e9pz\u00e9s<\/strong><\/a><\/p>\n<p style=\"text-align: justify\">K\u00e9pz\u00e9s\u00fcnk\u00f6n az al\u00e1bbi ismeretek \u00e9s k\u00e9szs\u00e9gek saj\u00e1t\u00edthat\u00f3ak el:<\/p>\n<ul style=\"text-align: justify\">\n<li><strong>elm\u00e9leti ismeretek:<\/strong>\n<ul>\n<li>\u00e1tfog\u00f3 pszichol\u00f3giai alapismeretek a fejl\u0151d\u00e9sl\u00e9lektan, szem\u00e9lyis\u00e9gpszichol\u00f3gia, pszichopatol\u00f3gia, szoci\u00e1lpszichol\u00f3gia, szervezetpszichol\u00f3gia ter\u00fclet\u00e9r\u0151l<\/li>\n<li>munkahelyi ment\u00e1lhigi\u00e9n\u00e9 alapjai<\/li>\n<li>szem\u00e9lyk\u00f6zpont\u00fa seg\u00edt\u00e9s pszichol\u00f3gi\u00e1ja<\/li>\n<li>kr\u00edzisl\u00e9lektan<\/li>\n<li>szenved\u00e9lybetegs\u00e9gek<\/li>\n<li>stresszkezel\u00e9s<\/li>\n<li>ki\u00e9g\u00e9s prevenci\u00f3<\/li>\n<\/ul>\n<\/li>\n<\/ul>\n<ul style=\"text-align: justify\">\n<li><strong>gyakorlati ismeretek:<\/strong>\n<ul>\n<li>munkahelyi ment\u00e1lhigi\u00e9n\u00e9s eszk\u00f6z\u00f6k<\/li>\n<li>\u00f6nismeret \u00e9s \u00f6nismeret intenz\u00edv tr\u00e9ning<\/li>\n<li>a szem\u00e9lyk\u00f6zpont\u00fa seg\u00edt\u00e9s m\u00f3dszertana<\/li>\n<\/ul>\n<\/li>\n<\/ul>\n<ul style=\"text-align: justify\">\n<li><strong>szakmai speci\u00e1lis t\u00e1rgyak:<\/strong>\n<ul>\n<li>k\u00f6rnyezetpszichol\u00f3gia<\/li>\n<li>karrier menedzsment<\/li>\n<li>kooperat\u00edv technik\u00e1k<\/li>\n<li>gazdas\u00e1gi pszichol\u00f3gia<\/li>\n<li>csal\u00e1di rendszerek<\/li>\n<li>\u00e9lm\u00e9nypedag\u00f3gia<\/li>\n<\/ul>\n<\/li>\n<\/ul>\n<p><a href=\"https:\/\/semmelweis.hu\/mental\/files\/2023\/03\/munkahelyi_mentalhigiene_KKK_OH.pdf\" target=\"_blank\" rel=\"noopener\">K\u00e9pz\u00e9si \u00e9s Kimeneti K\u00f6vetelm\u00e9nyek (KKK)<\/a><\/p>\n<p>A 2025-\u00f6s \u00e9vfolyam <a href=\"https:\/\/semmelweis.hu\/mental\/files\/2025\/01\/Mh-mh_tanulmanyi-tajekoztato_2024_2025_II_clear_KT.pdf\" target=\"_blank\" rel=\"noopener\">TANULM\u00c1NYI T\u00c1J\u00c9KOZTAT\u00d3JA<\/a><\/p>\n<p>A 2025-\u00f6s \u00e9vfolyam <a href=\"https:\/\/semmelweis.hu\/mental\/files\/2025\/01\/MMmintatanterv_2025_elokovetelmenyes_v2.xlsx\" target=\"_blank\" rel=\"noopener\">MINTATANTERVE<\/a><\/p>\n","protected":false},"excerpt":{"rendered":"<p><a href=\"https:\/\/semmelweis.hu\/mental\/szakiranyu-kepzesek\/munkahelyi-mentalhigiene-szakiranyu-tovabbkepzes\/\" target=\"_blank\" rel=\"noopener\">Munkahelyi ment\u00e1lhigi\u00e9n\u00e9 szakir\u00e1ny\u00fa tov\u00e1bbk\u00e9pz\u00e9s<\/a> K\u00e9pz\u00e9s\u00fcnk\u00f6n az al\u00e1bbi ismeretek \u00e9s k\u00e9szs\u00e9gek saj\u00e1t\u00edthat\u00f3ak el: elm\u00e9leti ismeretek: \u00e1tfog\u00f3 pszichol\u00f3giai alapismeretek a fejl\u0151d\u00e9sl\u00e9lektan, szem\u00e9lyis\u00e9gpszichol\u00f3gia, pszichopatol\u00f3gia, szoci\u00e1lpszichol\u00f3gia, szervezetpszichol\u00f3gia ter\u00fclet\u00e9r\u0151l munkahelyi ment\u00e1lhigi\u00e9n\u00e9 alapjai szem\u00e9lyk\u00f6zpont\u00fa seg\u00edt\u00e9s pszichol\u00f3gi\u00e1ja kr\u00edzisl\u00e9lektan szenved\u00e9lybetegs\u00e9gek stresszkezel\u00e9s ki\u00e9g\u00e9s prevenci\u00f3 gyakorlati ismeretek: munkahelyi ment\u00e1lhigi\u00e9n\u00e9s eszk\u00f6z\u00f6k \u00f6nismeret \u00e9s \u00f6nismeret intenz\u00edv tr\u00e9ning a szem\u00e9lyk\u00f6zpont\u00fa seg\u00edt\u00e9s m\u00f3dszertana szakmai speci\u00e1lis t\u00e1rgyak: k\u00f6rnyezetpszichol\u00f3gia karrier menedzsment kooperat\u00edv technik\u00e1k gazdas\u00e1gi pszichol\u00f3gia &hellip;<\/p>\n","protected":false},"author":102011,"featured_media":0,"parent":6147,"menu_order":2,"comment_status":"closed","ping_status":"closed","template":"","meta":{"_acf_changed":false,"footnotes":""},"categories":[],"tags":[],"class_list":["post-6207","page","type-page","status-publish","hentry"],"acf":[],"_links":{"self":[{"href":"https:\/\/semmelweis.hu\/mental\/wp-json\/wp\/v2\/pages\/6207","targetHints":{"allow":["GET"]}}],"collection":[{"href":"https:\/\/semmelweis.hu\/mental\/wp-json\/wp\/v2\/pages"}],"about":[{"href":"https:\/\/semmelweis.hu\/mental\/wp-json\/wp\/v2\/types\/page"}],"author":[{"embeddable":true,"href":"https:\/\/semmelweis.hu\/mental\/wp-json\/wp\/v2\/users\/102011"}],"replies":[{"embeddable":true,"href":"https:\/\/semmelweis.hu\/mental\/wp-json\/wp\/v2\/comments?post=6207"}],"version-history":[{"count":11,"href":"https:\/\/semmelweis.hu\/mental\/wp-json\/wp\/v2\/pages\/6207\/revisions"}],"predecessor-version":[{"id":8359,"href":"https:\/\/semmelweis.hu\/mental\/wp-json\/wp\/v2\/pages\/6207\/revisions\/8359"}],"up":[{"embeddable":true,"href":"https:\/\/semmelweis.hu\/mental\/wp-json\/wp\/v2\/pages\/6147"}],"wp:attachment":[{"href":"https:\/\/semmelweis.hu\/mental\/wp-json\/wp\/v2\/media?parent=6207"}],"wp:term":[{"taxonomy":"category","embeddable":true,"href":"https:\/\/semmelweis.hu\/mental\/wp-json\/wp\/v2\/categories?post=6207"},{"taxonomy":"post_tag","embeddable":true,"href":"https:\/\/semmelweis.hu\/mental\/wp-json\/wp\/v2\/tags?post=6207"}],"curies":[{"name":"wp","href":"https:\/\/api.w.org\/{rel}","templated":true}]}}