{"id":62,"date":"2018-06-12T15:27:46","date_gmt":"2018-06-12T13:27:46","guid":{"rendered":"http:\/\/semmelweis.hu\/mental\/?page_id=62"},"modified":"2026-01-20T15:45:29","modified_gmt":"2026-01-20T14:45:29","slug":"kepzes-bemutatasa","status":"publish","type":"page","link":"https:\/\/semmelweis.hu\/mental\/mesterkepzesek\/interdiszciplinaris-csaladtudomany\/kepzes-bemutatasa\/","title":{"rendered":"K\u00e9pz\u00e9s bemutat\u00e1sa"},"content":{"rendered":"<h6 style=\"text-align: justify\"><span style=\"color: #000000\"><strong>INTERDISZCIPLIN\u00c1RIS CSAL\u00c1DTUDOM\u00c1NY MESTERK\u00c9PZ\u00c9SI SZAK<\/strong><\/span><\/h6>\n<p style=\"text-align: justify\">2026. szeptember\u00e9ben \u00fajra indul <strong>interdiszciplin\u00e1ris csal\u00e1dtudom\u00e1ny mesterk\u00e9pz\u00e9si szak<\/strong>unk, amelyre a felvi.hu fel\u00fclet megny\u00edl\u00e1s\u00e1t\u00f3l (kb. 2025. december k\u00f6zep\u00e9t\u0151l) 2026. febru\u00e1r 15-ig a <strong><a href=\"http:\/\/www.felvi.hu\" target=\"_blank\" rel=\"noopener\">www.felvi.hu <\/a><\/strong>honlapon<strong> kereszt\u00fcl lehet jelentkezni<\/strong> az ott szerepl\u0151 inform\u00e1ci\u00f3k szerint.<\/p>\n<p style=\"text-align: justify\"><strong>A mesterk\u00e9pz\u00e9si szak k\u00e9pz\u00e9si c\u00e9lja \u00e9s a szakmai kompetenci\u00e1k:<\/strong><\/p>\n<div id=\"GroupWiseSection_1611043782000_thoman.andrea@public.semmelweis-univ.hu_6CE1110118B00000B4706F6437396132_\" class=\"GroupWiseMessageBody active\" style=\"text-align: justify\">\n<div style=\"text-align: justify\">Az Interdiszciplin\u00e1ris csal\u00e1dtudom\u00e1nyi k\u00e9pz\u00e9s nem csal\u00e1dter\u00e1pi\u00e1s k\u00e9pz\u00e9s, illetve nem kapcsol\u00f3dik a kor\u00e1bbi csal\u00e1dtudom\u00e1nyi k\u00e9pz\u00e9shez.<\/div>\n<div>\n<div id=\"GroupWiseSection_1611139516000_thoman.andrea@public.semmelweis-univ.hu_6CE1110118B00000B4706F6437396132_\" class=\"GroupWiseMessageBody active\">\n<div style=\"text-align: justify\">Ez egy <strong>elm\u00e9leti jelleg\u0171<\/strong>, <strong>t\u00e1rsadalom-\u00e9s viselked\u00e9studom\u00e1nyi mesterk\u00e9pz\u00e9s<\/strong>. A jelentkez\u0151k alapv\u00e9gzetts\u00e9g\u00e9re \u00e9p\u00edtve haszn\u00e1lhat\u00f3 a szoci\u00e1lis ill. eg\u00e9szs\u00e9g\u00fcgyi ell\u00e1t\u00f3rendszerben, att\u00f3l f\u00fcggetlen\u00fcl pedig miniszt\u00e9riumokban, a csal\u00e1dokkal foglalkoz\u00f3 m\u00e1s int\u00e9zm\u00e9nyekben, lehet\u0151v\u00e9 teszi a doktori k\u00e9pz\u00e9sben a r\u00e9szv\u00e9telt, mivel a hallgat\u00f3kat k\u00e9pess\u00e9 teszi &#8222;a csal\u00e1dok vizsg\u00e1lat\u00e1ra f\u00f3kusz\u00e1l\u00f3 tudom\u00e1nyos tev\u00e9kenys\u00e9gre, kutat\u00e1sra \u00e9s oktat\u00e1sra, k\u00fcl\u00f6n\u00f6s tekintettel a csal\u00e1dpolitikai tervez\u00e9sre \u00e9s elemz\u00e9sre.&#8221;<\/div>\n<div>\u00a0<\/div>\n<\/div>\n<\/div>\n<div style=\"text-align: justify\"><strong>Az Interdiszciplin\u00e1ris csal\u00e1dtudom\u00e1ny k\u00e9pz\u00e9s nem jogos\u00edt fel intervenci\u00f3s szem\u00e9lyes munk\u00e1ra, csak h\u00e1tt\u00e9rtud\u00e1st ad.<\/strong><\/div>\n<div>\u00a0<\/div>\n<\/div>\n<p style=\"text-align: justify\">A <strong>k\u00e9pz\u00e9s c\u00e9lja<\/strong> olyan szakemberek k\u00e9pz\u00e9se, akik korszer\u0171 csal\u00e1dtudom\u00e1nyi, kapcsolatelm\u00e9leti \u00e9s a hozz\u00e1juk k\u00f6t\u0151d\u0151 m\u00f3dszertani \u00e9s gyakorlati ismeretek birtok\u00e1ban k\u00e9pesek a csal\u00e1dok vizsg\u00e1lat\u00e1ra f\u00f3kusz\u00e1l\u00f3 tudom\u00e1nyos tev\u00e9kenys\u00e9gre, kutat\u00e1sra \u00e9s oktat\u00e1sra, k\u00e9pesek tov\u00e1bb\u00e1 ezen ismeretek magas szint\u0171, t\u00e1rsadalmi kontextust is tekintetbe vev\u0151 alkalmaz\u00e1s\u00e1ra.<\/p>\n<p style=\"text-align: justify\">K\u00e9pesek megel\u0151z\u0151, t\u00e1mogat\u00f3, er\u0151forr\u00e1sokat felt\u00e1r\u00f3 \u00e9s fejleszt\u0151 m\u00f3don hat\u00e1st gyakorolni a csal\u00e1di kapcsolatokra, bele\u00e9rtve a speci\u00e1lis helyzet\u0171 csal\u00e1dokat \u00e9s alternat\u00edv egy\u00fctt\u00e9l\u00e9si form\u00e1kat.<\/p>\n<p style=\"text-align: justify\">K\u00e9pesek a csal\u00e1dokkal \u00e9s a k\u00f6z\u00f6ss\u00e9gekkel foglalkoz\u00f3 szolg\u00e1ltat\u00e1si rendszerek, intervenci\u00f3s programok integr\u00e1lt, tudom\u00e1nyos alapokon nyugv\u00f3 tervez\u00e9s\u00e9re, kifejleszt\u00e9s\u00e9re \u00e9s koordin\u00e1ci\u00f3j\u00e1ra.<\/p>\n<p style=\"text-align: justify\">A csal\u00e1dok j\u00f3ll\u00e9t\u00e9nek er\u0151s\u00edt\u00e9s\u00e9vel hat\u00e1st gyakorolnak a t\u00e1rsadalmi folyamatokra \u00e9s a t\u00e1gabb t\u00e1rsadalmi rendszerek m\u0171k\u00f6d\u00e9s\u00e9re. Felk\u00e9sz\u00fcltek tanulm\u00e1nyaik doktori k\u00e9pz\u00e9sben t\u00f6rt\u00e9n\u0151 folytat\u00e1s\u00e1ra.<\/p>\n<p style=\"text-align: justify\"><strong>A mesterk\u00e9pz\u00e9si szakon szerezhet\u0151 v\u00e9gzetts\u00e9gi szint \u00e9s a szakk\u00e9pzetts\u00e9g oklev\u00e9lben szerepl\u0151 megjel\u00f6l\u00e9se:<\/strong><\/p>\n<ul style=\"text-align: justify\">\n<li style=\"list-style-type: none\">\n<ul>\n<li>v\u00e9gzetts\u00e9gi szint: mester- (magister, master; r\u00f6vid\u00edtve: MA-) fokozat<\/li>\n<li>szakk\u00e9pzetts\u00e9g: okleveles interdiszciplin\u00e1ris csal\u00e1dtudom\u00e1nyi szakember<\/li>\n<li>a szakk\u00e9pzetts\u00e9g angol nyelv\u0171 megjel\u00f6l\u00e9se: Expert in Interdisciplinary Family Studies<\/li>\n<\/ul>\n<\/li>\n<\/ul>\n<p style=\"text-align: justify\"><strong>K\u00e9pz\u00e9si ter\u00fclet:<\/strong> t\u00e1rsadalomtudom\u00e1ny<\/p>\n<p style=\"text-align: justify\"><strong>A k\u00e9pz\u00e9si id\u0151 f\u00e9l\u00e9vekben: <\/strong>4 f\u00e9l\u00e9v<\/p>\n<p style=\"text-align: justify\"><strong>A mesterfokozat megszerz\u00e9s\u00e9hez \u00f6sszegy\u0171jtend\u0151 kreditpontok sz\u00e1ma: 120 kredit<\/strong><\/p>\n<p style=\"text-align: justify\">A k\u00e9pz\u00e9s levelez\u0151k\u00e9pz\u00e9s, f\u00e9l\u00e9vente 5 alkalom, minden alkalommal 2 napon (h\u00e9tf\u0151 \u00e9s kedd).<\/p>\n<hr \/>\n<p><strong>Tov\u00e1bbi inform\u00e1ci\u00f3k az interdiszciplin\u00e1ris csal\u00e1dtudom\u00e1ny mesterk\u00e9pz\u00e9si szakr\u00f3l<\/strong><\/p>\n<ul class=\"children\" style=\"list-style-type: square\">\n<li class=\"page_item page-item-63\"><strong><a href=\"https:\/\/semmelweis.hu\/mental\/mesterkepzesek\/interdiszciplinaris-csaladtudomany\/tanulmanyi-program\/\" target=\"_blank\" rel=\"noopener\">Tanulm\u00e1nyi program<\/a><\/strong><\/li>\n<li class=\"page_item page-item-64\"><strong><a href=\"https:\/\/semmelweis.hu\/mental\/mesterkepzesek\/interdiszciplinaris-csaladtudomany\/kontaktszemelyek\/\" target=\"_blank\" rel=\"noopener\">Kontaktszem\u00e9lyek<\/a><\/strong><\/li>\n<li class=\"page_item page-item-65\"><strong><a href=\"https:\/\/semmelweis.hu\/mental\/mesterkepzesek\/interdiszciplinaris-csaladtudomany\/hasznos-informaciok\/\" target=\"_blank\" rel=\"noopener\">Hasznos inform\u00e1ci\u00f3k<\/a><\/strong><\/li>\n<li class=\"page_item page-item-66\"><strong><a href=\"https:\/\/semmelweis.hu\/mental\/mesterkepzesek\/interdiszciplinaris-csaladtudomany\/felvetel-a-kepzesre-csalad-2\/\" target=\"_blank\" rel=\"noopener\">Felv\u00e9tel a k\u00e9pz\u00e9sre<\/a><\/strong><\/li>\n<li class=\"page_item page-item-6519\"><strong><a href=\"https:\/\/semmelweis.hu\/mental\/mesterkepzesek\/interdiszciplinaris-csaladtudomany\/aktualis\/\" target=\"_blank\" rel=\"noopener\">Aktu\u00e1lis<\/a><\/strong><\/li>\n<\/ul>\n","protected":false},"excerpt":{"rendered":"<p>INTERDISZCIPLIN\u00c1RIS CSAL\u00c1DTUDOM\u00c1NY MESTERK\u00c9PZ\u00c9SI SZAK 2026. szeptember\u00e9ben \u00fajra indul interdiszciplin\u00e1ris csal\u00e1dtudom\u00e1ny mesterk\u00e9pz\u00e9si szakunk, amelyre a felvi.hu fel\u00fclet megny\u00edl\u00e1s\u00e1t\u00f3l (kb. 2025. december k\u00f6zep\u00e9t\u0151l) 2026. febru\u00e1r 15-ig a <a href=\"http:\/\/www.felvi.hu\" target=\"_blank\" rel=\"noopener\">www.felvi.hu <\/a> honlapon kereszt\u00fcl lehet jelentkezni az ott szerepl\u0151 inform\u00e1ci\u00f3k szerint. A mesterk\u00e9pz\u00e9si szak k\u00e9pz\u00e9si c\u00e9lja \u00e9s a szakmai kompetenci\u00e1k: Az Interdiszciplin\u00e1ris csal\u00e1dtudom\u00e1nyi k\u00e9pz\u00e9s nem csal\u00e1dter\u00e1pi\u00e1s k\u00e9pz\u00e9s, illetve nem kapcsol\u00f3dik a kor\u00e1bbi &hellip;<\/p>\n","protected":false},"author":101614,"featured_media":0,"parent":8,"menu_order":1,"comment_status":"closed","ping_status":"closed","template":"","meta":{"_acf_changed":false,"footnotes":""},"categories":[],"tags":[],"class_list":["post-62","page","type-page","status-publish","hentry"],"acf":[],"_links":{"self":[{"href":"https:\/\/semmelweis.hu\/mental\/wp-json\/wp\/v2\/pages\/62","targetHints":{"allow":["GET"]}}],"collection":[{"href":"https:\/\/semmelweis.hu\/mental\/wp-json\/wp\/v2\/pages"}],"about":[{"href":"https:\/\/semmelweis.hu\/mental\/wp-json\/wp\/v2\/types\/page"}],"author":[{"embeddable":true,"href":"https:\/\/semmelweis.hu\/mental\/wp-json\/wp\/v2\/users\/101614"}],"replies":[{"embeddable":true,"href":"https:\/\/semmelweis.hu\/mental\/wp-json\/wp\/v2\/comments?post=62"}],"version-history":[{"count":13,"href":"https:\/\/semmelweis.hu\/mental\/wp-json\/wp\/v2\/pages\/62\/revisions"}],"predecessor-version":[{"id":8767,"href":"https:\/\/semmelweis.hu\/mental\/wp-json\/wp\/v2\/pages\/62\/revisions\/8767"}],"up":[{"embeddable":true,"href":"https:\/\/semmelweis.hu\/mental\/wp-json\/wp\/v2\/pages\/8"}],"wp:attachment":[{"href":"https:\/\/semmelweis.hu\/mental\/wp-json\/wp\/v2\/media?parent=62"}],"wp:term":[{"taxonomy":"category","embeddable":true,"href":"https:\/\/semmelweis.hu\/mental\/wp-json\/wp\/v2\/categories?post=62"},{"taxonomy":"post_tag","embeddable":true,"href":"https:\/\/semmelweis.hu\/mental\/wp-json\/wp\/v2\/tags?post=62"}],"curies":[{"name":"wp","href":"https:\/\/api.w.org\/{rel}","templated":true}]}}