{"id":6161,"date":"2023-02-14T16:09:28","date_gmt":"2023-02-14T15:09:28","guid":{"rendered":"https:\/\/semmelweis.hu\/mental\/?page_id=6161"},"modified":"2026-02-16T16:53:18","modified_gmt":"2026-02-16T15:53:18","slug":"felvetel-a-kepzesre","status":"publish","type":"page","link":"https:\/\/semmelweis.hu\/mental\/szakiranyu-kepzesek\/munkahelyi-mentalhigiene-szakiranyu-tovabbkepzes\/felvetel-a-kepzesre\/","title":{"rendered":"Felv\u00e9tel a k\u00e9pz\u00e9sre"},"content":{"rendered":"<p><a href=\"https:\/\/semmelweis.hu\/mental\/szakiranyu-kepzesek\/munkahelyi-mentalhigiene-szakiranyu-tovabbkepzes\/\" target=\"_blank\" rel=\"noopener\"><strong>Munkahelyi ment\u00e1lhigi\u00e9n\u00e9 szakir\u00e1ny\u00fa tov\u00e1bbk\u00e9pz\u00e9s<\/strong><\/a><\/p>\n<p style=\"text-align: justify\"><span style=\"color: #ff0000\">A k\u00f6vetkez\u0151 \u00e9vfolyam 2026. szeptember\u00e9ben indul, amelyre 2026. febru\u00e1r 1-t\u0151l\u00a0 m\u00e1rcius 15-ig lehet jelentkezni.<\/span><\/p>\n<p><strong>A jelentkez\u00e9s az int\u00e9zeti jelentkez\u00e9si fel\u00fcleten, a <a href=\"https:\/\/mhi.semmelweis.hu\/login\" target=\"_blank\" rel=\"noopener\">https:\/\/mhi.semmelweis.hu\/login<\/a>\u00a0oldalon val\u00f3 regisztr\u00e1ci\u00f3val t\u00f6rt\u00e9nik!<\/strong><\/p>\n<p>A szem\u00e9lyes adatok megad\u00e1sa \u00e9s a k\u00e9rt dokumentumok felt\u00f6lt\u00e9se ut\u00e1n a fizet\u00e9ssel lehet v\u00e9gleges\u00edteni a jelentkez\u00e9st.<\/p>\n<p>A felv\u00e9teli\u00a0<strong>elj\u00e1r\u00e1si d\u00edj\u00a0 \u00f6sszege 9000 Ft<\/strong>, a fizet\u00e9st\u00a0a jelentkez\u00e9si fel\u00fcleten bankk\u00e1rty\u00e1val vagy utal\u00e1ssal int\u00e9zheti.<\/p>\n<p><b>R\u00e9szv\u00e9tel felt\u00e9tele:<\/b>\u00a0B\u00e1rmely k\u00e9pz\u00e9si ter\u00fcleten legal\u00e1bb alapk\u00e9pz\u00e9sben (kor\u00e1bban f\u0151iskolai szint\u0171 k\u00e9pz\u00e9sben) szerzett oklev\u00e9l.<\/p>\n<p><b>Szakir\u00e1ny\u00fa tov\u00e1bbk\u00e9pz\u00e9sben megszerezhet\u0151 szakk\u00e9pzetts\u00e9g neve:<\/b>\u00a0munkahelyi ment\u00e1lhigi\u00e9n\u00e9s szakember<\/p>\n<p><strong>Munkarend:<\/strong>\u00a0levelez\u0151<\/p>\n<p><strong>Finansz\u00edroz\u00e1si forma:<\/strong>\u00a0\u00f6nk\u00f6lts\u00e9ges<\/p>\n<p><strong>K\u00f6lts\u00e9gt\u00e9r\u00edt\u00e9s: 360.000 Ft\u00a0<\/strong>\u00a0\/ f\u00e9l\u00e9v + intenz\u00edv tr\u00e9ning sz\u00e1ll\u00e1s \u00e9s \u00e9tkez\u00e9s k\u00f6lts\u00e9ge<\/p>\n<p><strong>K\u00e9pz\u00e9si id\u0151:<\/strong>\u00a02 f\u00e9l\u00e9v<\/p>\n<p><strong>K\u00e9pz\u00e9si alkalmak gyakoris\u00e1ga:\u00a0<\/strong>f\u00e9l\u00e9vente \u00f6sszesen 5 k\u00e9pz\u00e9si alkalom van, \u00e1tlagosan havi egy cs\u00fct\u00f6rt\u00f6k-p\u00e9ntek (teljes nappal kell tervezni), valamint egy hossz\u00fa h\u00e9tv\u00e9ge intenz\u00edv bentlak\u00e1sos tr\u00e9ning<\/p>\n<p style=\"text-align: justify\"><span style=\"font-weight: 400\">A jelentkez\u00e9shez a k\u00f6vetkez\u0151 dokumentumokra van sz\u00fcks\u00e9g:<\/span><\/p>\n<ul style=\"text-align: justify\">\n<li style=\"font-weight: 400\"><span style=\"font-weight: 400\">Alapdiplom\u00e1t igazol\u00f3 oklev\u00e9l<\/span><\/li>\n<li style=\"font-weight: 400\"><span style=\"font-weight: 400\">F\u00e9nyk\u00e9pes \u00f6n\u00e9letrajz (ld. lent)<\/span><\/li>\n<li style=\"font-weight: 400\"><span style=\"font-weight: 400\">Motiv\u00e1ci\u00f3s lev\u00e9l (ld. lent)<\/span><\/li>\n<\/ul>\n<p style=\"text-align: justify\"><span style=\"font-weight: 400\">A felv\u00e9teli vizsg\u00e1k v\u00e1rhat\u00f3an 2026. \u00e1prilis \u00e9s m\u00e1jus folyam\u00e1n lesznek, a pontos id\u0151pontr\u00f3l \u00e9s helysz\u00ednr\u0151l e-mailben \u00e9rtes\u00edtj\u00fck a jelentkez\u0151ket.<\/span><\/p>\n<p style=\"text-align: justify\"><strong>A felv\u00e9teli elj\u00e1r\u00e1s menete:\u00a0<\/strong><\/p>\n<p style=\"text-align: justify\"><span style=\"font-weight: 400\">A kijel\u00f6lt felv\u00e9teli napon a d\u00e9lel\u0151tt folyam\u00e1n egy 30 perces szem\u00e9lyes elbesz\u00e9lget\u00e9sre sz\u00fcks\u00e9ges k\u00e9sz\u00fclni, d\u00e9lut\u00e1n pedig csoportos besz\u00e9lget\u00e9s keretein bel\u00fcl ismerked\u00fcnk meg a jelentkez\u0151kkel.<\/span><\/p>\n<p style=\"text-align: justify\"><em><span style=\"font-weight: 400\">F\u00e9nyk\u00e9pes \u00f6n\u00e9letrajz:<\/span><\/em><\/p>\n<ul style=\"text-align: justify\">\n<li style=\"font-weight: 400;text-align: justify\"><span data-olk-copy-source=\"MessageBody\">K\u00e9rj\u00fck, egy-m\u00e1sf\u00e9l g\u00e9pelt oldalban ismertesse szem\u00e9lyes \u00e9s szakmai \u00e9let\u00fatj\u00e1nak f\u0151bb \u00e1llom\u00e1sait. Ennek keret\u00e9ben \u00f6nk\u00e9ntesen bemutathatja azokat az \u00e9lm\u00e9nyeket, tapasztalatokat vagy szem\u00e9lyes motiv\u00e1ci\u00f3kat, amelyek hat\u00e1ssal voltak szakmai fejl\u0151d\u00e9s\u00e9re. K\u00e9rj\u00fck, csak olyan adatokat osszon meg, amelyek meg\u00edt\u00e9l\u00e9se szerint relev\u00e1nsak a p\u00e1ly\u00e1zat szempontj\u00e1b\u00f3l.<\/span><\/li>\n<li style=\"font-weight: 400;text-align: left\"><span style=\"font-weight: 400\">A k\u00f6vetkez\u0151k\u00e9ppen nevezze el (f\u00e1jln\u00e9v): Vezet\u00e9kn\u00e9v_Keresztn\u00e9v_Ment\u00e1lhigi\u00e9n\u00e9_\u00d6n\u00e9letrajz<\/span><\/li>\n<\/ul>\n<p style=\"text-align: justify\"><em><span style=\"font-weight: 400\">Motiv\u00e1ci\u00f3s lev\u00e9l:<\/span><\/em><\/p>\n<ul style=\"text-align: justify\">\n<li style=\"font-weight: 400\"><span style=\"font-weight: 400\">K\u00e9rj\u00fck, kb. f\u00e9l-egy g\u00e9pelt oldalban fogalmazza meg, mi\u00e9rt jelentkezik a k\u00e9pz\u00e9sre. Az al\u00e1bbi k\u00e9rd\u00e9sek seg\u00edts\u00e9g\u00fcl szolg\u00e1lhatnak a megfogalmaz\u00e1sban:<\/span>\n<ol>\n<li style=\"font-weight: 400\"><span style=\"font-weight: 400\">Honnan hallott a k\u00e9pz\u00e9sr\u0151l? Milyen elk\u00e9pzel\u00e9sei vannak r\u00f3la?<\/span><\/li>\n<li style=\"font-weight: 400\"><span style=\"font-weight: 400\">Eddigi szakmai-szem\u00e9lyes \u00e9let\u00fatj\u00e1ba megl\u00e1t\u00e1sa szerint hogyan illeszkedne ez a k\u00e9pz\u00e9s?<\/span><\/li>\n<li style=\"font-weight: 400\"><span style=\"font-weight: 400\">Milyen tervei vannak a k\u00e9pz\u00e9sen elsaj\u00e1t\u00edtott ismeretek \u00e9s k\u00e9szs\u00e9gek k\u00e9s\u0151bbi hasznos\u00edt\u00e1s\u00e1ra?<\/span><\/li>\n<\/ol>\n<\/li>\n<li style=\"font-weight: 400;text-align: left\"><span style=\"font-weight: 400\">A k\u00f6vetkez\u0151k\u00e9ppen nevezze el (f\u00e1jln\u00e9v): Vezet\u00e9kn\u00e9v_Keresztn\u00e9v_Ment\u00e1lhigi\u00e9n\u00e9_Motiv\u00e1ci\u00f3s lev\u00e9l<\/span><\/li>\n<\/ul>\n","protected":false},"excerpt":{"rendered":"<p><a href=\"https:\/\/semmelweis.hu\/mental\/szakiranyu-kepzesek\/munkahelyi-mentalhigiene-szakiranyu-tovabbkepzes\/\" target=\"_blank\" rel=\"noopener\">Munkahelyi ment\u00e1lhigi\u00e9n\u00e9 szakir\u00e1ny\u00fa tov\u00e1bbk\u00e9pz\u00e9s<\/a> A k\u00f6vetkez\u0151 \u00e9vfolyam 2026. szeptember\u00e9ben indul, amelyre 2026. febru\u00e1r 1-t\u0151l\u00a0 m\u00e1rcius 15-ig lehet jelentkezni. A jelentkez\u00e9s az int\u00e9zeti jelentkez\u00e9si fel\u00fcleten, a <a href=\"https:\/\/mhi.semmelweis.hu\/login\" target=\"_blank\" rel=\"noopener\">https:\/\/mhi.semmelweis.hu\/login<\/a> \u00a0oldalon val\u00f3 regisztr\u00e1ci\u00f3val t\u00f6rt\u00e9nik! A szem\u00e9lyes adatok megad\u00e1sa \u00e9s a k\u00e9rt dokumentumok felt\u00f6lt\u00e9se ut\u00e1n a fizet\u00e9ssel lehet v\u00e9gleges\u00edteni a jelentkez\u00e9st. A felv\u00e9teli\u00a0elj\u00e1r\u00e1si d\u00edj\u00a0 \u00f6sszege 9000 Ft, a fizet\u00e9st\u00a0a jelentkez\u00e9si fel\u00fcleten bankk\u00e1rty\u00e1val vagy utal\u00e1ssal int\u00e9zheti. &hellip;<\/p>\n","protected":false},"author":101669,"featured_media":0,"parent":6147,"menu_order":3,"comment_status":"closed","ping_status":"closed","template":"","meta":{"_acf_changed":false,"footnotes":""},"categories":[],"tags":[],"class_list":["post-6161","page","type-page","status-publish","hentry"],"acf":[],"_links":{"self":[{"href":"https:\/\/semmelweis.hu\/mental\/wp-json\/wp\/v2\/pages\/6161","targetHints":{"allow":["GET"]}}],"collection":[{"href":"https:\/\/semmelweis.hu\/mental\/wp-json\/wp\/v2\/pages"}],"about":[{"href":"https:\/\/semmelweis.hu\/mental\/wp-json\/wp\/v2\/types\/page"}],"author":[{"embeddable":true,"href":"https:\/\/semmelweis.hu\/mental\/wp-json\/wp\/v2\/users\/101669"}],"replies":[{"embeddable":true,"href":"https:\/\/semmelweis.hu\/mental\/wp-json\/wp\/v2\/comments?post=6161"}],"version-history":[{"count":11,"href":"https:\/\/semmelweis.hu\/mental\/wp-json\/wp\/v2\/pages\/6161\/revisions"}],"predecessor-version":[{"id":9040,"href":"https:\/\/semmelweis.hu\/mental\/wp-json\/wp\/v2\/pages\/6161\/revisions\/9040"}],"up":[{"embeddable":true,"href":"https:\/\/semmelweis.hu\/mental\/wp-json\/wp\/v2\/pages\/6147"}],"wp:attachment":[{"href":"https:\/\/semmelweis.hu\/mental\/wp-json\/wp\/v2\/media?parent=6161"}],"wp:term":[{"taxonomy":"category","embeddable":true,"href":"https:\/\/semmelweis.hu\/mental\/wp-json\/wp\/v2\/categories?post=6161"},{"taxonomy":"post_tag","embeddable":true,"href":"https:\/\/semmelweis.hu\/mental\/wp-json\/wp\/v2\/tags?post=6161"}],"curies":[{"name":"wp","href":"https:\/\/api.w.org\/{rel}","templated":true}]}}