{"id":60,"date":"2018-06-08T00:00:00","date_gmt":"2018-06-07T22:00:00","guid":{"rendered":"http:\/\/semmelweis.hu\/mental\/kontaktszemelyek\/"},"modified":"2026-03-11T14:02:54","modified_gmt":"2026-03-11T13:02:54","slug":"kontaktszemelyek","status":"publish","type":"page","link":"https:\/\/semmelweis.hu\/mental\/mesterkepzesek\/szocialis-munka\/kontaktszemelyek\/","title":{"rendered":"Kontaktszem\u00e9lyek"},"content":{"rendered":"<h6><strong>A szoci\u00e1lis munka mesterk\u00e9pz\u00e9si szak el\u00e9rhet\u0151s\u00e9gei<\/strong><\/h6>\n<p>A k\u00e9pz\u00e9ssel, felv\u00e9telivel kapcsolatos <strong>inform\u00e1ci\u00f3k jelentkez\u0151k, \u00e9rdekl\u0151d\u0151k sz\u00e1m\u00e1ra<\/strong>:<\/p>\n<p>Dr. Pilinszki Attila, egyetemi docens, szakfelel\u0151s<\/p>\n<p>E-mail: <a href=\"mailto:pilinszki.attila@semmelweis.hu\" target=\"_blank\" rel=\"noopener\">pilinszki.attila<span id=\"cloak97622\">@semmelweis.hu<\/span><\/a><\/p>\n<p>Tel.: (1) 459 1500\/56534 mell\u00e9k, 20\/663-2392<\/p>\n<p><strong>Tanulm\u00e1nyi \u00fcgyekkel, szab\u00e1lyokkal kapcsolatos t\u00e1j\u00e9koztat\u00e1s:<\/strong><\/p>\n<p>Kormos Zsuzsanna, tanulm\u00e1nyi \u00fcgyint\u00e9z\u0151<\/p>\n<p>E-mail: <a href=\"mailto:mental.tanulmanyi@semmelweis.hu\" target=\"_blank\" rel=\"noopener\"><span id=\"cloak87550\">mental.tanulmanyi@semmelweis.hu<\/span><\/a><\/p>\n<p>Tel.: (1) 459 1500\/56549 mell\u00e9k<\/p>\n<p><strong>A k\u00e9pz\u00e9ssel kapcsolatos<\/strong> <strong>inform\u00e1ci\u00f3k hallgat\u00f3k sz\u00e1m\u00e1ra<\/strong>:<\/p>\n<p>Sz\u00e9plaki-K\u00f6ll\u0151d Borb\u00e1la, oktat\u00e1sszervez\u0151<\/p>\n<p>E-mail: <a href=\"mailto:szeplaki.kollod.borbala@semmelweis.hu\" target=\"_blank\" rel=\"noopener\"><span id=\"cloak34070\">szeplaki.kollod.borbala@semmelweis.hu<\/span><\/a><\/p>\n<p>Tel.: (1) 459 1500\/56523 mell\u00e9k; 20\/663-2588<\/p>\n<hr \/>\n<p><strong>Tov\u00e1bbi inform\u00e1ci\u00f3k a szoci\u00e1lis munka mesterk\u00e9pz\u00e9si szakr\u00f3l<\/strong><\/p>\n<ul style=\"list-style-type: square\">\n<li class=\"page_item page-item-7 current_page_item\"><strong><a href=\"https:\/\/semmelweis.hu\/mental\/mesterkepzesek\/szocialis-munka\/kepzes-bemutatasa\/\" target=\"_blank\" rel=\"noopener\">K\u00e9pz\u00e9s bemutat\u00e1sa<\/a><\/strong><\/li>\n<li><strong><a href=\"https:\/\/semmelweis.hu\/mental\/mesterkepzesek\/szocialis-munka\/tanulmanyi-program\/\">Tanulm\u00e1nyi program<\/a><\/strong><\/li>\n<li><strong><a href=\"https:\/\/semmelweis.hu\/mental\/mesterkepzesek\/szocialis-munka\/felvetel-a-kepzesre\/\">Felv\u00e9tel a k\u00e9pz\u00e9sre<\/a><\/strong><\/li>\n<li><strong><a href=\"https:\/\/semmelweis.hu\/mental\/mesterkepzesek\/szocialis-munka\/praktikus-informaciok\/\">Praktikus inform\u00e1ci\u00f3k felv\u00e9teliz\u0151knek<\/a><\/strong><\/li>\n<li><strong><a href=\"https:\/\/semmelweis.hu\/mental\/mesterkepzesek\/szocialis-munka\/aktualis-tajekoztatok-hallgatoknak\/\">Aktu\u00e1lis t\u00e1j\u00e9koztat\u00f3k hallgat\u00f3knak<\/a><\/strong><\/li>\n<\/ul>\n<p>&nbsp;<\/p>\n<p>&nbsp;<\/p>\n","protected":false},"excerpt":{"rendered":"<p>A szoci\u00e1lis munka mesterk\u00e9pz\u00e9si szak el\u00e9rhet\u0151s\u00e9gei A k\u00e9pz\u00e9ssel, felv\u00e9telivel kapcsolatos inform\u00e1ci\u00f3k jelentkez\u0151k, \u00e9rdekl\u0151d\u0151k sz\u00e1m\u00e1ra: Dr. Pilinszki Attila, egyetemi docens, szakfelel\u0151s E-mail: <a href=\"mailto:pilinszki.attila@semmelweis.hu\" target=\"_blank\" rel=\"noopener\">pilinszki.attila@semmelweis.hu<\/a> Tel.: (1) 459 1500\/56534 mell\u00e9k, 20\/663-2392 Tanulm\u00e1nyi \u00fcgyekkel, szab\u00e1lyokkal kapcsolatos t\u00e1j\u00e9koztat\u00e1s: Kormos Zsuzsanna, tanulm\u00e1nyi \u00fcgyint\u00e9z\u0151 E-mail: <a href=\"mailto:mental.tanulmanyi@semmelweis.hu\" target=\"_blank\" rel=\"noopener\">mental.tanulmanyi@semmelweis.hu<\/a> Tel.: (1) 459 1500\/56549 mell\u00e9k A k\u00e9pz\u00e9ssel kapcsolatos inform\u00e1ci\u00f3k hallgat\u00f3k sz\u00e1m\u00e1ra: Sz\u00e9plaki-K\u00f6ll\u0151d Borb\u00e1la, oktat\u00e1sszervez\u0151 E-mail: <a href=\"mailto:szeplaki.kollod.borbala@semmelweis.hu\" target=\"_blank\" rel=\"noopener\">szeplaki.kollod.borbala@semmelweis.hu<\/a> Tel.: (1) 459 &hellip;<\/p>\n","protected":false},"author":101614,"featured_media":0,"parent":1122,"menu_order":3,"comment_status":"closed","ping_status":"closed","template":"","meta":{"_acf_changed":false,"footnotes":""},"categories":[],"tags":[],"class_list":["post-60","page","type-page","status-publish","hentry"],"acf":[],"_links":{"self":[{"href":"https:\/\/semmelweis.hu\/mental\/wp-json\/wp\/v2\/pages\/60","targetHints":{"allow":["GET"]}}],"collection":[{"href":"https:\/\/semmelweis.hu\/mental\/wp-json\/wp\/v2\/pages"}],"about":[{"href":"https:\/\/semmelweis.hu\/mental\/wp-json\/wp\/v2\/types\/page"}],"author":[{"embeddable":true,"href":"https:\/\/semmelweis.hu\/mental\/wp-json\/wp\/v2\/users\/101614"}],"replies":[{"embeddable":true,"href":"https:\/\/semmelweis.hu\/mental\/wp-json\/wp\/v2\/comments?post=60"}],"version-history":[{"count":12,"href":"https:\/\/semmelweis.hu\/mental\/wp-json\/wp\/v2\/pages\/60\/revisions"}],"predecessor-version":[{"id":9139,"href":"https:\/\/semmelweis.hu\/mental\/wp-json\/wp\/v2\/pages\/60\/revisions\/9139"}],"up":[{"embeddable":true,"href":"https:\/\/semmelweis.hu\/mental\/wp-json\/wp\/v2\/pages\/1122"}],"wp:attachment":[{"href":"https:\/\/semmelweis.hu\/mental\/wp-json\/wp\/v2\/media?parent=60"}],"wp:term":[{"taxonomy":"category","embeddable":true,"href":"https:\/\/semmelweis.hu\/mental\/wp-json\/wp\/v2\/categories?post=60"},{"taxonomy":"post_tag","embeddable":true,"href":"https:\/\/semmelweis.hu\/mental\/wp-json\/wp\/v2\/tags?post=60"}],"curies":[{"name":"wp","href":"https:\/\/api.w.org\/{rel}","templated":true}]}}