{"id":5910,"date":"2022-10-17T09:06:52","date_gmt":"2022-10-17T07:06:52","guid":{"rendered":"https:\/\/semmelweis.hu\/mental\/?page_id=5910"},"modified":"2024-10-07T11:37:44","modified_gmt":"2024-10-07T09:37:44","slug":"suki-szijjarto-szilvia-agnes","status":"publish","type":"page","link":"https:\/\/semmelweis.hu\/mental\/az-intezet\/munkatarsak\/suki-szijjarto-szilvia-agnes\/","title":{"rendered":"S\u00fcki-Szijj\u00e1rt\u00f3 Szilvia \u00c1gnes"},"content":{"rendered":"<table border=\"0\" width=\"100%\" cellspacing=\"5\" cellpadding=\"5\">\n<tbody>\n<tr>\n<td>\n<p><strong>Beoszt\u00e1s<\/strong><\/p>\n<\/td>\n<td>\n<p>\u00a0mesteroktat\u00f3<\/p>\n<\/td>\n<\/tr>\n<tr>\n<td><strong>Egyetemi mell\u00e9k:<\/strong><\/td>\n<td>+36 1 459-1500 \/\u00a0<strong>56528<\/strong><\/td>\n<\/tr>\n<tr>\n<td><strong>E-mail:<\/strong>\u00a0<\/td>\n<td><a href=\"mailto:suki.szijjarto.szilvia@semmelweis.hu\"><span id=\"cloak29105\">suki.szijjarto.szilvia@semmelweis.hu<\/span><\/a><\/td>\n<\/tr>\n<\/tbody>\n<\/table>\n","protected":false},"excerpt":{"rendered":"<p>Beoszt\u00e1s<\/p>\n<p>\u00a0mesteroktat\u00f3<\/p>\n<p>Egyetemi mell\u00e9k:<br \/>\n+36 1 459-1500 \/\u00a056528<\/p>\n<p>E-mail:\u00a0<br \/>\n<a href=\"mailto:suki.szijjarto.szilvia@semmelweis.hu\">suki.szijjarto.szilvia@semmelweis.hu<\/a><\/p>\n","protected":false},"author":101670,"featured_media":0,"parent":19,"menu_order":0,"comment_status":"closed","ping_status":"closed","template":"","meta":{"_acf_changed":false,"footnotes":""},"categories":[],"tags":[],"class_list":["post-5910","page","type-page","status-publish","hentry"],"acf":[],"_links":{"self":[{"href":"https:\/\/semmelweis.hu\/mental\/wp-json\/wp\/v2\/pages\/5910","targetHints":{"allow":["GET"]}}],"collection":[{"href":"https:\/\/semmelweis.hu\/mental\/wp-json\/wp\/v2\/pages"}],"about":[{"href":"https:\/\/semmelweis.hu\/mental\/wp-json\/wp\/v2\/types\/page"}],"author":[{"embeddable":true,"href":"https:\/\/semmelweis.hu\/mental\/wp-json\/wp\/v2\/users\/101670"}],"replies":[{"embeddable":true,"href":"https:\/\/semmelweis.hu\/mental\/wp-json\/wp\/v2\/comments?post=5910"}],"version-history":[{"count":3,"href":"https:\/\/semmelweis.hu\/mental\/wp-json\/wp\/v2\/pages\/5910\/revisions"}],"predecessor-version":[{"id":6699,"href":"https:\/\/semmelweis.hu\/mental\/wp-json\/wp\/v2\/pages\/5910\/revisions\/6699"}],"up":[{"embeddable":true,"href":"https:\/\/semmelweis.hu\/mental\/wp-json\/wp\/v2\/pages\/19"}],"wp:attachment":[{"href":"https:\/\/semmelweis.hu\/mental\/wp-json\/wp\/v2\/media?parent=5910"}],"wp:term":[{"taxonomy":"category","embeddable":true,"href":"https:\/\/semmelweis.hu\/mental\/wp-json\/wp\/v2\/categories?post=5910"},{"taxonomy":"post_tag","embeddable":true,"href":"https:\/\/semmelweis.hu\/mental\/wp-json\/wp\/v2\/tags?post=5910"}],"curies":[{"name":"wp","href":"https:\/\/api.w.org\/{rel}","templated":true}]}}