{"id":59,"date":"2018-06-08T00:00:00","date_gmt":"2018-06-07T22:00:00","guid":{"rendered":"http:\/\/semmelweis.hu\/mental\/tanulmanyi-program\/"},"modified":"2025-12-04T16:35:51","modified_gmt":"2025-12-04T15:35:51","slug":"tanulmanyi-program","status":"publish","type":"page","link":"https:\/\/semmelweis.hu\/mental\/mesterkepzesek\/szocialis-munka\/tanulmanyi-program\/","title":{"rendered":"Tanulm\u00e1nyi program"},"content":{"rendered":"<h6 style=\"text-align: justify\"><strong>A szoci\u00e1lis munka mesterk\u00e9pz\u00e9si szak tanulm\u00e1nyi programja<\/strong><\/h6>\n<p style=\"text-align: justify\">A szoci\u00e1lis munka mesterk\u00e9pz\u00e9s tematik\u00e1ja a\u00a0k\u00e9pz\u00e9si c\u00e9lokn\u00e1l\u00a0v\u00e1zolt feladatok ell\u00e1t\u00e1s\u00e1hoz sz\u00fcks\u00e9ges elm\u00e9leti \u00e9s gyakorlati ismeretanyagot fel\u00f6lel\u0151 tant\u00e1rgyak k\u00f6r\u00e9t tartalmazza.<\/p>\n<p>A szakon v\u00e9gzettek ismerik:<\/p>\n<ul>\n<li>a t\u00e1rsadalom m\u0171k\u00f6d\u00e9si szab\u00e1lyszer\u0171s\u00e9geit,<\/li>\n<li>a t\u00e1rsadalmilag kedvez\u0151tlen helyzeteket l\u00e9trehoz\u00f3 okok felt\u00e1r\u00e1si lehet\u0151s\u00e9geit,<\/li>\n<li>a szoci\u00e1lis munka korszer\u0171 elm\u00e9let\u00e9t \u00e9s gyakorlat\u00e1t,<\/li>\n<li>a szoci\u00e1lis ter\u00fcleten felmer\u00fcl\u0151 \u00faj probl\u00e9m\u00e1k \u00e9s jelens\u00e9gek kritikus elemz\u00e9si m\u00f3dozatait,<\/li>\n<li>a kutat\u00e1shoz \u00e9s a tudom\u00e1nyos munka v\u00e9gz\u00e9s\u00e9hez sz\u00fcks\u00e9ges m\u00f3dszereket, elj\u00e1r\u00e1sokat \u00e9s technik\u00e1kat.<\/li>\n<\/ul>\n<p>A k\u00e9pz\u00e9s tanulm\u00e1nyi t\u00e1j\u00e9koztat\u00f3ja, benne az egyes tant\u00e1rgyak le\u00edr\u00e1s\u00e1val, k\u00f6vetelm\u00e9nyeivel, illetve a szakdolgozatra vonatkoz\u00f3 k\u00f6vetelm\u00e9nyekkel let\u00f6lthet\u0151.<\/p>\n<p><a href=\"https:\/\/semmelweis.hu\/mental\/files\/2024\/12\/SzM_Tanulmanyi-tajekoztato_2024-2026_fin_1210.pdf\" target=\"_blank\" rel=\"noopener\">2024-2026. Tanulm\u00e1nyi t\u00e1j\u00e9koztat\u00f3<\/a><\/p>\n<p><a href=\"https:\/\/semmelweis.hu\/mental\/files\/2025\/09\/SzM_Tanulmanyi-tajekoztato_2025-2027_vegleges-verzio.pdf\" target=\"_blank\" rel=\"noopener\">2025-2027. Tanulm\u00e1nyi t\u00e1j\u00e9koztat\u00f3<\/a><\/p>\n<hr \/>\n<p><strong>Tov\u00e1bbi inform\u00e1ci\u00f3k a szoci\u00e1lis munka mesterk\u00e9pz\u00e9si szakr\u00f3l<\/strong><\/p>\n<ul style=\"list-style-type: square\">\n<li><a href=\"https:\/\/semmelweis.hu\/mental\/mesterkepzesek\/szocialis-munka\/kepzes-bemutatasa\/\" target=\"_blank\" rel=\"noopener\"><b>K\u00e9pz\u00e9s bemutat\u00e1sa<\/b><\/a><\/li>\n<li><strong><a href=\"https:\/\/semmelweis.hu\/mental\/mesterkepzesek\/szocialis-munka\/kontaktszemelyek\/\">Kontaktszem\u00e9lyek<\/a><\/strong><\/li>\n<li><strong><a href=\"https:\/\/semmelweis.hu\/mental\/mesterkepzesek\/szocialis-munka\/felvetel-a-kepzesre\/\">Felv\u00e9tel a k\u00e9pz\u00e9sre<\/a><\/strong><\/li>\n<li><strong><a href=\"https:\/\/semmelweis.hu\/mental\/mesterkepzesek\/szocialis-munka\/praktikus-informaciok\/\">Praktikus inform\u00e1ci\u00f3k felv\u00e9teliz\u0151knek<\/a><\/strong><\/li>\n<li><strong><a href=\"https:\/\/semmelweis.hu\/mental\/mesterkepzesek\/szocialis-munka\/aktualis-tajekoztatok-hallgatoknak\/\">Aktu\u00e1lis t\u00e1j\u00e9koztat\u00f3k hallgat\u00f3knak<\/a><\/strong><\/li>\n<\/ul>\n","protected":false},"excerpt":{"rendered":"<p>A szoci\u00e1lis munka mesterk\u00e9pz\u00e9si szak tanulm\u00e1nyi programja A szoci\u00e1lis munka mesterk\u00e9pz\u00e9s tematik\u00e1ja a\u00a0k\u00e9pz\u00e9si c\u00e9lokn\u00e1l\u00a0v\u00e1zolt feladatok ell\u00e1t\u00e1s\u00e1hoz sz\u00fcks\u00e9ges elm\u00e9leti \u00e9s gyakorlati ismeretanyagot fel\u00f6lel\u0151 tant\u00e1rgyak k\u00f6r\u00e9t tartalmazza. A szakon v\u00e9gzettek ismerik: a t\u00e1rsadalom m\u0171k\u00f6d\u00e9si szab\u00e1lyszer\u0171s\u00e9geit, a t\u00e1rsadalmilag kedvez\u0151tlen helyzeteket l\u00e9trehoz\u00f3 okok felt\u00e1r\u00e1si lehet\u0151s\u00e9geit, a szoci\u00e1lis munka korszer\u0171 elm\u00e9let\u00e9t \u00e9s gyakorlat\u00e1t, a szoci\u00e1lis ter\u00fcleten felmer\u00fcl\u0151 \u00faj probl\u00e9m\u00e1k \u00e9s &hellip;<\/p>\n","protected":false},"author":101614,"featured_media":0,"parent":1122,"menu_order":2,"comment_status":"closed","ping_status":"closed","template":"","meta":{"_acf_changed":false,"footnotes":""},"categories":[],"tags":[],"class_list":["post-59","page","type-page","status-publish","hentry"],"acf":[],"_links":{"self":[{"href":"https:\/\/semmelweis.hu\/mental\/wp-json\/wp\/v2\/pages\/59","targetHints":{"allow":["GET"]}}],"collection":[{"href":"https:\/\/semmelweis.hu\/mental\/wp-json\/wp\/v2\/pages"}],"about":[{"href":"https:\/\/semmelweis.hu\/mental\/wp-json\/wp\/v2\/types\/page"}],"author":[{"embeddable":true,"href":"https:\/\/semmelweis.hu\/mental\/wp-json\/wp\/v2\/users\/101614"}],"replies":[{"embeddable":true,"href":"https:\/\/semmelweis.hu\/mental\/wp-json\/wp\/v2\/comments?post=59"}],"version-history":[{"count":14,"href":"https:\/\/semmelweis.hu\/mental\/wp-json\/wp\/v2\/pages\/59\/revisions"}],"predecessor-version":[{"id":8456,"href":"https:\/\/semmelweis.hu\/mental\/wp-json\/wp\/v2\/pages\/59\/revisions\/8456"}],"up":[{"embeddable":true,"href":"https:\/\/semmelweis.hu\/mental\/wp-json\/wp\/v2\/pages\/1122"}],"wp:attachment":[{"href":"https:\/\/semmelweis.hu\/mental\/wp-json\/wp\/v2\/media?parent=59"}],"wp:term":[{"taxonomy":"category","embeddable":true,"href":"https:\/\/semmelweis.hu\/mental\/wp-json\/wp\/v2\/categories?post=59"},{"taxonomy":"post_tag","embeddable":true,"href":"https:\/\/semmelweis.hu\/mental\/wp-json\/wp\/v2\/tags?post=59"}],"curies":[{"name":"wp","href":"https:\/\/api.w.org\/{rel}","templated":true}]}}