{"id":5742,"date":"2022-07-04T13:37:17","date_gmt":"2022-07-04T11:37:17","guid":{"rendered":"https:\/\/semmelweis.hu\/mental\/?page_id=5742"},"modified":"2026-02-12T22:11:26","modified_gmt":"2026-02-12T21:11:26","slug":"kepzesi-alkalmak-2022-2023","status":"publish","type":"page","link":"https:\/\/semmelweis.hu\/mental\/szakiranyu-kepzesek\/aktiv-idosodes-szakiranyu-tovabbkepzesi-szak\/kepzesi-alkalmak-2022-2023\/","title":{"rendered":"K\u00e9pz\u00e9si alkalmak"},"content":{"rendered":"<p class=\"entry-title text-uppercase\"><a href=\"https:\/\/semmelweis.hu\/mental\/szakiranyu-kepzesek\/aktiv-idosodes-szakiranyu-tovabbkepzesi-szak\/\" target=\"_blank\" rel=\"noopener\"><strong>Akt\u00edv id\u0151s\u00f6d\u00e9s szakir\u00e1ny\u00fa tov\u00e1bbk\u00e9pz\u00e9si szak<\/strong><\/a><\/p>\n<p><strong>K\u00e9pz\u00e9si alkalmak 2025\/2026.\u00a0<\/strong><\/p>\n<p style=\"text-align: justify\">F\u00e9l\u00e9vente \u00f6sszesen 5 k\u00e9pz\u00e9si alkalom van. A 2025 szeptemberben indul\u00f3 \u00e9vfolyamn\u00e1l minden alkalom egy teljes napot (szerda) \u00e9s k\u00e9t f\u00e9l napot (cs\u00fct\u00f6rt\u00f6k \u00e9s p\u00e9ntek d\u00e9lut\u00e1n) vesz ig\u00e9nybe.<\/p>\n<p style=\"text-align: justify\">Az oktat\u00e1s szerdai napokon fizikai jelenl\u00e9ttel, cs\u00fct\u00f6rt\u00f6k \u00e9s p\u00e9ntek d\u00e9lut\u00e1nonk\u00e9nt pedig online zajlik.<\/p>\n<p><strong>2025\/2026\/2. tavaszi f\u00e9l\u00e9v id\u0151pontjai:<\/strong><\/p>\n<p><span style=\"font-size: 14pt\">&#8211; 2026. janu\u00e1r 21-23.<\/span><\/p>\n<p><span style=\"font-size: 14pt\">&#8211; 2026. febru\u00e1r 11-13.<\/span><\/p>\n<p><span style=\"font-size: 14pt\">&#8211; 2026. m\u00e1rcius 11-13.<\/span><\/p>\n<p><span style=\"font-size: 14pt\">&#8211; 2026. m\u00e1rcius 25-27.<\/span><\/p>\n<p><span style=\"font-size: 14pt\">&#8211; 2026. \u00e1prilis 22-24.<\/span><\/p>\n<p><span style=\"font-size: 18pt\"><strong><span style=\"font-size: 14pt\">Tervezett k\u00e9pz\u00e9si alkalmak 2026\/2027.<\/span>\u00a0<\/strong><\/span><\/p>\n<p><strong>2026\/2027\/1. \u0151szi f\u00e9l\u00e9v id\u0151pontjai:<\/strong><\/p>\n<p>&#8211; 2026. szeptember 2-4.<\/p>\n<p>&#8211; 2026. szeptember 23-25.<\/p>\n<p>&#8211; 2026. okt\u00f3ber 14-16.<\/p>\n<p>&#8211; 2026. november 11-13.<\/p>\n<p>&#8211; 2026. november 25-27.<\/p>\n<p>&nbsp;<\/p>\n<p><strong>2026\/2027\/2. tavaszi f\u00e9l\u00e9v id\u0151pontjai:<\/strong><\/p>\n<p>&#8211; 2027. febru\u00e1r 3-5.<\/p>\n<p>&#8211; 2027. febru\u00e1r 17-19.<\/p>\n<p>&#8211; 2027. m\u00e1rcius 10-12.<\/p>\n<p>&#8211; 2027. \u00e1prilis 14-16.<\/p>\n<p>&#8211; 2027. \u00e1prilis 28-30.<\/p>\n<p>&nbsp;<\/p>\n<p><strong>K\u00e9pz\u00e9s helysz\u00ednei:<\/strong><\/p>\n<ul style=\"list-style-type: disc\">\n<li style=\"list-style-type: none\">\n<ul style=\"list-style-type: disc\">\n<li><strong>Nagyv\u00e1rad t\u00e9ri Elm\u00e9leti T\u00f6mb\u00a0<\/strong>(az \u00f3rarendben a r\u00f6vid\u00edt\u00e9se\u00a0<strong>NET<\/strong>):\u00a0<a href=\"https:\/\/goo.gl\/maps\/xXYvidtCaJ2EYf2t5\" target=\"_blank\" rel=\"noopener\">1089 Budapest, Nagyv\u00e1rad t\u00e9r 4.<\/a><\/li>\n<li><strong style=\"font-size: 1rem\">Semmelweis Egyetem Pet\u0151 Andr\u00e1s Kar:<\/strong> 1125 Budapest, K\u00fatv\u00f6lgyi \u00fat 8. B \u00e9p\u00fclet, 1. emelet<\/li>\n<\/ul>\n<\/li>\n<\/ul>\n","protected":false},"excerpt":{"rendered":"<p><a href=\"https:\/\/semmelweis.hu\/mental\/szakiranyu-kepzesek\/aktiv-idosodes-szakiranyu-tovabbkepzesi-szak\/\" target=\"_blank\" rel=\"noopener\">Akt\u00edv id\u0151s\u00f6d\u00e9s szakir\u00e1ny\u00fa tov\u00e1bbk\u00e9pz\u00e9si szak<\/a> K\u00e9pz\u00e9si alkalmak 2025\/2026.\u00a0 F\u00e9l\u00e9vente \u00f6sszesen 5 k\u00e9pz\u00e9si alkalom van. A 2025 szeptemberben indul\u00f3 \u00e9vfolyamn\u00e1l minden alkalom egy teljes napot (szerda) \u00e9s k\u00e9t f\u00e9l napot (cs\u00fct\u00f6rt\u00f6k \u00e9s p\u00e9ntek d\u00e9lut\u00e1n) vesz ig\u00e9nybe. Az oktat\u00e1s szerdai napokon fizikai jelenl\u00e9ttel, cs\u00fct\u00f6rt\u00f6k \u00e9s p\u00e9ntek d\u00e9lut\u00e1nonk\u00e9nt pedig online zajlik. 2025\/2026\/2. tavaszi f\u00e9l\u00e9v id\u0151pontjai: &#8211; 2026. janu\u00e1r 21-23. &#8211; 2026. febru\u00e1r 11-13. &hellip;<\/p>\n","protected":false},"author":101919,"featured_media":0,"parent":3804,"menu_order":4,"comment_status":"closed","ping_status":"closed","template":"","meta":{"_acf_changed":false,"footnotes":""},"categories":[],"tags":[],"class_list":["post-5742","page","type-page","status-publish","hentry"],"acf":[],"_links":{"self":[{"href":"https:\/\/semmelweis.hu\/mental\/wp-json\/wp\/v2\/pages\/5742","targetHints":{"allow":["GET"]}}],"collection":[{"href":"https:\/\/semmelweis.hu\/mental\/wp-json\/wp\/v2\/pages"}],"about":[{"href":"https:\/\/semmelweis.hu\/mental\/wp-json\/wp\/v2\/types\/page"}],"author":[{"embeddable":true,"href":"https:\/\/semmelweis.hu\/mental\/wp-json\/wp\/v2\/users\/101919"}],"replies":[{"embeddable":true,"href":"https:\/\/semmelweis.hu\/mental\/wp-json\/wp\/v2\/comments?post=5742"}],"version-history":[{"count":10,"href":"https:\/\/semmelweis.hu\/mental\/wp-json\/wp\/v2\/pages\/5742\/revisions"}],"predecessor-version":[{"id":9034,"href":"https:\/\/semmelweis.hu\/mental\/wp-json\/wp\/v2\/pages\/5742\/revisions\/9034"}],"up":[{"embeddable":true,"href":"https:\/\/semmelweis.hu\/mental\/wp-json\/wp\/v2\/pages\/3804"}],"wp:attachment":[{"href":"https:\/\/semmelweis.hu\/mental\/wp-json\/wp\/v2\/media?parent=5742"}],"wp:term":[{"taxonomy":"category","embeddable":true,"href":"https:\/\/semmelweis.hu\/mental\/wp-json\/wp\/v2\/categories?post=5742"},{"taxonomy":"post_tag","embeddable":true,"href":"https:\/\/semmelweis.hu\/mental\/wp-json\/wp\/v2\/tags?post=5742"}],"curies":[{"name":"wp","href":"https:\/\/api.w.org\/{rel}","templated":true}]}}