{"id":5586,"date":"2022-02-15T09:56:11","date_gmt":"2022-02-15T08:56:11","guid":{"rendered":"https:\/\/semmelweis.hu\/mental\/?page_id=5586"},"modified":"2024-10-09T16:31:28","modified_gmt":"2024-10-09T14:31:28","slug":"gardonyi-tibor-laszlone-gyongyi","status":"publish","type":"page","link":"https:\/\/semmelweis.hu\/mental\/az-intezet\/munkatarsak\/gardonyi-tibor-laszlone-gyongyi\/","title":{"rendered":"G\u00e1rdonyi Tibor L\u00e1szl\u00f3n\u00e9 (Gy\u00f6ngyi)"},"content":{"rendered":"<table border=\"0\" cellspacing=\"5\" cellpadding=\"5\" align=\"center\">\n<tbody>\n<tr>\n<td>\u00a0<\/td>\n<td>G\u00e1rdonyi Tibor L\u00e1szl\u00f3n\u00e9 (Gy\u00f6ngyi)\u00a0<\/td>\n<\/tr>\n<tr>\n<td>\n<p><strong>Beoszt\u00e1s<\/strong><\/p>\n<\/td>\n<td>\n<p>adminisztrat\u00edv koordin\u00e1tor, tanulm\u00e1nyi \u00fcgyint\u00e9z\u0151<\/p>\n<\/td>\n<\/tr>\n<tr>\n<td><strong>Egyetemi mell\u00e9k:<\/strong><\/td>\n<td>+36 1 459-1500 \/\u00a0<strong>56549<\/strong><\/td>\n<\/tr>\n<tr>\n<td><strong>E-mail:<\/strong>\u00a0<\/td>\n<td><span id=\"cloak12803\"><\/span><\/p>\n<div id=\"GroupWiseSection_1644840767000_gasparik.szilvia@public.semmelweis-univ.hu_99EDDF01183000009784000000000000_\" class=\"GroupWiseMessageBody active\">\n<div>\n<div><a href=\"gardonyi.gyongyi@public.semmelweis-univ.hu\">gardonyi.gyongyi@semmelweis.hu<\/a><\/div>\n<\/div>\n<\/div>\n<\/td>\n<\/tr>\n<\/tbody>\n<\/table>\n","protected":false},"excerpt":{"rendered":"<p>\u00a0<br \/>\nG\u00e1rdonyi Tibor L\u00e1szl\u00f3n\u00e9 (Gy\u00f6ngyi)\u00a0<\/p>\n<p>Beoszt\u00e1s<\/p>\n<p>adminisztrat\u00edv koordin\u00e1tor, tanulm\u00e1nyi \u00fcgyint\u00e9z\u0151<\/p>\n<p>Egyetemi mell\u00e9k:<br \/>\n+36 1 459-1500 \/\u00a056549<\/p>\n<p>E-mail:\u00a0<\/p>\n<p><a href=\"gardonyi.gyongyi@public.semmelweis-univ.hu\">gardonyi.gyongyi@semmelweis.hu<\/a><\/p>\n","protected":false},"author":101670,"featured_media":0,"parent":19,"menu_order":0,"comment_status":"closed","ping_status":"closed","template":"","meta":{"_acf_changed":false,"footnotes":""},"categories":[],"tags":[],"class_list":["post-5586","page","type-page","status-publish","hentry"],"acf":[],"_links":{"self":[{"href":"https:\/\/semmelweis.hu\/mental\/wp-json\/wp\/v2\/pages\/5586","targetHints":{"allow":["GET"]}}],"collection":[{"href":"https:\/\/semmelweis.hu\/mental\/wp-json\/wp\/v2\/pages"}],"about":[{"href":"https:\/\/semmelweis.hu\/mental\/wp-json\/wp\/v2\/types\/page"}],"author":[{"embeddable":true,"href":"https:\/\/semmelweis.hu\/mental\/wp-json\/wp\/v2\/users\/101670"}],"replies":[{"embeddable":true,"href":"https:\/\/semmelweis.hu\/mental\/wp-json\/wp\/v2\/comments?post=5586"}],"version-history":[{"count":6,"href":"https:\/\/semmelweis.hu\/mental\/wp-json\/wp\/v2\/pages\/5586\/revisions"}],"predecessor-version":[{"id":7523,"href":"https:\/\/semmelweis.hu\/mental\/wp-json\/wp\/v2\/pages\/5586\/revisions\/7523"}],"up":[{"embeddable":true,"href":"https:\/\/semmelweis.hu\/mental\/wp-json\/wp\/v2\/pages\/19"}],"wp:attachment":[{"href":"https:\/\/semmelweis.hu\/mental\/wp-json\/wp\/v2\/media?parent=5586"}],"wp:term":[{"taxonomy":"category","embeddable":true,"href":"https:\/\/semmelweis.hu\/mental\/wp-json\/wp\/v2\/categories?post=5586"},{"taxonomy":"post_tag","embeddable":true,"href":"https:\/\/semmelweis.hu\/mental\/wp-json\/wp\/v2\/tags?post=5586"}],"curies":[{"name":"wp","href":"https:\/\/api.w.org\/{rel}","templated":true}]}}