{"id":5548,"date":"2022-02-01T13:27:06","date_gmt":"2022-02-01T12:27:06","guid":{"rendered":"https:\/\/semmelweis.hu\/mental\/?page_id=5548"},"modified":"2024-10-07T11:40:34","modified_gmt":"2024-10-07T09:40:34","slug":"fulopne-fejos-henriett","status":"publish","type":"page","link":"https:\/\/semmelweis.hu\/mental\/az-intezet\/munkatarsak\/fulopne-fejos-henriett\/","title":{"rendered":"F\u00fcl\u00f6pn\u00e9 Fej\u0151s Henriett"},"content":{"rendered":"<table style=\"width: 100%;height: 143px\" border=\"0\" width=\"100%\" cellspacing=\"5\" cellpadding=\"5\">\n<tbody>\n<tr style=\"height: 61px\">\n<td style=\"width: 26.9388%;height: 61px\">\n<p><strong>Beoszt\u00e1s<\/strong><\/p>\n<\/td>\n<td style=\"width: 73.0612%;height: 61px\">\n<p>\u00a0adminisztrat\u00edv asszisztens, oktat\u00e1sszervez\u0151<\/p>\n<\/td>\n<\/tr>\n<tr style=\"height: 41px\">\n<td style=\"width: 26.9388%;height: 41px\"><strong>Egyetemi mell\u00e9k:<\/strong><\/td>\n<td style=\"width: 73.0612%;height: 41px\">+36 1 459-1500 \/\u00a0<strong>56523<\/strong><\/td>\n<\/tr>\n<tr style=\"height: 41px\">\n<td style=\"width: 26.9388%;height: 41px\"><strong>E-mail:<\/strong>\u00a0<\/td>\n<td class=\"propvalue\" style=\"width: 73.0612%;height: 41px\"><a href=\"mailto:fulop.henriett@semmelweis.hu\">fulop.henriett@semmelweis.hu<\/a><\/td>\n<\/tr>\n<\/tbody>\n<\/table>\n","protected":false},"excerpt":{"rendered":"<p>Beoszt\u00e1s<\/p>\n<p>\u00a0adminisztrat\u00edv asszisztens, oktat\u00e1sszervez\u0151<\/p>\n<p>Egyetemi mell\u00e9k:<br \/>\n+36 1 459-1500 \/\u00a056523<\/p>\n<p>E-mail:\u00a0<br \/>\n<a href=\"mailto:fulop.henriett@semmelweis.hu\">fulop.henriett@semmelweis.hu<\/a><\/p>\n","protected":false},"author":101898,"featured_media":0,"parent":19,"menu_order":0,"comment_status":"closed","ping_status":"closed","template":"","meta":{"_acf_changed":false,"footnotes":""},"categories":[],"tags":[],"class_list":["post-5548","page","type-page","status-publish","hentry"],"acf":[],"_links":{"self":[{"href":"https:\/\/semmelweis.hu\/mental\/wp-json\/wp\/v2\/pages\/5548","targetHints":{"allow":["GET"]}}],"collection":[{"href":"https:\/\/semmelweis.hu\/mental\/wp-json\/wp\/v2\/pages"}],"about":[{"href":"https:\/\/semmelweis.hu\/mental\/wp-json\/wp\/v2\/types\/page"}],"author":[{"embeddable":true,"href":"https:\/\/semmelweis.hu\/mental\/wp-json\/wp\/v2\/users\/101898"}],"replies":[{"embeddable":true,"href":"https:\/\/semmelweis.hu\/mental\/wp-json\/wp\/v2\/comments?post=5548"}],"version-history":[{"count":7,"href":"https:\/\/semmelweis.hu\/mental\/wp-json\/wp\/v2\/pages\/5548\/revisions"}],"predecessor-version":[{"id":6451,"href":"https:\/\/semmelweis.hu\/mental\/wp-json\/wp\/v2\/pages\/5548\/revisions\/6451"}],"up":[{"embeddable":true,"href":"https:\/\/semmelweis.hu\/mental\/wp-json\/wp\/v2\/pages\/19"}],"wp:attachment":[{"href":"https:\/\/semmelweis.hu\/mental\/wp-json\/wp\/v2\/media?parent=5548"}],"wp:term":[{"taxonomy":"category","embeddable":true,"href":"https:\/\/semmelweis.hu\/mental\/wp-json\/wp\/v2\/categories?post=5548"},{"taxonomy":"post_tag","embeddable":true,"href":"https:\/\/semmelweis.hu\/mental\/wp-json\/wp\/v2\/tags?post=5548"}],"curies":[{"name":"wp","href":"https:\/\/api.w.org\/{rel}","templated":true}]}}