{"id":5244,"date":"2021-09-03T10:30:23","date_gmt":"2021-09-03T08:30:23","guid":{"rendered":"https:\/\/semmelweis.hu\/mental\/?page_id=5244"},"modified":"2024-10-07T11:39:23","modified_gmt":"2024-10-07T09:39:23","slug":"bartik-vari-andrea","status":"publish","type":"page","link":"https:\/\/semmelweis.hu\/mental\/az-intezet\/munkatarsak\/bartik-vari-andrea\/","title":{"rendered":"Bartik-V\u00e1ri Andrea"},"content":{"rendered":"<div>\u00a0<\/div>\n<div>\n<table style=\"border: 1px solid #dfe3e6;width: 753.32px;text-align: left;color: #1e2326;text-transform: none;letter-spacing: normal;font-family: 'PT serif', serif;font-size: 18px;font-style: normal;font-weight: 400;margin-bottom: 1rem;border-collapse: collapse;background-color: #ffffff\" border=\"0\" width=\"100%\" cellspacing=\"5\" cellpadding=\"5\">\n<tbody>\n<tr>\n<td>\n<p><strong>Beoszt\u00e1s<\/strong><\/p>\n<\/td>\n<td>\n<p>adminisztrat\u00edv asszisztens, oktat\u00e1sszervez\u0151<\/p>\n<\/td>\n<\/tr>\n<tr>\n<td><strong>Egyetemi mell\u00e9k:<\/strong><\/td>\n<td>+36 1 459-1500 \/ 56527<\/td>\n<\/tr>\n<tr>\n<td><strong>E-mail:<\/strong><\/td>\n<td class=\"propvalue\">\n<div id=\"GroupWiseSection_1630656143000_lente.boglarka@public.semmelweis-univ.hu_4F626781181C0000B4706F6437396132_\" class=\"GroupWiseMessageBody active\">\n<div><a href=\"vari.andrea@semmelweis.hu\">vari.andrea@semmelweis.hu<\/a><\/div>\n<\/div>\n<\/td>\n<\/tr>\n<\/tbody>\n<\/table>\n<\/div>\n","protected":false},"excerpt":{"rendered":"<p>\u00a0<\/p>\n<p>Beoszt\u00e1s<\/p>\n<p>adminisztrat\u00edv asszisztens, oktat\u00e1sszervez\u0151<\/p>\n<p>Egyetemi mell\u00e9k:<br \/>\n+36 1 459-1500 \/ 56527<\/p>\n<p>E-mail:<\/p>\n<p><a href=\"vari.andrea@semmelweis.hu\">vari.andrea@semmelweis.hu<\/a><\/p>\n","protected":false},"author":101898,"featured_media":0,"parent":19,"menu_order":0,"comment_status":"closed","ping_status":"closed","template":"","meta":{"_acf_changed":false,"footnotes":""},"categories":[],"tags":[],"class_list":["post-5244","page","type-page","status-publish","hentry"],"acf":[],"_links":{"self":[{"href":"https:\/\/semmelweis.hu\/mental\/wp-json\/wp\/v2\/pages\/5244","targetHints":{"allow":["GET"]}}],"collection":[{"href":"https:\/\/semmelweis.hu\/mental\/wp-json\/wp\/v2\/pages"}],"about":[{"href":"https:\/\/semmelweis.hu\/mental\/wp-json\/wp\/v2\/types\/page"}],"author":[{"embeddable":true,"href":"https:\/\/semmelweis.hu\/mental\/wp-json\/wp\/v2\/users\/101898"}],"replies":[{"embeddable":true,"href":"https:\/\/semmelweis.hu\/mental\/wp-json\/wp\/v2\/comments?post=5244"}],"version-history":[{"count":8,"href":"https:\/\/semmelweis.hu\/mental\/wp-json\/wp\/v2\/pages\/5244\/revisions"}],"predecessor-version":[{"id":7130,"href":"https:\/\/semmelweis.hu\/mental\/wp-json\/wp\/v2\/pages\/5244\/revisions\/7130"}],"up":[{"embeddable":true,"href":"https:\/\/semmelweis.hu\/mental\/wp-json\/wp\/v2\/pages\/19"}],"wp:attachment":[{"href":"https:\/\/semmelweis.hu\/mental\/wp-json\/wp\/v2\/media?parent=5244"}],"wp:term":[{"taxonomy":"category","embeddable":true,"href":"https:\/\/semmelweis.hu\/mental\/wp-json\/wp\/v2\/categories?post=5244"},{"taxonomy":"post_tag","embeddable":true,"href":"https:\/\/semmelweis.hu\/mental\/wp-json\/wp\/v2\/tags?post=5244"}],"curies":[{"name":"wp","href":"https:\/\/api.w.org\/{rel}","templated":true}]}}