{"id":4996,"date":"2021-07-22T10:41:49","date_gmt":"2021-07-22T08:41:49","guid":{"rendered":"https:\/\/semmelweis.hu\/mental\/?page_id=4996"},"modified":"2024-10-07T11:44:26","modified_gmt":"2024-10-07T09:44:26","slug":"winkler-melinda","status":"publish","type":"page","link":"https:\/\/semmelweis.hu\/mental\/az-intezet\/munkatarsak\/winkler-melinda\/","title":{"rendered":"Winkler Melinda"},"content":{"rendered":"<table style=\"width: 73.9145%;height: 161px\" border=\"0\" cellspacing=\"5\" cellpadding=\"5\" align=\"center\">\n<tbody>\n<tr>\n<td style=\"width: 25.2377%\">\u00a0<\/td>\n<td style=\"width: 74.6891%\"><strong>WINKLER MELINDA<\/strong><\/td>\n<\/tr>\n<tr>\n<td style=\"width: 25.2377%\">\n<p><strong>Beoszt\u00e1s<\/strong><\/p>\n<\/td>\n<td style=\"width: 74.6891%\">\n<p>adminisztrat\u00edv koordin\u00e1tor, EJMH szerkeszt\u0151i asszisztens<\/p>\n<\/td>\n<\/tr>\n<tr>\n<td style=\"width: 25.2377%\"><strong>Egyetemi mell\u00e9k:<\/strong><\/td>\n<td style=\"width: 74.6891%\">\u00a0<\/td>\n<\/tr>\n<tr>\n<td style=\"width: 25.2377%\"><strong>E-mail:<\/strong>\u00a0<\/td>\n<td style=\"width: 74.6891%\">ejmh-editor@semmelweis.hu<\/td>\n<\/tr>\n<\/tbody>\n<\/table>\n","protected":false},"excerpt":{"rendered":"<p>\u00a0<br \/>\nWINKLER MELINDA<\/p>\n<p>Beoszt\u00e1s<\/p>\n<p>adminisztrat\u00edv koordin\u00e1tor, EJMH szerkeszt\u0151i asszisztens<\/p>\n<p>Egyetemi mell\u00e9k:<br \/>\n\u00a0<\/p>\n<p>E-mail:\u00a0<br \/>\nejmh-editor@semmelweis.hu<\/p>\n","protected":false},"author":101569,"featured_media":0,"parent":19,"menu_order":0,"comment_status":"closed","ping_status":"closed","template":"","meta":{"_acf_changed":false,"footnotes":""},"categories":[],"tags":[],"class_list":["post-4996","page","type-page","status-publish","hentry"],"acf":[],"_links":{"self":[{"href":"https:\/\/semmelweis.hu\/mental\/wp-json\/wp\/v2\/pages\/4996","targetHints":{"allow":["GET"]}}],"collection":[{"href":"https:\/\/semmelweis.hu\/mental\/wp-json\/wp\/v2\/pages"}],"about":[{"href":"https:\/\/semmelweis.hu\/mental\/wp-json\/wp\/v2\/types\/page"}],"author":[{"embeddable":true,"href":"https:\/\/semmelweis.hu\/mental\/wp-json\/wp\/v2\/users\/101569"}],"replies":[{"embeddable":true,"href":"https:\/\/semmelweis.hu\/mental\/wp-json\/wp\/v2\/comments?post=4996"}],"version-history":[{"count":3,"href":"https:\/\/semmelweis.hu\/mental\/wp-json\/wp\/v2\/pages\/4996\/revisions"}],"predecessor-version":[{"id":6555,"href":"https:\/\/semmelweis.hu\/mental\/wp-json\/wp\/v2\/pages\/4996\/revisions\/6555"}],"up":[{"embeddable":true,"href":"https:\/\/semmelweis.hu\/mental\/wp-json\/wp\/v2\/pages\/19"}],"wp:attachment":[{"href":"https:\/\/semmelweis.hu\/mental\/wp-json\/wp\/v2\/media?parent=4996"}],"wp:term":[{"taxonomy":"category","embeddable":true,"href":"https:\/\/semmelweis.hu\/mental\/wp-json\/wp\/v2\/categories?post=4996"},{"taxonomy":"post_tag","embeddable":true,"href":"https:\/\/semmelweis.hu\/mental\/wp-json\/wp\/v2\/tags?post=4996"}],"curies":[{"name":"wp","href":"https:\/\/api.w.org\/{rel}","templated":true}]}}